{"id":191730,"date":"2024-12-03T09:11:08","date_gmt":"2024-12-03T08:11:08","guid":{"rendered":"https:\/\/illycafe.ch\/?page_id=191730"},"modified":"2024-12-03T09:11:08","modified_gmt":"2024-12-03T08:11:08","slug":"tutoriel-machine-a-cafe-x7-1-iperespresso","status":"publish","type":"page","link":"https:\/\/illycafe.ch\/fr\/machines-a-cafe\/tutoriel-video\/tutoriel-machine-a-cafe-x7-1-iperespresso\/","title":{"rendered":"Tutoriel machine a cafe x7.1 iperespresso"},"content":{"rendered":"<div class=\"wpb-content-wrapper\"><p>[vc_row full_width=&#8221;stretch_row&#8221; css=&#8221;.vc_custom_1733131316580{background-color: #F6F0EC !important;}&#8221; el_class=&#8221;title&#8221;][vc_column css=&#8221;.vc_custom_1719389360265{margin-top: 0px !important;padding-top: 0px !important;}&#8221;][vc_empty_space height=&#8221;80px&#8221;][vc_column_text css=&#8221;.vc_custom_1732788880105{margin-top: 0px !important;}&#8221; el_class=&#8221;titol-h3 brown&#8221;]<\/p>\n<h3 style=\"text-align: center;\">X7.1 Iperespresso<\/h3>\n<p>[\/vc_column_text][vc_empty_space height=&#8221;10px&#8221;][vc_column_text css=&#8221;&#8221; el_class=&#8221;text-landing brown&#8221;]<\/p>\n<p style=\"text-align: center;\">4 Tutoriel vid\u00e9o<\/p>\n<p>[\/vc_column_text][vc_empty_space height=&#8221;20px&#8221;][vc_single_image image=&#8221;191735&#8243; img_size=&#8221;full&#8221; onclick=&#8221;custom_link&#8221; css=&#8221;&#8221; link=&#8221;https:\/\/illycafe.ch\/online-shop\/?shop=illy-s-p-a&amp;kategorie=espressobohnen,gemahlener-kaffee,kaffee-e-s-e-pads,iperespresso-kapseln,arabica-selection,instantkaffee&#8221;][vc_empty_space height=&#8221;80px&#8221;][\/vc_column][\/vc_row][vc_row][vc_column][vc_empty_space height=&#8221;80px&#8221;][vc_column_text css=&#8221;.vc_custom_1733213349319{margin-top: 0px !important;}&#8221; el_class=&#8221;titol-h3 brown&#8221;]<\/p>\n<h3 style=\"text-align: center;\">Comment param\u00e9trer les volumes de votre machine \u00e0 caf\u00e9<\/h3>\n<p>[\/vc_column_text][vc_column_text css=&#8221;.vc_custom_1733213357518{margin-top: 0px !important;}&#8221; el_class=&#8221;titol-h4 brown&#8221;]<\/p>\n<h4 style=\"text-align: center;\">D\u00e9couvrez comment choisir la quantit\u00e9 voulue pour vos caf\u00e9s espresso<\/h4>\n<p>[\/vc_column_text][vc_empty_space height=&#8221;40px&#8221;][vc_video link=&#8221;https:\/\/www.youtube.com\/watch?v=rz7CYyX1NnE&#8221; css=&#8221;&#8221;][vc_empty_space][\/vc_column][\/vc_row][vc_row][vc_column][vc_empty_space height=&#8221;80px&#8221;][vc_column_text css=&#8221;.vc_custom_1733213386083{margin-top: 0px !important;}&#8221; el_class=&#8221;titol-h3 brown&#8221;]<\/p>\n<h3 style=\"text-align: center;\">Comment r\u00e9gler votre machine \u00e0 caf\u00e9<\/h3>\n<p>[\/vc_column_text][vc_column_text css=&#8221;.vc_custom_1733213393731{margin-top: 0px !important;}&#8221; el_class=&#8221;titol-h4 brown&#8221;]<\/p>\n<h4 style=\"text-align: center;\">D\u00e9couvrez comment pr\u00e9parer votre caf\u00e9<\/h4>\n<p>[\/vc_column_text][vc_empty_space height=&#8221;40px&#8221;][vc_video link=&#8221;https:\/\/www.youtube.com\/watch?v=duX3I15-xp4&#8243; css=&#8221;&#8221;][vc_empty_space][\/vc_column][\/vc_row][vc_row][vc_column][vc_empty_space height=&#8221;80px&#8221;][vc_column_text css=&#8221;.vc_custom_1733213413850{margin-top: 0px !important;}&#8221; el_class=&#8221;titol-h3 brown&#8221;]<\/p>\n<h3 style=\"text-align: center;\">Comment pr\u00e9parer un cappuccino<\/h3>\n<p>[\/vc_column_text][vc_column_text css=&#8221;.vc_custom_1733213420434{margin-top: 0px !important;}&#8221; el_class=&#8221;titol-h4 brown&#8221;]<\/p>\n<h4 style=\"text-align: center;\">D\u00e9couvrez comment le pr\u00e9parer en seulement quelques \u00e9tapes<\/h4>\n<p>[\/vc_column_text][vc_empty_space height=&#8221;40px&#8221;][vc_video link=&#8221;https:\/\/www.youtube.com\/watch?v=hzuoqZ65dLU&#8221; css=&#8221;&#8221;][vc_empty_space][\/vc_column][\/vc_row][vc_row][vc_column][vc_empty_space height=&#8221;80px&#8221;][vc_column_text css=&#8221;.vc_custom_1733213442464{margin-top: 0px !important;}&#8221; el_class=&#8221;titol-h3 brown&#8221;]<\/p>\n<h3 style=\"text-align: center;\">Comment d\u00e9tartrer votre machine \u00e0 caf\u00e9<\/h3>\n<p>[\/vc_column_text][vc_column_text css=&#8221;.vc_custom_1733213451681{margin-top: 0px !important;}&#8221; el_class=&#8221;titol-h4 brown&#8221;]<\/p>\n<h4 style=\"text-align: center;\">D\u00e9couvrez comment retirer le calcaire<\/h4>\n<p>[\/vc_column_text][vc_empty_space height=&#8221;40px&#8221;][vc_video link=&#8221;https:\/\/www.youtube.com\/watch?v=2c3FNqblQrg&#8221; css=&#8221;&#8221;][vc_empty_space height=&#8221;80px&#8221;][\/vc_column][\/vc_row][vc_row full_width=&#8221;stretch_row&#8221; css=&#8221;.vc_custom_1719389983250{background-color: #f6f0ec !important;}&#8221; el_class=&#8221;newsletter&#8221;][vc_column css=&#8221;.vc_custom_1712226941419{padding-top: 0pc !important;padding-bottom: 0px !important;}&#8221;][vc_row_inner css=&#8221;.vc_custom_1712226909859{padding-top: 50px !important;padding-bottom: 50px !important;}&#8221;][vc_column_inner width=&#8221;1\/6&#8243;][\/vc_column_inner][vc_column_inner width=&#8221;2\/3&#8243;][vc_column_text css=&#8221;&#8221; el_class=&#8221;titol-h2 brown&#8221;]<\/p>\n<h2 style=\"text-align: center;\">INSCRIVEZ-VOUS A LA NEWSLETTER<\/h2>\n<p>[\/vc_column_text][vc_column_text css=&#8221;&#8221; el_class=&#8221;text-landing brown&#8221;]<\/p>\n<p style=\"text-align: center;\">Entrez dans le monde illy et d\u00e9couvrez tous les avantages qui vous sont r\u00e9serv\u00e9s.<\/p>\n<p>[\/vc_column_text][vc_column_text css=&#8221;&#8221;]<\/p>\n<p style=\"text-align: center;\">\n<div class=\"wpcf7 no-js\" id=\"wpcf7-f185252-o1\" lang=\"en-US\" dir=\"ltr\" data-wpcf7-id=\"185252\">\n<div class=\"screen-reader-response\"><p role=\"status\" aria-live=\"polite\" aria-atomic=\"true\"><\/p> <ul><\/ul><\/div>\n<form action=\"\/fr\/wp-json\/wp\/v2\/pages\/191730#wpcf7-f185252-o1\" method=\"post\" class=\"wpcf7-form init\" aria-label=\"Contact form\" novalidate=\"novalidate\" data-status=\"init\">\n<fieldset class=\"hidden-fields-container\"><input type=\"hidden\" name=\"_wpcf7\" value=\"185252\" \/><input type=\"hidden\" name=\"_wpcf7_version\" value=\"6.1.5\" \/><input type=\"hidden\" name=\"_wpcf7_locale\" value=\"en_US\" \/><input type=\"hidden\" name=\"_wpcf7_unit_tag\" value=\"wpcf7-f185252-o1\" \/><input type=\"hidden\" name=\"_wpcf7_container_post\" value=\"0\" \/><input type=\"hidden\" name=\"_wpcf7_posted_data_hash\" value=\"\" \/>\n<\/fieldset>\n<p><span class=\"wpcf7-form-control-wrap\" data-name=\"your-email\"><input size=\"40\" maxlength=\"400\" class=\"wpcf7-form-control wpcf7-email wpcf7-validates-as-required wpcf7-text wpcf7-validates-as-email\" autocomplete=\"email\" aria-required=\"true\" aria-invalid=\"false\" placeholder=\"Saisir votre adresse \u00e9lectronique\" value=\"\" type=\"email\" name=\"your-email\" \/><\/span>\n<\/p>\n<p class=\"newsletter-text\">J\u2019ai pris connaissance des informations relatives au traitement des donn\u00e9es priv\u00e9es.\n<\/p>\n<div class=\"news-acceptance\">\n\t<p><span class=\"wpcf7-form-control-wrap\" data-name=\"acceptance-961\"><span class=\"wpcf7-form-control wpcf7-acceptance\"><span class=\"wpcf7-list-item\"><label><input type=\"checkbox\" name=\"acceptance-961\" value=\"1\" aria-invalid=\"false\" \/><span class=\"wpcf7-list-item-label\">Je autorise au traitement de mes donn\u00e9es afin de recevoir des communications marketing sur les produits, services, promotions et initiatives li\u00e9s \u00e0 la marque illy et aux produits et initiatives propos\u00e9s sur les sites web et apps illycaff\u00e8 (objectif 2 A de la politique)<\/span><\/label><\/span><\/span><\/span>\n\t<\/p>\n<\/div>\n<p><input class=\"wpcf7-form-control wpcf7-submit has-spinner\" type=\"submit\" value=\"JE M&#039;INSCRIS\" \/>\n<\/p><input type='hidden' class='wpcf7-pum' value='{\"closepopup\":false,\"closedelay\":0,\"openpopup\":false,\"openpopup_id\":0}' \/><div class=\"wpcf7-response-output\" aria-hidden=\"true\"><\/div>\n<\/form>\n<\/div>\n<p>[\/vc_column_text][\/vc_column_inner][vc_column_inner width=&#8221;1\/6&#8243;][\/vc_column_inner][\/vc_row_inner][\/vc_column][\/vc_row]<\/p>\n<\/div>","protected":false},"excerpt":{"rendered":"<p>[vc_row full_width=&#8221;stretch_row&#8221; css=&#8221;.vc_custom_1733131316580{background-color: #F6F0EC !important;}&#8221; el_class=&#8221;title&#8221;][vc_column css=&#8221;.vc_custom_1719389360265{margin-top: 0px !important;padding-top: 0px !important;}&#8221;][vc_empty_space height=&#8221;80px&#8221;][vc_column_text css=&#8221;.vc_custom_1732788880105{margin-top: 0px !important;}&#8221; el_class=&#8221;titol-h3 brown&#8221;] X7.1 Iperespresso [\/vc_column_text][vc_empty_space height=&#8221;10px&#8221;][vc_column_text css=&#8221;&#8221; el_class=&#8221;text-landing brown&#8221;] 4 Tutoriel vid\u00e9o [\/vc_column_text][vc_empty_space height=&#8221;20px&#8221;][vc_single_image image=&#8221;191735&#8243; img_size=&#8221;full&#8221; onclick=&#8221;custom_link&#8221; css=&#8221;&#8221; link=&#8221;https:\/\/illycafe.ch\/online-shop\/?shop=illy-s-p-a&amp;kategorie=espressobohnen,gemahlener-kaffee,kaffee-e-s-e-pads,iperespresso-kapseln,arabica-selection,instantkaffee&#8221;][vc_empty_space height=&#8221;80px&#8221;][\/vc_column][\/vc_row][vc_row][vc_column][vc_empty_space height=&#8221;80px&#8221;][vc_column_text css=&#8221;.vc_custom_1733213349319{margin-top: 0px !important;}&#8221; el_class=&#8221;titol-h3 brown&#8221;] Comment param\u00e9trer les volumes de votre machine \u00e0 caf\u00e9 [\/vc_column_text][vc_column_text css=&#8221;.vc_custom_1733213357518{margin-top: 0px !important;}&#8221; el_class=&#8221;titol-h4 brown&#8221;] D\u00e9couvrez comment choisir la quantit\u00e9 voulue pour vos caf\u00e9s espresso [\/vc_column_text][vc_empty_space height=&#8221;40px&#8221;][vc_video link=&#8221;https:\/\/www.youtube.com\/watch?v=rz7CYyX1NnE&#8221; css=&#8221;&#8221;][vc_empty_space][\/vc_column][\/vc_row][vc_row][vc_column][vc_empty_space height=&#8221;80px&#8221;][vc_column_text css=&#8221;.vc_custom_1733213386083{margin-top: [&hellip;]<\/p>\n","protected":false},"author":5358,"featured_media":0,"parent":191443,"menu_order":0,"comment_status":"closed","ping_status":"closed","template":"","meta":{"inline_featured_image":false,"footnotes":""},"class_list":["post-191730","page","type-page","status-publish","hentry"],"yoast_head":"<!-- This site is optimized with the Yoast SEO plugin v27.3 - https:\/\/yoast.com\/product\/yoast-seo-wordpress\/ -->\n<title>Tutoriel machine a cafe x7.1 iperespresso - Illycaf\u00e9 | Premium Kaffee kaufen | Gastronomie, Firmen, Privat<\/title>\n<meta name=\"robots\" content=\"index, follow, max-snippet:-1, max-image-preview:large, max-video-preview:-1\" \/>\n<link rel=\"canonical\" href=\"https:\/\/illycafe.ch\/fr\/machines-a-cafe\/tutoriel-video\/tutoriel-machine-a-cafe-x7-1-iperespresso\/\" \/>\n<meta property=\"og:locale\" content=\"fr_FR\" \/>\n<meta property=\"og:type\" content=\"article\" \/>\n<meta property=\"og:title\" content=\"Tutoriel machine a cafe x7.1 iperespresso - Illycaf\u00e9 | Premium Kaffee kaufen | Gastronomie, Firmen, Privat\" \/>\n<meta property=\"og:description\" content=\"[vc_row full_width=&#8221;stretch_row&#8221; css=&#8221;.vc_custom_1733131316580{background-color: #F6F0EC !important;}&#8221; el_class=&#8221;title&#8221;][vc_column css=&#8221;.vc_custom_1719389360265{margin-top: 0px !important;padding-top: 0px !important;}&#8221;][vc_empty_space height=&#8221;80px&#8221;][vc_column_text css=&#8221;.vc_custom_1732788880105{margin-top: 0px !important;}&#8221; el_class=&#8221;titol-h3 brown&#8221;] X7.1 Iperespresso [\/vc_column_text][vc_empty_space height=&#8221;10px&#8221;][vc_column_text css=&#8221;&#8221; el_class=&#8221;text-landing brown&#8221;] 4 Tutoriel vid\u00e9o [\/vc_column_text][vc_empty_space height=&#8221;20px&#8221;][vc_single_image image=&#8221;191735&#8243; img_size=&#8221;full&#8221; onclick=&#8221;custom_link&#8221; css=&#8221;&#8221; link=&#8221;https:\/\/illycafe.ch\/online-shop\/?shop=illy-s-p-a&amp;kategorie=espressobohnen,gemahlener-kaffee,kaffee-e-s-e-pads,iperespresso-kapseln,arabica-selection,instantkaffee&#8221;][vc_empty_space height=&#8221;80px&#8221;][\/vc_column][\/vc_row][vc_row][vc_column][vc_empty_space height=&#8221;80px&#8221;][vc_column_text css=&#8221;.vc_custom_1733213349319{margin-top: 0px !important;}&#8221; el_class=&#8221;titol-h3 brown&#8221;] Comment param\u00e9trer les volumes de votre machine \u00e0 caf\u00e9 [\/vc_column_text][vc_column_text css=&#8221;.vc_custom_1733213357518{margin-top: 0px !important;}&#8221; el_class=&#8221;titol-h4 brown&#8221;] D\u00e9couvrez comment choisir la quantit\u00e9 voulue pour vos caf\u00e9s espresso [\/vc_column_text][vc_empty_space height=&#8221;40px&#8221;][vc_video link=&#8221;https:\/\/www.youtube.com\/watch?v=rz7CYyX1NnE&#8221; css=&#8221;&#8221;][vc_empty_space][\/vc_column][\/vc_row][vc_row][vc_column][vc_empty_space height=&#8221;80px&#8221;][vc_column_text css=&#8221;.vc_custom_1733213386083{margin-top: [&hellip;]\" \/>\n<meta property=\"og:url\" content=\"https:\/\/illycafe.ch\/fr\/machines-a-cafe\/tutoriel-video\/tutoriel-machine-a-cafe-x7-1-iperespresso\/\" \/>\n<meta property=\"og:site_name\" content=\"Illycaf\u00e9 | Premium Kaffee kaufen | Gastronomie, Firmen, Privat\" \/>\n<meta name=\"twitter:card\" content=\"summary_large_image\" \/>\n<meta name=\"twitter:label1\" content=\"Dur\u00e9e de lecture estim\u00e9e\" \/>\n\t<meta name=\"twitter:data1\" content=\"2 minutes\" \/>\n<script type=\"application\/ld+json\" class=\"yoast-schema-graph\">{\"@context\":\"https:\\\/\\\/schema.org\",\"@graph\":[{\"@type\":\"WebPage\",\"@id\":\"https:\\\/\\\/illycafe.ch\\\/fr\\\/machines-a-cafe\\\/tutoriel-video\\\/tutoriel-machine-a-cafe-x7-1-iperespresso\\\/\",\"url\":\"https:\\\/\\\/illycafe.ch\\\/fr\\\/machines-a-cafe\\\/tutoriel-video\\\/tutoriel-machine-a-cafe-x7-1-iperespresso\\\/\",\"name\":\"Tutoriel machine a cafe x7.1 iperespresso - Illycaf\u00e9 | Premium Kaffee kaufen | Gastronomie, Firmen, Privat\",\"isPartOf\":{\"@id\":\"https:\\\/\\\/illycafe.ch\\\/#website\"},\"datePublished\":\"2024-12-03T08:11:08+00:00\",\"breadcrumb\":{\"@id\":\"https:\\\/\\\/illycafe.ch\\\/fr\\\/machines-a-cafe\\\/tutoriel-video\\\/tutoriel-machine-a-cafe-x7-1-iperespresso\\\/#breadcrumb\"},\"inLanguage\":\"fr-FR\",\"potentialAction\":[{\"@type\":\"ReadAction\",\"target\":[\"https:\\\/\\\/illycafe.ch\\\/fr\\\/machines-a-cafe\\\/tutoriel-video\\\/tutoriel-machine-a-cafe-x7-1-iperespresso\\\/\"]}]},{\"@type\":\"BreadcrumbList\",\"@id\":\"https:\\\/\\\/illycafe.ch\\\/fr\\\/machines-a-cafe\\\/tutoriel-video\\\/tutoriel-machine-a-cafe-x7-1-iperespresso\\\/#breadcrumb\",\"itemListElement\":[{\"@type\":\"ListItem\",\"position\":1,\"name\":\"Accueil\",\"item\":\"https:\\\/\\\/illycafe.ch\\\/fr\\\/\"},{\"@type\":\"ListItem\",\"position\":2,\"name\":\"Machines \u00e0 caf\u00e9\",\"item\":\"https:\\\/\\\/illycafe.ch\\\/fr\\\/machines-a-cafe\\\/\"},{\"@type\":\"ListItem\",\"position\":3,\"name\":\"Tutoriel video\",\"item\":\"https:\\\/\\\/illycafe.ch\\\/fr\\\/machines-a-cafe\\\/tutoriel-video\\\/\"},{\"@type\":\"ListItem\",\"position\":4,\"name\":\"Tutoriel machine a cafe x7.1 iperespresso\"}]},{\"@type\":\"WebSite\",\"@id\":\"https:\\\/\\\/illycafe.ch\\\/#website\",\"url\":\"https:\\\/\\\/illycafe.ch\\\/\",\"name\":\"Illycaf\u00e9 | Premium Kaffee kaufen | Gastronomie, Firmen, Privat\",\"description\":\"Italienische Kaffeekultur. Schweizer Qualit\u00e4t.\",\"potentialAction\":[{\"@type\":\"SearchAction\",\"target\":{\"@type\":\"EntryPoint\",\"urlTemplate\":\"https:\\\/\\\/illycafe.ch\\\/?s={search_term_string}\"},\"query-input\":{\"@type\":\"PropertyValueSpecification\",\"valueRequired\":true,\"valueName\":\"search_term_string\"}}],\"inLanguage\":\"fr-FR\"}]}<\/script>\n<!-- \/ Yoast SEO plugin. -->","yoast_head_json":{"title":"Tutoriel machine a cafe x7.1 iperespresso - Illycaf\u00e9 | Premium Kaffee kaufen | Gastronomie, Firmen, Privat","robots":{"index":"index","follow":"follow","max-snippet":"max-snippet:-1","max-image-preview":"max-image-preview:large","max-video-preview":"max-video-preview:-1"},"canonical":"https:\/\/illycafe.ch\/fr\/machines-a-cafe\/tutoriel-video\/tutoriel-machine-a-cafe-x7-1-iperespresso\/","og_locale":"fr_FR","og_type":"article","og_title":"Tutoriel machine a cafe x7.1 iperespresso - Illycaf\u00e9 | Premium Kaffee kaufen | Gastronomie, Firmen, Privat","og_description":"[vc_row full_width=&#8221;stretch_row&#8221; css=&#8221;.vc_custom_1733131316580{background-color: #F6F0EC !important;}&#8221; el_class=&#8221;title&#8221;][vc_column css=&#8221;.vc_custom_1719389360265{margin-top: 0px !important;padding-top: 0px !important;}&#8221;][vc_empty_space height=&#8221;80px&#8221;][vc_column_text css=&#8221;.vc_custom_1732788880105{margin-top: 0px !important;}&#8221; el_class=&#8221;titol-h3 brown&#8221;] X7.1 Iperespresso [\/vc_column_text][vc_empty_space height=&#8221;10px&#8221;][vc_column_text css=&#8221;&#8221; el_class=&#8221;text-landing brown&#8221;] 4 Tutoriel vid\u00e9o [\/vc_column_text][vc_empty_space height=&#8221;20px&#8221;][vc_single_image image=&#8221;191735&#8243; img_size=&#8221;full&#8221; onclick=&#8221;custom_link&#8221; css=&#8221;&#8221; link=&#8221;https:\/\/illycafe.ch\/online-shop\/?shop=illy-s-p-a&amp;kategorie=espressobohnen,gemahlener-kaffee,kaffee-e-s-e-pads,iperespresso-kapseln,arabica-selection,instantkaffee&#8221;][vc_empty_space height=&#8221;80px&#8221;][\/vc_column][\/vc_row][vc_row][vc_column][vc_empty_space height=&#8221;80px&#8221;][vc_column_text css=&#8221;.vc_custom_1733213349319{margin-top: 0px !important;}&#8221; el_class=&#8221;titol-h3 brown&#8221;] Comment param\u00e9trer les volumes de votre machine \u00e0 caf\u00e9 [\/vc_column_text][vc_column_text css=&#8221;.vc_custom_1733213357518{margin-top: 0px !important;}&#8221; el_class=&#8221;titol-h4 brown&#8221;] D\u00e9couvrez comment choisir la quantit\u00e9 voulue pour vos caf\u00e9s espresso [\/vc_column_text][vc_empty_space height=&#8221;40px&#8221;][vc_video link=&#8221;https:\/\/www.youtube.com\/watch?v=rz7CYyX1NnE&#8221; css=&#8221;&#8221;][vc_empty_space][\/vc_column][\/vc_row][vc_row][vc_column][vc_empty_space height=&#8221;80px&#8221;][vc_column_text css=&#8221;.vc_custom_1733213386083{margin-top: [&hellip;]","og_url":"https:\/\/illycafe.ch\/fr\/machines-a-cafe\/tutoriel-video\/tutoriel-machine-a-cafe-x7-1-iperespresso\/","og_site_name":"Illycaf\u00e9 | Premium Kaffee kaufen | Gastronomie, Firmen, Privat","twitter_card":"summary_large_image","twitter_misc":{"Dur\u00e9e de lecture estim\u00e9e":"2 minutes"},"schema":{"@context":"https:\/\/schema.org","@graph":[{"@type":"WebPage","@id":"https:\/\/illycafe.ch\/fr\/machines-a-cafe\/tutoriel-video\/tutoriel-machine-a-cafe-x7-1-iperespresso\/","url":"https:\/\/illycafe.ch\/fr\/machines-a-cafe\/tutoriel-video\/tutoriel-machine-a-cafe-x7-1-iperespresso\/","name":"Tutoriel machine a cafe x7.1 iperespresso - Illycaf\u00e9 | Premium Kaffee kaufen | Gastronomie, Firmen, Privat","isPartOf":{"@id":"https:\/\/illycafe.ch\/#website"},"datePublished":"2024-12-03T08:11:08+00:00","breadcrumb":{"@id":"https:\/\/illycafe.ch\/fr\/machines-a-cafe\/tutoriel-video\/tutoriel-machine-a-cafe-x7-1-iperespresso\/#breadcrumb"},"inLanguage":"fr-FR","potentialAction":[{"@type":"ReadAction","target":["https:\/\/illycafe.ch\/fr\/machines-a-cafe\/tutoriel-video\/tutoriel-machine-a-cafe-x7-1-iperespresso\/"]}]},{"@type":"BreadcrumbList","@id":"https:\/\/illycafe.ch\/fr\/machines-a-cafe\/tutoriel-video\/tutoriel-machine-a-cafe-x7-1-iperespresso\/#breadcrumb","itemListElement":[{"@type":"ListItem","position":1,"name":"Accueil","item":"https:\/\/illycafe.ch\/fr\/"},{"@type":"ListItem","position":2,"name":"Machines \u00e0 caf\u00e9","item":"https:\/\/illycafe.ch\/fr\/machines-a-cafe\/"},{"@type":"ListItem","position":3,"name":"Tutoriel video","item":"https:\/\/illycafe.ch\/fr\/machines-a-cafe\/tutoriel-video\/"},{"@type":"ListItem","position":4,"name":"Tutoriel machine a cafe x7.1 iperespresso"}]},{"@type":"WebSite","@id":"https:\/\/illycafe.ch\/#website","url":"https:\/\/illycafe.ch\/","name":"Illycaf\u00e9 | Premium Kaffee kaufen | Gastronomie, Firmen, Privat","description":"Italienische Kaffeekultur. Schweizer Qualit\u00e4t.","potentialAction":[{"@type":"SearchAction","target":{"@type":"EntryPoint","urlTemplate":"https:\/\/illycafe.ch\/?s={search_term_string}"},"query-input":{"@type":"PropertyValueSpecification","valueRequired":true,"valueName":"search_term_string"}}],"inLanguage":"fr-FR"}]}},"_links":{"self":[{"href":"https:\/\/illycafe.ch\/fr\/wp-json\/wp\/v2\/pages\/191730","targetHints":{"allow":["GET"]}}],"collection":[{"href":"https:\/\/illycafe.ch\/fr\/wp-json\/wp\/v2\/pages"}],"about":[{"href":"https:\/\/illycafe.ch\/fr\/wp-json\/wp\/v2\/types\/page"}],"author":[{"embeddable":true,"href":"https:\/\/illycafe.ch\/fr\/wp-json\/wp\/v2\/users\/5358"}],"replies":[{"embeddable":true,"href":"https:\/\/illycafe.ch\/fr\/wp-json\/wp\/v2\/comments?post=191730"}],"version-history":[{"count":0,"href":"https:\/\/illycafe.ch\/fr\/wp-json\/wp\/v2\/pages\/191730\/revisions"}],"up":[{"embeddable":true,"href":"https:\/\/illycafe.ch\/fr\/wp-json\/wp\/v2\/pages\/191443"}],"wp:attachment":[{"href":"https:\/\/illycafe.ch\/fr\/wp-json\/wp\/v2\/media?parent=191730"}],"curies":[{"name":"wp","href":"https:\/\/api.w.org\/{rel}","templated":true}]}}