{"id":208355,"date":"2025-01-14T09:11:07","date_gmt":"2025-01-14T08:11:07","guid":{"rendered":"https:\/\/illycafe.ch\/?page_id=208355"},"modified":"2025-01-14T09:15:09","modified_gmt":"2025-01-14T08:15:09","slug":"art-places-and-events","status":"publish","type":"page","link":"https:\/\/illycafe.ch\/fr\/art\/art-places-and-events\/","title":{"rendered":"Art Places and Events"},"content":{"rendered":"<div class=\"wpb-content-wrapper\"><p>[vc_row full_width=&#8221;stretch_row&#8221; full_height=&#8221;yes&#8221; content_placement=&#8221;middle&#8221; disable_background_image=&#8221;&#8221; css=&#8221;.vc_custom_1736841662539{border-bottom-width: 0px !important;background-position: center center;background-repeat: no-repeat !important;background-size: cover !important;}&#8221; el_class=&#8221;slider&#8221; simple_background_image=&#8221;208357&#8243;][vc_column][vc_row_inner css=&#8221;.vc_custom_1719396574807{padding-top: 200px !important;padding-bottom: 200px !important;}&#8221;][vc_column_inner width=&#8221;1\/6&#8243;][\/vc_column_inner][vc_column_inner width=&#8221;2\/3&#8243;][vc_column_text css=&#8221;.vc_custom_1736842195840{margin-top: 0px !important;}&#8221; el_class=&#8221;titol-h2 white&#8221;]<\/p>\n<h2 style=\"text-align: center;\">L&#8217;alliance du beau et du bon<\/h2>\n<p>[\/vc_column_text][vc_empty_space height=&#8221;50px&#8221;][vc_column_text css=&#8221;&#8221; el_class=&#8221;text-landing white&#8221; el_id=&#8221;text-slider&#8221;]<\/p>\n<p style=\"text-align: center;\">Nos liens avec le monde de l&#8217;art contemporain<\/p>\n<p>[\/vc_column_text][\/vc_column_inner][vc_column_inner width=&#8221;1\/6&#8243;][\/vc_column_inner][\/vc_row_inner][\/vc_column][\/vc_row][vc_row full_width=&#8221;stretch_row&#8221; css=&#8221;.vc_custom_1736841871594{background-color: #F6F0EC !important;}&#8221;][vc_column css=&#8221;.vc_custom_1736841976788{margin-top: 0px !important;padding-top: 0px !important;}&#8221;][vc_empty_space height=&#8221;70px&#8221;][vc_column_text css=&#8221;.vc_custom_1736842217790{margin-top: 0px !important;}&#8221; el_class=&#8221;titol-h2 brown&#8221;]<\/p>\n<h2 style=\"text-align: center;\">L\u2019ART CONTEMPORAIN<\/h2>\n<p>[\/vc_column_text][vc_empty_space height=&#8221;15px&#8221;][vc_column_text css=&#8221;&#8221; el_class=&#8221;titol-h3 brown&#8221;]<\/p>\n<h3 style=\"text-align: center;\">La philosophie qui a conduit l&#8217;entreprise \u00e0 \u00e9tablir une relation particuli\u00e8re avec le monde de l&#8217;art contemporain est r\u00e9sum\u00e9e dans le concept grec de kalokagath\u00eca : un mot qui r\u00e9unit les termes kal\u00f2s (ce qui est beau) et agath\u00f2s (ce qui est bon) pour cr\u00e9er un nouveau sens dans lequel la beaut\u00e9 et la bont\u00e9 deviennent une seule et m\u00eame chose, chacune d\u00e9pendant de l&#8217;autre. Il en r\u00e9sulte un id\u00e9al digne d&#8217;\u00eatre poursuivi : la combinaison du bien et du beau, d\u00e9finissant les param\u00e8tres de la perfection humaine, m\u00ealant ses dimensions \u00e9thiques et esth\u00e9tiques.<\/h3>\n<p>[\/vc_column_text][vc_empty_space height=&#8221;70px&#8221;][\/vc_column][\/vc_row][vc_row full_width=&#8221;stretch_row&#8221; css=&#8221;.vc_custom_1727683266961{background-color: #FFFFFF !important;}&#8221;][vc_column css=&#8221;.vc_custom_1719389360265{margin-top: 0px !important;padding-top: 0px !important;}&#8221;][vc_empty_space height=&#8221;50px&#8221;][vc_row_inner content_placement=&#8221;middle&#8221; el_class=&#8221;revert-mobile&#8221;][vc_column_inner width=&#8221;1\/2&#8243; css=&#8221;.vc_custom_1719390181991{padding-top: 30px !important;padding-right: 30px !important;padding-bottom: 30px !important;padding-left: 30px !important;}&#8221;][vc_column_text css=&#8221;&#8221; el_class=&#8221;text-landing brown&#8221;]<\/p>\n<p style=\"text-align: center;\">C\u2019est donc m\u00fb par ce souci de l\u2019esth\u00e9tisme qu\u2019illy a fait le choix de promouvoir l\u2019art et la culture, et de soutenir des artistes ainsi que des expositions internationales. Rechercher des beaut\u00e9s in\u00e9dites, les trouver, les partager et les c\u00e9l\u00e9brer : tels sont les objectifs par lesquels se distingue notre culture entrepreneuriale. Nous sommes depuis 2003 partenaires de la Biennale de Venise, l\u2019une des expositions internationales d\u2019art contemporain les plus prestigieuses et importantes du monde organis\u00e9e tous les deux ans par la fondation de la Biennale. Nous supportons \u00e9galement les principales foires internationales d\u2019art contemporain, tel que l\u2019Artissima de Turin, l\u2019ArcoMadrid, l\u2019Asia Now, Paris International et Frieze, dont les expositions ont eu lieu \u00e0 New York, Los Angeles et S\u00e9oul.<\/p>\n<p>[\/vc_column_text][\/vc_column_inner][vc_column_inner width=&#8221;1\/2&#8243; css=&#8221;.vc_custom_1726476158953{padding-right: 0px !important;padding-left: 0px !important;}&#8221;][vc_single_image image=&#8221;208364&#8243; img_size=&#8221;full&#8221; onclick=&#8221;custom_link&#8221; css=&#8221;&#8221; link=&#8221;https:\/\/illycafe.ch\/nachhaltigkeit\/unsere-philosophie\/&#8221;][\/vc_column_inner][\/vc_row_inner][vc_empty_space height=&#8221;50px&#8221;][\/vc_column][\/vc_row][vc_row full_width=&#8221;stretch_row&#8221; css=&#8221;.vc_custom_1727683266961{background-color: #FFFFFF !important;}&#8221;][vc_column css=&#8221;.vc_custom_1719389360265{margin-top: 0px !important;padding-top: 0px !important;}&#8221;][vc_row_inner content_placement=&#8221;middle&#8221;][vc_column_inner width=&#8221;1\/2&#8243; css=&#8221;.vc_custom_1726476158953{padding-right: 0px !important;padding-left: 0px !important;}&#8221;][vc_single_image image=&#8221;208361&#8243; img_size=&#8221;full&#8221; onclick=&#8221;custom_link&#8221; css=&#8221;&#8221; link=&#8221;https:\/\/illycafe.ch\/nachhaltigkeit\/projekte\/&#8221;][\/vc_column_inner][vc_column_inner width=&#8221;1\/2&#8243; css=&#8221;.vc_custom_1719390181991{padding-top: 30px !important;padding-right: 30px !important;padding-bottom: 30px !important;padding-left: 30px !important;}&#8221;][vc_column_text css=&#8221;&#8221; el_class=&#8221;text-landing brown&#8221;]<\/p>\n<p style=\"text-align: center;\">Nous souhaitons offrir aux jeunes talents une chance de renforcer leur visibilit\u00e9, d\u2019exp\u00e9rimenter et de se d\u00e9velopper gr\u00e2ce \u00e0 des bourses et \u00e0 des projets d\u2019exposition. Voil\u00e0 pourquoi depuis 2001, nous soutenons \u00ab Present Future \u00bb, le prix d\u00e9cern\u00e9 par Artissima au projet jug\u00e9 le plus int\u00e9ressant parmi tous ceux expos\u00e9s dans la section de la exposition d&#8217;art consacr\u00e9e aux talents \u00e9mergents. De plus, depuis 2007, nous pr\u00e9sentons le prix illy SustainArt \u00e0 ARCOmadrid dans le but de stimuler la carri\u00e8re des jeunes cr\u00e9ateurs au niveau international, en leur offrant une opportunit\u00e9 concr\u00e8te de visibilit\u00e9, d&#8217;exp\u00e9rimentation et de croissance.<\/p>\n<p>[\/vc_column_text][\/vc_column_inner][\/vc_row_inner][vc_empty_space height=&#8221;50px&#8221;][\/vc_column][\/vc_row][vc_row full_width=&#8221;stretch_row&#8221; css=&#8221;.vc_custom_1719389983250{background-color: #f6f0ec !important;}&#8221; el_class=&#8221;newsletter&#8221;][vc_column css=&#8221;.vc_custom_1712226941419{padding-top: 0pc !important;padding-bottom: 0px !important;}&#8221;][vc_row_inner css=&#8221;.vc_custom_1712226909859{padding-top: 50px !important;padding-bottom: 50px !important;}&#8221;][vc_column_inner width=&#8221;1\/6&#8243;][\/vc_column_inner][vc_column_inner width=&#8221;2\/3&#8243;][vc_column_text css=&#8221;&#8221; el_class=&#8221;titol-h2 brown&#8221;]<\/p>\n<h2 style=\"text-align: center;\">INSCRIVEZ-VOUS A LA NEWSLETTER<\/h2>\n<p>[\/vc_column_text][vc_column_text css=&#8221;&#8221; el_class=&#8221;text-landing brown&#8221;]<\/p>\n<p style=\"text-align: center;\">Entrez dans le monde illy et d\u00e9couvrez tous les avantages qui vous sont r\u00e9serv\u00e9s.<\/p>\n<p>[\/vc_column_text][vc_column_text css=&#8221;&#8221;]<\/p>\n<p style=\"text-align: center;\">\n<div class=\"wpcf7 no-js\" id=\"wpcf7-f185252-o1\" lang=\"en-US\" dir=\"ltr\" data-wpcf7-id=\"185252\">\n<div class=\"screen-reader-response\"><p role=\"status\" aria-live=\"polite\" aria-atomic=\"true\"><\/p> <ul><\/ul><\/div>\n<form action=\"\/fr\/wp-json\/wp\/v2\/pages\/208355#wpcf7-f185252-o1\" method=\"post\" class=\"wpcf7-form init\" aria-label=\"Contact form\" novalidate=\"novalidate\" data-status=\"init\">\n<fieldset class=\"hidden-fields-container\"><input type=\"hidden\" name=\"_wpcf7\" value=\"185252\" \/><input type=\"hidden\" name=\"_wpcf7_version\" value=\"6.1.5\" \/><input type=\"hidden\" name=\"_wpcf7_locale\" value=\"en_US\" \/><input type=\"hidden\" name=\"_wpcf7_unit_tag\" value=\"wpcf7-f185252-o1\" \/><input type=\"hidden\" name=\"_wpcf7_container_post\" value=\"0\" \/><input type=\"hidden\" name=\"_wpcf7_posted_data_hash\" value=\"\" \/>\n<\/fieldset>\n<p><span class=\"wpcf7-form-control-wrap\" data-name=\"your-email\"><input size=\"40\" maxlength=\"400\" class=\"wpcf7-form-control wpcf7-email wpcf7-validates-as-required wpcf7-text wpcf7-validates-as-email\" autocomplete=\"email\" aria-required=\"true\" aria-invalid=\"false\" placeholder=\"Saisir votre adresse \u00e9lectronique\" value=\"\" type=\"email\" name=\"your-email\" \/><\/span>\n<\/p>\n<p class=\"newsletter-text\">J\u2019ai pris connaissance des informations relatives au traitement des donn\u00e9es priv\u00e9es.\n<\/p>\n<div class=\"news-acceptance\">\n\t<p><span class=\"wpcf7-form-control-wrap\" data-name=\"acceptance-961\"><span class=\"wpcf7-form-control wpcf7-acceptance\"><span class=\"wpcf7-list-item\"><label><input type=\"checkbox\" name=\"acceptance-961\" value=\"1\" aria-invalid=\"false\" \/><span class=\"wpcf7-list-item-label\">Je autorise au traitement de mes donn\u00e9es afin de recevoir des communications marketing sur les produits, services, promotions et initiatives li\u00e9s \u00e0 la marque illy et aux produits et initiatives propos\u00e9s sur les sites web et apps illycaff\u00e8 (objectif 2 A de la politique)<\/span><\/label><\/span><\/span><\/span>\n\t<\/p>\n<\/div>\n<p><input class=\"wpcf7-form-control wpcf7-submit has-spinner\" type=\"submit\" value=\"JE M&#039;INSCRIS\" \/>\n<\/p><input type='hidden' class='wpcf7-pum' value='{\"closepopup\":false,\"closedelay\":0,\"openpopup\":false,\"openpopup_id\":0}' \/><div class=\"wpcf7-response-output\" aria-hidden=\"true\"><\/div>\n<\/form>\n<\/div>\n<p>[\/vc_column_text][\/vc_column_inner][vc_column_inner width=&#8221;1\/6&#8243;][\/vc_column_inner][\/vc_row_inner][\/vc_column][\/vc_row]<\/p>\n<\/div>","protected":false},"excerpt":{"rendered":"<p>[vc_row full_width=&#8221;stretch_row&#8221; full_height=&#8221;yes&#8221; content_placement=&#8221;middle&#8221; disable_background_image=&#8221;&#8221; css=&#8221;.vc_custom_1736841662539{border-bottom-width: 0px !important;background-position: center center;background-repeat: no-repeat !important;background-size: cover !important;}&#8221; el_class=&#8221;slider&#8221; simple_background_image=&#8221;208357&#8243;][vc_column][vc_row_inner css=&#8221;.vc_custom_1719396574807{padding-top: 200px !important;padding-bottom: 200px !important;}&#8221;][vc_column_inner width=&#8221;1\/6&#8243;][\/vc_column_inner][vc_column_inner width=&#8221;2\/3&#8243;][vc_column_text css=&#8221;.vc_custom_1736842195840{margin-top: 0px !important;}&#8221; el_class=&#8221;titol-h2 white&#8221;] L&#8217;alliance du beau et du bon [\/vc_column_text][vc_empty_space height=&#8221;50px&#8221;][vc_column_text css=&#8221;&#8221; el_class=&#8221;text-landing white&#8221; el_id=&#8221;text-slider&#8221;] Nos liens avec le monde de l&#8217;art contemporain [\/vc_column_text][\/vc_column_inner][vc_column_inner width=&#8221;1\/6&#8243;][\/vc_column_inner][\/vc_row_inner][\/vc_column][\/vc_row][vc_row full_width=&#8221;stretch_row&#8221; css=&#8221;.vc_custom_1736841871594{background-color: #F6F0EC !important;}&#8221;][vc_column css=&#8221;.vc_custom_1736841976788{margin-top: 0px !important;padding-top: 0px !important;}&#8221;][vc_empty_space height=&#8221;70px&#8221;][vc_column_text css=&#8221;.vc_custom_1736842217790{margin-top: 0px !important;}&#8221; el_class=&#8221;titol-h2 brown&#8221;] L\u2019ART CONTEMPORAIN [\/vc_column_text][vc_empty_space height=&#8221;15px&#8221;][vc_column_text css=&#8221;&#8221; el_class=&#8221;titol-h3 brown&#8221;] [&hellip;]<\/p>\n","protected":false},"author":5358,"featured_media":0,"parent":193241,"menu_order":0,"comment_status":"closed","ping_status":"closed","template":"","meta":{"inline_featured_image":false,"footnotes":""},"class_list":["post-208355","page","type-page","status-publish","hentry"],"yoast_head":"<!-- This site is optimized with the Yoast SEO plugin v27.3 - https:\/\/yoast.com\/product\/yoast-seo-wordpress\/ -->\n<title>Art Places and Events - Illycaf\u00e9 | Premium Kaffee kaufen | Gastronomie, Firmen, Privat<\/title>\n<meta name=\"robots\" content=\"index, follow, max-snippet:-1, max-image-preview:large, max-video-preview:-1\" \/>\n<link rel=\"canonical\" href=\"https:\/\/illycafe.ch\/fr\/art\/art-places-and-events\/\" \/>\n<meta property=\"og:locale\" content=\"fr_FR\" \/>\n<meta property=\"og:type\" content=\"article\" \/>\n<meta property=\"og:title\" content=\"Art Places and Events - Illycaf\u00e9 | Premium Kaffee kaufen | Gastronomie, Firmen, Privat\" \/>\n<meta property=\"og:description\" content=\"[vc_row full_width=&#8221;stretch_row&#8221; full_height=&#8221;yes&#8221; content_placement=&#8221;middle&#8221; disable_background_image=&#8221;&#8221; css=&#8221;.vc_custom_1736841662539{border-bottom-width: 0px !important;background-position: center center;background-repeat: no-repeat !important;background-size: cover !important;}&#8221; el_class=&#8221;slider&#8221; simple_background_image=&#8221;208357&#8243;][vc_column][vc_row_inner css=&#8221;.vc_custom_1719396574807{padding-top: 200px !important;padding-bottom: 200px !important;}&#8221;][vc_column_inner width=&#8221;1\/6&#8243;][\/vc_column_inner][vc_column_inner width=&#8221;2\/3&#8243;][vc_column_text css=&#8221;.vc_custom_1736842195840{margin-top: 0px !important;}&#8221; el_class=&#8221;titol-h2 white&#8221;] L&#8217;alliance du beau et du bon [\/vc_column_text][vc_empty_space height=&#8221;50px&#8221;][vc_column_text css=&#8221;&#8221; el_class=&#8221;text-landing white&#8221; el_id=&#8221;text-slider&#8221;] Nos liens avec le monde de l&#8217;art contemporain [\/vc_column_text][\/vc_column_inner][vc_column_inner width=&#8221;1\/6&#8243;][\/vc_column_inner][\/vc_row_inner][\/vc_column][\/vc_row][vc_row full_width=&#8221;stretch_row&#8221; css=&#8221;.vc_custom_1736841871594{background-color: #F6F0EC !important;}&#8221;][vc_column css=&#8221;.vc_custom_1736841976788{margin-top: 0px !important;padding-top: 0px !important;}&#8221;][vc_empty_space height=&#8221;70px&#8221;][vc_column_text css=&#8221;.vc_custom_1736842217790{margin-top: 0px !important;}&#8221; el_class=&#8221;titol-h2 brown&#8221;] L\u2019ART CONTEMPORAIN [\/vc_column_text][vc_empty_space height=&#8221;15px&#8221;][vc_column_text css=&#8221;&#8221; el_class=&#8221;titol-h3 brown&#8221;] [&hellip;]\" \/>\n<meta property=\"og:url\" content=\"https:\/\/illycafe.ch\/fr\/art\/art-places-and-events\/\" \/>\n<meta property=\"og:site_name\" content=\"Illycaf\u00e9 | Premium Kaffee kaufen | Gastronomie, Firmen, Privat\" \/>\n<meta property=\"article:modified_time\" content=\"2025-01-14T08:15:09+00:00\" \/>\n<meta name=\"twitter:card\" content=\"summary_large_image\" \/>\n<meta name=\"twitter:label1\" content=\"Dur\u00e9e de lecture estim\u00e9e\" \/>\n\t<meta name=\"twitter:data1\" content=\"3 minutes\" \/>\n<script type=\"application\/ld+json\" class=\"yoast-schema-graph\">{\"@context\":\"https:\\\/\\\/schema.org\",\"@graph\":[{\"@type\":\"WebPage\",\"@id\":\"https:\\\/\\\/illycafe.ch\\\/fr\\\/art\\\/art-places-and-events\\\/\",\"url\":\"https:\\\/\\\/illycafe.ch\\\/fr\\\/art\\\/art-places-and-events\\\/\",\"name\":\"Art Places and Events - Illycaf\u00e9 | Premium Kaffee kaufen | Gastronomie, Firmen, Privat\",\"isPartOf\":{\"@id\":\"https:\\\/\\\/illycafe.ch\\\/#website\"},\"datePublished\":\"2025-01-14T08:11:07+00:00\",\"dateModified\":\"2025-01-14T08:15:09+00:00\",\"breadcrumb\":{\"@id\":\"https:\\\/\\\/illycafe.ch\\\/fr\\\/art\\\/art-places-and-events\\\/#breadcrumb\"},\"inLanguage\":\"fr-FR\",\"potentialAction\":[{\"@type\":\"ReadAction\",\"target\":[\"https:\\\/\\\/illycafe.ch\\\/fr\\\/art\\\/art-places-and-events\\\/\"]}]},{\"@type\":\"BreadcrumbList\",\"@id\":\"https:\\\/\\\/illycafe.ch\\\/fr\\\/art\\\/art-places-and-events\\\/#breadcrumb\",\"itemListElement\":[{\"@type\":\"ListItem\",\"position\":1,\"name\":\"Accueil\",\"item\":\"https:\\\/\\\/illycafe.ch\\\/fr\\\/\"},{\"@type\":\"ListItem\",\"position\":2,\"name\":\"Art\",\"item\":\"https:\\\/\\\/illycafe.ch\\\/fr\\\/art\\\/\"},{\"@type\":\"ListItem\",\"position\":3,\"name\":\"Art Places and Events\"}]},{\"@type\":\"WebSite\",\"@id\":\"https:\\\/\\\/illycafe.ch\\\/#website\",\"url\":\"https:\\\/\\\/illycafe.ch\\\/\",\"name\":\"Illycaf\u00e9 | Premium Kaffee kaufen | Gastronomie, Firmen, Privat\",\"description\":\"Italienische Kaffeekultur. Schweizer Qualit\u00e4t.\",\"potentialAction\":[{\"@type\":\"SearchAction\",\"target\":{\"@type\":\"EntryPoint\",\"urlTemplate\":\"https:\\\/\\\/illycafe.ch\\\/?s={search_term_string}\"},\"query-input\":{\"@type\":\"PropertyValueSpecification\",\"valueRequired\":true,\"valueName\":\"search_term_string\"}}],\"inLanguage\":\"fr-FR\"}]}<\/script>\n<!-- \/ Yoast SEO plugin. -->","yoast_head_json":{"title":"Art Places and Events - Illycaf\u00e9 | Premium Kaffee kaufen | Gastronomie, Firmen, Privat","robots":{"index":"index","follow":"follow","max-snippet":"max-snippet:-1","max-image-preview":"max-image-preview:large","max-video-preview":"max-video-preview:-1"},"canonical":"https:\/\/illycafe.ch\/fr\/art\/art-places-and-events\/","og_locale":"fr_FR","og_type":"article","og_title":"Art Places and Events - Illycaf\u00e9 | Premium Kaffee kaufen | Gastronomie, Firmen, Privat","og_description":"[vc_row full_width=&#8221;stretch_row&#8221; full_height=&#8221;yes&#8221; content_placement=&#8221;middle&#8221; disable_background_image=&#8221;&#8221; css=&#8221;.vc_custom_1736841662539{border-bottom-width: 0px !important;background-position: center center;background-repeat: no-repeat !important;background-size: cover !important;}&#8221; el_class=&#8221;slider&#8221; simple_background_image=&#8221;208357&#8243;][vc_column][vc_row_inner css=&#8221;.vc_custom_1719396574807{padding-top: 200px !important;padding-bottom: 200px !important;}&#8221;][vc_column_inner width=&#8221;1\/6&#8243;][\/vc_column_inner][vc_column_inner width=&#8221;2\/3&#8243;][vc_column_text css=&#8221;.vc_custom_1736842195840{margin-top: 0px !important;}&#8221; el_class=&#8221;titol-h2 white&#8221;] L&#8217;alliance du beau et du bon [\/vc_column_text][vc_empty_space height=&#8221;50px&#8221;][vc_column_text css=&#8221;&#8221; el_class=&#8221;text-landing white&#8221; el_id=&#8221;text-slider&#8221;] Nos liens avec le monde de l&#8217;art contemporain [\/vc_column_text][\/vc_column_inner][vc_column_inner width=&#8221;1\/6&#8243;][\/vc_column_inner][\/vc_row_inner][\/vc_column][\/vc_row][vc_row full_width=&#8221;stretch_row&#8221; css=&#8221;.vc_custom_1736841871594{background-color: #F6F0EC !important;}&#8221;][vc_column css=&#8221;.vc_custom_1736841976788{margin-top: 0px !important;padding-top: 0px !important;}&#8221;][vc_empty_space height=&#8221;70px&#8221;][vc_column_text css=&#8221;.vc_custom_1736842217790{margin-top: 0px !important;}&#8221; el_class=&#8221;titol-h2 brown&#8221;] L\u2019ART CONTEMPORAIN [\/vc_column_text][vc_empty_space height=&#8221;15px&#8221;][vc_column_text css=&#8221;&#8221; el_class=&#8221;titol-h3 brown&#8221;] [&hellip;]","og_url":"https:\/\/illycafe.ch\/fr\/art\/art-places-and-events\/","og_site_name":"Illycaf\u00e9 | Premium Kaffee kaufen | Gastronomie, Firmen, Privat","article_modified_time":"2025-01-14T08:15:09+00:00","twitter_card":"summary_large_image","twitter_misc":{"Dur\u00e9e de lecture estim\u00e9e":"3 minutes"},"schema":{"@context":"https:\/\/schema.org","@graph":[{"@type":"WebPage","@id":"https:\/\/illycafe.ch\/fr\/art\/art-places-and-events\/","url":"https:\/\/illycafe.ch\/fr\/art\/art-places-and-events\/","name":"Art Places and Events - Illycaf\u00e9 | Premium Kaffee kaufen | Gastronomie, Firmen, Privat","isPartOf":{"@id":"https:\/\/illycafe.ch\/#website"},"datePublished":"2025-01-14T08:11:07+00:00","dateModified":"2025-01-14T08:15:09+00:00","breadcrumb":{"@id":"https:\/\/illycafe.ch\/fr\/art\/art-places-and-events\/#breadcrumb"},"inLanguage":"fr-FR","potentialAction":[{"@type":"ReadAction","target":["https:\/\/illycafe.ch\/fr\/art\/art-places-and-events\/"]}]},{"@type":"BreadcrumbList","@id":"https:\/\/illycafe.ch\/fr\/art\/art-places-and-events\/#breadcrumb","itemListElement":[{"@type":"ListItem","position":1,"name":"Accueil","item":"https:\/\/illycafe.ch\/fr\/"},{"@type":"ListItem","position":2,"name":"Art","item":"https:\/\/illycafe.ch\/fr\/art\/"},{"@type":"ListItem","position":3,"name":"Art Places and Events"}]},{"@type":"WebSite","@id":"https:\/\/illycafe.ch\/#website","url":"https:\/\/illycafe.ch\/","name":"Illycaf\u00e9 | Premium Kaffee kaufen | Gastronomie, Firmen, Privat","description":"Italienische Kaffeekultur. Schweizer Qualit\u00e4t.","potentialAction":[{"@type":"SearchAction","target":{"@type":"EntryPoint","urlTemplate":"https:\/\/illycafe.ch\/?s={search_term_string}"},"query-input":{"@type":"PropertyValueSpecification","valueRequired":true,"valueName":"search_term_string"}}],"inLanguage":"fr-FR"}]}},"_links":{"self":[{"href":"https:\/\/illycafe.ch\/fr\/wp-json\/wp\/v2\/pages\/208355","targetHints":{"allow":["GET"]}}],"collection":[{"href":"https:\/\/illycafe.ch\/fr\/wp-json\/wp\/v2\/pages"}],"about":[{"href":"https:\/\/illycafe.ch\/fr\/wp-json\/wp\/v2\/types\/page"}],"author":[{"embeddable":true,"href":"https:\/\/illycafe.ch\/fr\/wp-json\/wp\/v2\/users\/5358"}],"replies":[{"embeddable":true,"href":"https:\/\/illycafe.ch\/fr\/wp-json\/wp\/v2\/comments?post=208355"}],"version-history":[{"count":0,"href":"https:\/\/illycafe.ch\/fr\/wp-json\/wp\/v2\/pages\/208355\/revisions"}],"up":[{"embeddable":true,"href":"https:\/\/illycafe.ch\/fr\/wp-json\/wp\/v2\/pages\/193241"}],"wp:attachment":[{"href":"https:\/\/illycafe.ch\/fr\/wp-json\/wp\/v2\/media?parent=208355"}],"curies":[{"name":"wp","href":"https:\/\/api.w.org\/{rel}","templated":true}]}}