{"id":219647,"date":"2025-02-05T11:01:16","date_gmt":"2025-02-05T10:01:16","guid":{"rendered":"https:\/\/illycafe.ch\/?page_id=219647"},"modified":"2025-02-14T11:46:30","modified_gmt":"2025-02-14T10:46:30","slug":"comment-faire-un-cappuccino","status":"publish","type":"page","link":"https:\/\/illycafe.ch\/fr\/cafe\/preparation-du-cafe\/comment-faire-un-cappuccino\/","title":{"rendered":"Comment pr\u00e9parer un cappuccino et faire mousser le lait"},"content":{"rendered":"<div class=\"wpb-content-wrapper\"><p>[vc_row full_width=&#8221;stretch_row_content&#8221; css=&#8221;.vc_custom_1738662962055{background-color: #F6F0EC !important;}&#8221;][vc_column][vc_empty_space height=&#8221;90px&#8221;][vc_column_text css=&#8221;.vc_custom_1738753041413{margin-top: 0px !important;}&#8221; el_class=&#8221;titol-h2 brown&#8221;]<\/p>\n<h2 style=\"text-align: center;\">Comment faire un cappuccino<\/h2>\n<p>[\/vc_column_text][vc_empty_space height=&#8221;15px&#8221;][vc_column_text css=&#8221;&#8221; el_class=&#8221;text-landing brown&#8221;]<\/p>\n<p style=\"text-align: center;\"><strong>TOUS LES SECRETS D&#8217;UN CAPPUCCINO PARFAIT<\/strong><\/p>\n<p>[\/vc_column_text][vc_empty_space height=&#8221;50px&#8221;][vc_single_image image=&#8221;219672&#8243; img_size=&#8221;full&#8221; alignment=&#8221;center&#8221; css=&#8221;&#8221;][vc_empty_space height=&#8221;90px&#8221;][\/vc_column][\/vc_row][vc_row][vc_column css=&#8221;.vc_custom_1738575195426{margin-top: 0px !important;padding-top: 0px !important;}&#8221;][vc_empty_space height=&#8221;50px&#8221;][vc_column_text css=&#8221;.vc_custom_1738749088140{margin-top: 0px !important;}&#8221; el_class=&#8221;titol-h4 brown&#8221;]<\/p>\n<h4 style=\"text-align: center;\">Nombreux sont les adeptes du cappuccino en Italie comme \u00e0 l&#8217;\u00e9tranger mais tous ne savent pas qu&#8217;il est possible de r\u00e9aliser un excellent cappuccino \u00e0 la maison : un peu de savoir-faire pour r\u00e9gler la quantit\u00e9 de vapeur et de mousse, et le tour est jou\u00e9. Bien entendu, une machine \u00e0 espresso \u00e9quip\u00e9e d&#8217;une buse vapeur s&#8217;av\u00e8re indispensable.<br \/>\nUn cappuccino correspond \u00e0 150 ml environ de boisson et comprend 30 ml d&#8217;espresso plus du lait et de la cr\u00e8me de lait \u00e0 parts \u00e9gales.<\/h4>\n<p>[\/vc_column_text][vc_empty_space height=&#8221;50px&#8221;][\/vc_column][\/vc_row][vc_row full_width=&#8221;stretch_row&#8221; css=&#8221;.vc_custom_1727683266961{background-color: #FFFFFF !important;}&#8221;][vc_column css=&#8221;.vc_custom_1719389360265{margin-top: 0px !important;padding-top: 0px !important;}&#8221;][vc_empty_space height=&#8221;80px&#8221;][vc_row_inner content_placement=&#8221;middle&#8221;][vc_column_inner width=&#8221;1\/2&#8243; css=&#8221;.vc_custom_1726476158953{padding-right: 0px !important;padding-left: 0px !important;}&#8221;][vc_single_image image=&#8221;219679&#8243; img_size=&#8221;full&#8221; css=&#8221;&#8221;][\/vc_column_inner][vc_column_inner width=&#8221;1\/2&#8243; css=&#8221;.vc_custom_1719390181991{padding-top: 30px !important;padding-right: 30px !important;padding-bottom: 30px !important;padding-left: 30px !important;}&#8221;][vc_column_text css=&#8221;.vc_custom_1738753068514{margin-top: 0px !important;}&#8221; el_class=&#8221;titol-h4 brown&#8221;]<\/p>\n<h4 style=\"text-align: center;\">COMMENT PR\u00c9PARER AU MIEUX UN CAPPUCCINO:<\/h4>\n<p>[\/vc_column_text][vc_empty_space height=&#8221;15px&#8221;][vc_column_text css=&#8221;&#8221; el_class=&#8221;text-landing brown&#8221;]<\/p>\n<p style=\"text-align: center;\"><strong>1<\/strong><\/p>\n<p style=\"text-align: center;\">Versez du lait froid dans un pot \u00e0 lait au tiers de sa contenance.<\/p>\n<p style=\"text-align: center;\"><strong>2<\/strong><\/p>\n<p style=\"text-align: center;\">Actionnez la buse vapeur pendant deux secondes pour \u00e9liminer tout r\u00e9sidu d&#8217;eau.<\/p>\n<p style=\"text-align: center;\"><strong>3<\/strong><\/p>\n<p style=\"text-align: center;\">Immergez le bout de la buse vapeur dans le lait et actionnez la fonction vapeur. Au fur et \u00e0 mesure que la mousse monte et que le volume de lait augmente, baissez le pot en veillant \u00e0 ce que l&#8217;extr\u00e9mit\u00e9 de la buse soit toujours immerg\u00e9e et en l&#8217;inclinant pour obtenir un tourbillon dans le lait. Ne pas remuer inutilement.<\/p>\n<p style=\"text-align: center;\"><strong>4<\/strong><\/p>\n<p style=\"text-align: center;\">Continuez jusqu&#8217;\u00e0 ce que la temp\u00e9rature atteigne 65\u00b0 et que le volume double.<\/p>\n<p style=\"text-align: center;\"><strong>5<\/strong><\/p>\n<p style=\"text-align: center;\">Pour une mousse compacte, frappez avec fermet\u00e9 la base du pot sur un plan de travail.<\/p>\n<p style=\"text-align: center;\"><strong>6<\/strong><\/p>\n<p style=\"text-align: center;\">Pr\u00e9parez un espresso dans une grande tasse \u00e0 caf\u00e9.<\/p>\n<p style=\"text-align: center;\"><strong>7<\/strong><\/p>\n<p style=\"text-align: center;\">Versez le lait directement au centre de la tasse.<\/p>\n<p style=\"text-align: center;\"><strong>8<\/strong><\/p>\n<p style=\"text-align: center;\">Actionnez une derni\u00e8re fois le mode vapeur pour \u00e9liminer tout r\u00e9sidu de lait.<\/p>\n<p>[\/vc_column_text][\/vc_column_inner][\/vc_row_inner][vc_empty_space height=&#8221;50px&#8221;][\/vc_column][\/vc_row][vc_row][vc_column css=&#8221;.vc_custom_1738575195426{margin-top: 0px !important;padding-top: 0px !important;}&#8221;][vc_empty_space height=&#8221;50px&#8221;][vc_column_text css=&#8221;.vc_custom_1738749106881{margin-top: 0px !important;}&#8221; el_class=&#8221;titol-h4 brown&#8221;]<\/p>\n<h3 style=\"text-align: center;\">POUR UNE MOUSSE INOUBLIABLE<\/h3>\n<p>[\/vc_column_text][vc_column_text css=&#8221;&#8221; el_class=&#8221;text-landing brown&#8221;]<\/p>\n<p style=\"text-align: center;\">La consistance de la mousse d\u00e9pend du pourcentage de mati\u00e8res grasses dans le lait. Le lait entier produit une mousse cr\u00e9meuse, dense et velout\u00e9e alors que le lait demi-\u00e9cr\u00e9m\u00e9 donne une mousse moins onctueuse.<br \/>\nLa mousse obtenue avec du lait \u00e9cr\u00e9m\u00e9 ressemble \u00e0 une meringue et se dissout imm\u00e9diatement. Pour obtenir un excellent cappuccino, utilisez du lait froid entier ou \u00e0 d\u00e9faut demi-\u00e9cr\u00e9m\u00e9.<\/p>\n<p>[\/vc_column_text][vc_empty_space height=&#8221;50px&#8221;][vc_single_image image=&#8221;219658&#8243; img_size=&#8221;full&#8221; alignment=&#8221;center&#8221; css=&#8221;&#8221;][vc_empty_space height=&#8221;80px&#8221;][\/vc_column][\/vc_row][vc_row full_width=&#8221;stretch_row&#8221; css=&#8221;.vc_custom_1738664570299{background-color: #F6F0EC !important;}&#8221;][vc_column][vc_empty_space height=&#8221;90px&#8221;][vc_column_text css=&#8221;.vc_custom_1738749267009{margin-top: 0px !important;}&#8221; el_class=&#8221;titol-h2 brown&#8221;]<\/p>\n<h2 style=\"text-align: center;\">VOUS POURRIEZ AUSSI \u00caTRE INT\u00c9RESS\u00c9<\/h2>\n<p>[\/vc_column_text][vc_empty_space height=&#8221;25px&#8221;][vc_row_inner el_class=&#8221;products&#8221;][vc_column_inner width=&#8221;1\/3&#8243;][vc_single_image image=&#8221;219523&#8243; img_size=&#8221;full&#8221; alignment=&#8221;center&#8221; onclick=&#8221;custom_link&#8221; css=&#8221;&#8221; link=&#8221;https:\/\/illycafe.ch\/fr\/cafe\/preparation-du-cafe\/cafe-napolitain-preparation\/&#8221;][vc_empty_space height=&#8221;10px&#8221;][vc_column_text css=&#8221;.vc_custom_1738749381942{margin-top: 0px !important;}&#8221; el_class=&#8221;titol-h3 brown&#8221;]<\/p>\n<h3 style=\"text-align: left;\">Cafeti\u00e8re Napolitaine<\/h3>\n<p>[\/vc_column_text][vc_empty_space height=&#8221;40px&#8221;][\/vc_column_inner][vc_column_inner width=&#8221;1\/3&#8243;][vc_single_image image=&#8221;219596&#8243; img_size=&#8221;full&#8221; alignment=&#8221;center&#8221; onclick=&#8221;custom_link&#8221; css=&#8221;&#8221; link=&#8221;https:\/\/illycafe.ch\/fr\/cafe\/preparation-du-cafe\/comment-faire-un-espresso\/&#8221;][vc_empty_space height=&#8221;10px&#8221;][vc_column_text css=&#8221;.vc_custom_1738575621333{margin-top: 0px !important;}&#8221; el_class=&#8221;titol-h3 brown&#8221;]<\/p>\n<h3 style=\"text-align: left;\">Espresso<\/h3>\n<p>[\/vc_column_text][vc_empty_space height=&#8221;40px&#8221;][\/vc_column_inner][vc_column_inner width=&#8221;1\/3&#8243;][vc_single_image image=&#8221;219538&#8243; img_size=&#8221;full&#8221; alignment=&#8221;center&#8221; onclick=&#8221;custom_link&#8221; css=&#8221;&#8221; link=&#8221;https:\/\/illycafe.ch\/fr\/cafe\/preparation-du-cafe\/comment-faire-du-cafe-filtre\/&#8221;][vc_empty_space height=&#8221;10px&#8221;][vc_column_text css=&#8221;.vc_custom_1738749435215{margin-top: 0px !important;}&#8221; el_class=&#8221;titol-h3 brown&#8221;]<\/p>\n<h3 style=\"text-align: left;\">Le Caf\u00e9 Filtre<\/h3>\n<p>[\/vc_column_text][vc_empty_space height=&#8221;40px&#8221;][\/vc_column_inner][\/vc_row_inner][vc_row_inner el_class=&#8221;products&#8221;][vc_column_inner width=&#8221;1\/3&#8243;][vc_single_image image=&#8221;219520&#8243; img_size=&#8221;full&#8221; alignment=&#8221;center&#8221; onclick=&#8221;custom_link&#8221; css=&#8221;&#8221; link=&#8221;https:\/\/illycafe.ch\/fr\/cafe\/preparation-du-cafe\/comment-faire-un-cafe-moka\/&#8221;][vc_empty_space height=&#8221;10px&#8221;][vc_column_text css=&#8221;.vc_custom_1738748737244{margin-top: 0px !important;}&#8221; el_class=&#8221;titol-h3 brown&#8221;]<\/p>\n<h3 style=\"text-align: left;\">La Cafeti\u00e8re Moka<\/h3>\n<p>[\/vc_column_text][vc_empty_space height=&#8221;40px&#8221;][\/vc_column_inner][vc_column_inner width=&#8221;1\/3&#8243;][vc_single_image image=&#8221;219599&#8243; img_size=&#8221;full&#8221; alignment=&#8221;center&#8221; onclick=&#8221;custom_link&#8221; css=&#8221;&#8221; link=&#8221;https:\/\/illycafe.ch\/fr\/cafe\/preparation-du-cafe\/cafetiere-a-piston-comment-ca-marche\/&#8221;][vc_empty_space height=&#8221;10px&#8221;][vc_column_text css=&#8221;.vc_custom_1738748808137{margin-top: 0px !important;}&#8221; el_class=&#8221;titol-h3 brown&#8221;]<\/p>\n<h3 style=\"text-align: left;\">Cafeti\u00e8re \u00e0 Piston<\/h3>\n<p>[\/vc_column_text][vc_empty_space height=&#8221;40px&#8221;][\/vc_column_inner][vc_column_inner width=&#8221;1\/3&#8243;][vc_single_image image=&#8221;219526&#8243; img_size=&#8221;full&#8221; alignment=&#8221;center&#8221; onclick=&#8221;custom_link&#8221; css=&#8221;&#8221; link=&#8221;https:\/\/illycafe.ch\/fr\/cafe\/preparation-du-cafe\/comment-faire-un-cafe-turc\/&#8221;][vc_empty_space height=&#8221;10px&#8221;][vc_column_text css=&#8221;.vc_custom_1738749474130{margin-top: 0px !important;}&#8221; el_class=&#8221;titol-h3 brown&#8221;]<\/p>\n<h3 style=\"text-align: left;\">Le Caf\u00e9 Turc<\/h3>\n<p>[\/vc_column_text][vc_empty_space height=&#8221;40px&#8221;][\/vc_column_inner][\/vc_row_inner][vc_empty_space height=&#8221;90px&#8221;][\/vc_column][\/vc_row][vc_row full_width=&#8221;stretch_row&#8221; css=&#8221;.vc_custom_1719389983250{background-color: #f6f0ec !important;}&#8221; el_class=&#8221;newsletter&#8221;][vc_column css=&#8221;.vc_custom_1712226941419{padding-top: 0pc !important;padding-bottom: 0px !important;}&#8221;][vc_row_inner css=&#8221;.vc_custom_1712226909859{padding-top: 50px !important;padding-bottom: 50px !important;}&#8221;][vc_column_inner width=&#8221;1\/6&#8243;][\/vc_column_inner][vc_column_inner width=&#8221;2\/3&#8243;][vc_column_text css=&#8221;&#8221; el_class=&#8221;titol-h2 brown&#8221;]<\/p>\n<h2 style=\"text-align: center;\">INSCRIVEZ-VOUS A LA NEWSLETTER<\/h2>\n<p>[\/vc_column_text][vc_column_text css=&#8221;&#8221; el_class=&#8221;text-landing brown&#8221;]<\/p>\n<p style=\"text-align: center;\">Entrez dans le monde illy et d\u00e9couvrez tous les avantages qui vous sont r\u00e9serv\u00e9s.<\/p>\n<p>[\/vc_column_text][vc_column_text css=&#8221;&#8221;]<\/p>\n<p style=\"text-align: center;\">\n<div class=\"wpcf7 no-js\" id=\"wpcf7-f185252-o1\" lang=\"en-US\" dir=\"ltr\" data-wpcf7-id=\"185252\">\n<div class=\"screen-reader-response\"><p role=\"status\" aria-live=\"polite\" aria-atomic=\"true\"><\/p> <ul><\/ul><\/div>\n<form action=\"\/fr\/wp-json\/wp\/v2\/pages\/219647#wpcf7-f185252-o1\" method=\"post\" class=\"wpcf7-form init\" aria-label=\"Contact form\" novalidate=\"novalidate\" data-status=\"init\">\n<fieldset class=\"hidden-fields-container\"><input type=\"hidden\" name=\"_wpcf7\" value=\"185252\" \/><input type=\"hidden\" name=\"_wpcf7_version\" value=\"6.1.5\" \/><input type=\"hidden\" name=\"_wpcf7_locale\" value=\"en_US\" \/><input type=\"hidden\" name=\"_wpcf7_unit_tag\" value=\"wpcf7-f185252-o1\" \/><input type=\"hidden\" name=\"_wpcf7_container_post\" value=\"0\" \/><input type=\"hidden\" name=\"_wpcf7_posted_data_hash\" value=\"\" \/>\n<\/fieldset>\n<p><span class=\"wpcf7-form-control-wrap\" data-name=\"your-email\"><input size=\"40\" maxlength=\"400\" class=\"wpcf7-form-control wpcf7-email wpcf7-validates-as-required wpcf7-text wpcf7-validates-as-email\" autocomplete=\"email\" aria-required=\"true\" aria-invalid=\"false\" placeholder=\"Saisir votre adresse \u00e9lectronique\" value=\"\" type=\"email\" name=\"your-email\" \/><\/span>\n<\/p>\n<p class=\"newsletter-text\">J\u2019ai pris connaissance des informations relatives au traitement des donn\u00e9es priv\u00e9es.\n<\/p>\n<div class=\"news-acceptance\">\n\t<p><span class=\"wpcf7-form-control-wrap\" data-name=\"acceptance-961\"><span class=\"wpcf7-form-control wpcf7-acceptance\"><span class=\"wpcf7-list-item\"><label><input type=\"checkbox\" name=\"acceptance-961\" value=\"1\" aria-invalid=\"false\" \/><span class=\"wpcf7-list-item-label\">Je autorise au traitement de mes donn\u00e9es afin de recevoir des communications marketing sur les produits, services, promotions et initiatives li\u00e9s \u00e0 la marque illy et aux produits et initiatives propos\u00e9s sur les sites web et apps illycaff\u00e8 (objectif 2 A de la politique)<\/span><\/label><\/span><\/span><\/span>\n\t<\/p>\n<\/div>\n<p><input class=\"wpcf7-form-control wpcf7-submit has-spinner\" type=\"submit\" value=\"JE M&#039;INSCRIS\" \/>\n<\/p><input type='hidden' class='wpcf7-pum' value='{\"closepopup\":false,\"closedelay\":0,\"openpopup\":false,\"openpopup_id\":0}' \/><div class=\"wpcf7-response-output\" aria-hidden=\"true\"><\/div>\n<\/form>\n<\/div>\n<p>[\/vc_column_text][\/vc_column_inner][vc_column_inner width=&#8221;1\/6&#8243;][\/vc_column_inner][\/vc_row_inner][\/vc_column][\/vc_row]<\/p>\n<\/div>","protected":false},"excerpt":{"rendered":"<p>[vc_row full_width=&#8221;stretch_row_content&#8221; css=&#8221;.vc_custom_1738662962055{background-color: #F6F0EC !important;}&#8221;][vc_column][vc_empty_space height=&#8221;90px&#8221;][vc_column_text css=&#8221;.vc_custom_1738753041413{margin-top: 0px !important;}&#8221; el_class=&#8221;titol-h2 brown&#8221;] Comment faire un cappuccino [\/vc_column_text][vc_empty_space height=&#8221;15px&#8221;][vc_column_text css=&#8221;&#8221; el_class=&#8221;text-landing brown&#8221;] TOUS LES SECRETS D&#8217;UN CAPPUCCINO PARFAIT [\/vc_column_text][vc_empty_space height=&#8221;50px&#8221;][vc_single_image image=&#8221;219672&#8243; img_size=&#8221;full&#8221; alignment=&#8221;center&#8221; css=&#8221;&#8221;][vc_empty_space height=&#8221;90px&#8221;][\/vc_column][\/vc_row][vc_row][vc_column css=&#8221;.vc_custom_1738575195426{margin-top: 0px !important;padding-top: 0px !important;}&#8221;][vc_empty_space height=&#8221;50px&#8221;][vc_column_text css=&#8221;.vc_custom_1738749088140{margin-top: 0px !important;}&#8221; el_class=&#8221;titol-h4 brown&#8221;] Nombreux sont les adeptes du cappuccino en Italie comme \u00e0 l&#8217;\u00e9tranger mais tous ne savent pas qu&#8217;il est possible de r\u00e9aliser un excellent cappuccino \u00e0 la maison : [&hellip;]<\/p>\n","protected":false},"author":5358,"featured_media":0,"parent":219501,"menu_order":0,"comment_status":"closed","ping_status":"closed","template":"","meta":{"inline_featured_image":false,"footnotes":""},"class_list":["post-219647","page","type-page","status-publish","hentry"],"yoast_head":"<!-- This site is optimized with the Yoast SEO plugin v27.3 - https:\/\/yoast.com\/product\/yoast-seo-wordpress\/ -->\n<title>Comment pr\u00e9parer un cappuccino et faire mousser le lait - Illycaf\u00e9 | Premium Kaffee kaufen | Gastronomie, Firmen, Privat<\/title>\n<meta name=\"robots\" content=\"index, follow, max-snippet:-1, max-image-preview:large, max-video-preview:-1\" \/>\n<link rel=\"canonical\" href=\"https:\/\/illycafe.ch\/fr\/cafe\/preparation-du-cafe\/comment-faire-un-cappuccino\/\" \/>\n<meta property=\"og:locale\" content=\"fr_FR\" \/>\n<meta property=\"og:type\" content=\"article\" \/>\n<meta property=\"og:title\" content=\"Comment pr\u00e9parer un cappuccino et faire mousser le lait - Illycaf\u00e9 | Premium Kaffee kaufen | Gastronomie, Firmen, Privat\" \/>\n<meta property=\"og:description\" content=\"[vc_row full_width=&#8221;stretch_row_content&#8221; css=&#8221;.vc_custom_1738662962055{background-color: #F6F0EC !important;}&#8221;][vc_column][vc_empty_space height=&#8221;90px&#8221;][vc_column_text css=&#8221;.vc_custom_1738753041413{margin-top: 0px !important;}&#8221; el_class=&#8221;titol-h2 brown&#8221;] Comment faire un cappuccino [\/vc_column_text][vc_empty_space height=&#8221;15px&#8221;][vc_column_text css=&#8221;&#8221; el_class=&#8221;text-landing brown&#8221;] TOUS LES SECRETS D&#8217;UN CAPPUCCINO PARFAIT [\/vc_column_text][vc_empty_space height=&#8221;50px&#8221;][vc_single_image image=&#8221;219672&#8243; img_size=&#8221;full&#8221; alignment=&#8221;center&#8221; css=&#8221;&#8221;][vc_empty_space height=&#8221;90px&#8221;][\/vc_column][\/vc_row][vc_row][vc_column css=&#8221;.vc_custom_1738575195426{margin-top: 0px !important;padding-top: 0px !important;}&#8221;][vc_empty_space height=&#8221;50px&#8221;][vc_column_text css=&#8221;.vc_custom_1738749088140{margin-top: 0px !important;}&#8221; el_class=&#8221;titol-h4 brown&#8221;] Nombreux sont les adeptes du cappuccino en Italie comme \u00e0 l&#8217;\u00e9tranger mais tous ne savent pas qu&#8217;il est possible de r\u00e9aliser un excellent cappuccino \u00e0 la maison : [&hellip;]\" \/>\n<meta property=\"og:url\" content=\"https:\/\/illycafe.ch\/fr\/cafe\/preparation-du-cafe\/comment-faire-un-cappuccino\/\" \/>\n<meta property=\"og:site_name\" content=\"Illycaf\u00e9 | Premium Kaffee kaufen | Gastronomie, Firmen, Privat\" \/>\n<meta property=\"article:modified_time\" content=\"2025-02-14T10:46:30+00:00\" \/>\n<meta name=\"twitter:card\" content=\"summary_large_image\" \/>\n<meta name=\"twitter:label1\" content=\"Dur\u00e9e de lecture estim\u00e9e\" \/>\n\t<meta name=\"twitter:data1\" content=\"3 minutes\" \/>\n<script type=\"application\/ld+json\" class=\"yoast-schema-graph\">{\"@context\":\"https:\\\/\\\/schema.org\",\"@graph\":[{\"@type\":\"WebPage\",\"@id\":\"https:\\\/\\\/illycafe.ch\\\/fr\\\/cafe\\\/preparation-du-cafe\\\/comment-faire-un-cappuccino\\\/\",\"url\":\"https:\\\/\\\/illycafe.ch\\\/fr\\\/cafe\\\/preparation-du-cafe\\\/comment-faire-un-cappuccino\\\/\",\"name\":\"Comment pr\u00e9parer un cappuccino et faire mousser le lait - Illycaf\u00e9 | Premium Kaffee kaufen | Gastronomie, Firmen, Privat\",\"isPartOf\":{\"@id\":\"https:\\\/\\\/illycafe.ch\\\/#website\"},\"datePublished\":\"2025-02-05T10:01:16+00:00\",\"dateModified\":\"2025-02-14T10:46:30+00:00\",\"breadcrumb\":{\"@id\":\"https:\\\/\\\/illycafe.ch\\\/fr\\\/cafe\\\/preparation-du-cafe\\\/comment-faire-un-cappuccino\\\/#breadcrumb\"},\"inLanguage\":\"fr-FR\",\"potentialAction\":[{\"@type\":\"ReadAction\",\"target\":[\"https:\\\/\\\/illycafe.ch\\\/fr\\\/cafe\\\/preparation-du-cafe\\\/comment-faire-un-cappuccino\\\/\"]}]},{\"@type\":\"BreadcrumbList\",\"@id\":\"https:\\\/\\\/illycafe.ch\\\/fr\\\/cafe\\\/preparation-du-cafe\\\/comment-faire-un-cappuccino\\\/#breadcrumb\",\"itemListElement\":[{\"@type\":\"ListItem\",\"position\":1,\"name\":\"Accueil\",\"item\":\"https:\\\/\\\/illycafe.ch\\\/fr\\\/\"},{\"@type\":\"ListItem\",\"position\":2,\"name\":\"Caf\u00e9\",\"item\":\"https:\\\/\\\/illycafe.ch\\\/fr\\\/cafe\\\/\"},{\"@type\":\"ListItem\",\"position\":3,\"name\":\"Recettes caf\u00e9\",\"item\":\"https:\\\/\\\/illycafe.ch\\\/fr\\\/cafe\\\/preparation-du-cafe\\\/\"},{\"@type\":\"ListItem\",\"position\":4,\"name\":\"Comment pr\u00e9parer un cappuccino et faire mousser le lait\"}]},{\"@type\":\"WebSite\",\"@id\":\"https:\\\/\\\/illycafe.ch\\\/#website\",\"url\":\"https:\\\/\\\/illycafe.ch\\\/\",\"name\":\"Illycaf\u00e9 | Premium Kaffee kaufen | Gastronomie, Firmen, Privat\",\"description\":\"Italienische Kaffeekultur. Schweizer Qualit\u00e4t.\",\"potentialAction\":[{\"@type\":\"SearchAction\",\"target\":{\"@type\":\"EntryPoint\",\"urlTemplate\":\"https:\\\/\\\/illycafe.ch\\\/?s={search_term_string}\"},\"query-input\":{\"@type\":\"PropertyValueSpecification\",\"valueRequired\":true,\"valueName\":\"search_term_string\"}}],\"inLanguage\":\"fr-FR\"}]}<\/script>\n<!-- \/ Yoast SEO plugin. -->","yoast_head_json":{"title":"Comment pr\u00e9parer un cappuccino et faire mousser le lait - Illycaf\u00e9 | Premium Kaffee kaufen | Gastronomie, Firmen, Privat","robots":{"index":"index","follow":"follow","max-snippet":"max-snippet:-1","max-image-preview":"max-image-preview:large","max-video-preview":"max-video-preview:-1"},"canonical":"https:\/\/illycafe.ch\/fr\/cafe\/preparation-du-cafe\/comment-faire-un-cappuccino\/","og_locale":"fr_FR","og_type":"article","og_title":"Comment pr\u00e9parer un cappuccino et faire mousser le lait - Illycaf\u00e9 | Premium Kaffee kaufen | Gastronomie, Firmen, Privat","og_description":"[vc_row full_width=&#8221;stretch_row_content&#8221; css=&#8221;.vc_custom_1738662962055{background-color: #F6F0EC !important;}&#8221;][vc_column][vc_empty_space height=&#8221;90px&#8221;][vc_column_text css=&#8221;.vc_custom_1738753041413{margin-top: 0px !important;}&#8221; el_class=&#8221;titol-h2 brown&#8221;] Comment faire un cappuccino [\/vc_column_text][vc_empty_space height=&#8221;15px&#8221;][vc_column_text css=&#8221;&#8221; el_class=&#8221;text-landing brown&#8221;] TOUS LES SECRETS D&#8217;UN CAPPUCCINO PARFAIT [\/vc_column_text][vc_empty_space height=&#8221;50px&#8221;][vc_single_image image=&#8221;219672&#8243; img_size=&#8221;full&#8221; alignment=&#8221;center&#8221; css=&#8221;&#8221;][vc_empty_space height=&#8221;90px&#8221;][\/vc_column][\/vc_row][vc_row][vc_column css=&#8221;.vc_custom_1738575195426{margin-top: 0px !important;padding-top: 0px !important;}&#8221;][vc_empty_space height=&#8221;50px&#8221;][vc_column_text css=&#8221;.vc_custom_1738749088140{margin-top: 0px !important;}&#8221; el_class=&#8221;titol-h4 brown&#8221;] Nombreux sont les adeptes du cappuccino en Italie comme \u00e0 l&#8217;\u00e9tranger mais tous ne savent pas qu&#8217;il est possible de r\u00e9aliser un excellent cappuccino \u00e0 la maison : [&hellip;]","og_url":"https:\/\/illycafe.ch\/fr\/cafe\/preparation-du-cafe\/comment-faire-un-cappuccino\/","og_site_name":"Illycaf\u00e9 | Premium Kaffee kaufen | Gastronomie, Firmen, Privat","article_modified_time":"2025-02-14T10:46:30+00:00","twitter_card":"summary_large_image","twitter_misc":{"Dur\u00e9e de lecture estim\u00e9e":"3 minutes"},"schema":{"@context":"https:\/\/schema.org","@graph":[{"@type":"WebPage","@id":"https:\/\/illycafe.ch\/fr\/cafe\/preparation-du-cafe\/comment-faire-un-cappuccino\/","url":"https:\/\/illycafe.ch\/fr\/cafe\/preparation-du-cafe\/comment-faire-un-cappuccino\/","name":"Comment pr\u00e9parer un cappuccino et faire mousser le lait - Illycaf\u00e9 | Premium Kaffee kaufen | Gastronomie, Firmen, Privat","isPartOf":{"@id":"https:\/\/illycafe.ch\/#website"},"datePublished":"2025-02-05T10:01:16+00:00","dateModified":"2025-02-14T10:46:30+00:00","breadcrumb":{"@id":"https:\/\/illycafe.ch\/fr\/cafe\/preparation-du-cafe\/comment-faire-un-cappuccino\/#breadcrumb"},"inLanguage":"fr-FR","potentialAction":[{"@type":"ReadAction","target":["https:\/\/illycafe.ch\/fr\/cafe\/preparation-du-cafe\/comment-faire-un-cappuccino\/"]}]},{"@type":"BreadcrumbList","@id":"https:\/\/illycafe.ch\/fr\/cafe\/preparation-du-cafe\/comment-faire-un-cappuccino\/#breadcrumb","itemListElement":[{"@type":"ListItem","position":1,"name":"Accueil","item":"https:\/\/illycafe.ch\/fr\/"},{"@type":"ListItem","position":2,"name":"Caf\u00e9","item":"https:\/\/illycafe.ch\/fr\/cafe\/"},{"@type":"ListItem","position":3,"name":"Recettes caf\u00e9","item":"https:\/\/illycafe.ch\/fr\/cafe\/preparation-du-cafe\/"},{"@type":"ListItem","position":4,"name":"Comment pr\u00e9parer un cappuccino et faire mousser le lait"}]},{"@type":"WebSite","@id":"https:\/\/illycafe.ch\/#website","url":"https:\/\/illycafe.ch\/","name":"Illycaf\u00e9 | Premium Kaffee kaufen | Gastronomie, Firmen, Privat","description":"Italienische Kaffeekultur. Schweizer Qualit\u00e4t.","potentialAction":[{"@type":"SearchAction","target":{"@type":"EntryPoint","urlTemplate":"https:\/\/illycafe.ch\/?s={search_term_string}"},"query-input":{"@type":"PropertyValueSpecification","valueRequired":true,"valueName":"search_term_string"}}],"inLanguage":"fr-FR"}]}},"_links":{"self":[{"href":"https:\/\/illycafe.ch\/fr\/wp-json\/wp\/v2\/pages\/219647","targetHints":{"allow":["GET"]}}],"collection":[{"href":"https:\/\/illycafe.ch\/fr\/wp-json\/wp\/v2\/pages"}],"about":[{"href":"https:\/\/illycafe.ch\/fr\/wp-json\/wp\/v2\/types\/page"}],"author":[{"embeddable":true,"href":"https:\/\/illycafe.ch\/fr\/wp-json\/wp\/v2\/users\/5358"}],"replies":[{"embeddable":true,"href":"https:\/\/illycafe.ch\/fr\/wp-json\/wp\/v2\/comments?post=219647"}],"version-history":[{"count":0,"href":"https:\/\/illycafe.ch\/fr\/wp-json\/wp\/v2\/pages\/219647\/revisions"}],"up":[{"embeddable":true,"href":"https:\/\/illycafe.ch\/fr\/wp-json\/wp\/v2\/pages\/219501"}],"wp:attachment":[{"href":"https:\/\/illycafe.ch\/fr\/wp-json\/wp\/v2\/media?parent=219647"}],"curies":[{"name":"wp","href":"https:\/\/api.w.org\/{rel}","templated":true}]}}