{"id":219665,"date":"2025-02-05T11:33:48","date_gmt":"2025-02-05T10:33:48","guid":{"rendered":"https:\/\/illycafe.ch\/?page_id=219665"},"modified":"2025-02-14T11:46:10","modified_gmt":"2025-02-14T10:46:10","slug":"comment-faire-un-espresso","status":"publish","type":"page","link":"https:\/\/illycafe.ch\/fr\/cafe\/preparation-du-cafe\/comment-faire-un-espresso\/","title":{"rendered":"Comment pr\u00e9parer un espresso parfait"},"content":{"rendered":"<div class=\"wpb-content-wrapper\"><p>[vc_row full_width=&#8221;stretch_row_content&#8221; css=&#8221;.vc_custom_1738662962055{background-color: #F6F0EC !important;}&#8221;][vc_column][vc_empty_space height=&#8221;90px&#8221;][vc_column_text css=&#8221;.vc_custom_1738751403030{margin-top: 0px !important;}&#8221; el_class=&#8221;titol-h2 brown&#8221;]<\/p>\n<h2 style=\"text-align: center;\">Comment faire un espresso<\/h2>\n<p>[\/vc_column_text][vc_empty_space height=&#8221;15px&#8221;][vc_column_text css=&#8221;&#8221; el_class=&#8221;text-landing brown&#8221;]<\/p>\n<p style=\"text-align: center;\"><strong>ESPRESSO : UN CAF\u00c9 UNIQUE<\/strong><\/p>\n<p>[\/vc_column_text][vc_empty_space height=&#8221;50px&#8221;][vc_single_image image=&#8221;219667&#8243; img_size=&#8221;full&#8221; alignment=&#8221;center&#8221; css=&#8221;&#8221;][vc_empty_space height=&#8221;90px&#8221;][\/vc_column][\/vc_row][vc_row][vc_column css=&#8221;.vc_custom_1738575195426{margin-top: 0px !important;padding-top: 0px !important;}&#8221;][vc_empty_space height=&#8221;50px&#8221;][vc_column_text css=&#8221;.vc_custom_1738751445677{margin-top: 0px !important;}&#8221; el_class=&#8221;titol-h4 brown&#8221;]<\/p>\n<h4 style=\"text-align: center;\">Comme son nom l&#8217;indique, <strong>l&#8217;espresso<\/strong> est un <strong>caf\u00e9 pr\u00e9par\u00e9 \u00e0 la demande<\/strong> et savour\u00e9 sans attendre. On l&#8217;obtient en faisant passer pendant 25-30 secondes un jet d&#8217;eau chaude sous pression (9 atmosph\u00e8res ou plus) \u00e0 travers une couche de 7 grammes de caf\u00e9 finement moulu et comprim\u00e9. Le r\u00e9sultat est un concentr\u00e9 (30 ml maximum) de pur plaisir gustatif en une seule tasse de caf\u00e9.<\/h4>\n<h4 style=\"text-align: center;\">Pour les amateurs, <strong>l&#8217;espresso<\/strong> est la <strong>quintessence m\u00eame du caf\u00e9<\/strong>, la pr\u00e9paration qui exalte pleinement la richesse des notes aromatiques, en les conjuguant aux sensations velout\u00e9es de la cr\u00e8me. Un petit miracle physico-chimique qui m\u00eale art et science.<\/h4>\n<p>[\/vc_column_text][vc_empty_space height=&#8221;50px&#8221;][\/vc_column][\/vc_row][vc_row full_width=&#8221;stretch_row&#8221; css=&#8221;.vc_custom_1727683266961{background-color: #FFFFFF !important;}&#8221;][vc_column css=&#8221;.vc_custom_1719389360265{margin-top: 0px !important;padding-top: 0px !important;}&#8221;][vc_empty_space height=&#8221;80px&#8221;][vc_row_inner content_placement=&#8221;middle&#8221;][vc_column_inner width=&#8221;1\/2&#8243; css=&#8221;.vc_custom_1726476158953{padding-right: 0px !important;padding-left: 0px !important;}&#8221;][vc_single_image image=&#8221;219674&#8243; img_size=&#8221;full&#8221; css=&#8221;&#8221;][\/vc_column_inner][vc_column_inner width=&#8221;1\/2&#8243; css=&#8221;.vc_custom_1719390181991{padding-top: 30px !important;padding-right: 30px !important;padding-bottom: 30px !important;padding-left: 30px !important;}&#8221;][vc_column_text css=&#8221;.vc_custom_1738751454212{margin-top: 0px !important;}&#8221; el_class=&#8221;titol-h3 brown&#8221;]<\/p>\n<h3 style=\"text-align: center;\">L&#8217;ART DE L&#8217;ESPRESSO<\/h3>\n<p>[\/vc_column_text][vc_empty_space height=&#8221;15px&#8221;][vc_column_text css=&#8221;&#8221; el_class=&#8221;text-landing brown&#8221;]<\/p>\n<p style=\"text-align: center;\">Le rituel de la <strong>pr\u00e9paration de l&#8217;espresso<\/strong> commence par la mouture du caf\u00e9 en grains qui id\u00e9alement doit \u00eatre effectu\u00e9e au moment de la d\u00e9gustation. <strong>L&#8217;art du barista<\/strong> ou du connaisseur consiste \u00e0 choisir le degr\u00e9 de mouture, \u00e0 tasser correctement le <strong>caf\u00e9 dans le filtre<\/strong> et \u00e0 r\u00e9gler au plus juste la <strong>temp\u00e9rature<\/strong> de l&#8217;eau, la <strong>pression<\/strong> et le <strong>temps<\/strong> d&#8217;extraction.<\/p>\n<p>[\/vc_column_text][\/vc_column_inner][\/vc_row_inner][vc_empty_space height=&#8221;50px&#8221;][\/vc_column][\/vc_row][vc_row full_width=&#8221;stretch_row&#8221; css=&#8221;.vc_custom_1738664570299{background-color: #F6F0EC !important;}&#8221;][vc_column][vc_empty_space height=&#8221;90px&#8221;][vc_column_text css=&#8221;.vc_custom_1738664192579{margin-top: 0px !important;}&#8221; el_class=&#8221;titol-h2 brown&#8221;]<\/p>\n<h2 style=\"text-align: center;\">DAS K\u00d6NNTE SIE AUCH INTERESSIEREN<\/h2>\n<p>[\/vc_column_text][vc_empty_space height=&#8221;25px&#8221;][vc_row_inner el_class=&#8221;products&#8221;][vc_column_inner width=&#8221;1\/3&#8243;][vc_single_image image=&#8221;219523&#8243; img_size=&#8221;full&#8221; alignment=&#8221;center&#8221; onclick=&#8221;custom_link&#8221; css=&#8221;&#8221; link=&#8221;https:\/\/illycafe.ch\/fr\/cafe\/preparation-du-cafe\/cafe-napolitain-preparation\/&#8221;][vc_empty_space height=&#8221;10px&#8221;][vc_column_text css=&#8221;.vc_custom_1738751543024{margin-top: 0px !important;}&#8221; el_class=&#8221;titol-h3 brown&#8221;]<\/p>\n<h3 style=\"text-align: left;\">Cafeti\u00e8re Napolitaine<\/h3>\n<p>[\/vc_column_text][vc_empty_space height=&#8221;40px&#8221;][\/vc_column_inner][vc_column_inner width=&#8221;1\/3&#8243;][vc_single_image image=&#8221;219520&#8243; img_size=&#8221;full&#8221; alignment=&#8221;center&#8221; onclick=&#8221;custom_link&#8221; css=&#8221;&#8221; link=&#8221;https:\/\/illycafe.ch\/fr\/cafe\/preparation-du-cafe\/comment-faire-un-cappuccino\/&#8221;][vc_empty_space height=&#8221;10px&#8221;][vc_column_text css=&#8221;.vc_custom_1738750839782{margin-top: 0px !important;}&#8221; el_class=&#8221;titol-h3 brown&#8221;]<\/p>\n<h3 style=\"text-align: left;\">Cappuccino<\/h3>\n<p>[\/vc_column_text][vc_empty_space height=&#8221;40px&#8221;][\/vc_column_inner][vc_column_inner width=&#8221;1\/3&#8243;][vc_single_image image=&#8221;219538&#8243; img_size=&#8221;full&#8221; alignment=&#8221;center&#8221; onclick=&#8221;custom_link&#8221; css=&#8221;&#8221; link=&#8221;https:\/\/illycafe.ch\/fr\/cafe\/preparation-du-cafe\/comment-faire-du-cafe-filtre\/&#8221;][vc_empty_space height=&#8221;10px&#8221;][vc_column_text css=&#8221;.vc_custom_1738751558448{margin-top: 0px !important;}&#8221; el_class=&#8221;titol-h3 brown&#8221;]<\/p>\n<h3 style=\"text-align: left;\">La caf\u00e9 filtre<\/h3>\n<p>[\/vc_column_text][vc_empty_space height=&#8221;40px&#8221;][\/vc_column_inner][\/vc_row_inner][vc_row_inner el_class=&#8221;products&#8221;][vc_column_inner width=&#8221;1\/3&#8243;][vc_single_image image=&#8221;219520&#8243; img_size=&#8221;full&#8221; alignment=&#8221;center&#8221; onclick=&#8221;custom_link&#8221; css=&#8221;&#8221; link=&#8221;https:\/\/illycafe.ch\/fr\/cafe\/preparation-du-cafe\/comment-faire-un-cafe-moka\/&#8221;][vc_empty_space height=&#8221;10px&#8221;][vc_column_text css=&#8221;.vc_custom_1738751575694{margin-top: 0px !important;}&#8221; el_class=&#8221;titol-h3 brown&#8221;]<\/p>\n<h3 style=\"text-align: left;\">La cafeti\u00e8re Moka<\/h3>\n<p>[\/vc_column_text][vc_empty_space height=&#8221;40px&#8221;][\/vc_column_inner][vc_column_inner width=&#8221;1\/3&#8243;][vc_single_image image=&#8221;219599&#8243; img_size=&#8221;full&#8221; alignment=&#8221;center&#8221; onclick=&#8221;custom_link&#8221; css=&#8221;&#8221; link=&#8221;https:\/\/illycafe.ch\/fr\/cafe\/preparation-du-cafe\/cafetiere-a-piston-comment-ca-marche\/&#8221;][vc_empty_space height=&#8221;10px&#8221;][vc_column_text css=&#8221;.vc_custom_1738751590886{margin-top: 0px !important;}&#8221; el_class=&#8221;titol-h3 brown&#8221;]<\/p>\n<h3 style=\"text-align: left;\">Cafeti\u00e8re \u00e0 piston<\/h3>\n<p>[\/vc_column_text][vc_empty_space height=&#8221;40px&#8221;][\/vc_column_inner][vc_column_inner width=&#8221;1\/3&#8243;][vc_single_image image=&#8221;219526&#8243; img_size=&#8221;full&#8221; alignment=&#8221;center&#8221; onclick=&#8221;custom_link&#8221; css=&#8221;&#8221; link=&#8221;https:\/\/illycafe.ch\/fr\/cafe\/preparation-du-cafe\/comment-faire-un-cafe-turc\/&#8221;][vc_empty_space height=&#8221;10px&#8221;][vc_column_text css=&#8221;.vc_custom_1738751606829{margin-top: 0px !important;}&#8221; el_class=&#8221;titol-h3 brown&#8221;]<\/p>\n<h3 style=\"text-align: left;\">Le caf\u00e9 turc<\/h3>\n<p>[\/vc_column_text][vc_empty_space height=&#8221;40px&#8221;][\/vc_column_inner][\/vc_row_inner][vc_empty_space height=&#8221;90px&#8221;][\/vc_column][\/vc_row][vc_row full_width=&#8221;stretch_row&#8221; css=&#8221;.vc_custom_1719389983250{background-color: #f6f0ec !important;}&#8221; el_class=&#8221;newsletter&#8221;][vc_column css=&#8221;.vc_custom_1712226941419{padding-top: 0pc !important;padding-bottom: 0px !important;}&#8221;][vc_row_inner css=&#8221;.vc_custom_1712226909859{padding-top: 50px !important;padding-bottom: 50px !important;}&#8221;][vc_column_inner width=&#8221;1\/6&#8243;][\/vc_column_inner][vc_column_inner width=&#8221;2\/3&#8243;][vc_column_text css=&#8221;&#8221; el_class=&#8221;titol-h2 brown&#8221;]<\/p>\n<h2 style=\"text-align: center;\">INSCRIVEZ-VOUS A LA NEWSLETTER<\/h2>\n<p>[\/vc_column_text][vc_column_text css=&#8221;&#8221; el_class=&#8221;text-landing brown&#8221;]<\/p>\n<p style=\"text-align: center;\">Entrez dans le monde illy et d\u00e9couvrez tous les avantages qui vous sont r\u00e9serv\u00e9s.<\/p>\n<p>[\/vc_column_text][vc_column_text css=&#8221;&#8221;]<\/p>\n<p style=\"text-align: center;\">\n<div class=\"wpcf7 no-js\" id=\"wpcf7-f185252-o1\" lang=\"en-US\" dir=\"ltr\" data-wpcf7-id=\"185252\">\n<div class=\"screen-reader-response\"><p role=\"status\" aria-live=\"polite\" aria-atomic=\"true\"><\/p> <ul><\/ul><\/div>\n<form action=\"\/fr\/wp-json\/wp\/v2\/pages\/219665#wpcf7-f185252-o1\" method=\"post\" class=\"wpcf7-form init\" aria-label=\"Contact form\" novalidate=\"novalidate\" data-status=\"init\">\n<fieldset class=\"hidden-fields-container\"><input type=\"hidden\" name=\"_wpcf7\" value=\"185252\" \/><input type=\"hidden\" name=\"_wpcf7_version\" value=\"6.1.5\" \/><input type=\"hidden\" name=\"_wpcf7_locale\" value=\"en_US\" \/><input type=\"hidden\" name=\"_wpcf7_unit_tag\" value=\"wpcf7-f185252-o1\" \/><input type=\"hidden\" name=\"_wpcf7_container_post\" value=\"0\" \/><input type=\"hidden\" name=\"_wpcf7_posted_data_hash\" value=\"\" \/>\n<\/fieldset>\n<p><span class=\"wpcf7-form-control-wrap\" data-name=\"your-email\"><input size=\"40\" maxlength=\"400\" class=\"wpcf7-form-control wpcf7-email wpcf7-validates-as-required wpcf7-text wpcf7-validates-as-email\" autocomplete=\"email\" aria-required=\"true\" aria-invalid=\"false\" placeholder=\"Saisir votre adresse \u00e9lectronique\" value=\"\" type=\"email\" name=\"your-email\" \/><\/span>\n<\/p>\n<p class=\"newsletter-text\">J\u2019ai pris connaissance des informations relatives au traitement des donn\u00e9es priv\u00e9es.\n<\/p>\n<div class=\"news-acceptance\">\n\t<p><span class=\"wpcf7-form-control-wrap\" data-name=\"acceptance-961\"><span class=\"wpcf7-form-control wpcf7-acceptance\"><span class=\"wpcf7-list-item\"><label><input type=\"checkbox\" name=\"acceptance-961\" value=\"1\" aria-invalid=\"false\" \/><span class=\"wpcf7-list-item-label\">Je autorise au traitement de mes donn\u00e9es afin de recevoir des communications marketing sur les produits, services, promotions et initiatives li\u00e9s \u00e0 la marque illy et aux produits et initiatives propos\u00e9s sur les sites web et apps illycaff\u00e8 (objectif 2 A de la politique)<\/span><\/label><\/span><\/span><\/span>\n\t<\/p>\n<\/div>\n<p><input class=\"wpcf7-form-control wpcf7-submit has-spinner\" type=\"submit\" value=\"JE M&#039;INSCRIS\" \/>\n<\/p><input type='hidden' class='wpcf7-pum' value='{\"closepopup\":false,\"closedelay\":0,\"openpopup\":false,\"openpopup_id\":0}' \/><div class=\"wpcf7-response-output\" aria-hidden=\"true\"><\/div>\n<\/form>\n<\/div>\n<p>[\/vc_column_text][\/vc_column_inner][vc_column_inner width=&#8221;1\/6&#8243;][\/vc_column_inner][\/vc_row_inner][\/vc_column][\/vc_row]<\/p>\n<\/div>","protected":false},"excerpt":{"rendered":"<p>[vc_row full_width=&#8221;stretch_row_content&#8221; css=&#8221;.vc_custom_1738662962055{background-color: #F6F0EC !important;}&#8221;][vc_column][vc_empty_space height=&#8221;90px&#8221;][vc_column_text css=&#8221;.vc_custom_1738751403030{margin-top: 0px !important;}&#8221; el_class=&#8221;titol-h2 brown&#8221;] Comment faire un espresso [\/vc_column_text][vc_empty_space height=&#8221;15px&#8221;][vc_column_text css=&#8221;&#8221; el_class=&#8221;text-landing brown&#8221;] ESPRESSO : UN CAF\u00c9 UNIQUE [\/vc_column_text][vc_empty_space height=&#8221;50px&#8221;][vc_single_image image=&#8221;219667&#8243; img_size=&#8221;full&#8221; alignment=&#8221;center&#8221; css=&#8221;&#8221;][vc_empty_space height=&#8221;90px&#8221;][\/vc_column][\/vc_row][vc_row][vc_column css=&#8221;.vc_custom_1738575195426{margin-top: 0px !important;padding-top: 0px !important;}&#8221;][vc_empty_space height=&#8221;50px&#8221;][vc_column_text css=&#8221;.vc_custom_1738751445677{margin-top: 0px !important;}&#8221; el_class=&#8221;titol-h4 brown&#8221;] Comme son nom l&#8217;indique, l&#8217;espresso est un caf\u00e9 pr\u00e9par\u00e9 \u00e0 la demande et savour\u00e9 sans attendre. On l&#8217;obtient en faisant passer pendant 25-30 secondes un jet d&#8217;eau chaude sous [&hellip;]<\/p>\n","protected":false},"author":5358,"featured_media":0,"parent":219501,"menu_order":0,"comment_status":"closed","ping_status":"closed","template":"","meta":{"inline_featured_image":false,"footnotes":""},"class_list":["post-219665","page","type-page","status-publish","hentry"],"yoast_head":"<!-- This site is optimized with the Yoast SEO plugin v27.3 - https:\/\/yoast.com\/product\/yoast-seo-wordpress\/ -->\n<title>Comment pr\u00e9parer un espresso parfait - Illycaf\u00e9 | Premium Kaffee kaufen | Gastronomie, Firmen, Privat<\/title>\n<meta name=\"robots\" content=\"index, follow, max-snippet:-1, max-image-preview:large, max-video-preview:-1\" \/>\n<link rel=\"canonical\" href=\"https:\/\/illycafe.ch\/fr\/cafe\/preparation-du-cafe\/comment-faire-un-espresso\/\" \/>\n<meta property=\"og:locale\" content=\"fr_FR\" \/>\n<meta property=\"og:type\" content=\"article\" \/>\n<meta property=\"og:title\" content=\"Comment pr\u00e9parer un espresso parfait - Illycaf\u00e9 | Premium Kaffee kaufen | Gastronomie, Firmen, Privat\" \/>\n<meta property=\"og:description\" content=\"[vc_row full_width=&#8221;stretch_row_content&#8221; css=&#8221;.vc_custom_1738662962055{background-color: #F6F0EC !important;}&#8221;][vc_column][vc_empty_space height=&#8221;90px&#8221;][vc_column_text css=&#8221;.vc_custom_1738751403030{margin-top: 0px !important;}&#8221; el_class=&#8221;titol-h2 brown&#8221;] Comment faire un espresso [\/vc_column_text][vc_empty_space height=&#8221;15px&#8221;][vc_column_text css=&#8221;&#8221; el_class=&#8221;text-landing brown&#8221;] ESPRESSO : UN CAF\u00c9 UNIQUE [\/vc_column_text][vc_empty_space height=&#8221;50px&#8221;][vc_single_image image=&#8221;219667&#8243; img_size=&#8221;full&#8221; alignment=&#8221;center&#8221; css=&#8221;&#8221;][vc_empty_space height=&#8221;90px&#8221;][\/vc_column][\/vc_row][vc_row][vc_column css=&#8221;.vc_custom_1738575195426{margin-top: 0px !important;padding-top: 0px !important;}&#8221;][vc_empty_space height=&#8221;50px&#8221;][vc_column_text css=&#8221;.vc_custom_1738751445677{margin-top: 0px !important;}&#8221; el_class=&#8221;titol-h4 brown&#8221;] Comme son nom l&#8217;indique, l&#8217;espresso est un caf\u00e9 pr\u00e9par\u00e9 \u00e0 la demande et savour\u00e9 sans attendre. On l&#8217;obtient en faisant passer pendant 25-30 secondes un jet d&#8217;eau chaude sous [&hellip;]\" \/>\n<meta property=\"og:url\" content=\"https:\/\/illycafe.ch\/fr\/cafe\/preparation-du-cafe\/comment-faire-un-espresso\/\" \/>\n<meta property=\"og:site_name\" content=\"Illycaf\u00e9 | Premium Kaffee kaufen | Gastronomie, Firmen, Privat\" \/>\n<meta property=\"article:modified_time\" content=\"2025-02-14T10:46:10+00:00\" \/>\n<meta name=\"twitter:card\" content=\"summary_large_image\" \/>\n<meta name=\"twitter:label1\" content=\"Dur\u00e9e de lecture estim\u00e9e\" \/>\n\t<meta name=\"twitter:data1\" content=\"2 minutes\" \/>\n<script type=\"application\/ld+json\" class=\"yoast-schema-graph\">{\"@context\":\"https:\\\/\\\/schema.org\",\"@graph\":[{\"@type\":\"WebPage\",\"@id\":\"https:\\\/\\\/illycafe.ch\\\/fr\\\/cafe\\\/preparation-du-cafe\\\/comment-faire-un-espresso\\\/\",\"url\":\"https:\\\/\\\/illycafe.ch\\\/fr\\\/cafe\\\/preparation-du-cafe\\\/comment-faire-un-espresso\\\/\",\"name\":\"Comment pr\u00e9parer un espresso parfait - Illycaf\u00e9 | Premium Kaffee kaufen | Gastronomie, Firmen, Privat\",\"isPartOf\":{\"@id\":\"https:\\\/\\\/illycafe.ch\\\/#website\"},\"datePublished\":\"2025-02-05T10:33:48+00:00\",\"dateModified\":\"2025-02-14T10:46:10+00:00\",\"breadcrumb\":{\"@id\":\"https:\\\/\\\/illycafe.ch\\\/fr\\\/cafe\\\/preparation-du-cafe\\\/comment-faire-un-espresso\\\/#breadcrumb\"},\"inLanguage\":\"fr-FR\",\"potentialAction\":[{\"@type\":\"ReadAction\",\"target\":[\"https:\\\/\\\/illycafe.ch\\\/fr\\\/cafe\\\/preparation-du-cafe\\\/comment-faire-un-espresso\\\/\"]}]},{\"@type\":\"BreadcrumbList\",\"@id\":\"https:\\\/\\\/illycafe.ch\\\/fr\\\/cafe\\\/preparation-du-cafe\\\/comment-faire-un-espresso\\\/#breadcrumb\",\"itemListElement\":[{\"@type\":\"ListItem\",\"position\":1,\"name\":\"Accueil\",\"item\":\"https:\\\/\\\/illycafe.ch\\\/fr\\\/\"},{\"@type\":\"ListItem\",\"position\":2,\"name\":\"Caf\u00e9\",\"item\":\"https:\\\/\\\/illycafe.ch\\\/fr\\\/cafe\\\/\"},{\"@type\":\"ListItem\",\"position\":3,\"name\":\"Recettes caf\u00e9\",\"item\":\"https:\\\/\\\/illycafe.ch\\\/fr\\\/cafe\\\/preparation-du-cafe\\\/\"},{\"@type\":\"ListItem\",\"position\":4,\"name\":\"Comment pr\u00e9parer un espresso parfait\"}]},{\"@type\":\"WebSite\",\"@id\":\"https:\\\/\\\/illycafe.ch\\\/#website\",\"url\":\"https:\\\/\\\/illycafe.ch\\\/\",\"name\":\"Illycaf\u00e9 | Premium Kaffee kaufen | Gastronomie, Firmen, Privat\",\"description\":\"Italienische Kaffeekultur. Schweizer Qualit\u00e4t.\",\"potentialAction\":[{\"@type\":\"SearchAction\",\"target\":{\"@type\":\"EntryPoint\",\"urlTemplate\":\"https:\\\/\\\/illycafe.ch\\\/?s={search_term_string}\"},\"query-input\":{\"@type\":\"PropertyValueSpecification\",\"valueRequired\":true,\"valueName\":\"search_term_string\"}}],\"inLanguage\":\"fr-FR\"}]}<\/script>\n<!-- \/ Yoast SEO plugin. -->","yoast_head_json":{"title":"Comment pr\u00e9parer un espresso parfait - Illycaf\u00e9 | Premium Kaffee kaufen | Gastronomie, Firmen, Privat","robots":{"index":"index","follow":"follow","max-snippet":"max-snippet:-1","max-image-preview":"max-image-preview:large","max-video-preview":"max-video-preview:-1"},"canonical":"https:\/\/illycafe.ch\/fr\/cafe\/preparation-du-cafe\/comment-faire-un-espresso\/","og_locale":"fr_FR","og_type":"article","og_title":"Comment pr\u00e9parer un espresso parfait - Illycaf\u00e9 | Premium Kaffee kaufen | Gastronomie, Firmen, Privat","og_description":"[vc_row full_width=&#8221;stretch_row_content&#8221; css=&#8221;.vc_custom_1738662962055{background-color: #F6F0EC !important;}&#8221;][vc_column][vc_empty_space height=&#8221;90px&#8221;][vc_column_text css=&#8221;.vc_custom_1738751403030{margin-top: 0px !important;}&#8221; el_class=&#8221;titol-h2 brown&#8221;] Comment faire un espresso [\/vc_column_text][vc_empty_space height=&#8221;15px&#8221;][vc_column_text css=&#8221;&#8221; el_class=&#8221;text-landing brown&#8221;] ESPRESSO : UN CAF\u00c9 UNIQUE [\/vc_column_text][vc_empty_space height=&#8221;50px&#8221;][vc_single_image image=&#8221;219667&#8243; img_size=&#8221;full&#8221; alignment=&#8221;center&#8221; css=&#8221;&#8221;][vc_empty_space height=&#8221;90px&#8221;][\/vc_column][\/vc_row][vc_row][vc_column css=&#8221;.vc_custom_1738575195426{margin-top: 0px !important;padding-top: 0px !important;}&#8221;][vc_empty_space height=&#8221;50px&#8221;][vc_column_text css=&#8221;.vc_custom_1738751445677{margin-top: 0px !important;}&#8221; el_class=&#8221;titol-h4 brown&#8221;] Comme son nom l&#8217;indique, l&#8217;espresso est un caf\u00e9 pr\u00e9par\u00e9 \u00e0 la demande et savour\u00e9 sans attendre. On l&#8217;obtient en faisant passer pendant 25-30 secondes un jet d&#8217;eau chaude sous [&hellip;]","og_url":"https:\/\/illycafe.ch\/fr\/cafe\/preparation-du-cafe\/comment-faire-un-espresso\/","og_site_name":"Illycaf\u00e9 | Premium Kaffee kaufen | Gastronomie, Firmen, Privat","article_modified_time":"2025-02-14T10:46:10+00:00","twitter_card":"summary_large_image","twitter_misc":{"Dur\u00e9e de lecture estim\u00e9e":"2 minutes"},"schema":{"@context":"https:\/\/schema.org","@graph":[{"@type":"WebPage","@id":"https:\/\/illycafe.ch\/fr\/cafe\/preparation-du-cafe\/comment-faire-un-espresso\/","url":"https:\/\/illycafe.ch\/fr\/cafe\/preparation-du-cafe\/comment-faire-un-espresso\/","name":"Comment pr\u00e9parer un espresso parfait - Illycaf\u00e9 | Premium Kaffee kaufen | Gastronomie, Firmen, Privat","isPartOf":{"@id":"https:\/\/illycafe.ch\/#website"},"datePublished":"2025-02-05T10:33:48+00:00","dateModified":"2025-02-14T10:46:10+00:00","breadcrumb":{"@id":"https:\/\/illycafe.ch\/fr\/cafe\/preparation-du-cafe\/comment-faire-un-espresso\/#breadcrumb"},"inLanguage":"fr-FR","potentialAction":[{"@type":"ReadAction","target":["https:\/\/illycafe.ch\/fr\/cafe\/preparation-du-cafe\/comment-faire-un-espresso\/"]}]},{"@type":"BreadcrumbList","@id":"https:\/\/illycafe.ch\/fr\/cafe\/preparation-du-cafe\/comment-faire-un-espresso\/#breadcrumb","itemListElement":[{"@type":"ListItem","position":1,"name":"Accueil","item":"https:\/\/illycafe.ch\/fr\/"},{"@type":"ListItem","position":2,"name":"Caf\u00e9","item":"https:\/\/illycafe.ch\/fr\/cafe\/"},{"@type":"ListItem","position":3,"name":"Recettes caf\u00e9","item":"https:\/\/illycafe.ch\/fr\/cafe\/preparation-du-cafe\/"},{"@type":"ListItem","position":4,"name":"Comment pr\u00e9parer un espresso parfait"}]},{"@type":"WebSite","@id":"https:\/\/illycafe.ch\/#website","url":"https:\/\/illycafe.ch\/","name":"Illycaf\u00e9 | Premium Kaffee kaufen | Gastronomie, Firmen, Privat","description":"Italienische Kaffeekultur. Schweizer Qualit\u00e4t.","potentialAction":[{"@type":"SearchAction","target":{"@type":"EntryPoint","urlTemplate":"https:\/\/illycafe.ch\/?s={search_term_string}"},"query-input":{"@type":"PropertyValueSpecification","valueRequired":true,"valueName":"search_term_string"}}],"inLanguage":"fr-FR"}]}},"_links":{"self":[{"href":"https:\/\/illycafe.ch\/fr\/wp-json\/wp\/v2\/pages\/219665","targetHints":{"allow":["GET"]}}],"collection":[{"href":"https:\/\/illycafe.ch\/fr\/wp-json\/wp\/v2\/pages"}],"about":[{"href":"https:\/\/illycafe.ch\/fr\/wp-json\/wp\/v2\/types\/page"}],"author":[{"embeddable":true,"href":"https:\/\/illycafe.ch\/fr\/wp-json\/wp\/v2\/users\/5358"}],"replies":[{"embeddable":true,"href":"https:\/\/illycafe.ch\/fr\/wp-json\/wp\/v2\/comments?post=219665"}],"version-history":[{"count":0,"href":"https:\/\/illycafe.ch\/fr\/wp-json\/wp\/v2\/pages\/219665\/revisions"}],"up":[{"embeddable":true,"href":"https:\/\/illycafe.ch\/fr\/wp-json\/wp\/v2\/pages\/219501"}],"wp:attachment":[{"href":"https:\/\/illycafe.ch\/fr\/wp-json\/wp\/v2\/media?parent=219665"}],"curies":[{"name":"wp","href":"https:\/\/api.w.org\/{rel}","templated":true}]}}