{"id":22139,"date":"2020-08-21T11:22:27","date_gmt":"2020-08-21T09:22:27","guid":{"rendered":"https:\/\/illycafe.ch\/roesten\/"},"modified":"2021-01-11T15:09:29","modified_gmt":"2021-01-11T14:09:29","slug":"l-art-de-la-torrefaction","status":"publish","type":"page","link":"https:\/\/illycafe.ch\/fr\/l-art-de-la-torrefaction\/","title":{"rendered":"Torr\u00e9faction"},"content":{"rendered":"<div class=\"wpb-content-wrapper\"><p>[vc_row row_content_width=&#8221;grid&#8221; content_text_aligment=&#8221;center&#8221; css=&#8221;.vc_custom_1610374099649{padding-bottom: 40px !important;}&#8221;][vc_column offset=&#8221;vc_col-lg-offset-2 vc_col-lg-8&#8243;][vc_single_image image=&#8221;21043&#8243; img_size=&#8221;full&#8221; alignment=&#8221;center&#8221;]<div class=\"eltdf-section-title-holder  \" >\n\t<div class=\"eltdf-st-inner\">\n\t\t\t\t\t<h2 class=\"eltdf-st-title\" >\n\t\t\t\tCaf\u00e9 fra\u00eechement torr\u00e9fi\u00e9\t\t\t<\/h2>\n\t\t\t\t\t<\/div>\n<\/div>[vc_column_text]La torr\u00e9faction du caf\u00e9 est plus que de l\u2019artisanat. C\u2019est d\u00e9j\u00e0 presque un art. La torr\u00e9faction du caf\u00e9 pr\u00e9suppose de la part du ma\u00eetre torr\u00e9facteur un vaste savoir-faire, une bonne dose d\u2019intuition et un grand talent. Le barista doit prendre de nombreuses composantes en compte pour obtenir le meilleur r\u00e9sultat possible.<\/p>\n<p>Seuls des sp\u00e9cialistes exp\u00e9riment\u00e9s et passionn\u00e9s travaillent dans notre entreprise de torr\u00e9faction zurichoise. Nos ma\u00eetres torr\u00e9facteurs torr\u00e9fient les m\u00e9langes suivant nos quatre\u00a0degr\u00e9s de torr\u00e9faction<a href=\"\/fr\/cafe-d-exception\/#rosten\"> Napoli, Milano, Venezia et Wiener<\/a> , sachant que chez Illycaf\u00e9, nous torr\u00e9fions nos grains manuellement conform\u00e9ment \u00e0 la tradition.[\/vc_column_text][vc_empty_space height=&#8221;20px&#8221;][vc_single_image image=&#8221;23947&#8243; img_size=&#8221;full&#8221; alignment=&#8221;center&#8221;][\/vc_column][\/vc_row][vc_row row_content_width=&#8221;grid&#8221; css=&#8221;.vc_custom_1610374107068{padding-bottom: 40px !important;}&#8221;][vc_column offset=&#8221;vc_col-lg-6 vc_col-md-6&#8243;]<div class=\"eltdf-section-title-holder  \" >\n\t<div class=\"eltdf-st-inner\">\n\t\t\t\t\t<h2 class=\"eltdf-st-title\" >\n\t\t\t\tDe l\u2019importance de la torr\u00e9faction\t\t\t<\/h2>\n\t\t\t\t\t<\/div>\n<\/div>[vc_column_text]Le m\u00e9lange et la qualit\u00e9 des grains de caf\u00e9 verts sont essentiels pour le produit final, mais c\u2019est la torr\u00e9faction qui r\u00e9v\u00e8le les ar\u00f4mes sommeillant dans les grains. La torr\u00e9faction dure entre 12 et 15\u00a0minutes. Les grains verts encore insipides sont soumis \u00e0 un processus sophistiqu\u00e9 en trois\u00a0phases, qui les chauffe \u00e0 220\u00a0\u00b0C puis les refroidit. Les glucides et les prot\u00e9ines d\u00e9veloppent alors des compos\u00e9s aromatiques lib\u00e9rant pr\u00e8s de 1000\u00a0substances aromatiques volatiles.[\/vc_column_text][vc_empty_space height=&#8221;20px&#8221;][vc_column_text]Illycaf\u00e9 dispose des meilleures machines \u00e0 torr\u00e9fier, mais l\u2019exp\u00e9rience et l\u2019intuition de nos ma\u00eetres torr\u00e9facteurs sont tout aussi d\u00e9terminantes. Ils surveillent chaque phase du processus et d\u00e9cident en quelques secondes quand stopper la torr\u00e9faction pour obtenir la composition d\u2019ar\u00f4mes recherch\u00e9e. Seuls les meilleurs ma\u00eetres torr\u00e9facteurs disposent du savoir-faire n\u00e9cessaire pour exploiter tout le potentiel de chaque grain de caf\u00e9 et obtenir les quatre degr\u00e9s de torr\u00e9faction optimaux. Les grains de caf\u00e9 torr\u00e9fi\u00e9s brun clair ont un go\u00fbt plut\u00f4t acidul\u00e9 et frais; en revanche, les grains fonc\u00e9s ont un go\u00fbt plut\u00f4t \u00e2pre et vigoureux avec une pointe d\u2019amertume.[\/vc_column_text][vc_empty_space height=&#8221;20px&#8221;][\/vc_column][vc_column offset=&#8221;vc_col-lg-6 vc_col-md-6&#8243;]<div class=\"eltdf-section-title-holder  \" >\n\t<div class=\"eltdf-st-inner\">\n\t\t\t\t\t<h2 class=\"eltdf-st-title\" >\n\t\t\t\tLe processus de torr\u00e9faction\t\t\t<\/h2>\n\t\t\t\t\t<\/div>\n<\/div>[vc_column_text]Les effets de la torr\u00e9faction sont doublement visibles: les grains gagnent en volume et leur couleur passe du vert au brun. L\u2019eau s\u2019\u00e9vaporant, les grains perdent en outre entre 10 et 20% de leur poids, et leur teneur en eau tombe de 10 \u00e0 2%.[\/vc_column_text][vc_empty_space height=&#8221;20px&#8221;][vc_column_text]Gagnant simultan\u00e9ment pr\u00e8s de 80% en volume, les grains sont int\u00e9rieurement soumis \u00e0 une tr\u00e8s forte pression. Ils deviennent plus poreux et donc plus faciles \u00e0 moudre. Les huiles sont des vecteurs de go\u00fbt importants. Elles sont lib\u00e9r\u00e9es \u00e0 la fin de la torr\u00e9faction et apportent aux grains un l\u00e9ger brillant. La torr\u00e9faction cr\u00e9e de nouvelles substances constituant 30% du poids du grain. Citons le caramel, le gaz carbonique et quelque 1000\u00a0substances aromatiques qui se lib\u00e8rent \u00e0 partir de 160\u00b0\u00a0C environ. Les ma\u00eetres torr\u00e9facteurs exp\u00e9riment\u00e9s savent comment influencer l\u2019interaction des ar\u00f4mes en cours de chauffe. Plus le degr\u00e9 de torr\u00e9faction augmente, plus les ar\u00f4mes amers et \u00e2pres se d\u00e9ploient, tandis que l\u2019acidit\u00e9 diminue. Les torr\u00e9factions fonc\u00e9es conviennent particuli\u00e8rement bien \u00e0 l\u2019espresso et au ristretto.[\/vc_column_text][\/vc_column][\/vc_row][vc_row row_content_width=&#8221;grid&#8221; content_text_aligment=&#8221;center&#8221; css=&#8221;.vc_custom_1610374132344{padding-bottom: 40px !important;}&#8221;][vc_column offset=&#8221;vc_col-lg-offset-2 vc_col-lg-8&#8243;]<div class=\"eltdf-section-title-holder  \" >\n\t<div class=\"eltdf-st-inner\">\n\t\t\t\t\t<h4 class=\"eltdf-st-title\" >\n\t\t\t\tImpressions de la production\t\t\t<\/h4>\n\t\t\t\t\t<\/div>\n<\/div>[vc_gallery interval=&#8221;3&#8243; images=&#8221;21557,21554,21542&#8243; img_size=&#8221;full&#8221; onclick=&#8221;&#8221;][\/vc_column][\/vc_row][vc_row row_content_width=&#8221;grid&#8221; disable_background_image=&#8221;&#8221; simple_background_image=&#8221;21399&#8243; css=&#8221;.vc_custom_1599587349038{margin-top: 30px !important;padding-top: 30px !important;padding-bottom: 30px !important;background-image;background-position: center center;: url(https:\/\/illycafe.ch\/wp-content\/uploads\/revslider\/landing-bakcground-img-1.jpg?id=21399) !important;}&#8221; el_class=&#8221;call-action-box&#8221;][vc_column offset=&#8221;vc_col-lg-11 vc_col-md-12 vc_col-xs-12&#8243;]<div class=\"eltdf-call-to-action-holder  eltdf-normal-layout  eltdf-three-quarters-columns\">\n\t<div class=\"eltdf-cta-inner \">\n\t\t<div class=\"eltdf-cta-text-holder\">\n\t\t\t<div class=\"eltdf-cta-text\">\n<h5>Commandez notre paquet d\u00e9gustation compos\u00e9 de 4 \u00d7\u00a0250\u00a0g de caf\u00e9 Illy pour tester les diff\u00e9rents degr\u00e9s de torr\u00e9faction.<\/h5>\n<\/div>\n\t\t<\/div>\n\t\t<div class=\"eltdf-cta-button-holder\" >\n\t\t\t<div class=\"eltdf-cta-button\"><a itemprop=\"url\" href=\"\/fr\/boutique\/box\/\" target=\"_self\" style=\"color: #ffffff;background-color: #be9c79\" class=\"eltdf-btn eltdf-btn-medium eltdf-btn-solid eltdf-btn-custom-hover-color eltdf-btn-dash\" data-hover-color=\"#ffffff\" >    <span class=\"eltdf-btn-text\">Trouvez le caf\u00e9 de vos r\u00eaves<\/span>\t<\/a><\/div>\n\t\t<\/div>\n\t<\/div>\n<\/div>[\/vc_column][\/vc_row]<\/p>\n<\/div>","protected":false},"excerpt":{"rendered":"<p>[vc_row row_content_width=&#8221;grid&#8221; content_text_aligment=&#8221;center&#8221; css=&#8221;.vc_custom_1610374099649{padding-bottom: 40px !important;}&#8221;][vc_column offset=&#8221;vc_col-lg-offset-2 vc_col-lg-8&#8243;][vc_single_image image=&#8221;21043&#8243; img_size=&#8221;full&#8221; alignment=&#8221;center&#8221;][vc_column_text]La torr\u00e9faction du caf\u00e9 est plus que de l\u2019artisanat. C\u2019est d\u00e9j\u00e0 presque un art. La torr\u00e9faction du caf\u00e9 pr\u00e9suppose de la part du ma\u00eetre torr\u00e9facteur un vaste savoir-faire, une bonne dose d\u2019intuition et un grand talent. Le barista doit prendre de nombreuses composantes en compte pour obtenir le meilleur r\u00e9sultat possible. Seuls des sp\u00e9cialistes exp\u00e9riment\u00e9s et passionn\u00e9s travaillent dans notre entreprise de [&hellip;]<\/p>\n","protected":false},"author":3165,"featured_media":0,"parent":0,"menu_order":32,"comment_status":"closed","ping_status":"closed","template":"full-width.php","meta":{"inline_featured_image":false,"footnotes":""},"class_list":["post-22139","page","type-page","status-publish","hentry"],"yoast_head":"<!-- This site is optimized with the Yoast SEO plugin v27.3 - https:\/\/yoast.com\/product\/yoast-seo-wordpress\/ -->\n<title>Torr\u00e9faction - Illycaf\u00e9 | Premium Kaffee kaufen | Gastronomie, Firmen, Privat<\/title>\n<meta name=\"robots\" content=\"index, follow, max-snippet:-1, max-image-preview:large, max-video-preview:-1\" \/>\n<link rel=\"canonical\" href=\"https:\/\/illycafe.ch\/fr\/l-art-de-la-torrefaction\/\" \/>\n<meta property=\"og:locale\" content=\"fr_FR\" \/>\n<meta property=\"og:type\" content=\"article\" \/>\n<meta property=\"og:title\" content=\"Torr\u00e9faction - Illycaf\u00e9 | Premium Kaffee kaufen | Gastronomie, Firmen, Privat\" \/>\n<meta property=\"og:description\" content=\"[vc_row row_content_width=&#8221;grid&#8221; content_text_aligment=&#8221;center&#8221; css=&#8221;.vc_custom_1610374099649{padding-bottom: 40px !important;}&#8221;][vc_column offset=&#8221;vc_col-lg-offset-2 vc_col-lg-8&#8243;][vc_single_image image=&#8221;21043&#8243; img_size=&#8221;full&#8221; alignment=&#8221;center&#8221;][vc_column_text]La torr\u00e9faction du caf\u00e9 est plus que de l\u2019artisanat. C\u2019est d\u00e9j\u00e0 presque un art. La torr\u00e9faction du caf\u00e9 pr\u00e9suppose de la part du ma\u00eetre torr\u00e9facteur un vaste savoir-faire, une bonne dose d\u2019intuition et un grand talent. Le barista doit prendre de nombreuses composantes en compte pour obtenir le meilleur r\u00e9sultat possible. Seuls des sp\u00e9cialistes exp\u00e9riment\u00e9s et passionn\u00e9s travaillent dans notre entreprise de [&hellip;]\" \/>\n<meta property=\"og:url\" content=\"https:\/\/illycafe.ch\/fr\/l-art-de-la-torrefaction\/\" \/>\n<meta property=\"og:site_name\" content=\"Illycaf\u00e9 | Premium Kaffee kaufen | Gastronomie, Firmen, Privat\" \/>\n<meta property=\"article:modified_time\" content=\"2021-01-11T14:09:29+00:00\" \/>\n<meta name=\"twitter:card\" content=\"summary_large_image\" \/>\n<meta name=\"twitter:label1\" content=\"Dur\u00e9e de lecture estim\u00e9e\" \/>\n\t<meta name=\"twitter:data1\" content=\"4 minutes\" \/>\n<script type=\"application\/ld+json\" class=\"yoast-schema-graph\">{\"@context\":\"https:\\\/\\\/schema.org\",\"@graph\":[{\"@type\":\"WebPage\",\"@id\":\"https:\\\/\\\/illycafe.ch\\\/fr\\\/l-art-de-la-torrefaction\\\/\",\"url\":\"https:\\\/\\\/illycafe.ch\\\/fr\\\/l-art-de-la-torrefaction\\\/\",\"name\":\"Torr\u00e9faction - Illycaf\u00e9 | Premium Kaffee kaufen | Gastronomie, Firmen, Privat\",\"isPartOf\":{\"@id\":\"https:\\\/\\\/illycafe.ch\\\/#website\"},\"datePublished\":\"2020-08-21T09:22:27+00:00\",\"dateModified\":\"2021-01-11T14:09:29+00:00\",\"breadcrumb\":{\"@id\":\"https:\\\/\\\/illycafe.ch\\\/fr\\\/l-art-de-la-torrefaction\\\/#breadcrumb\"},\"inLanguage\":\"fr-FR\",\"potentialAction\":[{\"@type\":\"ReadAction\",\"target\":[\"https:\\\/\\\/illycafe.ch\\\/fr\\\/l-art-de-la-torrefaction\\\/\"]}]},{\"@type\":\"BreadcrumbList\",\"@id\":\"https:\\\/\\\/illycafe.ch\\\/fr\\\/l-art-de-la-torrefaction\\\/#breadcrumb\",\"itemListElement\":[{\"@type\":\"ListItem\",\"position\":1,\"name\":\"Accueil\",\"item\":\"https:\\\/\\\/illycafe.ch\\\/fr\\\/\"},{\"@type\":\"ListItem\",\"position\":2,\"name\":\"Torr\u00e9faction\"}]},{\"@type\":\"WebSite\",\"@id\":\"https:\\\/\\\/illycafe.ch\\\/#website\",\"url\":\"https:\\\/\\\/illycafe.ch\\\/\",\"name\":\"Illycaf\u00e9 | Premium Kaffee kaufen | Gastronomie, Firmen, Privat\",\"description\":\"Italienische Kaffeekultur. Schweizer Qualit\u00e4t.\",\"potentialAction\":[{\"@type\":\"SearchAction\",\"target\":{\"@type\":\"EntryPoint\",\"urlTemplate\":\"https:\\\/\\\/illycafe.ch\\\/?s={search_term_string}\"},\"query-input\":{\"@type\":\"PropertyValueSpecification\",\"valueRequired\":true,\"valueName\":\"search_term_string\"}}],\"inLanguage\":\"fr-FR\"}]}<\/script>\n<!-- \/ Yoast SEO plugin. -->","yoast_head_json":{"title":"Torr\u00e9faction - Illycaf\u00e9 | Premium Kaffee kaufen | Gastronomie, Firmen, Privat","robots":{"index":"index","follow":"follow","max-snippet":"max-snippet:-1","max-image-preview":"max-image-preview:large","max-video-preview":"max-video-preview:-1"},"canonical":"https:\/\/illycafe.ch\/fr\/l-art-de-la-torrefaction\/","og_locale":"fr_FR","og_type":"article","og_title":"Torr\u00e9faction - Illycaf\u00e9 | Premium Kaffee kaufen | Gastronomie, Firmen, Privat","og_description":"[vc_row row_content_width=&#8221;grid&#8221; content_text_aligment=&#8221;center&#8221; css=&#8221;.vc_custom_1610374099649{padding-bottom: 40px !important;}&#8221;][vc_column offset=&#8221;vc_col-lg-offset-2 vc_col-lg-8&#8243;][vc_single_image image=&#8221;21043&#8243; img_size=&#8221;full&#8221; alignment=&#8221;center&#8221;][vc_column_text]La torr\u00e9faction du caf\u00e9 est plus que de l\u2019artisanat. C\u2019est d\u00e9j\u00e0 presque un art. La torr\u00e9faction du caf\u00e9 pr\u00e9suppose de la part du ma\u00eetre torr\u00e9facteur un vaste savoir-faire, une bonne dose d\u2019intuition et un grand talent. Le barista doit prendre de nombreuses composantes en compte pour obtenir le meilleur r\u00e9sultat possible. Seuls des sp\u00e9cialistes exp\u00e9riment\u00e9s et passionn\u00e9s travaillent dans notre entreprise de [&hellip;]","og_url":"https:\/\/illycafe.ch\/fr\/l-art-de-la-torrefaction\/","og_site_name":"Illycaf\u00e9 | Premium Kaffee kaufen | Gastronomie, Firmen, Privat","article_modified_time":"2021-01-11T14:09:29+00:00","twitter_card":"summary_large_image","twitter_misc":{"Dur\u00e9e de lecture estim\u00e9e":"4 minutes"},"schema":{"@context":"https:\/\/schema.org","@graph":[{"@type":"WebPage","@id":"https:\/\/illycafe.ch\/fr\/l-art-de-la-torrefaction\/","url":"https:\/\/illycafe.ch\/fr\/l-art-de-la-torrefaction\/","name":"Torr\u00e9faction - Illycaf\u00e9 | Premium Kaffee kaufen | Gastronomie, Firmen, Privat","isPartOf":{"@id":"https:\/\/illycafe.ch\/#website"},"datePublished":"2020-08-21T09:22:27+00:00","dateModified":"2021-01-11T14:09:29+00:00","breadcrumb":{"@id":"https:\/\/illycafe.ch\/fr\/l-art-de-la-torrefaction\/#breadcrumb"},"inLanguage":"fr-FR","potentialAction":[{"@type":"ReadAction","target":["https:\/\/illycafe.ch\/fr\/l-art-de-la-torrefaction\/"]}]},{"@type":"BreadcrumbList","@id":"https:\/\/illycafe.ch\/fr\/l-art-de-la-torrefaction\/#breadcrumb","itemListElement":[{"@type":"ListItem","position":1,"name":"Accueil","item":"https:\/\/illycafe.ch\/fr\/"},{"@type":"ListItem","position":2,"name":"Torr\u00e9faction"}]},{"@type":"WebSite","@id":"https:\/\/illycafe.ch\/#website","url":"https:\/\/illycafe.ch\/","name":"Illycaf\u00e9 | Premium Kaffee kaufen | Gastronomie, Firmen, Privat","description":"Italienische Kaffeekultur. Schweizer Qualit\u00e4t.","potentialAction":[{"@type":"SearchAction","target":{"@type":"EntryPoint","urlTemplate":"https:\/\/illycafe.ch\/?s={search_term_string}"},"query-input":{"@type":"PropertyValueSpecification","valueRequired":true,"valueName":"search_term_string"}}],"inLanguage":"fr-FR"}]}},"_links":{"self":[{"href":"https:\/\/illycafe.ch\/fr\/wp-json\/wp\/v2\/pages\/22139","targetHints":{"allow":["GET"]}}],"collection":[{"href":"https:\/\/illycafe.ch\/fr\/wp-json\/wp\/v2\/pages"}],"about":[{"href":"https:\/\/illycafe.ch\/fr\/wp-json\/wp\/v2\/types\/page"}],"author":[{"embeddable":true,"href":"https:\/\/illycafe.ch\/fr\/wp-json\/wp\/v2\/users\/3165"}],"replies":[{"embeddable":true,"href":"https:\/\/illycafe.ch\/fr\/wp-json\/wp\/v2\/comments?post=22139"}],"version-history":[{"count":0,"href":"https:\/\/illycafe.ch\/fr\/wp-json\/wp\/v2\/pages\/22139\/revisions"}],"wp:attachment":[{"href":"https:\/\/illycafe.ch\/fr\/wp-json\/wp\/v2\/media?parent=22139"}],"curies":[{"name":"wp","href":"https:\/\/api.w.org\/{rel}","templated":true}]}}