{"id":23163,"date":"2020-08-24T18:57:18","date_gmt":"2020-08-24T16:57:18","guid":{"rendered":"https:\/\/illycafe.ch\/geschaeftskunden\/"},"modified":"2024-11-11T22:37:52","modified_gmt":"2024-11-11T21:37:52","slug":"clients-professionnels-partenaires-cafe","status":"publish","type":"page","link":"https:\/\/illycafe.ch\/fr\/clients-professionnels-partenaires-cafe\/","title":{"rendered":"Clients professionnels"},"content":{"rendered":"<div class=\"wpb-content-wrapper\"><p>[vc_row row_content_width=&#8221;grid&#8221; css=&#8221;.vc_custom_1610376979242{padding-bottom: 40px !important;}&#8221;][vc_column width=&#8221;2\/3&#8243;][vc_single_image image=&#8221;21043&#8243; img_size=&#8221;full&#8221; alignment=&#8221;center&#8221;]<div class=\"eltdf-section-title-holder  \" style=\"text-align: center\">\n\t<div class=\"eltdf-st-inner\">\n\t\t\t\t\t<h2 class=\"eltdf-st-title\" >\n\t\t\t\tLe partenaire comp\u00e9tent pour votre entreprise\t\t\t<\/h2>\n\t\t\t\t\t<\/div>\n<\/div>[vc_column_text]Illycaf\u00e9 approvisionne avec succ\u00e8s les entreprises de petites et moyennes tailles, par exemple les PME, les entreprises, les commerces, les cliniques priv\u00e9es, les h\u00f4pitaux et les maisons de retraite. La vari\u00e9t\u00e9 de <a href=\"#bonsol\">caf\u00e9 BonSol<\/a> a \u00e9t\u00e9 sp\u00e9cialement d\u00e9velopp\u00e9e pour les besoins de nos clients professionnels.[\/vc_column_text][vc_empty_space height=&#8221;20px&#8221;][vc_column_text]<strong>Nos prestations Illycaf\u00e9:<\/strong><\/p>\n<ul>\n<li>Processus de commande simple, par t\u00e9l\u00e9phone ou en ligne<\/li>\n<li>Livraison rapide et directe en 24\u00a0heures<\/li>\n<li>Conseil dans le choix d\u2019une machine \u00e0 caf\u00e9 optimale<\/li>\n<li>Bon r\u00e9glage de la machine \u00e0 caf\u00e9<\/li>\n<li>Contr\u00f4les r\u00e9guliers de la qualit\u00e9 du caf\u00e9 sur place<\/li>\n<li>Elaboration d\u2019actions de marketing appropri\u00e9es<\/li>\n<li>Interlocuteur direct<\/li>\n<\/ul>\n<p>[\/vc_column_text][vc_empty_space height=&#8221;20px&#8221;][vc_column_text]Initiez vos collaborateurs, vos clients et vos partenaires aux plaisirs d\u2019une culture du caf\u00e9 raffin\u00e9e. Les retours positifs ach\u00e8veront de vous convaincre.<\/p>\n<p>Contactez-nous pour b\u00e9n\u00e9ficier de conseils personnalis\u00e9s.[\/vc_column_text][\/vc_column][vc_column width=&#8221;1\/3&#8243;][vc_column_text]<\/p>\n<h4 style=\"text-align: center;\">Vos personnes de contact:<\/h4>\n<p>[\/vc_column_text][vc_empty_space height=&#8221;20px&#8221;]<div class=\"eltdf-team-holder eltdf-team-info-below-image\">\n\t<div class=\"eltdf-team-inner\">\n\t\t\t\t\t<div class=\"eltdf-team-image\">\n                <img loading=\"lazy\" decoding=\"async\" width=\"230\" height=\"320\" src=\"https:\/\/illycafe.ch\/wp-content\/uploads\/Team-Rosa-Versamento-401.jpg\" class=\"attachment-full size-full\" alt=\"\" srcset=\"https:\/\/illycafe.ch\/wp-content\/uploads\/Team-Rosa-Versamento-401.jpg 230w, https:\/\/illycafe.ch\/wp-content\/uploads\/Team-Rosa-Versamento-401-216x300.jpg 216w\" sizes=\"auto, (max-width: 230px) 100vw, 230px\" \/>\t\t\t<\/div>\n\t\t\t\t<div class=\"eltdf-team-info\">\n\t\t\t\t\t\t\t<h5 class=\"eltdf-team-name\" >Rosa Versamento<\/h5>\n\t\t\t\t\t\t\t\t\t\t<span class=\"eltdf-team-position\" >Assistente du chef de vente<\/span>\n\t\t\t\t\t\t\t\t\t\t<p class=\"eltdf-team-text\" >rosaversamento@illycafe.ch<\/p>\n\t\t\t\t\t\t\t\t<\/div>\n\t<\/div>\n<\/div>[vc_empty_space height=&#8221;20px&#8221;][\/vc_column][\/vc_row][vc_row row_content_width=&#8221;grid&#8221; content_text_aligment=&#8221;center&#8221; css=&#8221;.vc_custom_1610376988831{padding-bottom: 40px !important;}&#8221; el_id=&#8221;bonsol&#8221;][vc_column offset=&#8221;vc_col-lg-offset-2 vc_col-lg-8&#8243;]<div class=\"eltdf-section-title-holder  \" style=\"text-align: left\">\n\t<div class=\"eltdf-st-inner\">\n\t\t\t\t\t<h2 class=\"eltdf-st-title\" >\n\t\t\t\tBonSol \u2013 savourer, tout simplement\t\t\t<\/h2>\n\t\t\t\t\t<\/div>\n<\/div>[vc_column_text]BonSol est notre m\u00e9lange de caf\u00e9 \u00e9quilibr\u00e9 et aromatique, au go\u00fbt agr\u00e9able et relev\u00e9. Exclusivement pour les entreprises qui veulent servir un caf\u00e9 exquis \u00e0 leurs collaborateurs et \u00e0 leurs invit\u00e9s.<\/p>\n<p>Nous proposons le m\u00e9lange BonSol \u00e0 des conditions uniques sp\u00e9ciales, uniquement pour les entreprises.[\/vc_column_text][vc_single_image image=&#8221;25606&#8243; img_size=&#8221;400&#215;500&#8243; alignment=&#8221;center&#8221;][vc_empty_space height=&#8221;20px&#8221;][vc_column_text]<\/p>\n<table class=\"t1\" cellspacing=\"0\" cellpadding=\"0\">\n<tbody>\n<tr>\n<td class=\"td1\" valign=\"top\">\n<p class=\"p2\">Origine<\/p>\n<\/td>\n<td class=\"td2\" valign=\"top\">\n<p class=\"p3\">Am\u00e9rique centrale et Am\u00e9rique du Sud, Afrique de l\u2019Est, Indon\u00e9sie<\/p>\n<\/td>\n<\/tr>\n<tr>\n<td class=\"td3\" valign=\"top\">\n<p class=\"p3\">Composition<\/p>\n<\/td>\n<td class=\"td4\" valign=\"top\">\n<p class=\"p3\">70% d\u2019arabica \u2013 30% de robusta de Java<\/p>\n<\/td>\n<\/tr>\n<tr>\n<td class=\"td1\" valign=\"top\">\n<p class=\"p3\">Degr\u00e9s de torr\u00e9faction<\/p>\n<\/td>\n<td class=\"td2\" valign=\"top\">\n<p class=\"p3\"><img loading=\"lazy\" decoding=\"async\" class=\"alignnone size-full wp-image-22431\" src=\"https:\/\/illycafe.ch\/wp-content\/uploads\/beans-ico.png\" alt=\"\" width=\"24\" height=\"24\" \/><img loading=\"lazy\" decoding=\"async\" class=\"alignnone size-full wp-image-22431\" src=\"https:\/\/illycafe.ch\/wp-content\/uploads\/beans-ico.png\" alt=\"\" width=\"24\" height=\"24\" \/>Venezia <span class=\"Apple-converted-space\">\u00a0 <\/span>\u2013<span class=\"Apple-converted-space\">\u00a0 \u00a0 <img loading=\"lazy\" decoding=\"async\" class=\"alignnone size-full wp-image-22431\" src=\"https:\/\/illycafe.ch\/wp-content\/uploads\/beans-ico.png\" alt=\"\" width=\"24\" height=\"24\" \/><img loading=\"lazy\" decoding=\"async\" class=\"alignnone size-full wp-image-22431\" src=\"https:\/\/illycafe.ch\/wp-content\/uploads\/beans-ico.png\" alt=\"\" width=\"24\" height=\"24\" \/><img loading=\"lazy\" decoding=\"async\" class=\"alignnone size-full wp-image-22431\" src=\"https:\/\/illycafe.ch\/wp-content\/uploads\/beans-ico.png\" alt=\"\" width=\"24\" height=\"24\" \/><\/span>Milano <span class=\"Apple-converted-space\">\u00a0 <\/span>\u2013<span class=\"Apple-converted-space\">\u00a0 \u00a0 <img loading=\"lazy\" decoding=\"async\" class=\"alignnone size-full wp-image-22431\" src=\"https:\/\/illycafe.ch\/wp-content\/uploads\/beans-ico.png\" alt=\"\" width=\"24\" height=\"24\" \/><img loading=\"lazy\" decoding=\"async\" class=\"alignnone size-full wp-image-22431\" src=\"https:\/\/illycafe.ch\/wp-content\/uploads\/beans-ico.png\" alt=\"\" width=\"24\" height=\"24\" \/><img loading=\"lazy\" decoding=\"async\" class=\"alignnone size-full wp-image-22431\" src=\"https:\/\/illycafe.ch\/wp-content\/uploads\/beans-ico.png\" alt=\"\" width=\"24\" height=\"24\" \/><img loading=\"lazy\" decoding=\"async\" class=\"alignnone size-full wp-image-22431\" src=\"https:\/\/illycafe.ch\/wp-content\/uploads\/beans-ico.png\" alt=\"\" width=\"24\" height=\"24\" \/><\/span>Napoli<\/p>\n<\/td>\n<\/tr>\n<tr>\n<td class=\"td5\" valign=\"top\">\n<p class=\"p3\">Propri\u00e9t\u00e9s<\/p>\n<\/td>\n<td class=\"td6\" valign=\"top\">\n<p class=\"p3\">Les notes caract\u00e9ristiques sont particuli\u00e8rement bien \u00e9quilibr\u00e9es et cr\u00e9ent un caf\u00e9 riche \u00e0 l\u2019acidit\u00e9 d\u00e9licate et agr\u00e9able, et \u00e0 la cr\u00e8me soyeuse.<\/p>\n<\/td>\n<\/tr>\n<tr>\n<td class=\"td1\" valign=\"top\">\n<p class=\"p3\">Unit\u00e9s<\/p>\n<\/td>\n<td class=\"td2\" valign=\"top\">\n<p class=\"p3\">Sachet de 1 kg de grains<\/p>\n<\/td>\n<\/tr>\n<\/tbody>\n<\/table>\n<p>[\/vc_column_text][vc_empty_space height=&#8221;20px&#8221;]<div class=\"eltdf-section-title-holder  \" style=\"text-align: left\">\n\t<div class=\"eltdf-st-inner\">\n\t\t\t\t\t<h2 class=\"eltdf-st-title\" >\n\t\t\t\tDegr\u00e9s de torr\u00e9faction du caf\u00e9\t\t\t<\/h2>\n\t\t\t\t\t<\/div>\n<\/div>[vc_column_text]<\/p>\n<p class=\"p3\"><span class=\"Apple-converted-space\">\u00a0 <img loading=\"lazy\" decoding=\"async\" class=\"alignnone size-full wp-image-22431\" src=\"https:\/\/illycafe.ch\/wp-content\/uploads\/beans-ico.png\" alt=\"\" width=\"24\" height=\"24\" \/><img loading=\"lazy\" decoding=\"async\" class=\"alignnone size-full wp-image-22431 \" src=\"https:\/\/illycafe.ch\/wp-content\/uploads\/beans-ico.png\" alt=\"\" width=\"24\" height=\"24\" \/>\u00a0<\/span><b>Venezia<\/b> torr\u00e9faction moyenne pour le caf\u00e9 cr\u00e8me \/ espresso classique<\/p>\n<p class=\"p3\"><span class=\"Apple-converted-space\">\u00a0\u00a0<img loading=\"lazy\" decoding=\"async\" class=\"alignnone size-full wp-image-22431\" src=\"https:\/\/illycafe.ch\/wp-content\/uploads\/beans-ico.png\" alt=\"\" width=\"24\" height=\"24\" \/><img loading=\"lazy\" decoding=\"async\" class=\"alignnone size-full wp-image-22431\" src=\"https:\/\/illycafe.ch\/wp-content\/uploads\/beans-ico.png\" alt=\"\" width=\"24\" height=\"24\" \/><img loading=\"lazy\" decoding=\"async\" class=\"alignnone size-full wp-image-22431\" src=\"https:\/\/illycafe.ch\/wp-content\/uploads\/beans-ico.png\" alt=\"\" width=\"24\" height=\"24\" \/>\u00a0\u00a0<\/span><b>Milano<\/b> torr\u00e9faction fonc\u00e9e pour un caf\u00e9 cr\u00e8me riche \/ espresso<\/p>\n<p class=\"p3\"><span class=\"Apple-converted-space\">\u00a0 <img loading=\"lazy\" decoding=\"async\" class=\"alignnone size-full wp-image-22431\" src=\"https:\/\/illycafe.ch\/wp-content\/uploads\/beans-ico.png\" alt=\"\" width=\"24\" height=\"24\" \/><img loading=\"lazy\" decoding=\"async\" class=\"alignnone size-full wp-image-22431\" src=\"https:\/\/illycafe.ch\/wp-content\/uploads\/beans-ico.png\" alt=\"\" width=\"24\" height=\"24\" \/><img loading=\"lazy\" decoding=\"async\" class=\"alignnone size-full wp-image-22431\" src=\"https:\/\/illycafe.ch\/wp-content\/uploads\/beans-ico.png\" alt=\"\" width=\"24\" height=\"24\" \/><img loading=\"lazy\" decoding=\"async\" class=\"alignnone size-full wp-image-22431\" src=\"https:\/\/illycafe.ch\/wp-content\/uploads\/beans-ico.png\" alt=\"\" width=\"24\" height=\"24\" \/>\u00a0<\/span><b>Napoli<\/b> torr\u00e9faction tr\u00e8s fonc\u00e9e pour un espresso \/ ristretto parfait<\/p>\n<p>[\/vc_column_text][\/vc_column][\/vc_row][vc_row disable_background_image=&#8221;&#8221; css=&#8221;.vc_custom_1610377003058{padding-top: 40px !important;padding-bottom: 40px !important;}&#8221; simple_background_image=&#8221;26215&#8243;][vc_column][vc_row_inner row_content_width=&#8221;grid&#8221;][vc_column_inner offset=&#8221;vc_col-lg-offset-2 vc_col-lg-8&#8243;]<div class=\"eltdf-section-title-holder  \" style=\"text-align: center\">\n\t<div class=\"eltdf-st-inner\">\n\t\t\t\t\t<h2 class=\"eltdf-st-title\" style=\"color: #ffffff\">\n\t\t\t\tCe que disent les clients commerciaux\t\t\t<\/h2>\n\t\t\t\t\t<\/div>\n<\/div><div class=\"eltdf-separator-holder clearfix  eltdf-separator-center \" style=\"margin-top: 13px;margin-bottom: 46px\">\n\t\t<div class=\"eltdf-separator\" ><\/div>\n\t\t\t<span class=\"eltdf-separator-icon\" >\n\t\t\t\t\t<\/span>\n\t\t\t\t\t<div class=\"eltdf-separator\" ><\/div>\n\t\t\t<\/div>\n<div class=\"eltdf-testimonials-holder eltdf-testimonials-standard eltdf-testimonials-light clearfix\"><div class=\"eltdf-testimonials eltdf-owl-slider\" data-number-of-items=\"1\" data-enable-loop=\"yes\" data-enable-autoplay=\"yes\" data-slider-speed=\"5000\" data-slider-speed-animation=\"600\" data-enable-navigation=\"no\" data-enable-pagination=\"yes\"><div class=\"eltdf-testimonial-content\" id=\"eltdf-testimonials-23294\">\n\t<div class=\"eltdf-testimonial-text-holder\">\n\t\t\t\t\t\t\t<p class=\"eltdf-testimonial-text\">Personnel aimable et comp\u00e9tent. Des caf\u00e9s exquis.<\/p>\n\t\t\t\t\t<\/div>\n\t<\/div><div class=\"eltdf-testimonial-content\" id=\"eltdf-testimonials-23296\">\n\t<div class=\"eltdf-testimonial-text-holder\">\n\t\t\t\t\t\t\t<p class=\"eltdf-testimonial-text\">Une exp\u00e9rience formidable du caf\u00e9 avec des produits vraiment ing\u00e9nieux. Le personnel est tr\u00e8s aimable et serviable. Vraiment recommandable \u00e0 tous ceux qui recherchent du plaisir et de la joie pour le palais.<\/p>\n\t\t\t\t\t<\/div>\n\t<\/div><div class=\"eltdf-testimonial-content\" id=\"eltdf-testimonials-23298\">\n\t<div class=\"eltdf-testimonial-text-holder\">\n\t\t\t\t\t\t\t<p class=\"eltdf-testimonial-text\">Top caf\u00e9<\/p>\n\t\t\t\t\t<\/div>\n\t<\/div><div class=\"eltdf-testimonial-content\" id=\"eltdf-testimonials-23292\">\n\t<div class=\"eltdf-testimonial-text-holder\">\n\t\t\t\t\t\t\t<p class=\"eltdf-testimonial-text\">Just Illy<\/p>\n\t\t\t\t\t<\/div>\n\t<\/div><\/div><\/div>[\/vc_column_inner][\/vc_row_inner][\/vc_column][\/vc_row][vc_row row_content_width=&#8221;grid&#8221; disable_background_image=&#8221;&#8221; simple_background_image=&#8221;21399&#8243; css=&#8221;.vc_custom_1721375293444{padding-top: 30px !important;padding-bottom: 30px !important;background-image;background-position: center center;: url(https:\/\/illycafe.ch\/wp-content\/uploads\/revslider\/landing-bakcground-img-1.jpg?id=21399) !important;}&#8221; el_class=&#8221;call-action-box&#8221; el_id=&#8221;tel-none&#8221;][vc_column offset=&#8221;vc_col-lg-11 vc_col-md-12 vc_col-xs-12&#8243;]<div class=\"eltdf-call-to-action-holder  eltdf-normal-layout  eltdf-three-quarters-columns\">\n\t<div class=\"eltdf-cta-inner \">\n\t\t<div class=\"eltdf-cta-text-holder\">\n\t\t\t<div class=\"eltdf-cta-text\">Nous nous ferons un plaisir de prendre votre commande par t\u00e9l\u00e9phone.<\/div>\n\t\t<\/div>\n\t\t<div class=\"eltdf-cta-button-holder\" >\n\t\t\t<div class=\"eltdf-cta-button\"><a itemprop=\"url\" href=\"\/fr\/contact\/\" target=\"_self\" style=\"color: #ffffff;background-color: #be9c79\" class=\"eltdf-btn eltdf-btn-medium eltdf-btn-solid eltdf-btn-custom-hover-color eltdf-btn-dash\" data-hover-color=\"#ffffff\" >    <span class=\"eltdf-btn-text\">Contact<\/span>\t<\/a><\/div>\n\t\t<\/div>\n\t<\/div>\n<\/div>[\/vc_column][\/vc_row]<\/p>\n<\/div>","protected":false},"excerpt":{"rendered":"<p>[vc_row row_content_width=&#8221;grid&#8221; css=&#8221;.vc_custom_1610376979242{padding-bottom: 40px !important;}&#8221;][vc_column width=&#8221;2\/3&#8243;][vc_single_image image=&#8221;21043&#8243; img_size=&#8221;full&#8221; alignment=&#8221;center&#8221;][vc_column_text]Illycaf\u00e9 approvisionne avec succ\u00e8s les entreprises de petites et moyennes tailles, par exemple les PME, les entreprises, les commerces, les cliniques priv\u00e9es, les h\u00f4pitaux et les maisons de retraite. La vari\u00e9t\u00e9 de caf\u00e9 BonSol a \u00e9t\u00e9 sp\u00e9cialement d\u00e9velopp\u00e9e pour les besoins de nos clients professionnels.[\/vc_column_text][vc_empty_space height=&#8221;20px&#8221;][vc_column_text]Nos prestations Illycaf\u00e9: Processus de commande simple, par t\u00e9l\u00e9phone ou en ligne Livraison rapide et directe en 24\u00a0heures Conseil [&hellip;]<\/p>\n","protected":false},"author":3165,"featured_media":0,"parent":0,"menu_order":20,"comment_status":"closed","ping_status":"closed","template":"full-width.php","meta":{"inline_featured_image":false,"footnotes":""},"class_list":["post-23163","page","type-page","status-publish","hentry"],"yoast_head":"<!-- This site is optimized with the Yoast SEO plugin v27.5 - https:\/\/yoast.com\/product\/yoast-seo-wordpress\/ -->\n<title>Clients professionnels - Illycaf\u00e9 | Premium Kaffee kaufen | Gastronomie, Firmen, Privat<\/title>\n<meta name=\"robots\" content=\"index, follow, max-snippet:-1, max-image-preview:large, max-video-preview:-1\" \/>\n<link rel=\"canonical\" href=\"https:\/\/illycafe.ch\/fr\/clients-professionnels-partenaires-cafe\/\" \/>\n<meta property=\"og:locale\" content=\"fr_FR\" \/>\n<meta property=\"og:type\" content=\"article\" \/>\n<meta property=\"og:title\" content=\"Clients professionnels - Illycaf\u00e9 | Premium Kaffee kaufen | Gastronomie, Firmen, Privat\" \/>\n<meta property=\"og:description\" content=\"[vc_row row_content_width=&#8221;grid&#8221; css=&#8221;.vc_custom_1610376979242{padding-bottom: 40px !important;}&#8221;][vc_column width=&#8221;2\/3&#8243;][vc_single_image image=&#8221;21043&#8243; img_size=&#8221;full&#8221; alignment=&#8221;center&#8221;][vc_column_text]Illycaf\u00e9 approvisionne avec succ\u00e8s les entreprises de petites et moyennes tailles, par exemple les PME, les entreprises, les commerces, les cliniques priv\u00e9es, les h\u00f4pitaux et les maisons de retraite. La vari\u00e9t\u00e9 de caf\u00e9 BonSol a \u00e9t\u00e9 sp\u00e9cialement d\u00e9velopp\u00e9e pour les besoins de nos clients professionnels.[\/vc_column_text][vc_empty_space height=&#8221;20px&#8221;][vc_column_text]Nos prestations Illycaf\u00e9: Processus de commande simple, par t\u00e9l\u00e9phone ou en ligne Livraison rapide et directe en 24\u00a0heures Conseil [&hellip;]\" \/>\n<meta property=\"og:url\" content=\"https:\/\/illycafe.ch\/fr\/clients-professionnels-partenaires-cafe\/\" \/>\n<meta property=\"og:site_name\" content=\"Illycaf\u00e9 | Premium Kaffee kaufen | Gastronomie, Firmen, Privat\" \/>\n<meta property=\"article:modified_time\" content=\"2024-11-11T21:37:52+00:00\" \/>\n<meta property=\"og:image\" content=\"https:\/\/illycafe.ch\/wp-content\/uploads\/beans-ico.png\" \/>\n<meta name=\"twitter:card\" content=\"summary_large_image\" \/>\n<meta name=\"twitter:label1\" content=\"Dur\u00e9e de lecture estim\u00e9e\" \/>\n\t<meta name=\"twitter:data1\" content=\"6 minutes\" \/>\n<script type=\"application\/ld+json\" class=\"yoast-schema-graph\">{\"@context\":\"https:\\\/\\\/schema.org\",\"@graph\":[{\"@type\":\"WebPage\",\"@id\":\"https:\\\/\\\/illycafe.ch\\\/fr\\\/clients-professionnels-partenaires-cafe\\\/\",\"url\":\"https:\\\/\\\/illycafe.ch\\\/fr\\\/clients-professionnels-partenaires-cafe\\\/\",\"name\":\"Clients professionnels - Illycaf\u00e9 | Premium Kaffee kaufen | Gastronomie, Firmen, Privat\",\"isPartOf\":{\"@id\":\"https:\\\/\\\/illycafe.ch\\\/#website\"},\"primaryImageOfPage\":{\"@id\":\"https:\\\/\\\/illycafe.ch\\\/fr\\\/clients-professionnels-partenaires-cafe\\\/#primaryimage\"},\"image\":{\"@id\":\"https:\\\/\\\/illycafe.ch\\\/fr\\\/clients-professionnels-partenaires-cafe\\\/#primaryimage\"},\"thumbnailUrl\":\"https:\\\/\\\/illycafe.ch\\\/wp-content\\\/uploads\\\/beans-ico.png\",\"datePublished\":\"2020-08-24T16:57:18+00:00\",\"dateModified\":\"2024-11-11T21:37:52+00:00\",\"breadcrumb\":{\"@id\":\"https:\\\/\\\/illycafe.ch\\\/fr\\\/clients-professionnels-partenaires-cafe\\\/#breadcrumb\"},\"inLanguage\":\"fr-FR\",\"potentialAction\":[{\"@type\":\"ReadAction\",\"target\":[\"https:\\\/\\\/illycafe.ch\\\/fr\\\/clients-professionnels-partenaires-cafe\\\/\"]}]},{\"@type\":\"ImageObject\",\"inLanguage\":\"fr-FR\",\"@id\":\"https:\\\/\\\/illycafe.ch\\\/fr\\\/clients-professionnels-partenaires-cafe\\\/#primaryimage\",\"url\":\"https:\\\/\\\/illycafe.ch\\\/wp-content\\\/uploads\\\/beans-ico.png\",\"contentUrl\":\"https:\\\/\\\/illycafe.ch\\\/wp-content\\\/uploads\\\/beans-ico.png\"},{\"@type\":\"BreadcrumbList\",\"@id\":\"https:\\\/\\\/illycafe.ch\\\/fr\\\/clients-professionnels-partenaires-cafe\\\/#breadcrumb\",\"itemListElement\":[{\"@type\":\"ListItem\",\"position\":1,\"name\":\"Accueil\",\"item\":\"https:\\\/\\\/illycafe.ch\\\/fr\\\/\"},{\"@type\":\"ListItem\",\"position\":2,\"name\":\"Clients professionnels\"}]},{\"@type\":\"WebSite\",\"@id\":\"https:\\\/\\\/illycafe.ch\\\/#website\",\"url\":\"https:\\\/\\\/illycafe.ch\\\/\",\"name\":\"Illycaf\u00e9 | Premium Kaffee kaufen | Gastronomie, Firmen, Privat\",\"description\":\"Italienische Kaffeekultur. Schweizer Qualit\u00e4t.\",\"potentialAction\":[{\"@type\":\"SearchAction\",\"target\":{\"@type\":\"EntryPoint\",\"urlTemplate\":\"https:\\\/\\\/illycafe.ch\\\/?s={search_term_string}\"},\"query-input\":{\"@type\":\"PropertyValueSpecification\",\"valueRequired\":true,\"valueName\":\"search_term_string\"}}],\"inLanguage\":\"fr-FR\"}]}<\/script>\n<!-- \/ Yoast SEO plugin. -->","yoast_head_json":{"title":"Clients professionnels - Illycaf\u00e9 | Premium Kaffee kaufen | Gastronomie, Firmen, Privat","robots":{"index":"index","follow":"follow","max-snippet":"max-snippet:-1","max-image-preview":"max-image-preview:large","max-video-preview":"max-video-preview:-1"},"canonical":"https:\/\/illycafe.ch\/fr\/clients-professionnels-partenaires-cafe\/","og_locale":"fr_FR","og_type":"article","og_title":"Clients professionnels - Illycaf\u00e9 | Premium Kaffee kaufen | Gastronomie, Firmen, Privat","og_description":"[vc_row row_content_width=&#8221;grid&#8221; css=&#8221;.vc_custom_1610376979242{padding-bottom: 40px !important;}&#8221;][vc_column width=&#8221;2\/3&#8243;][vc_single_image image=&#8221;21043&#8243; img_size=&#8221;full&#8221; alignment=&#8221;center&#8221;][vc_column_text]Illycaf\u00e9 approvisionne avec succ\u00e8s les entreprises de petites et moyennes tailles, par exemple les PME, les entreprises, les commerces, les cliniques priv\u00e9es, les h\u00f4pitaux et les maisons de retraite. La vari\u00e9t\u00e9 de caf\u00e9 BonSol a \u00e9t\u00e9 sp\u00e9cialement d\u00e9velopp\u00e9e pour les besoins de nos clients professionnels.[\/vc_column_text][vc_empty_space height=&#8221;20px&#8221;][vc_column_text]Nos prestations Illycaf\u00e9: Processus de commande simple, par t\u00e9l\u00e9phone ou en ligne Livraison rapide et directe en 24\u00a0heures Conseil [&hellip;]","og_url":"https:\/\/illycafe.ch\/fr\/clients-professionnels-partenaires-cafe\/","og_site_name":"Illycaf\u00e9 | Premium Kaffee kaufen | Gastronomie, Firmen, Privat","article_modified_time":"2024-11-11T21:37:52+00:00","og_image":[{"url":"https:\/\/illycafe.ch\/wp-content\/uploads\/beans-ico.png","type":"","width":"","height":""}],"twitter_card":"summary_large_image","twitter_misc":{"Dur\u00e9e de lecture estim\u00e9e":"6 minutes"},"schema":{"@context":"https:\/\/schema.org","@graph":[{"@type":"WebPage","@id":"https:\/\/illycafe.ch\/fr\/clients-professionnels-partenaires-cafe\/","url":"https:\/\/illycafe.ch\/fr\/clients-professionnels-partenaires-cafe\/","name":"Clients professionnels - Illycaf\u00e9 | Premium Kaffee kaufen | Gastronomie, Firmen, Privat","isPartOf":{"@id":"https:\/\/illycafe.ch\/#website"},"primaryImageOfPage":{"@id":"https:\/\/illycafe.ch\/fr\/clients-professionnels-partenaires-cafe\/#primaryimage"},"image":{"@id":"https:\/\/illycafe.ch\/fr\/clients-professionnels-partenaires-cafe\/#primaryimage"},"thumbnailUrl":"https:\/\/illycafe.ch\/wp-content\/uploads\/beans-ico.png","datePublished":"2020-08-24T16:57:18+00:00","dateModified":"2024-11-11T21:37:52+00:00","breadcrumb":{"@id":"https:\/\/illycafe.ch\/fr\/clients-professionnels-partenaires-cafe\/#breadcrumb"},"inLanguage":"fr-FR","potentialAction":[{"@type":"ReadAction","target":["https:\/\/illycafe.ch\/fr\/clients-professionnels-partenaires-cafe\/"]}]},{"@type":"ImageObject","inLanguage":"fr-FR","@id":"https:\/\/illycafe.ch\/fr\/clients-professionnels-partenaires-cafe\/#primaryimage","url":"https:\/\/illycafe.ch\/wp-content\/uploads\/beans-ico.png","contentUrl":"https:\/\/illycafe.ch\/wp-content\/uploads\/beans-ico.png"},{"@type":"BreadcrumbList","@id":"https:\/\/illycafe.ch\/fr\/clients-professionnels-partenaires-cafe\/#breadcrumb","itemListElement":[{"@type":"ListItem","position":1,"name":"Accueil","item":"https:\/\/illycafe.ch\/fr\/"},{"@type":"ListItem","position":2,"name":"Clients professionnels"}]},{"@type":"WebSite","@id":"https:\/\/illycafe.ch\/#website","url":"https:\/\/illycafe.ch\/","name":"Illycaf\u00e9 | Premium Kaffee kaufen | Gastronomie, Firmen, Privat","description":"Italienische Kaffeekultur. Schweizer Qualit\u00e4t.","potentialAction":[{"@type":"SearchAction","target":{"@type":"EntryPoint","urlTemplate":"https:\/\/illycafe.ch\/?s={search_term_string}"},"query-input":{"@type":"PropertyValueSpecification","valueRequired":true,"valueName":"search_term_string"}}],"inLanguage":"fr-FR"}]}},"_links":{"self":[{"href":"https:\/\/illycafe.ch\/fr\/wp-json\/wp\/v2\/pages\/23163","targetHints":{"allow":["GET"]}}],"collection":[{"href":"https:\/\/illycafe.ch\/fr\/wp-json\/wp\/v2\/pages"}],"about":[{"href":"https:\/\/illycafe.ch\/fr\/wp-json\/wp\/v2\/types\/page"}],"author":[{"embeddable":true,"href":"https:\/\/illycafe.ch\/fr\/wp-json\/wp\/v2\/users\/3165"}],"replies":[{"embeddable":true,"href":"https:\/\/illycafe.ch\/fr\/wp-json\/wp\/v2\/comments?post=23163"}],"version-history":[{"count":0,"href":"https:\/\/illycafe.ch\/fr\/wp-json\/wp\/v2\/pages\/23163\/revisions"}],"wp:attachment":[{"href":"https:\/\/illycafe.ch\/fr\/wp-json\/wp\/v2\/media?parent=23163"}],"curies":[{"name":"wp","href":"https:\/\/api.w.org\/{rel}","templated":true}]}}