{"id":263671,"date":"2025-05-16T12:52:11","date_gmt":"2025-05-16T10:52:11","guid":{"rendered":"https:\/\/illycafe.ch\/?page_id=263671"},"modified":"2025-05-22T12:07:59","modified_gmt":"2025-05-22T10:07:59","slug":"services-pour-votre-entreprise","status":"publish","type":"page","link":"https:\/\/illycafe.ch\/fr\/professionnels\/services-pour-votre-entreprise\/","title":{"rendered":"Machines \u00e0 caf\u00e9 pour entreprise: caf\u00e9 business"},"content":{"rendered":"<div class=\"wpb-content-wrapper\"><p>[vc_row full_width=&#8221;stretch_row_content_no_spaces&#8221; full_height=&#8221;yes&#8221; content_placement=&#8221;middle&#8221; css=&#8221;.vc_custom_1747392545272{border-bottom-width: 0px !important;background-image: url(https:\/\/illycafe.ch\/wp-content\/uploads\/img_01@2x-22.jpg?id=263673) !important;background-position: center center;background-repeat: no-repeat !important;background-size: cover !important;}&#8221; el_class=&#8221;slider&#8221;][vc_column css=&#8221;.vc_custom_1742807173778{margin-top: 0px !important;padding-top: 0px !important;}&#8221;][vc_row_inner equal_height=&#8221;yes&#8221; css=&#8221;.vc_custom_1743069510501{margin-top: 0px !important;margin-bottom: 0px !important;}&#8221;][vc_column_inner css=&#8221;.vc_custom_1747392556432{padding-top: 250px !important;padding-right: 40px !important;padding-bottom: 250px !important;padding-left: 40px !important;background-position: center center;background-repeat: no-repeat !important;background-size: cover !important;}&#8221;][vc_column_text css=&#8221;.vc_custom_1747641388869{margin-top: 0px !important;}&#8221; el_class=&#8221;titol-h2 white&#8221;]<\/p>\n<h2 style=\"text-align: center;\">Des r\u00e9ponses \u00e0 toutes vos questions<\/h2>\n<p>[\/vc_column_text][vc_empty_space height=&#8221;25px&#8221;][vc_column_text css=&#8221;&#8221; el_class=&#8221;text-landing white&#8221;]<\/p>\n<p style=\"text-align: center;\">D\u00e9couvrir notre offre<\/p>\n<p>[\/vc_column_text][\/vc_column_inner][\/vc_row_inner][\/vc_column][\/vc_row][vc_row full_width=&#8221;stretch_row&#8221; css=&#8221;.vc_custom_1742808066917{background-color: #FBFBFB !important;}&#8221;][vc_column css=&#8221;.vc_custom_1719389360265{margin-top: 0px !important;padding-top: 0px !important;}&#8221;][vc_empty_space height=&#8221;50px&#8221;][vc_column_text css=&#8221;.vc_custom_1747641407284{margin-top: 0px !important;}&#8221; el_class=&#8221;titol-h3 brown&#8221;]<\/p>\n<h3 style=\"text-align: center;\">QUELS QUE SOIENT LES BESOINS N\u00c9CESSAIRES AU BON D\u00c9VELOPPEMENT DE VOTRE \u00c9TABLISSEMENT,<br \/>\nNOUS DISPOSONS D\u2019UN SERVICE QUI POURRA VOUS Y AIDER.<\/h3>\n<p>[\/vc_column_text][vc_empty_space height=&#8221;30px&#8221;][vc_column_text css=&#8221;&#8221; el_class=&#8221;titol-h5 brown&#8221;]<\/p>\n<h5 style=\"text-align: center;\">Nous proposons une collaboration compl\u00e8te avec nos partenaires dans les caf\u00e9s, boulangeries, glaciers, restaurants et h\u00f4tels. En plus de fournir l\u2019assemblage unique d\u2019illy et nos produits, nous offrons une gamme de service compl\u00e8te pour r\u00e9pondre \u00e0 tous les besoins des clients, de la formation \u00e0 l\u2019assistance technique, en passant par la communication et l\u2019\u00e9quipement.<br \/>\nNous souhaitons que vous disposiez de tous les outils n\u00e9cessaires afin d\u2019atteindre vos objectifs.<\/h5>\n<p>[\/vc_column_text][vc_empty_space height=&#8221;30px&#8221;][vc_raw_html css=&#8221;&#8221;]JTNDYSUyMGNsYXNzJTNEJTIyYnRuLWJyb3duJTIyJTIwaHJlZiUzRCUyMmh0dHBzJTNBJTJGJTJGaWxseWNhZmUuY2glMkZmciUyRmNvbnRhY3Rlei1ub3VzJTJGJTIyJTNFJTNDYnV0dG9uJTNFJTIwQ29udGFjdGV6LW5vdXMlMjAlM0MlMkZidXR0b24lM0UlM0MlMkZhJTNF[\/vc_raw_html][vc_empty_space][\/vc_column][\/vc_row][vc_row full_width=&#8221;stretch_row&#8221; css=&#8221;.vc_custom_1742808073554{background-color: #FBFBFB !important;}&#8221;][vc_column css=&#8221;.vc_custom_1719389360265{margin-top: 0px !important;padding-top: 0px !important;}&#8221;][vc_empty_space height=&#8221;50px&#8221;][\/vc_column][\/vc_row][vc_row full_width=&#8221;stretch_row&#8221; css=&#8221;.vc_custom_1747392287485{background-color: #F2E9DA !important;}&#8221;][vc_column][vc_empty_space height=&#8221;50px&#8221;][vc_column_text css=&#8221;&#8221; el_class=&#8221;titol-h3 brown&#8221;]<\/p>\n<h3 style=\"text-align: center;\">QUELS SONT LES BESOINS DE VOTRE \u00c9TABLISSEMENT DANS UN AVENIR PROCHE\u202f?<\/h3>\n<p>[\/vc_column_text][vc_empty_space height=&#8221;60px&#8221;][vc_row_inner][vc_column_inner width=&#8221;1\/2&#8243;][vc_single_image image=&#8221;263701&#8243; img_size=&#8221;full&#8221; css=&#8221;&#8221;][vc_empty_space height=&#8221;15px&#8221;][vc_column_text css=&#8221;&#8221; el_class=&#8221;titol-h3 brown left&#8221;]<\/p>\n<h3 style=\"text-align: left;\">ASSISTANCE TECHNIQUE<\/h3>\n<p>[\/vc_column_text][vc_empty_space height=&#8221;15px&#8221;][vc_column_text css=&#8221;&#8221; el_class=&#8221;text-landing brown&#8221;]<\/p>\n<p style=\"text-align: left;\">Travailler ensemble pour la qualit\u00e9, dans la tasse et chacun des pans de votre \u00e9tablissement.<\/p>\n<p>[\/vc_column_text][vc_column_text css=&#8221;&#8221; el_class=&#8221;text-landing brown&#8221;]<\/p>\n<div class=\"fpls-box-text\" lang=\"de-DE\" xml:lang=\"de-DE\">\n<p><a href=\"https:\/\/illycafe.ch\/fr\/professionnels\/services-pour-votre-entreprise\/assistance\/\"><u> En savoir plus <\/u><\/a><\/p>\n<\/div>\n<p>[\/vc_column_text][vc_empty_space height=&#8221;30px&#8221;][\/vc_column_inner][vc_column_inner width=&#8221;1\/2&#8243;][vc_single_image image=&#8221;263704&#8243; img_size=&#8221;full&#8221; css=&#8221;&#8221;][vc_empty_space height=&#8221;15px&#8221;][vc_column_text css=&#8221;&#8221; el_class=&#8221;titol-h3 brown left&#8221;]<\/p>\n<h3 style=\"text-align: left;\">FORMATION ET CONSEILS<\/h3>\n<p>[\/vc_column_text][vc_empty_space height=&#8221;15px&#8221;][vc_column_text css=&#8221;&#8221; el_class=&#8221;text-landing brown&#8221;]<\/p>\n<p style=\"text-align: left;\">Des cours professionnels et des conseils personnalis\u00e9s de la part d\u2019experts, pour une croissance et un apprentissage continus.<\/p>\n<p>[\/vc_column_text][vc_column_text css=&#8221;&#8221; el_class=&#8221;text-landing brown&#8221;]<\/p>\n<div class=\"fpls-box-text\" lang=\"de-DE\" xml:lang=\"de-DE\">\n<p><a href=\"https:\/\/illycafe.ch\/fr\/professionnels\/services-pour-votre-entreprise\/formation-et-conseils\/\"><u> En savoir plus <\/u><\/a><\/p>\n<\/div>\n<p>[\/vc_column_text][vc_empty_space height=&#8221;30px&#8221;][\/vc_column_inner][\/vc_row_inner][vc_row_inner][vc_column_inner width=&#8221;1\/2&#8243;][vc_single_image image=&#8221;263707&#8243; img_size=&#8221;full&#8221; css=&#8221;&#8221;][vc_empty_space height=&#8221;15px&#8221;][vc_column_text css=&#8221;&#8221; el_class=&#8221;titol-h3 brown left&#8221;]<\/p>\n<h3 style=\"text-align: left;\">\u00c9QUIPEMENT<\/h3>\n<p>[\/vc_column_text][vc_empty_space height=&#8221;15px&#8221;][vc_column_text css=&#8221;&#8221; el_class=&#8221;text-landing brown&#8221;]<\/p>\n<p style=\"text-align: left;\">Technologie de pointe, beaut\u00e9, efficacit\u00e9, qualit\u00e9\u202f: des machines et des accessoires con\u00e7us pour r\u00e9pondre \u00e0 tous les besoins.<\/p>\n<p>[\/vc_column_text][vc_column_text css=&#8221;&#8221; el_class=&#8221;text-landing brown&#8221;]<\/p>\n<div class=\"fpls-box-text\" lang=\"de-DE\" xml:lang=\"de-DE\">\n<p><a href=\"https:\/\/illycafe.ch\/fr\/professionnels\/services-pour-votre-entreprise\/equipements\/\"><u> En savoir plus <\/u><\/a><\/p>\n<\/div>\n<p>[\/vc_column_text][vc_empty_space height=&#8221;30px&#8221;][\/vc_column_inner][vc_column_inner width=&#8221;1\/2&#8243;][vc_single_image image=&#8221;263710&#8243; img_size=&#8221;full&#8221; css=&#8221;&#8221;][vc_empty_space height=&#8221;15px&#8221;][vc_column_text css=&#8221;&#8221; el_class=&#8221;titol-h3 brown left&#8221;]<\/p>\n<h3 style=\"text-align: left;\">MARQUE ET COMMUNICATION<\/h3>\n<p>[\/vc_column_text][vc_empty_space height=&#8221;15px&#8221;][vc_column_text css=&#8221;&#8221; el_class=&#8221;text-landing brown&#8221;]De la signal\u00e9tique aux promotions\u202f: toutes les ressources dont vous avez besoin dans votre point de vente, ainsi que les outils n\u00e9cessaires \u00e0 l\u2019acquisition et la fid\u00e9lisation de nouveaux clients.[\/vc_column_text][vc_column_text css=&#8221;&#8221; el_class=&#8221;text-landing brown&#8221;]<\/p>\n<div class=\"fpls-box-text\" lang=\"de-DE\" xml:lang=\"de-DE\">\n<p><a href=\"https:\/\/illycafe.ch\/fr\/professionnels\/services-pour-votre-entreprise\/image-et-communication\/\"><u> En savoir plus <\/u><\/a><\/p>\n<\/div>\n<p>[\/vc_column_text][vc_empty_space height=&#8221;30px&#8221;][\/vc_column_inner][\/vc_row_inner][vc_empty_space height=&#8221;50px&#8221;][\/vc_column][\/vc_row][vc_row full_width=&#8221;stretch_row&#8221; css=&#8221;.vc_custom_1742808551730{background-color: #F6F0EC !important;}&#8221;][vc_column][vc_empty_space height=&#8221;50px&#8221;][vc_column_text css=&#8221;.vc_custom_1747641561534{margin-top: 0px !important;}&#8221; el_class=&#8221;titol-h3 brown&#8221;]<\/p>\n<h3 style=\"text-align: left;\">NOS SOLUTIONS SUR MESURE POUR<br \/>\nVOTRE ENTREPRISE<\/h3>\n<p>[\/vc_column_text][vc_empty_space height=&#8221;50px&#8221;][vc_row_inner][vc_column_inner width=&#8221;1\/3&#8243;][vc_single_image image=&#8221;221127&#8243; img_size=&#8221;full&#8221; css=&#8221;&#8221;][vc_empty_space height=&#8221;15px&#8221;][vc_column_text css=&#8221;.vc_custom_1742811072005{margin-top: 0px !important;}&#8221; el_class=&#8221;titol-h4 brown&#8221;]<\/p>\n<h4 style=\"text-align: left;\">CAF\u00c9S<\/h4>\n<p>[\/vc_column_text][vc_empty_space height=&#8221;10px&#8221;][vc_column_text css=&#8221;&#8221; el_class=&#8221;text-landing brown&#8221;]<\/p>\n<p style=\"text-align: left;\">La tasse et les autres protagonistes : tout commence avec le caf\u00e9 et se poursuit avec toute une gamme de produits et de services.<\/p>\n<p>[\/vc_column_text][vc_column_text css=&#8221;&#8221; el_class=&#8221;text-landing brown&#8221;]<a href=\"https:\/\/illycafe.ch\/fr\/professionnels\/ouvrir-un-business\/illy-fournisseurs-cafe-bars\/\"><u>En savoir plus<\/u><\/a>[\/vc_column_text][vc_empty_space height=&#8221;30px&#8221;][\/vc_column_inner][vc_column_inner width=&#8221;1\/3&#8243;][vc_single_image image=&#8221;221131&#8243; img_size=&#8221;full&#8221; css=&#8221;&#8221;][vc_empty_space height=&#8221;15px&#8221;][vc_column_text css=&#8221;.vc_custom_1747641634442{margin-top: 0px !important;}&#8221; el_class=&#8221;titol-h4 brown&#8221;]<\/p>\n<h4 style=\"text-align: left;\">BOULANGERIES ET GLACIERS<\/h4>\n<p>[\/vc_column_text][vc_empty_space height=&#8221;10px&#8221;][vc_column_text css=&#8221;&#8221; el_class=&#8221;text-landing brown&#8221;]<\/p>\n<p style=\"text-align: left;\">Le caf\u00e9 illy est le compagnon id\u00e9al et l&#8217;ingr\u00e9dient parfait pour votre ch\u00e9ri : l&#8217;art de la p\u00e2tisserie et de la glacerie.<\/p>\n<p>[\/vc_column_text][vc_column_text css=&#8221;&#8221; el_class=&#8221;text-landing brown&#8221;]<a href=\"https:\/\/illycafe.ch\/fr\/professionnels\/ouvrir-un-business\/illy-fournisseurs-cafe-patisseries-glaciers\/\"><u>En savoir plus<\/u><\/a>[\/vc_column_text][vc_empty_space height=&#8221;30px&#8221;][\/vc_column_inner][vc_column_inner width=&#8221;1\/3&#8243;][vc_single_image image=&#8221;221134&#8243; img_size=&#8221;full&#8221; css=&#8221;&#8221;][vc_empty_space height=&#8221;15px&#8221;][vc_column_text css=&#8221;.vc_custom_1742811100350{margin-top: 0px !important;}&#8221; el_class=&#8221;titol-h4 brown&#8221;]<\/p>\n<h4 style=\"text-align: left;\">RESTAURANTS<\/h4>\n<p>[\/vc_column_text][vc_empty_space height=&#8221;10px&#8221;][vc_column_text css=&#8221;&#8221; el_class=&#8221;text-landing brown&#8221;]<\/p>\n<p style=\"text-align: left;\">D\u00e9couvrez la technologie et toute la qualit\u00e9 dont vous avez besoin pour que vos tasses soient aussi belles que vos plats.<\/p>\n<p>[\/vc_column_text][vc_column_text css=&#8221;&#8221; el_class=&#8221;text-landing brown&#8221;]<a href=\"https:\/\/illycafe.ch\/fr\/professionnels\/ouvrir-un-business\/illy-fournisseurs-cafe-restaurants\/\"><u>En savoir plus<\/u><\/a>[\/vc_column_text][vc_empty_space height=&#8221;30px&#8221;][\/vc_column_inner][\/vc_row_inner][vc_row_inner][vc_column_inner width=&#8221;1\/3&#8243;][vc_single_image image=&#8221;221140&#8243; img_size=&#8221;full&#8221; css=&#8221;&#8221;][vc_empty_space height=&#8221;15px&#8221;][vc_column_text css=&#8221;.vc_custom_1747641673697{margin-top: 0px !important;}&#8221; el_class=&#8221;titol-h4 brown&#8221;]<\/p>\n<h4 style=\"text-align: left;\">H\u00d4TELS<\/h4>\n<p>[\/vc_column_text][vc_empty_space height=&#8221;10px&#8221;][vc_column_text css=&#8221;&#8221; el_class=&#8221;text-landing brown&#8221;]<\/p>\n<p style=\"text-align: left;\">Notre programme d\u00e9di\u00e9 permet aux h\u00f4tels de servir un cagg\u00e8 pour tous les go\u00fbts, \u00e0 tout moment et dans (presque) tous les lieux.<\/p>\n<p>[\/vc_column_text][vc_column_text css=&#8221;&#8221; el_class=&#8221;text-landing brown&#8221;]<a href=\"https:\/\/illycafe.ch\/fr\/professionnels\/ouvrir-un-business\/illy-fournisseurs-cafe-hotels\/\"><u>En savoir plus<\/u><\/a>[\/vc_column_text][vc_empty_space height=&#8221;30px&#8221;][\/vc_column_inner][vc_column_inner width=&#8221;1\/3&#8243;][vc_single_image image=&#8221;221137&#8243; img_size=&#8221;full&#8221; css=&#8221;&#8221;][vc_empty_space height=&#8221;15px&#8221;][vc_column_text css=&#8221;.vc_custom_1747641690897{margin-top: 0px !important;}&#8221; el_class=&#8221;titol-h4 brown&#8221;]<\/p>\n<h4 style=\"text-align: left;\">BOUTIQUES<\/h4>\n<p>[\/vc_column_text][vc_empty_space height=&#8221;10px&#8221;][vc_column_text css=&#8221;&#8221; el_class=&#8221;text-landing brown&#8221;]<\/p>\n<p style=\"text-align: left;\">Nouvelles technologies, designs embl\u00e9matiques et go\u00fbt unique : c&#8217;est l&#8217;exp\u00e9rience que nous offrons aujourd&#8217;hui, acquise au cours de plus de 80 ans<\/p>\n<p>[\/vc_column_text][vc_column_text css=&#8221;&#8221; el_class=&#8221;text-landing brown&#8221;]<a href=\"https:\/\/illycafe.ch\/fr\/professionnels\/ouvrir-un-business\/illy-fournisseurs-cafe-magasin-alimentation\/\"><u>En savoir plus<\/u><\/a>[\/vc_column_text][vc_empty_space height=&#8221;30px&#8221;][\/vc_column_inner][vc_column_inner width=&#8221;1\/3&#8243;][vc_single_image image=&#8221;263182&#8243; img_size=&#8221;full&#8221; css=&#8221;&#8221;][vc_empty_space height=&#8221;15px&#8221;][vc_column_text css=&#8221;.vc_custom_1747641710634{margin-top: 0px !important;}&#8221; el_class=&#8221;titol-h4 brown&#8221;]<\/p>\n<h4 style=\"text-align: left;\">FRANCHISE<\/h4>\n<p>[\/vc_column_text][vc_empty_space height=&#8221;10px&#8221;][vc_column_text css=&#8221;&#8221; el_class=&#8221;text-landing brown&#8221;]<\/p>\n<p style=\"text-align: left;\">Notre projet de franchise : le bar que nous cr\u00e9ons avec vous, dans les moindres d\u00e9tails.<\/p>\n<p>[\/vc_column_text][vc_empty_space height=&#8221;30px&#8221;][\/vc_column_inner][\/vc_row_inner][vc_empty_space height=&#8221;50px&#8221;][\/vc_column][\/vc_row]<\/p>\n<\/div>","protected":false},"excerpt":{"rendered":"<p>[vc_row full_width=&#8221;stretch_row_content_no_spaces&#8221; full_height=&#8221;yes&#8221; content_placement=&#8221;middle&#8221; css=&#8221;.vc_custom_1747392545272{border-bottom-width: 0px !important;background-image: url(https:\/\/illycafe.ch\/wp-content\/uploads\/img_01@2x-22.jpg?id=263673) !important;background-position: center center;background-repeat: no-repeat !important;background-size: cover !important;}&#8221; el_class=&#8221;slider&#8221;][vc_column css=&#8221;.vc_custom_1742807173778{margin-top: 0px !important;padding-top: 0px !important;}&#8221;][vc_row_inner equal_height=&#8221;yes&#8221; css=&#8221;.vc_custom_1743069510501{margin-top: 0px !important;margin-bottom: 0px !important;}&#8221;][vc_column_inner css=&#8221;.vc_custom_1747392556432{padding-top: 250px !important;padding-right: 40px !important;padding-bottom: 250px !important;padding-left: 40px !important;background-position: center center;background-repeat: no-repeat !important;background-size: cover !important;}&#8221;][vc_column_text css=&#8221;.vc_custom_1747641388869{margin-top: 0px !important;}&#8221; el_class=&#8221;titol-h2 white&#8221;] Des r\u00e9ponses \u00e0 toutes vos questions [\/vc_column_text][vc_empty_space height=&#8221;25px&#8221;][vc_column_text css=&#8221;&#8221; el_class=&#8221;text-landing white&#8221;] D\u00e9couvrir notre offre [\/vc_column_text][\/vc_column_inner][\/vc_row_inner][\/vc_column][\/vc_row][vc_row full_width=&#8221;stretch_row&#8221; css=&#8221;.vc_custom_1742808066917{background-color: #FBFBFB !important;}&#8221;][vc_column css=&#8221;.vc_custom_1719389360265{margin-top: 0px !important;padding-top: 0px !important;}&#8221;][vc_empty_space height=&#8221;50px&#8221;][vc_column_text [&hellip;]<\/p>\n","protected":false},"author":5358,"featured_media":0,"parent":221082,"menu_order":0,"comment_status":"closed","ping_status":"closed","template":"","meta":{"inline_featured_image":false,"footnotes":""},"class_list":["post-263671","page","type-page","status-publish","hentry"],"yoast_head":"<!-- This site is optimized with the Yoast SEO plugin v27.3 - https:\/\/yoast.com\/product\/yoast-seo-wordpress\/ -->\n<title>Machines \u00e0 caf\u00e9 pour entreprise: caf\u00e9 business - Illycaf\u00e9 | Premium Kaffee kaufen | Gastronomie, Firmen, Privat<\/title>\n<meta name=\"robots\" content=\"index, follow, max-snippet:-1, max-image-preview:large, max-video-preview:-1\" \/>\n<link rel=\"canonical\" href=\"https:\/\/illycafe.ch\/fr\/professionnels\/services-pour-votre-entreprise\/\" \/>\n<meta property=\"og:locale\" content=\"fr_FR\" \/>\n<meta property=\"og:type\" content=\"article\" \/>\n<meta property=\"og:title\" content=\"Machines \u00e0 caf\u00e9 pour entreprise: caf\u00e9 business - Illycaf\u00e9 | Premium Kaffee kaufen | Gastronomie, Firmen, Privat\" \/>\n<meta property=\"og:description\" content=\"[vc_row full_width=&#8221;stretch_row_content_no_spaces&#8221; full_height=&#8221;yes&#8221; content_placement=&#8221;middle&#8221; css=&#8221;.vc_custom_1747392545272{border-bottom-width: 0px !important;background-image: url(https:\/\/illycafe.ch\/wp-content\/uploads\/img_01@2x-22.jpg?id=263673) !important;background-position: center center;background-repeat: no-repeat !important;background-size: cover !important;}&#8221; el_class=&#8221;slider&#8221;][vc_column css=&#8221;.vc_custom_1742807173778{margin-top: 0px !important;padding-top: 0px !important;}&#8221;][vc_row_inner equal_height=&#8221;yes&#8221; css=&#8221;.vc_custom_1743069510501{margin-top: 0px !important;margin-bottom: 0px !important;}&#8221;][vc_column_inner css=&#8221;.vc_custom_1747392556432{padding-top: 250px !important;padding-right: 40px !important;padding-bottom: 250px !important;padding-left: 40px !important;background-position: center center;background-repeat: no-repeat !important;background-size: cover !important;}&#8221;][vc_column_text css=&#8221;.vc_custom_1747641388869{margin-top: 0px !important;}&#8221; el_class=&#8221;titol-h2 white&#8221;] Des r\u00e9ponses \u00e0 toutes vos questions [\/vc_column_text][vc_empty_space height=&#8221;25px&#8221;][vc_column_text css=&#8221;&#8221; el_class=&#8221;text-landing white&#8221;] D\u00e9couvrir notre offre [\/vc_column_text][\/vc_column_inner][\/vc_row_inner][\/vc_column][\/vc_row][vc_row full_width=&#8221;stretch_row&#8221; css=&#8221;.vc_custom_1742808066917{background-color: #FBFBFB !important;}&#8221;][vc_column css=&#8221;.vc_custom_1719389360265{margin-top: 0px !important;padding-top: 0px !important;}&#8221;][vc_empty_space height=&#8221;50px&#8221;][vc_column_text [&hellip;]\" \/>\n<meta property=\"og:url\" content=\"https:\/\/illycafe.ch\/fr\/professionnels\/services-pour-votre-entreprise\/\" \/>\n<meta property=\"og:site_name\" content=\"Illycaf\u00e9 | Premium Kaffee kaufen | Gastronomie, Firmen, Privat\" \/>\n<meta property=\"article:modified_time\" content=\"2025-05-22T10:07:59+00:00\" \/>\n<meta name=\"twitter:card\" content=\"summary_large_image\" \/>\n<meta name=\"twitter:label1\" content=\"Dur\u00e9e de lecture estim\u00e9e\" \/>\n\t<meta name=\"twitter:data1\" content=\"3 minutes\" \/>\n<script type=\"application\/ld+json\" class=\"yoast-schema-graph\">{\"@context\":\"https:\\\/\\\/schema.org\",\"@graph\":[{\"@type\":\"WebPage\",\"@id\":\"https:\\\/\\\/illycafe.ch\\\/fr\\\/professionnels\\\/services-pour-votre-entreprise\\\/\",\"url\":\"https:\\\/\\\/illycafe.ch\\\/fr\\\/professionnels\\\/services-pour-votre-entreprise\\\/\",\"name\":\"Machines \u00e0 caf\u00e9 pour entreprise: caf\u00e9 business - Illycaf\u00e9 | Premium Kaffee kaufen | Gastronomie, Firmen, Privat\",\"isPartOf\":{\"@id\":\"https:\\\/\\\/illycafe.ch\\\/#website\"},\"datePublished\":\"2025-05-16T10:52:11+00:00\",\"dateModified\":\"2025-05-22T10:07:59+00:00\",\"breadcrumb\":{\"@id\":\"https:\\\/\\\/illycafe.ch\\\/fr\\\/professionnels\\\/services-pour-votre-entreprise\\\/#breadcrumb\"},\"inLanguage\":\"fr-FR\",\"potentialAction\":[{\"@type\":\"ReadAction\",\"target\":[\"https:\\\/\\\/illycafe.ch\\\/fr\\\/professionnels\\\/services-pour-votre-entreprise\\\/\"]}]},{\"@type\":\"BreadcrumbList\",\"@id\":\"https:\\\/\\\/illycafe.ch\\\/fr\\\/professionnels\\\/services-pour-votre-entreprise\\\/#breadcrumb\",\"itemListElement\":[{\"@type\":\"ListItem\",\"position\":1,\"name\":\"Accueil\",\"item\":\"https:\\\/\\\/illycafe.ch\\\/fr\\\/\"},{\"@type\":\"ListItem\",\"position\":2,\"name\":\"Machine \u00e0 caf\u00e9 illy professionnel\",\"item\":\"https:\\\/\\\/illycafe.ch\\\/fr\\\/professionnels\\\/\"},{\"@type\":\"ListItem\",\"position\":3,\"name\":\"Machines \u00e0 caf\u00e9 pour entreprise: caf\u00e9 business\"}]},{\"@type\":\"WebSite\",\"@id\":\"https:\\\/\\\/illycafe.ch\\\/#website\",\"url\":\"https:\\\/\\\/illycafe.ch\\\/\",\"name\":\"Illycaf\u00e9 | Premium Kaffee kaufen | Gastronomie, Firmen, Privat\",\"description\":\"Italienische Kaffeekultur. Schweizer Qualit\u00e4t.\",\"potentialAction\":[{\"@type\":\"SearchAction\",\"target\":{\"@type\":\"EntryPoint\",\"urlTemplate\":\"https:\\\/\\\/illycafe.ch\\\/?s={search_term_string}\"},\"query-input\":{\"@type\":\"PropertyValueSpecification\",\"valueRequired\":true,\"valueName\":\"search_term_string\"}}],\"inLanguage\":\"fr-FR\"}]}<\/script>\n<!-- \/ Yoast SEO plugin. -->","yoast_head_json":{"title":"Machines \u00e0 caf\u00e9 pour entreprise: caf\u00e9 business - Illycaf\u00e9 | Premium Kaffee kaufen | Gastronomie, Firmen, Privat","robots":{"index":"index","follow":"follow","max-snippet":"max-snippet:-1","max-image-preview":"max-image-preview:large","max-video-preview":"max-video-preview:-1"},"canonical":"https:\/\/illycafe.ch\/fr\/professionnels\/services-pour-votre-entreprise\/","og_locale":"fr_FR","og_type":"article","og_title":"Machines \u00e0 caf\u00e9 pour entreprise: caf\u00e9 business - Illycaf\u00e9 | Premium Kaffee kaufen | Gastronomie, Firmen, Privat","og_description":"[vc_row full_width=&#8221;stretch_row_content_no_spaces&#8221; full_height=&#8221;yes&#8221; content_placement=&#8221;middle&#8221; css=&#8221;.vc_custom_1747392545272{border-bottom-width: 0px !important;background-image: url(https:\/\/illycafe.ch\/wp-content\/uploads\/img_01@2x-22.jpg?id=263673) !important;background-position: center center;background-repeat: no-repeat !important;background-size: cover !important;}&#8221; el_class=&#8221;slider&#8221;][vc_column css=&#8221;.vc_custom_1742807173778{margin-top: 0px !important;padding-top: 0px !important;}&#8221;][vc_row_inner equal_height=&#8221;yes&#8221; css=&#8221;.vc_custom_1743069510501{margin-top: 0px !important;margin-bottom: 0px !important;}&#8221;][vc_column_inner css=&#8221;.vc_custom_1747392556432{padding-top: 250px !important;padding-right: 40px !important;padding-bottom: 250px !important;padding-left: 40px !important;background-position: center center;background-repeat: no-repeat !important;background-size: cover !important;}&#8221;][vc_column_text css=&#8221;.vc_custom_1747641388869{margin-top: 0px !important;}&#8221; el_class=&#8221;titol-h2 white&#8221;] Des r\u00e9ponses \u00e0 toutes vos questions [\/vc_column_text][vc_empty_space height=&#8221;25px&#8221;][vc_column_text css=&#8221;&#8221; el_class=&#8221;text-landing white&#8221;] D\u00e9couvrir notre offre [\/vc_column_text][\/vc_column_inner][\/vc_row_inner][\/vc_column][\/vc_row][vc_row full_width=&#8221;stretch_row&#8221; css=&#8221;.vc_custom_1742808066917{background-color: #FBFBFB !important;}&#8221;][vc_column css=&#8221;.vc_custom_1719389360265{margin-top: 0px !important;padding-top: 0px !important;}&#8221;][vc_empty_space height=&#8221;50px&#8221;][vc_column_text [&hellip;]","og_url":"https:\/\/illycafe.ch\/fr\/professionnels\/services-pour-votre-entreprise\/","og_site_name":"Illycaf\u00e9 | Premium Kaffee kaufen | Gastronomie, Firmen, Privat","article_modified_time":"2025-05-22T10:07:59+00:00","twitter_card":"summary_large_image","twitter_misc":{"Dur\u00e9e de lecture estim\u00e9e":"3 minutes"},"schema":{"@context":"https:\/\/schema.org","@graph":[{"@type":"WebPage","@id":"https:\/\/illycafe.ch\/fr\/professionnels\/services-pour-votre-entreprise\/","url":"https:\/\/illycafe.ch\/fr\/professionnels\/services-pour-votre-entreprise\/","name":"Machines \u00e0 caf\u00e9 pour entreprise: caf\u00e9 business - Illycaf\u00e9 | Premium Kaffee kaufen | Gastronomie, Firmen, Privat","isPartOf":{"@id":"https:\/\/illycafe.ch\/#website"},"datePublished":"2025-05-16T10:52:11+00:00","dateModified":"2025-05-22T10:07:59+00:00","breadcrumb":{"@id":"https:\/\/illycafe.ch\/fr\/professionnels\/services-pour-votre-entreprise\/#breadcrumb"},"inLanguage":"fr-FR","potentialAction":[{"@type":"ReadAction","target":["https:\/\/illycafe.ch\/fr\/professionnels\/services-pour-votre-entreprise\/"]}]},{"@type":"BreadcrumbList","@id":"https:\/\/illycafe.ch\/fr\/professionnels\/services-pour-votre-entreprise\/#breadcrumb","itemListElement":[{"@type":"ListItem","position":1,"name":"Accueil","item":"https:\/\/illycafe.ch\/fr\/"},{"@type":"ListItem","position":2,"name":"Machine \u00e0 caf\u00e9 illy professionnel","item":"https:\/\/illycafe.ch\/fr\/professionnels\/"},{"@type":"ListItem","position":3,"name":"Machines \u00e0 caf\u00e9 pour entreprise: caf\u00e9 business"}]},{"@type":"WebSite","@id":"https:\/\/illycafe.ch\/#website","url":"https:\/\/illycafe.ch\/","name":"Illycaf\u00e9 | Premium Kaffee kaufen | Gastronomie, Firmen, Privat","description":"Italienische Kaffeekultur. Schweizer Qualit\u00e4t.","potentialAction":[{"@type":"SearchAction","target":{"@type":"EntryPoint","urlTemplate":"https:\/\/illycafe.ch\/?s={search_term_string}"},"query-input":{"@type":"PropertyValueSpecification","valueRequired":true,"valueName":"search_term_string"}}],"inLanguage":"fr-FR"}]}},"_links":{"self":[{"href":"https:\/\/illycafe.ch\/fr\/wp-json\/wp\/v2\/pages\/263671","targetHints":{"allow":["GET"]}}],"collection":[{"href":"https:\/\/illycafe.ch\/fr\/wp-json\/wp\/v2\/pages"}],"about":[{"href":"https:\/\/illycafe.ch\/fr\/wp-json\/wp\/v2\/types\/page"}],"author":[{"embeddable":true,"href":"https:\/\/illycafe.ch\/fr\/wp-json\/wp\/v2\/users\/5358"}],"replies":[{"embeddable":true,"href":"https:\/\/illycafe.ch\/fr\/wp-json\/wp\/v2\/comments?post=263671"}],"version-history":[{"count":0,"href":"https:\/\/illycafe.ch\/fr\/wp-json\/wp\/v2\/pages\/263671\/revisions"}],"up":[{"embeddable":true,"href":"https:\/\/illycafe.ch\/fr\/wp-json\/wp\/v2\/pages\/221082"}],"wp:attachment":[{"href":"https:\/\/illycafe.ch\/fr\/wp-json\/wp\/v2\/media?parent=263671"}],"curies":[{"name":"wp","href":"https:\/\/api.w.org\/{rel}","templated":true}]}}