{"id":36219,"date":"2022-10-31T11:11:33","date_gmt":"2022-10-31T10:11:33","guid":{"rendered":"https:\/\/illycafe.ch\/?page_id=36219"},"modified":"2022-11-11T20:11:17","modified_gmt":"2022-11-11T19:11:17","slug":"accessoires-illycafe","status":"publish","type":"page","link":"https:\/\/illycafe.ch\/fr\/accessoires-illycafe\/","title":{"rendered":"Accessoires Illycaf\u00e9"},"content":{"rendered":"<div class=\"wpb-content-wrapper\"><p>[vc_row][vc_column][vc_single_image image=&#8221;36754&#8243; alignment=&#8221;center&#8221; css=&#8221;.vc_custom_1668193206286{margin-top: -40px !important;}&#8221;][vc_column_text]<\/p>\n<p style=\"text-align: center;\">Voulez-vous vivre l&#8217;exp\u00e9rience Illycaf\u00e9 \u00e0 100% ?<\/p>\n<p style=\"text-align: center;\">D\u00e9gustez votre caf\u00e9 pr\u00e9f\u00e9r\u00e9 dans nos belles tasses en porcelaine de qualit\u00e9 sup\u00e9rieure.<\/p>\n<p style=\"text-align: center;\">Elles tiennent bien en main, sont r\u00e9sistant au lave-vaisselle et au four micro-ondes. Elles conviennent aussi bien \u00e0 un usage quotidien qu&#8217;\u00e0 des occasions festives.<\/p>\n<p>[\/vc_column_text][vc_empty_space height=&#8221;50px&#8221;][\/vc_column][\/vc_row][vc_row equal_height=&#8221;yes&#8221; row_content_width=&#8221;grid&#8221; content_text_aligment=&#8221;center&#8221;][vc_column width=&#8221;1\/3&#8243; css=&#8221;.vc_custom_1667250030903{padding-right: 75px !important;padding-left: 75px !important;}&#8221;][vc_single_image image=&#8221;36620&#8243; img_size=&#8221;large&#8221; alignment=&#8221;center&#8221; onclick=&#8221;custom_link&#8221; link=&#8221;https:\/\/illycafe.ch\/fr\/produit\/set-de-4-tasses-a-espresso-blanches-avec-assiettes\/&#8221;][vc_column_text]<\/p>\n<h5 style=\"text-align: center;\"><a href=\"https:\/\/illycafe.ch\/fr\/produit\/set-de-4-tasses-a-espresso-blanches-avec-assiettes\/\">Set de 4 tasses \u00e0 espresso blanches<\/a><br \/>\n<a href=\"https:\/\/illycafe.ch\/fr\/produit\/set-de-4-tasses-a-espresso-blanches-avec-assiettes\/\">avec assiettes<\/a><\/h5>\n<p>[\/vc_column_text][vc_column_text]<\/p>\n<p style=\"text-align: center;\">CHF 36.00<\/p>\n<p>[\/vc_column_text][vc_empty_space height=&#8221;30px&#8221;][\/vc_column][vc_column width=&#8221;1\/3&#8243; css=&#8221;.vc_custom_1667250039108{padding-right: 75px !important;padding-left: 75px !important;}&#8221;][vc_single_image image=&#8221;36617&#8243; img_size=&#8221;large&#8221; alignment=&#8221;center&#8221; onclick=&#8221;custom_link&#8221; link=&#8221;https:\/\/illycafe.ch\/fr\/produit\/set-de-4-tasses-a-espresso-rouges-avec-assiettes\/&#8221;][vc_column_text]<\/p>\n<h5 style=\"text-align: center;\"><a href=\"https:\/\/illycafe.ch\/fr\/produit\/set-de-4-tasses-a-espresso-rouges-avec-assiettes\/\">Set de 4 tasses \u00e0 espresso rouges<\/a><br \/>\n<a href=\"https:\/\/illycafe.ch\/fr\/produit\/set-de-4-tasses-a-espresso-rouges-avec-assiettes\/\">avec assiettes<\/a><\/h5>\n<div id=\"gtx-trans\" style=\"position: absolute; left: 652px; top: 66.8906px;\">\n<div class=\"gtx-trans-icon\"><\/div>\n<\/div>\n<p>[\/vc_column_text][vc_column_text]<\/p>\n<p style=\"text-align: center;\">CHF 40.00<\/p>\n<p>[\/vc_column_text][vc_empty_space height=&#8221;30px&#8221;][\/vc_column][vc_column width=&#8221;1\/3&#8243; css=&#8221;.vc_custom_1667250046993{padding-right: 75px !important;padding-left: 75px !important;}&#8221;][vc_single_image image=&#8221;36611&#8243; img_size=&#8221;large&#8221; alignment=&#8221;center&#8221; onclick=&#8221;custom_link&#8221; link=&#8221;https:\/\/illycafe.ch\/fr\/produit\/set-de-4-tasses-a-cafe-avec-assiettes\/&#8221;][vc_column_text]<\/p>\n<h5 style=\"text-align: center;\"><a href=\"https:\/\/illycafe.ch\/fr\/produit\/set-de-4-tasses-a-cafe-avec-assiettes\/\">Set de 4 tasses \u00e0 caf\u00e9<\/a><br \/>\n<a href=\"https:\/\/illycafe.ch\/fr\/produit\/set-de-4-tasses-a-cafe-avec-assiettes\/\">avec assiettes<\/a><\/h5>\n<p>[\/vc_column_text][vc_column_text]<\/p>\n<p style=\"text-align: center;\">CHF 48.00<\/p>\n<p>[\/vc_column_text][vc_empty_space height=&#8221;30px&#8221;][\/vc_column][\/vc_row][vc_row equal_height=&#8221;yes&#8221; row_content_width=&#8221;grid&#8221; content_text_aligment=&#8221;center&#8221;][vc_column width=&#8221;1\/3&#8243; css=&#8221;.vc_custom_1667250054453{padding-right: 75px !important;padding-left: 75px !important;}&#8221;][vc_single_image image=&#8221;36602&#8243; img_size=&#8221;large&#8221; alignment=&#8221;center&#8221; onclick=&#8221;custom_link&#8221; link=&#8221;https:\/\/illycafe.ch\/fr\/produit\/set-de-4-tasses-a-cappuccino-avec-assiettes\/&#8221;][vc_column_text]<\/p>\n<h5 style=\"text-align: center;\"><a href=\"https:\/\/illycafe.ch\/fr\/produit\/set-de-4-tasses-a-cappuccino-avec-assiettes\/\">Set de 4 tasses \u00e0 cappuccino<\/a><br \/>\n<a href=\"https:\/\/illycafe.ch\/fr\/produit\/set-de-4-tasses-a-cappuccino-avec-assiettes\/\">avec assiettes<\/a><\/h5>\n<div id=\"gtx-trans\" style=\"position: absolute; left: 641px; top: 66.8906px;\">\n<div class=\"gtx-trans-icon\"><\/div>\n<\/div>\n<p>[\/vc_column_text][vc_column_text]<\/p>\n<p style=\"text-align: center;\">CHF 48.00<\/p>\n<p>[\/vc_column_text][vc_empty_space height=&#8221;30px&#8221;][\/vc_column][vc_column width=&#8221;1\/3&#8243; css=&#8221;.vc_custom_1667250062410{padding-right: 75px !important;padding-left: 75px !important;}&#8221;][vc_single_image image=&#8221;36450&#8243; img_size=&#8221;large&#8221; alignment=&#8221;center&#8221; onclick=&#8221;custom_link&#8221; link=&#8221;https:\/\/illycafe.ch\/fr\/produit\/illycafe-dose\/&#8221;][vc_column_text]<\/p>\n<h5 style=\"text-align: center;\"><a href=\"https:\/\/illycafe.ch\/fr\/produit\/illycafe-dose\/\">lllycaf\u00e9 Bo\u00eete en m\u00e9tal<\/a><\/h5>\n<div id=\"gtx-trans\" style=\"position: absolute; left: 681px; top: 42px;\">\n<div class=\"gtx-trans-icon\"><\/div>\n<\/div>\n<p>[\/vc_column_text][vc_column_text]<\/p>\n<p style=\"text-align: center;\">CHF 15.00<\/p>\n<p>[\/vc_column_text][vc_empty_space height=&#8221;30px&#8221;][\/vc_column][vc_column width=&#8221;1\/3&#8243;][\/vc_column][\/vc_row][vc_row][vc_column][vc_empty_space height=&#8221;100px&#8221;][vc_column_text]<\/p>\n<h2 style=\"text-align: center;\">Tasses artistiques collection d&#8217;Illycaf\u00e9<\/h2>\n<div id=\"gtx-trans\" style=\"position: absolute; left: 1033px; top: -7.25781px;\">\n<div class=\"gtx-trans-icon\"><\/div>\n<\/div>\n<p>[\/vc_column_text][vc_column_text]<\/p>\n<p style=\"text-align: center;\">lllycaf\u00e9 poss\u00e8de sa propre collection exclusive de tasses, joliment nomm\u00e9e &#8220;Le Stagioni&#8221;, les saisons.<\/p>\n<p style=\"text-align: center;\">Elle r\u00e9unit deux grands noms de la cr\u00e9ation en porcelaine : le talent de l\u2019artiste c\u00e9ramiste suisse Giulia Maria Beretta et la longue tradition du fabricant de porcelaine allemand F\u00fcrstenberg.<\/p>\n<p style=\"text-align: center;\">Toutes les tasses sont en porcelaine d&#8217;un blanc pur.<\/p>\n<p>[\/vc_column_text][\/vc_column][\/vc_row][vc_row equal_height=&#8221;yes&#8221; row_content_width=&#8221;grid&#8221; content_text_aligment=&#8221;center&#8221;][vc_column width=&#8221;1\/3&#8243; css=&#8221;.vc_custom_1667378800619{padding-right: 75px !important;padding-left: 75px !important;}&#8221;][vc_single_image image=&#8221;36599&#8243; img_size=&#8221;large&#8221; alignment=&#8221;center&#8221; onclick=&#8221;custom_link&#8221; link=&#8221;https:\/\/illycafe.ch\/fr\/produit\/serie-autunno-snow-white-limited-edition-une-tasse-avec-assiettes\/&#8221;][vc_column_text]<\/p>\n<h5 style=\"text-align: center;\"><a href=\"https:\/\/illycafe.ch\/fr\/produit\/serie-autunno-snow-white-limited-edition-une-tasse-avec-assiettes\/\">S\u00e9rie Autunno\/Snow white<\/a><br \/>\n<a href=\"https:\/\/illycafe.ch\/fr\/produit\/serie-autunno-snow-white-limited-edition-une-tasse-avec-assiettes\/\">Limited Edition<\/a><br \/>\n<a href=\"https:\/\/illycafe.ch\/fr\/produit\/serie-autunno-snow-white-limited-edition-une-tasse-avec-assiettes\/\">(une tasse avec assiettes)<\/a><\/h5>\n<p>[\/vc_column_text][vc_column_text]<\/p>\n<p style=\"text-align: center;\">CHF 35.00<\/p>\n<div id=\"gtx-trans\" style=\"position: absolute; left: 106px; top: -14px;\">\n<div class=\"gtx-trans-icon\"><\/div>\n<\/div>\n<p>[\/vc_column_text][vc_empty_space height=&#8221;30px&#8221;][\/vc_column][vc_column width=&#8221;1\/3&#8243; css=&#8221;.vc_custom_1667378813025{padding-right: 75px !important;padding-left: 75px !important;}&#8221;][vc_single_image image=&#8221;36605&#8243; img_size=&#8221;large&#8221; alignment=&#8221;center&#8221; onclick=&#8221;custom_link&#8221; link=&#8221;https:\/\/illycafe.ch\/fr\/produit\/serie-estate-set-de-4-tasses-avec-assiettes\/&#8221;][vc_column_text]<\/p>\n<h5 style=\"text-align: center;\"><a href=\"https:\/\/illycafe.ch\/fr\/produit\/serie-estate-set-de-4-tasses-avec-assiettes\/\">S\u00e9rie Estate<\/a><br \/>\n<a href=\"https:\/\/illycafe.ch\/fr\/produit\/serie-estate-set-de-4-tasses-avec-assiettes\/\">(set de 4 tasses avec assiettes)<\/a><\/h5>\n<p>[\/vc_column_text][vc_column_text]<\/p>\n<p style=\"text-align: center;\">CHF 68.00<\/p>\n<p>[\/vc_column_text][vc_empty_space height=&#8221;30px&#8221;][\/vc_column][vc_column width=&#8221;1\/3&#8243; css=&#8221;.vc_custom_1667378825528{padding-right: 75px !important;padding-left: 75px !important;}&#8221;][vc_single_image image=&#8221;36758&#8243; img_size=&#8221;large&#8221; alignment=&#8221;center&#8221; onclick=&#8221;custom_link&#8221; link=&#8221;https:\/\/illycafe.ch\/fr\/produit\/serie-primavera-set-de-4-tasses-avec-assiettes\/&#8221;][vc_column_text]<\/p>\n<h5 style=\"text-align: center;\"><a href=\"https:\/\/illycafe.ch\/fr\/produit\/serie-primavera-set-de-4-tasses-avec-assiettes\/\">S\u00e9rie Primavera<\/a><br \/>\n<a href=\"https:\/\/illycafe.ch\/fr\/produit\/serie-primavera-set-de-4-tasses-avec-assiettes\/\">(set de 4 tasses avec assiettes)<\/a><\/h5>\n<p>[\/vc_column_text][vc_column_text]<\/p>\n<p style=\"text-align: center;\">CHF 68.00<\/p>\n<p>[\/vc_column_text][vc_empty_space height=&#8221;30px&#8221;][\/vc_column][\/vc_row]<\/p>\n<\/div>","protected":false},"excerpt":{"rendered":"<p>[vc_row][vc_column][vc_single_image image=&#8221;36754&#8243; alignment=&#8221;center&#8221; css=&#8221;.vc_custom_1668193206286{margin-top: -40px !important;}&#8221;][vc_column_text] Voulez-vous vivre l&#8217;exp\u00e9rience Illycaf\u00e9 \u00e0 100% ? D\u00e9gustez votre caf\u00e9 pr\u00e9f\u00e9r\u00e9 dans nos belles tasses en porcelaine de qualit\u00e9 sup\u00e9rieure. Elles tiennent bien en main, sont r\u00e9sistant au lave-vaisselle et au four micro-ondes. Elles conviennent aussi bien \u00e0 un usage quotidien qu&#8217;\u00e0 des occasions festives. [\/vc_column_text][vc_empty_space height=&#8221;50px&#8221;][\/vc_column][\/vc_row][vc_row equal_height=&#8221;yes&#8221; row_content_width=&#8221;grid&#8221; content_text_aligment=&#8221;center&#8221;][vc_column width=&#8221;1\/3&#8243; css=&#8221;.vc_custom_1667250030903{padding-right: 75px !important;padding-left: 75px !important;}&#8221;][vc_single_image image=&#8221;36620&#8243; img_size=&#8221;large&#8221; alignment=&#8221;center&#8221; onclick=&#8221;custom_link&#8221; link=&#8221;https:\/\/illycafe.ch\/fr\/produit\/set-de-4-tasses-a-espresso-blanches-avec-assiettes\/&#8221;][vc_column_text] Set de 4 tasses \u00e0 [&hellip;]<\/p>\n","protected":false},"author":4079,"featured_media":0,"parent":0,"menu_order":0,"comment_status":"closed","ping_status":"closed","template":"","meta":{"inline_featured_image":false,"footnotes":""},"class_list":["post-36219","page","type-page","status-publish","hentry"],"yoast_head":"<!-- This site is optimized with the Yoast SEO plugin v27.3 - https:\/\/yoast.com\/product\/yoast-seo-wordpress\/ -->\n<title>Accessoires Illycaf\u00e9 - Illycaf\u00e9 | Premium Kaffee kaufen | Gastronomie, Firmen, Privat<\/title>\n<meta name=\"robots\" content=\"index, follow, max-snippet:-1, max-image-preview:large, max-video-preview:-1\" \/>\n<link rel=\"canonical\" href=\"https:\/\/illycafe.ch\/fr\/accessoires-illycafe\/\" \/>\n<meta property=\"og:locale\" content=\"fr_FR\" \/>\n<meta property=\"og:type\" content=\"article\" \/>\n<meta property=\"og:title\" content=\"Accessoires Illycaf\u00e9 - Illycaf\u00e9 | Premium Kaffee kaufen | Gastronomie, Firmen, Privat\" \/>\n<meta property=\"og:description\" content=\"[vc_row][vc_column][vc_single_image image=&#8221;36754&#8243; alignment=&#8221;center&#8221; css=&#8221;.vc_custom_1668193206286{margin-top: -40px !important;}&#8221;][vc_column_text] Voulez-vous vivre l&#8217;exp\u00e9rience Illycaf\u00e9 \u00e0 100% ? D\u00e9gustez votre caf\u00e9 pr\u00e9f\u00e9r\u00e9 dans nos belles tasses en porcelaine de qualit\u00e9 sup\u00e9rieure. Elles tiennent bien en main, sont r\u00e9sistant au lave-vaisselle et au four micro-ondes. Elles conviennent aussi bien \u00e0 un usage quotidien qu&#8217;\u00e0 des occasions festives. [\/vc_column_text][vc_empty_space height=&#8221;50px&#8221;][\/vc_column][\/vc_row][vc_row equal_height=&#8221;yes&#8221; row_content_width=&#8221;grid&#8221; content_text_aligment=&#8221;center&#8221;][vc_column width=&#8221;1\/3&#8243; css=&#8221;.vc_custom_1667250030903{padding-right: 75px !important;padding-left: 75px !important;}&#8221;][vc_single_image image=&#8221;36620&#8243; img_size=&#8221;large&#8221; alignment=&#8221;center&#8221; onclick=&#8221;custom_link&#8221; link=&#8221;https:\/\/illycafe.ch\/fr\/produit\/set-de-4-tasses-a-espresso-blanches-avec-assiettes\/&#8221;][vc_column_text] Set de 4 tasses \u00e0 [&hellip;]\" \/>\n<meta property=\"og:url\" content=\"https:\/\/illycafe.ch\/fr\/accessoires-illycafe\/\" \/>\n<meta property=\"og:site_name\" content=\"Illycaf\u00e9 | Premium Kaffee kaufen | Gastronomie, Firmen, Privat\" \/>\n<meta property=\"article:modified_time\" content=\"2022-11-11T19:11:17+00:00\" \/>\n<meta name=\"twitter:card\" content=\"summary_large_image\" \/>\n<meta name=\"twitter:label1\" content=\"Dur\u00e9e de lecture estim\u00e9e\" \/>\n\t<meta name=\"twitter:data1\" content=\"3 minutes\" \/>\n<script type=\"application\/ld+json\" class=\"yoast-schema-graph\">{\"@context\":\"https:\\\/\\\/schema.org\",\"@graph\":[{\"@type\":\"WebPage\",\"@id\":\"https:\\\/\\\/illycafe.ch\\\/fr\\\/accessoires-illycafe\\\/\",\"url\":\"https:\\\/\\\/illycafe.ch\\\/fr\\\/accessoires-illycafe\\\/\",\"name\":\"Accessoires Illycaf\u00e9 - Illycaf\u00e9 | Premium Kaffee kaufen | Gastronomie, Firmen, Privat\",\"isPartOf\":{\"@id\":\"https:\\\/\\\/illycafe.ch\\\/#website\"},\"datePublished\":\"2022-10-31T10:11:33+00:00\",\"dateModified\":\"2022-11-11T19:11:17+00:00\",\"breadcrumb\":{\"@id\":\"https:\\\/\\\/illycafe.ch\\\/fr\\\/accessoires-illycafe\\\/#breadcrumb\"},\"inLanguage\":\"fr-FR\",\"potentialAction\":[{\"@type\":\"ReadAction\",\"target\":[\"https:\\\/\\\/illycafe.ch\\\/fr\\\/accessoires-illycafe\\\/\"]}]},{\"@type\":\"BreadcrumbList\",\"@id\":\"https:\\\/\\\/illycafe.ch\\\/fr\\\/accessoires-illycafe\\\/#breadcrumb\",\"itemListElement\":[{\"@type\":\"ListItem\",\"position\":1,\"name\":\"Accueil\",\"item\":\"https:\\\/\\\/illycafe.ch\\\/fr\\\/\"},{\"@type\":\"ListItem\",\"position\":2,\"name\":\"Accessoires Illycaf\u00e9\"}]},{\"@type\":\"WebSite\",\"@id\":\"https:\\\/\\\/illycafe.ch\\\/#website\",\"url\":\"https:\\\/\\\/illycafe.ch\\\/\",\"name\":\"Illycaf\u00e9 | Premium Kaffee kaufen | Gastronomie, Firmen, Privat\",\"description\":\"Italienische Kaffeekultur. Schweizer Qualit\u00e4t.\",\"potentialAction\":[{\"@type\":\"SearchAction\",\"target\":{\"@type\":\"EntryPoint\",\"urlTemplate\":\"https:\\\/\\\/illycafe.ch\\\/?s={search_term_string}\"},\"query-input\":{\"@type\":\"PropertyValueSpecification\",\"valueRequired\":true,\"valueName\":\"search_term_string\"}}],\"inLanguage\":\"fr-FR\"}]}<\/script>\n<!-- \/ Yoast SEO plugin. -->","yoast_head_json":{"title":"Accessoires Illycaf\u00e9 - Illycaf\u00e9 | Premium Kaffee kaufen | Gastronomie, Firmen, Privat","robots":{"index":"index","follow":"follow","max-snippet":"max-snippet:-1","max-image-preview":"max-image-preview:large","max-video-preview":"max-video-preview:-1"},"canonical":"https:\/\/illycafe.ch\/fr\/accessoires-illycafe\/","og_locale":"fr_FR","og_type":"article","og_title":"Accessoires Illycaf\u00e9 - Illycaf\u00e9 | Premium Kaffee kaufen | Gastronomie, Firmen, Privat","og_description":"[vc_row][vc_column][vc_single_image image=&#8221;36754&#8243; alignment=&#8221;center&#8221; css=&#8221;.vc_custom_1668193206286{margin-top: -40px !important;}&#8221;][vc_column_text] Voulez-vous vivre l&#8217;exp\u00e9rience Illycaf\u00e9 \u00e0 100% ? D\u00e9gustez votre caf\u00e9 pr\u00e9f\u00e9r\u00e9 dans nos belles tasses en porcelaine de qualit\u00e9 sup\u00e9rieure. Elles tiennent bien en main, sont r\u00e9sistant au lave-vaisselle et au four micro-ondes. Elles conviennent aussi bien \u00e0 un usage quotidien qu&#8217;\u00e0 des occasions festives. [\/vc_column_text][vc_empty_space height=&#8221;50px&#8221;][\/vc_column][\/vc_row][vc_row equal_height=&#8221;yes&#8221; row_content_width=&#8221;grid&#8221; content_text_aligment=&#8221;center&#8221;][vc_column width=&#8221;1\/3&#8243; css=&#8221;.vc_custom_1667250030903{padding-right: 75px !important;padding-left: 75px !important;}&#8221;][vc_single_image image=&#8221;36620&#8243; img_size=&#8221;large&#8221; alignment=&#8221;center&#8221; onclick=&#8221;custom_link&#8221; link=&#8221;https:\/\/illycafe.ch\/fr\/produit\/set-de-4-tasses-a-espresso-blanches-avec-assiettes\/&#8221;][vc_column_text] Set de 4 tasses \u00e0 [&hellip;]","og_url":"https:\/\/illycafe.ch\/fr\/accessoires-illycafe\/","og_site_name":"Illycaf\u00e9 | Premium Kaffee kaufen | Gastronomie, Firmen, Privat","article_modified_time":"2022-11-11T19:11:17+00:00","twitter_card":"summary_large_image","twitter_misc":{"Dur\u00e9e de lecture estim\u00e9e":"3 minutes"},"schema":{"@context":"https:\/\/schema.org","@graph":[{"@type":"WebPage","@id":"https:\/\/illycafe.ch\/fr\/accessoires-illycafe\/","url":"https:\/\/illycafe.ch\/fr\/accessoires-illycafe\/","name":"Accessoires Illycaf\u00e9 - Illycaf\u00e9 | Premium Kaffee kaufen | Gastronomie, Firmen, Privat","isPartOf":{"@id":"https:\/\/illycafe.ch\/#website"},"datePublished":"2022-10-31T10:11:33+00:00","dateModified":"2022-11-11T19:11:17+00:00","breadcrumb":{"@id":"https:\/\/illycafe.ch\/fr\/accessoires-illycafe\/#breadcrumb"},"inLanguage":"fr-FR","potentialAction":[{"@type":"ReadAction","target":["https:\/\/illycafe.ch\/fr\/accessoires-illycafe\/"]}]},{"@type":"BreadcrumbList","@id":"https:\/\/illycafe.ch\/fr\/accessoires-illycafe\/#breadcrumb","itemListElement":[{"@type":"ListItem","position":1,"name":"Accueil","item":"https:\/\/illycafe.ch\/fr\/"},{"@type":"ListItem","position":2,"name":"Accessoires Illycaf\u00e9"}]},{"@type":"WebSite","@id":"https:\/\/illycafe.ch\/#website","url":"https:\/\/illycafe.ch\/","name":"Illycaf\u00e9 | Premium Kaffee kaufen | Gastronomie, Firmen, Privat","description":"Italienische Kaffeekultur. Schweizer Qualit\u00e4t.","potentialAction":[{"@type":"SearchAction","target":{"@type":"EntryPoint","urlTemplate":"https:\/\/illycafe.ch\/?s={search_term_string}"},"query-input":{"@type":"PropertyValueSpecification","valueRequired":true,"valueName":"search_term_string"}}],"inLanguage":"fr-FR"}]}},"_links":{"self":[{"href":"https:\/\/illycafe.ch\/fr\/wp-json\/wp\/v2\/pages\/36219","targetHints":{"allow":["GET"]}}],"collection":[{"href":"https:\/\/illycafe.ch\/fr\/wp-json\/wp\/v2\/pages"}],"about":[{"href":"https:\/\/illycafe.ch\/fr\/wp-json\/wp\/v2\/types\/page"}],"author":[{"embeddable":true,"href":"https:\/\/illycafe.ch\/fr\/wp-json\/wp\/v2\/users\/4079"}],"replies":[{"embeddable":true,"href":"https:\/\/illycafe.ch\/fr\/wp-json\/wp\/v2\/comments?post=36219"}],"version-history":[{"count":0,"href":"https:\/\/illycafe.ch\/fr\/wp-json\/wp\/v2\/pages\/36219\/revisions"}],"wp:attachment":[{"href":"https:\/\/illycafe.ch\/fr\/wp-json\/wp\/v2\/media?parent=36219"}],"curies":[{"name":"wp","href":"https:\/\/api.w.org\/{rel}","templated":true}]}}