{"id":103555,"date":"2024-07-11T17:22:42","date_gmt":"2024-07-11T15:22:42","guid":{"rendered":"https:\/\/illycafe.ch\/?post_type=product&#038;p=103555"},"modified":"2024-12-05T00:01:22","modified_gmt":"2024-12-04T23:01:22","slug":"mousseur-a-lait-electrique-noir","status":"publish","type":"product","link":"https:\/\/illycafe.ch\/fr\/produit\/mousseur-a-lait-electrique-noir\/","title":{"rendered":"Mousseur \u00c0 Lait \u00c9lectrique Noir"},"content":{"rendered":"<div class=\"wpb-content-wrapper\"><p>[vc_row][vc_column][vc_column_text]Alliant \u00e9l\u00e9gance et design minimaliste, le mousseur \u00e0 lait \u00e9lectrique est id\u00e9al pour pr\u00e9parer vos boissons pr\u00e9f\u00e9r\u00e9es \u00e0 base de lait, qu\u2019elles soient chaudes ou froides. Il est fabriqu\u00e9 en acier inoxydable et dot\u00e9 de commandes tactiles, afin de simplifier et d\u2019am\u00e9liorer l\u2019exp\u00e9rience utilisateur.<\/p>\n<p><strong>Caract\u00e9ristiques principales<\/strong><br \/>\nFormat de caf\u00e9 : Pr\u00e9parations \u00e0 base de lait chaud et froid.<br \/>\nAdapt\u00e9 \u00e0 : Cappuccino, boissons \u00e0 base de lait.<br \/>\nValeur ajout\u00e9e : Objet culte, pr\u00e9paration traditionnelle.[\/vc_column_text][\/vc_column][\/vc_row][vc_row el_class=&#8221;none-sub-products&#8221; el_id=&#8221;sub-product&#8221; css=&#8221;.vc_custom_1723021695272{background-color: #ffffff !important;}&#8221;][vc_column width=&#8221;1\/6&#8243;][\/vc_column][vc_column width=&#8221;2\/3&#8243; css=&#8221;.vc_custom_1722498456585{padding-top: 32px !important;padding-bottom: 32px !important;}&#8221;][vc_column_text]<\/p>\n<h2 style=\"text-align: center; color: #512c1f; font-size: 34; font-family: 'Manrope',sans-serif;\">Caract\u00e9ristiques principales<\/h2>\n<p>[\/vc_column_text][vc_empty_space height=&#8221;35px&#8221;][vc_row_inner el_class=&#8221;row-icons&#8221;][vc_column_inner width=&#8221;1\/3&#8243; css=&#8221;.vc_custom_1723018477715{padding-right: 20px !important;padding-left: 20px !important;}&#8221;][vc_single_image image=&#8221;104445&#8243; img_size=&#8221;60&#215;60&#8243; alignment=&#8221;center&#8221;][vc_column_text]<\/p>\n<h6 style=\"text-align: center;\"><strong>Format de caf\u00e9 :<\/strong><\/h6>\n<p style=\"text-align: center;\">Pr\u00e9parations \u00e0 base de lait chaud et froid<\/p>\n<p>[\/vc_column_text][vc_empty_space height=&#8221;15px&#8221;][\/vc_column_inner][vc_column_inner width=&#8221;1\/3&#8243; css=&#8221;.vc_custom_1723018486731{padding-right: 20px !important;padding-left: 20px !important;}&#8221;][vc_single_image image=&#8221;104388&#8243; img_size=&#8221;60&#215;60&#8243; alignment=&#8221;center&#8221;][vc_column_text]<\/p>\n<h6 style=\"text-align: center;\"><strong>Adapt\u00e9 \u00e0:<\/strong><\/h6>\n<p style=\"text-align: center;\">Cappuccino, boissons \u00e0 base de lait<\/p>\n<p>[\/vc_column_text][vc_empty_space height=&#8221;15px&#8221;][\/vc_column_inner][vc_column_inner width=&#8221;1\/3&#8243; css=&#8221;.vc_custom_1723018493419{padding-right: 20px !important;padding-left: 20px !important;}&#8221;][vc_single_image image=&#8221;104448&#8243; img_size=&#8221;60&#215;60&#8243; alignment=&#8221;center&#8221;][vc_column_text]<\/p>\n<h6 style=\"text-align: center;\"><strong>Valeur ajout\u00e9e<\/strong><\/h6>\n<p style=\"text-align: center;\">Objet culte, pr\u00e9paration traditionnelle<\/p>\n<p>[\/vc_column_text][vc_empty_space height=&#8221;15px&#8221;][\/vc_column_inner][\/vc_row_inner][\/vc_column][vc_column width=&#8221;1\/6&#8243;][\/vc_column][\/vc_row][vc_row el_class=&#8221;none-sub-products&#8221; el_id=&#8221;sub-product-acc&#8221; css=&#8221;.vc_custom_1722497764635{background-color: #f2e9da !important;}&#8221;][vc_column width=&#8221;1\/6&#8243;][\/vc_column][vc_column width=&#8221;2\/3&#8243; css=&#8221;.vc_custom_1722498426609{padding-top: 80px !important;padding-bottom: 80px !important;}&#8221;]<div class=\"eltdf-accordion-holder eltdf-ac-default  eltdf-toggle eltdf-ac-simple  clearfix\">\n\t<h4 class=\"eltdf-accordion-title\">\n    <span class=\"eltdf-accordion-mark\">\n\t\t<span class=\"eltdf_icon_plus icon_plus\"><\/span>\n\t\t<span class=\"eltdf_icon_minus icon_minus-06\"><\/span>\n\t<\/span>\n\t<span class=\"eltdf-tab-title\">D\u00e9tails du produit<\/span>\n<\/h4>\n<div class=\"eltdf-accordion-content\">\n\t<div class=\"eltdf-accordion-content-inner\">\n\t\t[vc_column_text]Alliant \u00e9l\u00e9gance et design minimaliste, le mousseur \u00e0 lait \u00e9lectrique est id\u00e9al pour pr\u00e9parer vos boissons pr\u00e9f\u00e9r\u00e9es \u00e0 base de lait, qu\u2019elles soient chaudes ou froides. Il est fabriqu\u00e9 en acier inoxydable et dot\u00e9 de commandes tactiles, afin de simplifier et d\u2019am\u00e9liorer l\u2019exp\u00e9rience utilisateur.<\/p>\n<p>R\u00e9f\u00e9rence produit : <strong>23760<\/strong>[\/vc_column_text]\t<\/div>\n<\/div><h4 class=\"eltdf-accordion-title\">\n    <span class=\"eltdf-accordion-mark\">\n\t\t<span class=\"eltdf_icon_plus icon_plus\"><\/span>\n\t\t<span class=\"eltdf_icon_minus icon_minus-06\"><\/span>\n\t<\/span>\n\t<span class=\"eltdf-tab-title\">Exp\u00e9dition<\/span>\n<\/h4>\n<div class=\"eltdf-accordion-content\">\n\t<div class=\"eltdf-accordion-content-inner\">\n\t\t[vc_column_text css=&#8221;&#8221;]Livraison, frais de port, modes de paiement<\/p>\n<p><strong>Livraison :<\/strong><\/p>\n<p>Votre commande sera livr\u00e9e rapidement et de mani\u00e8re fiable.<\/p>\n<p>Nous travaillons avec SwissPost.<\/p>\n<p>Avec l&#8217;envoi de la marchandise, le risque est transf\u00e9r\u00e9 \u00e0 l&#8217;acheteur.<\/p>\n<p>Les informations sur la disponibilit\u00e9 et les d\u00e9lais de livraison \u00e9ventuels ne sont pas contraignantes, sauf si elles sont confirm\u00e9es par \u00e9crit par le vendeur.<\/p>\n<p>La livraison se fait soit par poste, soit selon le plan de tourn\u00e9e par camion, uniquement en Suisse.<\/p>\n<p>Le d\u00e9lai de livraison est g\u00e9n\u00e9ralement compris entre 3 et 5 jours. Si le client le demande express\u00e9ment, les commandes peuvent \u00eatre exp\u00e9di\u00e9es par service express ou coursier. Cependant, dans ces cas, les frais d&#8217;envoi seront toujours factur\u00e9s.<\/p>\n<p><strong>Frais de port :<\/strong><\/p>\n<p>Gratuit \u00e0 partir de Fr.100.00<\/p>\n<p>Produits Illy Triest : Fr.10.25\/ TTC et gratuit \u00e0 partir de Fr.100.00<br \/>\nProduits Illy Suisse jusqu&#8217;\u00e0 1,5 kg Fr.9.50 TTC \/ \u00e0 partir de 1,6 kg Fr.10.25 TTC<br \/>\nCapsules 1-7 pcs. Fr. 4.75 TTC<br \/>\nCapsules 8-29 pcs. Fr. 5.40 TTC<br \/>\n\u00c0 partir de 30 capsules, frais de port gratuits<\/p>\n<p>Les bo\u00eetes postales ne sont pas livr\u00e9es.<br \/>\nIllycaf\u00e9 AG d\u00e9cline toute responsabilit\u00e9 en cas de retard de livraison caus\u00e9 par les entreprises de transport ou d&#8217;autres tiers.<\/p>\n<p>Les commandes pass\u00e9es le samedi, dimanche ou jour f\u00e9ri\u00e9 seront trait\u00e9es le jour ouvrable suivant au plus t\u00f4t.<\/p>\n<p>Il peut arriver que la commande soit exp\u00e9di\u00e9e en plusieurs colis qui peuvent arriver \u00e0 des dates diff\u00e9rentes.<\/p>\n<p><strong>Paypal<\/strong><\/p>\n<p>Carte de cr\u00e9dit : VISA, MASTERCARD, AMERICAN EXPRESS<br \/>\n[\/vc_column_text]\t<\/div>\n<\/div><h4 class=\"eltdf-accordion-title\">\n    <span class=\"eltdf-accordion-mark\">\n\t\t<span class=\"eltdf_icon_plus icon_plus\"><\/span>\n\t\t<span class=\"eltdf_icon_minus icon_minus-06\"><\/span>\n\t<\/span>\n\t<span class=\"eltdf-tab-title\">Caract\u00e9ristiques de la machine<\/span>\n<\/h4>\n<div class=\"eltdf-accordion-content\">\n\t<div class=\"eltdf-accordion-content-inner\">\n\t\t[vc_row_inner][vc_column_inner width=&#8221;1\/2&#8243;][vc_raw_html]JTNDdGFibGUlM0UlMEElMDklM0N0Ym9keSUzRSUwQSUwOSUwOSUzQ3RyJTNFJTBBJTA5JTA5JTA5JTNDdGQlM0UlM0NzdHJvbmclM0VMb25ndWV1ciUyMGR1JTIwYyVDMyVBMmJsZSUzQyUyRnN0cm9uZyUzRSUzQyUyRnRkJTNFJTBBJTA5JTA5JTA5JTNDdGQlM0UwJTJDNzVtJTNDJTJGdGQlM0UlMEElMDklMDklM0MlMkZ0ciUzRSUwQSUwOSUwOSUwOSUzQ3RkJTNFJTNDc3Ryb25nJTNFRGltZW5zaW9ucyUzQyUyRnN0cm9uZyUzRSUzQyUyRnRkJTNFJTBBJTA5JTA5JTA5JTNDdGQlM0UlMjhjbSUyOSUyMDE1JTJDNSUyMHglMjAxMiUyMHglMjAxOCUyQzclM0MlMkZ0ZCUzRSUwQSUwOSUwOSUzQyUyRnRyJTNFJTBBJTA5JTA5JTNDdHIlM0UlMEElMDklMDklMDklM0N0ZCUzRSUzQ3N0cm9uZyUzRUNoYXVmZmUtdGFzc2UlM0MlMkZzdHJvbmclM0UlM0MlMkZ0ZCUzRSUwQSUwOSUwOSUwOSUzQ3RkJTNFJTNDJTJGdGQlM0UlMEElMDklMDklM0MlMkZ0ciUzRSUwQSUwOSUwOSUzQ3RyJTNFJTBBJTA5JTA5JTA5JTNDdGQlM0UlM0NzdHJvbmclM0VHYXJhbnRpZSUzQyUyRnN0cm9uZyUzRSUzQyUyRnRkJTNFJTBBJTA5JTA5JTA5JTNDdGQlM0UyJTIwYW5zJTNDJTJGdGQlM0UlMEElMDklMDklM0MlMkZ0ciUzRSUwQSUwOSUwOSUzQ3RyJTNFJTBBJTA5JTA5JTA5JTNDdGQlM0UlM0NzdHJvbmclM0VNYXQlQzMlQTlyaWF1JTNDJTJGc3Ryb25nJTNFJTNDJTJGdGQlM0UlMEElMDklMDklMDklM0N0ZCUzRVN0YWlubGVzcyUyMFN0ZWVsJTIwUGFpbnRlZCUzQyUyRnRkJTNFJTBBJTA5JTA5JTNDJTJGdHIlM0UlMEElMDklM0MlMkZ0Ym9keSUzRSUwQSUzQyUyRnRhYmxlJTNF[\/vc_raw_html][\/vc_column_inner][vc_column_inner width=&#8221;1\/2&#8243;][vc_raw_html]JTNDdGFibGUlM0UlMEElMDklM0N0Ym9keSUzRSUwQSUwOSUwOSUzQ3RyJTNFJTBBJTA5JTA5JTA5JTNDdGQlM0UlM0NzdHJvbmclM0VGb25jdGlvbnMlM0MlMkZzdHJvbmclM0UlM0MlMkZ0ZCUzRSUwQSUwOSUwOSUwOSUzQ3RkJTNFJTNDJTJGdGQlM0UlMEElMDklMDklM0MlMkZ0ciUzRSUwQSUwOSUwOSUzQ3RyJTNFJTBBJTA5JTA5JTA5JTNDdGQlM0UlM0NzdHJvbmclM0VDb250ciVDMyVCNGxlJTIwZHUlMjB2b2x1bWUlM0MlMkZzdHJvbmclM0UlM0MlMkZ0ZCUzRSUwQSUwOSUwOSUwOSUzQ3RkJTNFJTNDJTJGdGQlM0UlMEElMDklMDklM0MlMkZ0ciUzRSUwQSUwOSUwOSUzQ3RyJTNFJTBBJTA5JTA5JTA5JTNDdGQlM0UlM0NzdHJvbmclM0VUYWlsbGUlMjBkZXMlMjB0YXNzZXMlMjByJUMzJUE5Z2xhYmxlJTNDJTJGc3Ryb25nJTNFJTNDJTJGdGQlM0UlMEElMDklMDklMDklM0N0ZCUzRSUzQyUyRnRkJTNFJTBBJTA5JTA5JTNDJTJGdHIlM0UlMEElMDklMDklM0N0ciUzRSUwQSUwOSUwOSUwOSUzQ3RkJTNFJTNDc3Ryb25nJTNFVGVuc2lvbiUzQyUyRnN0cm9uZyUzRSUzQyUyRnRkJTNFJTBBJTA5JTA5JTA5JTNDdGQlM0UyMzAlMjBWJTNDJTJGdGQlM0UlMEElMDklMDklM0MlMkZ0ciUzRSUwQSUwOSUwOSUzQ3RyJTNFJTBBJTA5JTA5JTA5JTNDdGQlM0UlM0NzdHJvbmclM0UlQzMlODljb25vbWllJTIwZCVFMiU4MCU5OSVDMyVBOW5lcmdpZSUzQyUyRnN0cm9uZyUzRSUzQyUyRnRkJTNFJTBBJTA5JTA5JTA5JTNDdGQlM0UlM0MlMkZ0ZCUzRSUwQSUwOSUwOSUzQyUyRnRyJTNFJTBBJTA5JTNDJTJGdGJvZHklM0UlMEElM0MlMkZ0YWJsZSUzRQ==[\/vc_raw_html][\/vc_column_inner][\/vc_row_inner]\t<\/div>\n<\/div><\/div>[\/vc_column][vc_column width=&#8221;1\/6&#8243;][\/vc_column][\/vc_row][vc_row el_class=&#8221;none-sub-products&#8221;][vc_column css=&#8221;.vc_custom_1724749677823{margin-top: 0px !important;padding-top: 0px !important;}&#8221;][vc_column_text]<div data-post-id=\"185417\" class=\"insert-page insert-page-185417 \"><style type=\"text\/css\" data-type=\"vc_custom-css\">div#illy-banner-13 .titol-banner h4 {\r\n    font-size: 38px;\r\n    font-family: &#039;Manrope&#039;, sans-serif;\r\n    color: #fff !important;\r\n    font-weight: 500;\r\n    margin-top: 0px !important;\r\n    letter-spacing: 0px;\r\n}<\/style><style type=\"text\/css\" data-type=\"vc_shortcodes-custom-css\">.vc_custom_1725011806390{padding-top: 300px !important;padding-bottom: 300px !important;background-image: url(https:\/\/illycafe.ch\/wp-content\/uploads\/img_01@2x-2-scaled.jpg?id=185419) !important;background-position: center !important;background-repeat: no-repeat !important;background-size: cover !important;}.vc_custom_1722931185055{margin-top: 0px !important;margin-bottom: 0px !important;margin-left: 0px !important;padding-top: 0px !important;padding-right: 0px !important;padding-bottom: 0px !important;padding-left: 0px !important;}<\/style><div class=\"wpb-content-wrapper\"><p>[vc_row full_width=&#8221;stretch_row_content_no_spaces&#8221; css=&#8221;.vc_custom_1725011806390{padding-top: 300px !important;padding-bottom: 300px !important;background-image: url(https:\/\/illycafe.ch\/wp-content\/uploads\/img_01@2x-2-scaled.jpg?id=185419) !important;background-position: center center;background-repeat: no-repeat !important;background-size: cover !important;}&#8221; el_id=&#8221;illy-banner-13&#8243;][vc_column css=&#8221;.vc_custom_1722931185055{margin-top: 0px !important;margin-bottom: 0px !important;margin-left: 0px !important;padding-top: 0px !important;padding-right: 0px !important;padding-bottom: 0px !important;padding-left: 0px !important;}&#8221;][vc_row_inner][vc_column_inner width=&#8221;1\/4&#8243;][\/vc_column_inner][vc_column_inner width=&#8221;1\/2&#8243;][vc_column_text el_class=&#8221;titol-banner&#8221;]<\/p>\n<h4 style=\"text-align: center;\">Un design \u00e9l\u00e9gant en acier inoxydable pour une touche de style et de cr\u00e9ativit\u00e9<\/h4>\n<p>[\/vc_column_text][vc_raw_html]JTNDYSUyMGNsYXNzJTNEJTIyYnV0dG9uLWhvdmVyLXJlZCUyMiUzRSUzQ2J1dHRvbiUzRUFjaGV0ZXIlM0MlMkZidXR0b24lM0UlM0MlMkZhJTNF[\/vc_raw_html][\/vc_column_inner][vc_column_inner width=&#8221;1\/4&#8243;][\/vc_column_inner][\/vc_row_inner][\/vc_column][\/vc_row]<\/p>\n<\/div><\/div>[\/vc_column_text][\/vc_column][\/vc_row][vc_row el_class=&#8221;none-sub-products&#8221;][vc_column css=&#8221;.vc_custom_1724749677823{margin-top: 0px !important;padding-top: 0px !important;}&#8221;][vc_column_text]<div data-post-id=\"185093\" class=\"insert-page insert-page-185093 \"><style type=\"text\/css\" data-type=\"vc_custom-css\">div#illy-banner .titol-banner h4 {\r\n    font-size: 38px;\r\n    font-family: &#039;Manrope&#039;, sans-serif;\r\n    color: #512c1f !important;\r\n    font-weight: 500;\r\n    margin-top: 0px !important;\r\n    letter-spacing: 0px;\r\n    margin-bottom:30px;\r\n}\r\n\r\ndiv#illy-banner .titol-banner p {\r\n    font-size: 16px;\r\n    font-family: &#039;Manrope&#039;, sans-serif;\r\n    color: #512c1f !important;\r\n    font-weight: 500;\r\n    margin-top: 0px !important;\r\n    letter-spacing: 0px;\r\n    margin-bottom:40px;\r\n}\r\n\r\ndiv#illy-banner a.button-sub-product{\r\n    display:block;\r\n    margin:auto;\r\n}<\/style><style type=\"text\/css\" data-type=\"vc_shortcodes-custom-css\">.vc_custom_1728643257102{padding-top: 70px !important;padding-bottom: 70px !important;background-position: center !important;background-repeat: no-repeat !important;background-size: cover !important;}.vc_custom_1722931185055{margin-top: 0px !important;margin-bottom: 0px !important;margin-left: 0px !important;padding-top: 0px !important;padding-right: 0px !important;padding-bottom: 0px !important;padding-left: 0px !important;}.vc_custom_1724752065340{padding-right: 30px !important;padding-left: 30px !important;}<\/style><div class=\"wpb-content-wrapper\"><p>[vc_row full_width=&#8221;stretch_row_content_no_spaces&#8221; disable_element=&#8221;yes&#8221; css=&#8221;.vc_custom_1728643257102{padding-top: 70px !important;padding-bottom: 70px !important;background-position: center center;background-repeat: no-repeat !important;background-size: cover !important;}&#8221; el_id=&#8221;illy-banner&#8221;][vc_column width=&#8221;1\/12&#8243; css=&#8221;.vc_custom_1722931185055{margin-top: 0px !important;margin-bottom: 0px !important;margin-left: 0px !important;padding-top: 0px !important;padding-right: 0px !important;padding-bottom: 0px !important;padding-left: 0px !important;}&#8221;][\/vc_column][vc_column width=&#8221;10\/12&#8243;][vc_row_inner content_placement=&#8221;middle&#8221;][vc_column_inner width=&#8221;1\/2&#8243; css=&#8221;.vc_custom_1724752065340{padding-right: 30px !important;padding-left: 30px !important;}&#8221;][vc_column_text el_class=&#8221;titol-banner&#8221;]<\/p>\n<h4 style=\"text-align: center;\">Un maximum de plaisir en<br \/>\nseulement quelques \u00e9tapes<\/h4>\n<p style=\"text-align: center;\">Tout ce que vous devez savoir pour profiter pleinement de votre<br \/>\nmachine \u00e0 caf\u00e9<\/p>\n<p>[\/vc_column_text][vc_raw_html]JTNDYSUyMGNsYXNzJTNEJTIyYnV0dG9uLXN1Yi1wcm9kdWN0JTIyJTIwc3R5bGUlM0QlMjJ0ZXh0LWFsaWduJTNBY2VudGVyJTNCJTIyJTNFJTNDYnV0dG9uJTNFRCVDMyVBOWNvdXZyaXIlMjBsZXMlMjB0dXRvcmllbHMlM0MlMkZidXR0b24lM0UlM0MlMkZhJTNF[\/vc_raw_html][\/vc_column_inner][vc_column_inner width=&#8221;1\/2&#8243;][vc_single_image image=&#8221;185095&#8243; img_size=&#8221;full&#8221;][\/vc_column_inner][\/vc_row_inner][\/vc_column][vc_column width=&#8221;1\/12&#8243;][\/vc_column][\/vc_row]<\/p>\n<\/div><\/div>[\/vc_column_text][\/vc_column][\/vc_row]<\/p>\n<\/div>","protected":false},"excerpt":{"rendered":"<p>[vc_row][vc_column][vc_column_text]Alliant \u00e9l\u00e9gance et design minimaliste, le mousseur \u00e0 lait \u00e9lectrique est id\u00e9al pour pr\u00e9parer vos boissons pr\u00e9f\u00e9r\u00e9es \u00e0 base de lait, qu\u2019elles soient chaudes ou froides. Il est fabriqu\u00e9 en acier inoxydable et dot\u00e9 de commandes tactiles, afin de simplifier et d\u2019am\u00e9liorer l\u2019exp\u00e9rience utilisateur. Caract\u00e9ristiques principales Format de caf\u00e9 : Pr\u00e9parations \u00e0 base de lait chaud et froid. Adapt\u00e9 \u00e0 : Cappuccino, boissons \u00e0 base de lait. Valeur ajout\u00e9e : Objet culte, [&hellip;]<\/p>\n","protected":false},"featured_media":185425,"comment_status":"closed","ping_status":"closed","template":"","meta":{"inline_featured_image":false},"product_cat":[1265,1395,1109],"product_tag":[],"class_list":{"0":"post-103555","1":"product","2":"type-product","3":"status-publish","4":"has-post-thumbnail","6":"product_cat-mousseur-a-lait","7":"product_cat-bluk-cupons-coffee-machine-fr","8":"product_cat-machines-a-cafe","10":"first","11":"instock","12":"taxable","13":"shipping-taxable","14":"purchasable","15":"product-type-simple"},"yoast_head":"<!-- This site is optimized with the Yoast SEO plugin v27.5 - https:\/\/yoast.com\/product\/yoast-seo-wordpress\/ -->\n<title>Mousseur \u00c0 Lait \u00c9lectrique Noir - Illycaf\u00e9 | Premium Kaffee kaufen | Gastronomie, Firmen, Privat<\/title>\n<meta name=\"robots\" content=\"index, follow, max-snippet:-1, max-image-preview:large, max-video-preview:-1\" \/>\n<link rel=\"canonical\" href=\"https:\/\/illycafe.ch\/fr\/produit\/mousseur-a-lait-electrique-noir\/\" \/>\n<meta property=\"og:locale\" content=\"fr_FR\" \/>\n<meta property=\"og:type\" content=\"article\" \/>\n<meta property=\"og:title\" content=\"Mousseur \u00c0 Lait \u00c9lectrique Noir - Illycaf\u00e9 | Premium Kaffee kaufen | Gastronomie, Firmen, Privat\" \/>\n<meta property=\"og:description\" content=\"[vc_row][vc_column][vc_column_text]Alliant \u00e9l\u00e9gance et design minimaliste, le mousseur \u00e0 lait \u00e9lectrique est id\u00e9al pour pr\u00e9parer vos boissons pr\u00e9f\u00e9r\u00e9es \u00e0 base de lait, qu\u2019elles soient chaudes ou froides. Il est fabriqu\u00e9 en acier inoxydable et dot\u00e9 de commandes tactiles, afin de simplifier et d\u2019am\u00e9liorer l\u2019exp\u00e9rience utilisateur. Caract\u00e9ristiques principales Format de caf\u00e9 : Pr\u00e9parations \u00e0 base de lait chaud et froid. Adapt\u00e9 \u00e0 : Cappuccino, boissons \u00e0 base de lait. Valeur ajout\u00e9e : Objet culte, [&hellip;]\" \/>\n<meta property=\"og:url\" content=\"https:\/\/illycafe.ch\/fr\/produit\/mousseur-a-lait-electrique-noir\/\" \/>\n<meta property=\"og:site_name\" content=\"Illycaf\u00e9 | Premium Kaffee kaufen | Gastronomie, Firmen, Privat\" \/>\n<meta property=\"article:modified_time\" content=\"2024-12-04T23:01:22+00:00\" \/>\n<meta property=\"og:image\" content=\"https:\/\/illycafe.ch\/wp-content\/uploads\/23760_High_1x_01.png\" \/>\n\t<meta property=\"og:image:width\" content=\"700\" \/>\n\t<meta property=\"og:image:height\" content=\"770\" \/>\n\t<meta property=\"og:image:type\" content=\"image\/png\" \/>\n<meta name=\"twitter:card\" content=\"summary_large_image\" \/>\n<meta name=\"twitter:label1\" content=\"Dur\u00e9e de lecture estim\u00e9e\" \/>\n\t<meta name=\"twitter:data1\" content=\"3 minutes\" \/>\n<script type=\"application\/ld+json\" class=\"yoast-schema-graph\">{\"@context\":\"https:\\\/\\\/schema.org\",\"@graph\":[{\"@type\":\"WebPage\",\"@id\":\"https:\\\/\\\/illycafe.ch\\\/fr\\\/produit\\\/mousseur-a-lait-electrique-noir\\\/\",\"url\":\"https:\\\/\\\/illycafe.ch\\\/fr\\\/produit\\\/mousseur-a-lait-electrique-noir\\\/\",\"name\":\"Mousseur \u00c0 Lait \u00c9lectrique Noir - Illycaf\u00e9 | Premium Kaffee kaufen | Gastronomie, Firmen, Privat\",\"isPartOf\":{\"@id\":\"https:\\\/\\\/illycafe.ch\\\/#website\"},\"primaryImageOfPage\":{\"@id\":\"https:\\\/\\\/illycafe.ch\\\/fr\\\/produit\\\/mousseur-a-lait-electrique-noir\\\/#primaryimage\"},\"image\":{\"@id\":\"https:\\\/\\\/illycafe.ch\\\/fr\\\/produit\\\/mousseur-a-lait-electrique-noir\\\/#primaryimage\"},\"thumbnailUrl\":\"https:\\\/\\\/illycafe.ch\\\/wp-content\\\/uploads\\\/23760_High_1x_01.png\",\"datePublished\":\"2024-07-11T15:22:42+00:00\",\"dateModified\":\"2024-12-04T23:01:22+00:00\",\"breadcrumb\":{\"@id\":\"https:\\\/\\\/illycafe.ch\\\/fr\\\/produit\\\/mousseur-a-lait-electrique-noir\\\/#breadcrumb\"},\"inLanguage\":\"fr-FR\",\"potentialAction\":[{\"@type\":\"ReadAction\",\"target\":[\"https:\\\/\\\/illycafe.ch\\\/fr\\\/produit\\\/mousseur-a-lait-electrique-noir\\\/\"]}]},{\"@type\":\"ImageObject\",\"inLanguage\":\"fr-FR\",\"@id\":\"https:\\\/\\\/illycafe.ch\\\/fr\\\/produit\\\/mousseur-a-lait-electrique-noir\\\/#primaryimage\",\"url\":\"https:\\\/\\\/illycafe.ch\\\/wp-content\\\/uploads\\\/23760_High_1x_01.png\",\"contentUrl\":\"https:\\\/\\\/illycafe.ch\\\/wp-content\\\/uploads\\\/23760_High_1x_01.png\",\"width\":700,\"height\":770},{\"@type\":\"BreadcrumbList\",\"@id\":\"https:\\\/\\\/illycafe.ch\\\/fr\\\/produit\\\/mousseur-a-lait-electrique-noir\\\/#breadcrumb\",\"itemListElement\":[{\"@type\":\"ListItem\",\"position\":1,\"name\":\"Accueil\",\"item\":\"https:\\\/\\\/illycafe.ch\\\/fr\\\/\"},{\"@type\":\"ListItem\",\"position\":2,\"name\":\"Boutique\",\"item\":\"https:\\\/\\\/illycafe.ch\\\/fr\\\/boutique\\\/\"},{\"@type\":\"ListItem\",\"position\":3,\"name\":\"Mousseur \u00c0 Lait \u00c9lectrique Noir\"}]},{\"@type\":\"WebSite\",\"@id\":\"https:\\\/\\\/illycafe.ch\\\/#website\",\"url\":\"https:\\\/\\\/illycafe.ch\\\/\",\"name\":\"Illycaf\u00e9 | Premium Kaffee kaufen | Gastronomie, Firmen, Privat\",\"description\":\"Italienische Kaffeekultur. Schweizer Qualit\u00e4t.\",\"potentialAction\":[{\"@type\":\"SearchAction\",\"target\":{\"@type\":\"EntryPoint\",\"urlTemplate\":\"https:\\\/\\\/illycafe.ch\\\/?s={search_term_string}\"},\"query-input\":{\"@type\":\"PropertyValueSpecification\",\"valueRequired\":true,\"valueName\":\"search_term_string\"}}],\"inLanguage\":\"fr-FR\"}]}<\/script>\n<!-- \/ Yoast SEO plugin. -->","yoast_head_json":{"title":"Mousseur \u00c0 Lait \u00c9lectrique Noir - Illycaf\u00e9 | Premium Kaffee kaufen | Gastronomie, Firmen, Privat","robots":{"index":"index","follow":"follow","max-snippet":"max-snippet:-1","max-image-preview":"max-image-preview:large","max-video-preview":"max-video-preview:-1"},"canonical":"https:\/\/illycafe.ch\/fr\/produit\/mousseur-a-lait-electrique-noir\/","og_locale":"fr_FR","og_type":"article","og_title":"Mousseur \u00c0 Lait \u00c9lectrique Noir - Illycaf\u00e9 | Premium Kaffee kaufen | Gastronomie, Firmen, Privat","og_description":"[vc_row][vc_column][vc_column_text]Alliant \u00e9l\u00e9gance et design minimaliste, le mousseur \u00e0 lait \u00e9lectrique est id\u00e9al pour pr\u00e9parer vos boissons pr\u00e9f\u00e9r\u00e9es \u00e0 base de lait, qu\u2019elles soient chaudes ou froides. Il est fabriqu\u00e9 en acier inoxydable et dot\u00e9 de commandes tactiles, afin de simplifier et d\u2019am\u00e9liorer l\u2019exp\u00e9rience utilisateur. Caract\u00e9ristiques principales Format de caf\u00e9 : Pr\u00e9parations \u00e0 base de lait chaud et froid. Adapt\u00e9 \u00e0 : Cappuccino, boissons \u00e0 base de lait. Valeur ajout\u00e9e : Objet culte, [&hellip;]","og_url":"https:\/\/illycafe.ch\/fr\/produit\/mousseur-a-lait-electrique-noir\/","og_site_name":"Illycaf\u00e9 | Premium Kaffee kaufen | Gastronomie, Firmen, Privat","article_modified_time":"2024-12-04T23:01:22+00:00","og_image":[{"width":700,"height":770,"url":"https:\/\/illycafe.ch\/wp-content\/uploads\/23760_High_1x_01.png","type":"image\/png"}],"twitter_card":"summary_large_image","twitter_misc":{"Dur\u00e9e de lecture estim\u00e9e":"3 minutes"},"schema":{"@context":"https:\/\/schema.org","@graph":[{"@type":"WebPage","@id":"https:\/\/illycafe.ch\/fr\/produit\/mousseur-a-lait-electrique-noir\/","url":"https:\/\/illycafe.ch\/fr\/produit\/mousseur-a-lait-electrique-noir\/","name":"Mousseur \u00c0 Lait \u00c9lectrique Noir - Illycaf\u00e9 | Premium Kaffee kaufen | Gastronomie, Firmen, Privat","isPartOf":{"@id":"https:\/\/illycafe.ch\/#website"},"primaryImageOfPage":{"@id":"https:\/\/illycafe.ch\/fr\/produit\/mousseur-a-lait-electrique-noir\/#primaryimage"},"image":{"@id":"https:\/\/illycafe.ch\/fr\/produit\/mousseur-a-lait-electrique-noir\/#primaryimage"},"thumbnailUrl":"https:\/\/illycafe.ch\/wp-content\/uploads\/23760_High_1x_01.png","datePublished":"2024-07-11T15:22:42+00:00","dateModified":"2024-12-04T23:01:22+00:00","breadcrumb":{"@id":"https:\/\/illycafe.ch\/fr\/produit\/mousseur-a-lait-electrique-noir\/#breadcrumb"},"inLanguage":"fr-FR","potentialAction":[{"@type":"ReadAction","target":["https:\/\/illycafe.ch\/fr\/produit\/mousseur-a-lait-electrique-noir\/"]}]},{"@type":"ImageObject","inLanguage":"fr-FR","@id":"https:\/\/illycafe.ch\/fr\/produit\/mousseur-a-lait-electrique-noir\/#primaryimage","url":"https:\/\/illycafe.ch\/wp-content\/uploads\/23760_High_1x_01.png","contentUrl":"https:\/\/illycafe.ch\/wp-content\/uploads\/23760_High_1x_01.png","width":700,"height":770},{"@type":"BreadcrumbList","@id":"https:\/\/illycafe.ch\/fr\/produit\/mousseur-a-lait-electrique-noir\/#breadcrumb","itemListElement":[{"@type":"ListItem","position":1,"name":"Accueil","item":"https:\/\/illycafe.ch\/fr\/"},{"@type":"ListItem","position":2,"name":"Boutique","item":"https:\/\/illycafe.ch\/fr\/boutique\/"},{"@type":"ListItem","position":3,"name":"Mousseur \u00c0 Lait \u00c9lectrique Noir"}]},{"@type":"WebSite","@id":"https:\/\/illycafe.ch\/#website","url":"https:\/\/illycafe.ch\/","name":"Illycaf\u00e9 | Premium Kaffee kaufen | Gastronomie, Firmen, Privat","description":"Italienische Kaffeekultur. Schweizer Qualit\u00e4t.","potentialAction":[{"@type":"SearchAction","target":{"@type":"EntryPoint","urlTemplate":"https:\/\/illycafe.ch\/?s={search_term_string}"},"query-input":{"@type":"PropertyValueSpecification","valueRequired":true,"valueName":"search_term_string"}}],"inLanguage":"fr-FR"}]}},"_links":{"self":[{"href":"https:\/\/illycafe.ch\/fr\/wp-json\/wp\/v2\/product\/103555","targetHints":{"allow":["GET"]}}],"collection":[{"href":"https:\/\/illycafe.ch\/fr\/wp-json\/wp\/v2\/product"}],"about":[{"href":"https:\/\/illycafe.ch\/fr\/wp-json\/wp\/v2\/types\/product"}],"replies":[{"embeddable":true,"href":"https:\/\/illycafe.ch\/fr\/wp-json\/wp\/v2\/comments?post=103555"}],"wp:featuredmedia":[{"embeddable":true,"href":"https:\/\/illycafe.ch\/fr\/wp-json\/wp\/v2\/media\/185425"}],"wp:attachment":[{"href":"https:\/\/illycafe.ch\/fr\/wp-json\/wp\/v2\/media?parent=103555"}],"wp:term":[{"taxonomy":"product_cat","embeddable":true,"href":"https:\/\/illycafe.ch\/fr\/wp-json\/wp\/v2\/product_cat?post=103555"},{"taxonomy":"product_tag","embeddable":true,"href":"https:\/\/illycafe.ch\/fr\/wp-json\/wp\/v2\/product_tag?post=103555"}],"curies":[{"name":"wp","href":"https:\/\/api.w.org\/{rel}","templated":true}]}}