{"id":192230,"date":"2024-12-10T11:13:07","date_gmt":"2024-12-10T10:13:07","guid":{"rendered":"https:\/\/illycafe.ch\/?post_type=product&#038;p=192230"},"modified":"2024-12-10T11:21:11","modified_gmt":"2024-12-10T10:21:11","slug":"travel-mug-illy-da-350-ml","status":"publish","type":"product","link":"https:\/\/illycafe.ch\/fr\/produit\/travel-mug-illy-da-350-ml\/","title":{"rendered":"Travel mug illy da 350 ml"},"content":{"rendered":"<div class=\"wpb-content-wrapper\"><p>[vc_row][vc_column][\/vc_column][\/vc_row][vc_row el_class=&#8221;none-sub-products&#8221; el_id=&#8221;sub-product-acc&#8221; css=&#8221;.vc_custom_1722497764635{background-color: #f2e9da !important;}&#8221;][vc_column width=&#8221;1\/6&#8243;][\/vc_column][vc_column width=&#8221;2\/3&#8243; css=&#8221;.vc_custom_1722498426609{padding-top: 80px !important;padding-bottom: 80px !important;}&#8221;]<div class=\"eltdf-accordion-holder eltdf-ac-default  eltdf-toggle eltdf-ac-simple  clearfix\">\n\t<h4 class=\"eltdf-accordion-title\">\n    <span class=\"eltdf-accordion-mark\">\n\t\t<span class=\"eltdf_icon_plus icon_plus\"><\/span>\n\t\t<span class=\"eltdf_icon_minus icon_minus-06\"><\/span>\n\t<\/span>\n\t<span class=\"eltdf-tab-title\">D\u00e9tails du produit<\/span>\n<\/h4>\n<div class=\"eltdf-accordion-content\">\n\t<div class=\"eltdf-accordion-content-inner\">\n\t\t[vc_column_text css=&#8221;&#8221;][\/vc_column_text][vc_raw_html el_id=&#8221;btn-show&#8221;]JTNDYSUyMGNsYXNzJTNEJTIyYnV0dG9uLXN1Yi1wcm9kdWN0JTIyJTNFJTNDYnV0dG9uJTIwaWQlM0QlMjJidG4tc2hvdyUyMiUzRUluZm9ybWF0aW9ucyUyMG9ibGlnYXRvaXJlcyUzQyUyRmJ1dHRvbiUzRSUzQyUyRmElM0U=[\/vc_raw_html][vc_row_inner el_id=&#8221;table-show&#8221; css=&#8221;.vc_custom_1724745708717{margin-top: 30px !important;}&#8221;][vc_column_inner width=&#8221;1\/2&#8243;][vc_raw_html]JTNDdGFibGUlM0UlMEElMDklM0N0Ym9keSUzRSUwQSUwOSUwOSUzQ3RyJTNFJTBBJTA5JTA5JTA5JTNDdGQlM0UlM0NzdHJvbmclM0VDb2QuJTIwRUFDSCUzQyUyRnN0cm9uZyUzRSUzQyUyRnRkJTNFJTBBJTA5JTA5JTA5JTNDdGQlMjBjbGFzcyUzRCUyMnJpZ2h0JTIyJTNFNzk5ME1FJTNDJTJGdGQlM0UlMEElMDklMDklM0MlMkZ0ciUzRSUwQSUwOSUwOSUzQ3RyJTNFJTBBJTA5JTA5JTA5JTNDdGQlM0UlM0NzdHJvbmclM0VEJUMzJUE5bm9taW5hdGlvbiUzQyUyRnN0cm9uZyUzRSUzQyUyRnRkJTNFJTBBJTA5JTA5JTA5JTNDdGQlMjBjbGFzcyUzRCUyMnJpZ2h0JTIyJTNFQ2FmJUMzJUE5JTIwZW4lMjBjYXBzdWxlJTIwSXBlcmVzcHJlc3NvJTIwdG9yciVDMyVBOWZhY3Rpb24lMjBjbGFzc2lxdWUlM0MlMkZ0ZCUzRSUwQSUwOSUwOSUzQyUyRnRyJTNFJTBBJTA5JTA5JTNDdHIlM0UlMEElMDklMDklMDklM0N0ZCUzRSUzQ3N0cm9uZyUzRUQlQzMlQTlub21pbmF0aW9uJTIwZGUlMjBsYSUyMGRlbnIlQzMlQTllJTIwYWxpbWVudGFpcmUlM0MlMkZzdHJvbmclM0UlM0MlMkZ0ZCUzRSUwQSUwOSUwOSUwOSUzQ3RkJTIwY2xhc3MlM0QlMjJyaWdodCUyMiUzRUNhcHN1bGVzJTIwbW9ub2Rvc2UlMjBkZSUyMGNhZiVDMyVBOSUyMHRvcnIlQzMlQTlmaSVDMyVBOSUyMG1vdWx1JTNDJTJGdGQlM0UlMEElMDklMDklM0MlMkZ0ciUzRSUwQSUwOSUwOSUzQ3RyJTNFJTBBJTA5JTA5JTA5JTNDdGQlM0UlM0NzdHJvbmclM0VMaXN0ZSUyMGRlcyUyMGluZ3IlQzMlQTlkaWVudHMlM0MlMkZzdHJvbmclM0UlM0MlMkZ0ZCUzRSUwQSUwOSUwOSUwOSUzQ3RkJTIwY2xhc3MlM0QlMjJyaWdodCUyMiUzRWNhZiVDMyVBOSUyMEFyYWJpY2ElMjAlQzMlQTAlMjAxMDAlMjUuJTNDJTJGdGQlM0UlMEElMDklMDklM0MlMkZ0ciUzRSUwQSUwOSUwOSUzQ3RyJTNFJTBBJTA5JTA5JTA5JTNDdGQlM0UlM0NzdHJvbmclM0VMaXN0ZSUyMGRlcyUyMGFsbGVyZyVDMyVBOG5lcyUzQyUyRnN0cm9uZyUzRSUzQyUyRnRkJTNFJTBBJTA5JTA5JTA5JTNDdGQlMjBjbGFzcyUzRCUyMnJpZ2h0JTIyJTNFbi5hLiUzQyUyRnRkJTNFJTBBJTA5JTA5JTNDJTJGdHIlM0UlMEElMDklMDklM0N0ciUzRSUwQSUwOSUwOSUwOSUzQ3RkJTNFJTNDc3Ryb25nJTNFUXVhbnRpdCVDMyVBOSUyMGRlJTIwY2VydGFpbnMlMjBpbmdyJUMzJUE5ZGllbnRzJTNDJTJGc3Ryb25nJTNFJTNDJTJGdGQlM0UlMEElMDklMDklMDklM0N0ZCUyMGNsYXNzJTNEJTIycmlnaHQlMjIlM0VuLmEuJTNDJTJGdGQlM0UlMEElMDklMDklM0MlMkZ0ciUzRSUwQSUwOSUwOSUzQ3RyJTNFJTBBJTA5JTA5JTA5JTNDdGQlM0UlM0NzdHJvbmclM0VRdWFudGl0JUMzJUE5JTIwbmV0dGUlMjBkZSUyMGRlbnIlQzMlQTllJTIwYWxpbWVudGFpcmUlM0MlMkZzdHJvbmclM0UlM0MlMkZ0ZCUzRSUwQSUwOSUwOSUwOSUzQ3RkJTIwY2xhc3MlM0QlMjJyaWdodCUyMiUzRTEyMCUyQzZnJTNDJTJGdGQlM0UlMEElMDklMDklM0MlMkZ0ciUzRSUwQSUwOSUwOSUzQ3RyJTNFJTBBJTA5JTA5JTA5JTNDdGQlM0UlM0NzdHJvbmclM0VMZXMlMjBjb25kaXRpb25zJTIwcGFydGljdWxpJUMzJUE4cmVzJTIwZGUlMjBjb25zZXJ2YXRpb24lMjBldCUyRm91JTIwZCVFMiU4MCU5OXV0aWxpc2F0aW9uJTNDJTJGc3Ryb25nJTNFJTNDJTJGdGQlM0UlMEElMDklMDklMDklM0N0ZCUyMGNsYXNzJTNEJTIycmlnaHQlMjIlM0VDb25zZXJ2ZXIlMjBkYW5zJTIwdW4lMjBlbmRyb2l0JTIwc2VjJTJDJTIwcHJvcHJlJTIwZXQlMjBiaWVuJTIwYSVDMyVBOXIlQzMlQTklMkMlMjAlQzMlQTAlMjBsJTI3YWJyaSUyMGRlJTIwbGElMjBsdW1pJUMzJUE4cmUlMjBkaXJlY3RlJTIwZHUlMjBzb2xlaWwlMjBldCUyMGRlJTIwdG91dGUlMjBzb3VyY2UlMjBkZSUyMGNoYWxldXIuJTIwVW4lMjAlQzMlQTh2ZW50dWVsJTNDJTJGdGQlM0UlMEElMDklMDklM0MlMkZ0ciUzRSUwQSUwOSUzQyUyRnRib2R5JTNFJTBBJTNDJTJGdGFibGUlM0U=[\/vc_raw_html][\/vc_column_inner][vc_column_inner width=&#8221;1\/2&#8243;][vc_raw_html]JTNDdGFibGUlM0UlMEElMDklM0N0Ym9keSUzRSUwQSUwOSUwOSUzQ3RyJTNFJTBBJTA5JTA5JTA5JTNDdGQlM0UlM0NzdHJvbmclM0UlM0MlMkZzdHJvbmclM0UlM0MlMkZ0ZCUzRSUwQSUwOSUwOSUwOSUzQ3RkJTIwY2xhc3MlM0QlMjJyaWdodCUyMiUzRWdvbmZsZW1lbnQlMjBkdSUyMHBhcXVldCUyMGluZGlxdWUlMjB1bmUlMjBwYXJmYWl0ZSUyMGNvbnNlcnZhdGlvbi4lM0MlMkZ0ZCUzRSUwQSUwOSUwOSUzQyUyRnRyJTNFJTBBJTA5JTA5JTNDdHIlM0UlMEElMDklMDklMDklM0N0ZCUzRSUzQ3N0cm9uZyUzRUxlJTIwbm9tJTIwb3UlMjBsYSUyMHJhaXNvbiUyMHNvY2lhbGUlMjBldCUyMGwlRTIlODAlOTlhZHJlc3NlJTIwZGUlMjBsJUUyJTgwJTk5ZXhwbG9pdGFudCUyMGR1JTIwc2VjdGV1ciUyMGFsaW1lbnRhaXJlJTNDJTJGc3Ryb25nJTNFJTNDJTJGdGQlM0UlMEElMDklMDklMDklM0N0ZCUyMGNsYXNzJTNEJTIycmlnaHQlMjIlM0VQcm9kdWl0JTIwZXQlMjBjb25kaXRpb25uJUMzJUE5JTIwcGFyJTIwaWxseWNhZmYlQzMlQTglMjBTLnAuQS4lMkMlMjB2aWElMjBGbGF2aWElMjAxMTAlMkMlMjAzNDE0NyUyMFRyaWVzdGUlMkMlMjBJdGFsaWUlM0MlMkZ0ZCUzRSUwQSUwOSUwOSUzQyUyRnRyJTNFJTBBJTA5JTA5JTNDdHIlM0UlMEElMDklMDklMDklM0N0ZCUzRSUzQ3N0cm9uZyUzRUxlJTIwcGF5cyUyMGQlRTIlODAlOTlvcmlnaW5lJTIwb3UlMjBsZSUyMGxpZXUlMjBkZSUyMHByb3ZlbmFuY2UlM0MlMkZzdHJvbmclM0UlM0MlMkZ0ZCUzRSUwQSUwOSUwOSUwOSUzQ3RkJTIwY2xhc3MlM0QlMjJyaWdodCUyMiUzRSUzQyUyRnRkJTNFJTBBJTA5JTA5JTNDJTJGdHIlM0UlMEElMDklMDklM0N0ciUzRSUwQSUwOSUwOSUwOSUzQ3RkJTNFJTNDc3Ryb25nJTNFTW9kZSUyMGQlRTIlODAlOTllbXBsb2klM0MlMkZzdHJvbmclM0UlM0MlMkZ0ZCUzRSUwQSUwOSUwOSUwOSUzQ3RkJTIwY2xhc3MlM0QlMjJyaWdodCUyMiUzRW4uYS4lM0MlMkZ0ZCUzRSUwQSUwOSUwOSUzQyUyRnRyJTNFJTBBJTA5JTA5JTNDdHIlM0UlMEElMDklMDklMDklM0N0ZCUzRSUzQ3N0cm9uZyUzRVRpdHJlJTIwYWxjb29tJUMzJUE5dHJpcXVlJTIwdm9sdW1pcXVlJTIwYWNxdWlzJTNDJTJGc3Ryb25nJTNFJTNDJTJGdGQlM0UlMEElMDklMDklMDklM0N0ZCUyMGNsYXNzJTNEJTIycmlnaHQlMjIlM0VuLmEuJTNDJTJGdGQlM0UlMEElMDklMDklM0MlMkZ0ciUzRSUwQSUwOSUwOSUzQ3RyJTNFJTBBJTA5JTA5JTA5JTNDdGQlM0UlM0NzdHJvbmclM0VEJUMzJUE5Y2xhcmF0aW9uJTIwbnV0cml0aW9ubmVsbGUlM0MlMkZzdHJvbmclM0UlM0MlMkZ0ZCUzRSUwQSUwOSUwOSUwOSUzQ3RkJTIwY2xhc3MlM0QlMjJyaWdodCUyMiUzRW4uYS4lM0MlMkZ0ZCUzRSUwQSUwOSUwOSUzQyUyRnRyJTNFJTBBJTA5JTA5JTNDdHIlM0UlMEElMDklMDklMDklM0N0ZCUzRSUzQ3N0cm9uZyUzRUluZm9ybWF0aW9ucyUyMGNvbXBsJUMzJUE5bWVudGFpcmVzJTNDJTJGc3Ryb25nJTNFJTNDJTJGdGQlM0UlMEElMDklMDklMDklM0N0ZCUyMGNsYXNzJTNEJTIycmlnaHQlMjIlM0VDYXBzdWxlcyUyMG1vbm9kb3NlJTIwZGUlMjBjYWYlQzMlQTklMjB0b3JyJUMzJUE5JUMzJUE5JTIwbW91bHUlMjBwb3VyJTIwZXNwcmVzc28lMjBwcm9kdWl0ZXMlMjBldCUyMGNvbmRpdGlvbm4lQzMlQTllcyUyMHNvdXMlMjBhdG1vc3BoJUMzJUE4cmUlMjBwcm90ZWN0cmljZS4lMjBUZW5ldXIlMjBlbiUyMGNhZiVDMyVBOWluZSUyMG5lJTIwZCVDMyVBOXBhc3NhbnQlMjBwYXMlMjAxJTJDNSUyNS4lM0MlMkZ0ZCUzRSUwQSUwOSUwOSUzQyUyRnRyJTNFJTBBJTA5JTNDJTJGdGJvZHklM0UlMEElM0MlMkZ0YWJsZSUzRQ==[\/vc_raw_html][\/vc_column_inner][\/vc_row_inner]\t<\/div>\n<\/div><h4 class=\"eltdf-accordion-title\">\n    <span class=\"eltdf-accordion-mark\">\n\t\t<span class=\"eltdf_icon_plus icon_plus\"><\/span>\n\t\t<span class=\"eltdf_icon_minus icon_minus-06\"><\/span>\n\t<\/span>\n\t<span class=\"eltdf-tab-title\">Exp\u00e9dition<\/span>\n<\/h4>\n<div class=\"eltdf-accordion-content\">\n\t<div class=\"eltdf-accordion-content-inner\">\n\t\t[vc_column_text]<strong>Livraison, frais de port, modes de paiement<\/strong><\/p>\n<p><strong>Livraison:<\/strong><\/p>\n<p>Votre commande sera livr\u00e9e rapidement et de mani\u00e8re fiable.<\/p>\n<p>Nous travaillons avec FedEx.<\/p>\n<p>Vous recevrez une confirmation d&#8217;exp\u00e9dition d\u00e8s que votre commande quittera notre entrep\u00f4t.<\/p>\n<p>Les livraisons sont effectu\u00e9es exclusivement en Allemagne.<\/p>\n<p>Malheureusement, la livraison aux adresses de bo\u00eetes postales ou aux stations d&#8217;emballage n&#8217;est pas possible.<\/p>\n<p>Pour toutes les commandes sup\u00e9rieures \u00e0 60,00 \u20ac, la livraison en Allemagne est gratuite.<\/p>\n<p>illycaff\u00e8 ordonne la livraison des produits command\u00e9s par coursier \u00e0 l&#8217;adresse indiqu\u00e9e dans un d\u00e9lai d&#8217;environ 48 heures ouvrables \u00e0 compter de la r\u00e9ception de la commande. D\u00e9lai de livraison environ 4 \u00e0 5 jours ouvr\u00e9s.<\/p>\n<p>Vous serez inform\u00e9 de l&#8217;\u00e9tat de votre commande par email \u00e0 tout moment sur simple demande.<br \/>\nLa soci\u00e9t\u00e9 illy et ses partenaires ne pourront \u00eatre tenus responsables de tout dommage d\u00fb \u00e0 un retard de transport.<\/p>\n<p>Les commandes re\u00e7ues le samedi, le dimanche ou les jours f\u00e9ri\u00e9s ne seront trait\u00e9es au plus t\u00f4t que le jour ouvrable suivant.<\/p>\n<p>Il peut arriver que la commande soit emball\u00e9e en plusieurs colis pouvant arriver \u00e0 des jours diff\u00e9rents.<\/p>\n<p>Paypal<\/p>\n<p>Carte de cr\u00e9dit : VISA, MASTERCARD, AMERICAN EXPRESS<\/p>\n<p><strong>Commande en plusieurs colis<\/strong><\/p>\n<p>Si vous commandez plusieurs produits chez illy, nous exp\u00e9dierons toujours vos articles le plus rapidement possible. Il peut arriver que ceux-ci soient envoy\u00e9s s\u00e9par\u00e9ment et r\u00e9partis en plusieurs colis.[\/vc_column_text]\t<\/div>\n<\/div><\/div>[\/vc_column][vc_column width=&#8221;1\/6&#8243;][\/vc_column][\/vc_row][vc_row el_class=&#8221;none-sub-products&#8221;][vc_column width=&#8221;1\/12&#8243;][\/vc_column][vc_column width=&#8221;10\/12&#8243;][vc_column_text]<div data-post-id=\"104373\" class=\"insert-page insert-page-104373 \"><style type=\"text\/css\" data-type=\"vc_custom-css\">div#illy-lovers-banner .titol-banner h4 {\r\n    font-size: 30px;\r\n    font-family: &#039;Manrope&#039;, sans-serif;\r\n    color: #512C1F !important;\r\n    font-weight: 500;\r\n    margin-top: 0px !important;\r\n    letter-spacing: 0px;\r\n}\r\n\r\ndiv#illy-lovers-banner .text-banner p{\r\n    font-family: &#039;Manrope&#039;, sans-serif;\r\n    color: #512c1f;\r\n    font-size: 16px;\r\n    font-weight: 500;\r\n}\r\n\r\na.btn-brown button {\r\n    background: #512c1f !important;\r\n    color: #fff !important;\r\n    letter-spacing: 0px;\r\n    border-radius: 5px !important;\r\n    padding: 8px 35px !important;\r\n    font-family: &#039;Manrope&#039;, sans-serif !important;\r\n    font-weight: 500;\r\n    font-size: 14px !important;\r\n    transition: linear 0.7s;\r\n    margin-top:10px !important;\r\n}\r\n\r\na.btn-brown button:hover {\r\n    box-shadow: inset 0px -100px 0px #D12420;\r\n\tcolor:#fff !important;\r\n}<\/style><style type=\"text\/css\" data-type=\"vc_shortcodes-custom-css\">.vc_custom_1723021922849{margin-top: 50px !important;margin-bottom: 80px !important;padding-top: 40px !important;padding-right: 30px !important;padding-bottom: 40px !important;padding-left: 30px !important;background: #ffffff url(https:\/\/illycafe.ch\/wp-content\/uploads\/img_04@2x.jpg?id=104376) !important;background-position: center !important;background-repeat: no-repeat !important;background-size: cover !important;}.vc_custom_1722931185055{margin-top: 0px !important;margin-bottom: 0px !important;margin-left: 0px !important;padding-top: 0px !important;padding-right: 0px !important;padding-bottom: 0px !important;padding-left: 0px !important;}<\/style><div class=\"wpb-content-wrapper\"><p>[vc_row css=&#8221;.vc_custom_1723021922849{margin-top: 50px !important;margin-bottom: 80px !important;padding-top: 40px !important;padding-right: 30px !important;padding-bottom: 40px !important;padding-left: 30px !important;background: #ffffff url(https:\/\/illycafe.ch\/wp-content\/uploads\/img_04@2x.jpg?id=104376) !important;background-position: center center;background-repeat: no-repeat !important;background-size: cover !important;}&#8221; el_id=&#8221;illy-lovers-banner&#8221;][vc_column css=&#8221;.vc_custom_1722931185055{margin-top: 0px !important;margin-bottom: 0px !important;margin-left: 0px !important;padding-top: 0px !important;padding-right: 0px !important;padding-bottom: 0px !important;padding-left: 0px !important;}&#8221;][vc_column_text el_class=&#8221;titol-banner&#8221;]<\/p>\n<h4>ILLY LOVERS<\/h4>\n<p>[\/vc_column_text][vc_column_text el_class=&#8221;text-banner&#8221;]Rejoignez la communaut\u00e9 et d\u00e9couvrez les surprises<br \/>\net les avantages exclusifs que nous vous r\u00e9servons.<\/p>\n<p>[\/vc_column_text][vc_raw_html]JTNDYSUyMGNsYXNzJTNEJTIyYnRuLWJyb3duJTIyJTNFJTNDYnV0dG9uJTNFSW5zY3JpdmVzLXZvdXMlMjBtYWludGVuYW50JTNDJTJGYnV0dG9uJTNFJTNDJTJGYSUzRQ==[\/vc_raw_html][\/vc_column][\/vc_row]<\/p>\n<\/div><\/div>[\/vc_column_text][\/vc_column][vc_column width=&#8221;1\/12&#8243;][\/vc_column][\/vc_row]<\/p>\n<\/div>","protected":false},"excerpt":{"rendered":"<p>Comoda e pratica travel mug termica per caff\u00e9 o t\u00e9 on the go con logo illy.<\/p>\n","protected":false},"featured_media":192219,"comment_status":"closed","ping_status":"closed","template":"","meta":{"inline_featured_image":false},"product_cat":[1341,1118,1094],"product_tag":[],"class_list":{"0":"post-192230","1":"product","2":"type-product","3":"status-publish","4":"has-post-thumbnail","6":"product_cat-accessoires-a-the-et-a-cafe","7":"product_cat-cadeaux-et-accessoires","8":"product_cat-boutique-illy-s-p-a","10":"first","11":"outofstock","12":"taxable","13":"shipping-taxable","14":"purchasable","15":"product-type-variable","16":"has-default-attributes"},"yoast_head":"<!-- This site is optimized with the Yoast SEO plugin v27.3 - https:\/\/yoast.com\/product\/yoast-seo-wordpress\/ -->\n<title>Travel mug illy da 350 ml - Illycaf\u00e9 | Premium Kaffee kaufen | Gastronomie, Firmen, Privat<\/title>\n<meta name=\"robots\" content=\"index, follow, max-snippet:-1, max-image-preview:large, max-video-preview:-1\" \/>\n<link rel=\"canonical\" href=\"https:\/\/illycafe.ch\/fr\/produit\/travel-mug-illy-da-350-ml\/\" \/>\n<meta property=\"og:locale\" content=\"fr_FR\" \/>\n<meta property=\"og:type\" content=\"article\" \/>\n<meta property=\"og:title\" content=\"Travel mug illy da 350 ml - Illycaf\u00e9 | Premium Kaffee kaufen | Gastronomie, Firmen, Privat\" \/>\n<meta property=\"og:description\" content=\"Comoda e pratica travel mug termica per caff\u00e9 o t\u00e9 on the go con logo illy.\" \/>\n<meta property=\"og:url\" content=\"https:\/\/illycafe.ch\/fr\/produit\/travel-mug-illy-da-350-ml\/\" \/>\n<meta property=\"og:site_name\" content=\"Illycaf\u00e9 | Premium Kaffee kaufen | Gastronomie, Firmen, Privat\" \/>\n<meta property=\"article:modified_time\" content=\"2024-12-10T10:21:11+00:00\" \/>\n<meta property=\"og:image\" content=\"https:\/\/illycafe.ch\/wp-content\/uploads\/24509ME_High_1x_01.png\" \/>\n\t<meta property=\"og:image:width\" content=\"700\" \/>\n\t<meta property=\"og:image:height\" content=\"770\" \/>\n\t<meta property=\"og:image:type\" content=\"image\/png\" \/>\n<meta name=\"twitter:card\" content=\"summary_large_image\" \/>\n<meta name=\"twitter:label1\" content=\"Dur\u00e9e de lecture estim\u00e9e\" \/>\n\t<meta name=\"twitter:data1\" content=\"2 minutes\" \/>\n<script type=\"application\/ld+json\" class=\"yoast-schema-graph\">{\"@context\":\"https:\\\/\\\/schema.org\",\"@graph\":[{\"@type\":\"WebPage\",\"@id\":\"https:\\\/\\\/illycafe.ch\\\/fr\\\/produit\\\/travel-mug-illy-da-350-ml\\\/\",\"url\":\"https:\\\/\\\/illycafe.ch\\\/fr\\\/produit\\\/travel-mug-illy-da-350-ml\\\/\",\"name\":\"Travel mug illy da 350 ml - Illycaf\u00e9 | Premium Kaffee kaufen | Gastronomie, Firmen, Privat\",\"isPartOf\":{\"@id\":\"https:\\\/\\\/illycafe.ch\\\/#website\"},\"primaryImageOfPage\":{\"@id\":\"https:\\\/\\\/illycafe.ch\\\/fr\\\/produit\\\/travel-mug-illy-da-350-ml\\\/#primaryimage\"},\"image\":{\"@id\":\"https:\\\/\\\/illycafe.ch\\\/fr\\\/produit\\\/travel-mug-illy-da-350-ml\\\/#primaryimage\"},\"thumbnailUrl\":\"https:\\\/\\\/illycafe.ch\\\/wp-content\\\/uploads\\\/24509ME_High_1x_01.png\",\"datePublished\":\"2024-12-10T10:13:07+00:00\",\"dateModified\":\"2024-12-10T10:21:11+00:00\",\"breadcrumb\":{\"@id\":\"https:\\\/\\\/illycafe.ch\\\/fr\\\/produit\\\/travel-mug-illy-da-350-ml\\\/#breadcrumb\"},\"inLanguage\":\"fr-FR\",\"potentialAction\":[{\"@type\":\"ReadAction\",\"target\":[\"https:\\\/\\\/illycafe.ch\\\/fr\\\/produit\\\/travel-mug-illy-da-350-ml\\\/\"]}]},{\"@type\":\"ImageObject\",\"inLanguage\":\"fr-FR\",\"@id\":\"https:\\\/\\\/illycafe.ch\\\/fr\\\/produit\\\/travel-mug-illy-da-350-ml\\\/#primaryimage\",\"url\":\"https:\\\/\\\/illycafe.ch\\\/wp-content\\\/uploads\\\/24509ME_High_1x_01.png\",\"contentUrl\":\"https:\\\/\\\/illycafe.ch\\\/wp-content\\\/uploads\\\/24509ME_High_1x_01.png\",\"width\":700,\"height\":770},{\"@type\":\"BreadcrumbList\",\"@id\":\"https:\\\/\\\/illycafe.ch\\\/fr\\\/produit\\\/travel-mug-illy-da-350-ml\\\/#breadcrumb\",\"itemListElement\":[{\"@type\":\"ListItem\",\"position\":1,\"name\":\"Accueil\",\"item\":\"https:\\\/\\\/illycafe.ch\\\/fr\\\/\"},{\"@type\":\"ListItem\",\"position\":2,\"name\":\"Boutique\",\"item\":\"https:\\\/\\\/illycafe.ch\\\/fr\\\/boutique\\\/\"},{\"@type\":\"ListItem\",\"position\":3,\"name\":\"Travel mug illy da 350 ml\"}]},{\"@type\":\"WebSite\",\"@id\":\"https:\\\/\\\/illycafe.ch\\\/#website\",\"url\":\"https:\\\/\\\/illycafe.ch\\\/\",\"name\":\"Illycaf\u00e9 | Premium Kaffee kaufen | Gastronomie, Firmen, Privat\",\"description\":\"Italienische Kaffeekultur. Schweizer Qualit\u00e4t.\",\"potentialAction\":[{\"@type\":\"SearchAction\",\"target\":{\"@type\":\"EntryPoint\",\"urlTemplate\":\"https:\\\/\\\/illycafe.ch\\\/?s={search_term_string}\"},\"query-input\":{\"@type\":\"PropertyValueSpecification\",\"valueRequired\":true,\"valueName\":\"search_term_string\"}}],\"inLanguage\":\"fr-FR\"}]}<\/script>\n<!-- \/ Yoast SEO plugin. -->","yoast_head_json":{"title":"Travel mug illy da 350 ml - Illycaf\u00e9 | Premium Kaffee kaufen | Gastronomie, Firmen, Privat","robots":{"index":"index","follow":"follow","max-snippet":"max-snippet:-1","max-image-preview":"max-image-preview:large","max-video-preview":"max-video-preview:-1"},"canonical":"https:\/\/illycafe.ch\/fr\/produit\/travel-mug-illy-da-350-ml\/","og_locale":"fr_FR","og_type":"article","og_title":"Travel mug illy da 350 ml - Illycaf\u00e9 | Premium Kaffee kaufen | Gastronomie, Firmen, Privat","og_description":"Comoda e pratica travel mug termica per caff\u00e9 o t\u00e9 on the go con logo illy.","og_url":"https:\/\/illycafe.ch\/fr\/produit\/travel-mug-illy-da-350-ml\/","og_site_name":"Illycaf\u00e9 | Premium Kaffee kaufen | Gastronomie, Firmen, Privat","article_modified_time":"2024-12-10T10:21:11+00:00","og_image":[{"width":700,"height":770,"url":"https:\/\/illycafe.ch\/wp-content\/uploads\/24509ME_High_1x_01.png","type":"image\/png"}],"twitter_card":"summary_large_image","twitter_misc":{"Dur\u00e9e de lecture estim\u00e9e":"2 minutes"},"schema":{"@context":"https:\/\/schema.org","@graph":[{"@type":"WebPage","@id":"https:\/\/illycafe.ch\/fr\/produit\/travel-mug-illy-da-350-ml\/","url":"https:\/\/illycafe.ch\/fr\/produit\/travel-mug-illy-da-350-ml\/","name":"Travel mug illy da 350 ml - Illycaf\u00e9 | Premium Kaffee kaufen | Gastronomie, Firmen, Privat","isPartOf":{"@id":"https:\/\/illycafe.ch\/#website"},"primaryImageOfPage":{"@id":"https:\/\/illycafe.ch\/fr\/produit\/travel-mug-illy-da-350-ml\/#primaryimage"},"image":{"@id":"https:\/\/illycafe.ch\/fr\/produit\/travel-mug-illy-da-350-ml\/#primaryimage"},"thumbnailUrl":"https:\/\/illycafe.ch\/wp-content\/uploads\/24509ME_High_1x_01.png","datePublished":"2024-12-10T10:13:07+00:00","dateModified":"2024-12-10T10:21:11+00:00","breadcrumb":{"@id":"https:\/\/illycafe.ch\/fr\/produit\/travel-mug-illy-da-350-ml\/#breadcrumb"},"inLanguage":"fr-FR","potentialAction":[{"@type":"ReadAction","target":["https:\/\/illycafe.ch\/fr\/produit\/travel-mug-illy-da-350-ml\/"]}]},{"@type":"ImageObject","inLanguage":"fr-FR","@id":"https:\/\/illycafe.ch\/fr\/produit\/travel-mug-illy-da-350-ml\/#primaryimage","url":"https:\/\/illycafe.ch\/wp-content\/uploads\/24509ME_High_1x_01.png","contentUrl":"https:\/\/illycafe.ch\/wp-content\/uploads\/24509ME_High_1x_01.png","width":700,"height":770},{"@type":"BreadcrumbList","@id":"https:\/\/illycafe.ch\/fr\/produit\/travel-mug-illy-da-350-ml\/#breadcrumb","itemListElement":[{"@type":"ListItem","position":1,"name":"Accueil","item":"https:\/\/illycafe.ch\/fr\/"},{"@type":"ListItem","position":2,"name":"Boutique","item":"https:\/\/illycafe.ch\/fr\/boutique\/"},{"@type":"ListItem","position":3,"name":"Travel mug illy da 350 ml"}]},{"@type":"WebSite","@id":"https:\/\/illycafe.ch\/#website","url":"https:\/\/illycafe.ch\/","name":"Illycaf\u00e9 | Premium Kaffee kaufen | Gastronomie, Firmen, Privat","description":"Italienische Kaffeekultur. Schweizer Qualit\u00e4t.","potentialAction":[{"@type":"SearchAction","target":{"@type":"EntryPoint","urlTemplate":"https:\/\/illycafe.ch\/?s={search_term_string}"},"query-input":{"@type":"PropertyValueSpecification","valueRequired":true,"valueName":"search_term_string"}}],"inLanguage":"fr-FR"}]}},"_links":{"self":[{"href":"https:\/\/illycafe.ch\/fr\/wp-json\/wp\/v2\/product\/192230","targetHints":{"allow":["GET"]}}],"collection":[{"href":"https:\/\/illycafe.ch\/fr\/wp-json\/wp\/v2\/product"}],"about":[{"href":"https:\/\/illycafe.ch\/fr\/wp-json\/wp\/v2\/types\/product"}],"replies":[{"embeddable":true,"href":"https:\/\/illycafe.ch\/fr\/wp-json\/wp\/v2\/comments?post=192230"}],"wp:featuredmedia":[{"embeddable":true,"href":"https:\/\/illycafe.ch\/fr\/wp-json\/wp\/v2\/media\/192219"}],"wp:attachment":[{"href":"https:\/\/illycafe.ch\/fr\/wp-json\/wp\/v2\/media?parent=192230"}],"wp:term":[{"taxonomy":"product_cat","embeddable":true,"href":"https:\/\/illycafe.ch\/fr\/wp-json\/wp\/v2\/product_cat?post=192230"},{"taxonomy":"product_tag","embeddable":true,"href":"https:\/\/illycafe.ch\/fr\/wp-json\/wp\/v2\/product_tag?post=192230"}],"curies":[{"name":"wp","href":"https:\/\/api.w.org\/{rel}","templated":true}]}}