{"id":22994,"date":"2026-02-10T18:10:15","date_gmt":"2026-02-10T17:10:15","guid":{"rendered":"https:\/\/illycafe.ch\/online-shop\/gourmet-milano\/"},"modified":"2026-04-01T07:18:27","modified_gmt":"2026-04-01T05:18:27","slug":"gourmet-milano","status":"publish","type":"product","link":"https:\/\/illycafe.ch\/fr\/produit\/gourmet-milano\/","title":{"rendered":"Gourmet Milano &#8211; GRAINS"},"content":{"rendered":"<p>Un assemblage d&#8217;un extr\u00eame \u00e9quilibre avec une acidit\u00e9 d\u00e9licate et tout en ar\u00f4me. D&#8217;un go\u00fbt puissant, fruit\u00e9 et aromatique \u2013 avec de merveilleuses connotations de chocolat et de noix et long en bouche.<\/p>\n","protected":false},"excerpt":{"rendered":"<p>Un assemblage d&#8217;un extr\u00eame \u00e9quilibre avec une acidit\u00e9 d\u00e9licate et tout en ar\u00f4me. D&#8217;un go\u00fbt puissant, fruit\u00e9 et aromatique \u2013 avec de merveilleuses connotations de chocolat et de noix et long en bouche.<\/p>\n","protected":false},"featured_media":266892,"comment_status":"closed","ping_status":"closed","template":"","meta":{"inline_featured_image":false},"product_cat":[1363,387,390,394,398,401,388,391,392,393,399,400,759],"product_tag":[],"class_list":{"0":"post-22994","1":"product","2":"type-product","3":"status-publish","4":"has-post-thumbnail","6":"product_cat-illycafe-schweiz-fr","7":"product_cat-100-arabica-fr-bohnen-fr","8":"product_cat-brasilien-fr","9":"product_cat-10_bohnen-typ-fr","10":"product_cat-02_espresso-fr","11":"product_cat-rainfores-alliance-fr","12":"product_cat-01_gourmet-fr","13":"product_cat-guatemala-fr","14":"product_cat-ostafrika-fr","15":"product_cat-indien-fr","16":"product_cat-05_cappuccino-fr","17":"product_cat-07_latte-macchiato-fr","18":"product_cat-products-fr","19":"pa_weight-500g-fr","20":"pa_weight-1kg-fr","21":"processing-grains","22":"coffee_bean-100-arabica-fr","24":"first","25":"instock","26":"taxable","27":"shipping-taxable","28":"purchasable","29":"product-type-variable","30":"has-default-attributes"},"yoast_head":"<!-- This site is optimized with the Yoast SEO plugin v27.3 - https:\/\/yoast.com\/product\/yoast-seo-wordpress\/ -->\n<title>Gourmet Milano - GRAINS - Illycaf\u00e9 | Premium Kaffee kaufen | Gastronomie, Firmen, Privat<\/title>\n<meta name=\"robots\" content=\"index, follow, max-snippet:-1, max-image-preview:large, max-video-preview:-1\" \/>\n<link rel=\"canonical\" href=\"https:\/\/illycafe.ch\/fr\/produit\/gourmet-milano\/\" \/>\n<meta property=\"og:locale\" content=\"fr_FR\" \/>\n<meta property=\"og:type\" content=\"article\" \/>\n<meta property=\"og:title\" content=\"Gourmet Milano - GRAINS - Illycaf\u00e9 | Premium Kaffee kaufen | Gastronomie, Firmen, Privat\" \/>\n<meta property=\"og:description\" content=\"Un assemblage d&#8217;un extr\u00eame \u00e9quilibre avec une acidit\u00e9 d\u00e9licate et tout en ar\u00f4me. D&#8217;un go\u00fbt puissant, fruit\u00e9 et aromatique \u2013 avec de merveilleuses connotations de chocolat et de noix et long en bouche.\" \/>\n<meta property=\"og:url\" content=\"https:\/\/illycafe.ch\/fr\/produit\/gourmet-milano\/\" \/>\n<meta property=\"og:site_name\" content=\"Illycaf\u00e9 | Premium Kaffee kaufen | Gastronomie, Firmen, Privat\" \/>\n<meta property=\"article:modified_time\" content=\"2026-04-01T05:18:27+00:00\" \/>\n<meta property=\"og:image\" content=\"https:\/\/illycafe.ch\/wp-content\/uploads\/Gourmet_Beans_Milano_500g_08_2025-1.png\" \/>\n\t<meta property=\"og:image:width\" content=\"350\" \/>\n\t<meta property=\"og:image:height\" content=\"534\" \/>\n\t<meta property=\"og:image:type\" content=\"image\/png\" \/>\n<meta name=\"twitter:card\" content=\"summary_large_image\" \/>\n<meta name=\"twitter:label1\" content=\"Dur\u00e9e de lecture estim\u00e9e\" \/>\n\t<meta name=\"twitter:data1\" content=\"1 minute\" \/>\n<script type=\"application\/ld+json\" class=\"yoast-schema-graph\">{\"@context\":\"https:\\\/\\\/schema.org\",\"@graph\":[{\"@type\":\"WebPage\",\"@id\":\"https:\\\/\\\/illycafe.ch\\\/fr\\\/produit\\\/gourmet-milano\\\/\",\"url\":\"https:\\\/\\\/illycafe.ch\\\/fr\\\/produit\\\/gourmet-milano\\\/\",\"name\":\"Gourmet Milano - GRAINS - Illycaf\u00e9 | Premium Kaffee kaufen | Gastronomie, Firmen, Privat\",\"isPartOf\":{\"@id\":\"https:\\\/\\\/illycafe.ch\\\/#website\"},\"primaryImageOfPage\":{\"@id\":\"https:\\\/\\\/illycafe.ch\\\/fr\\\/produit\\\/gourmet-milano\\\/#primaryimage\"},\"image\":{\"@id\":\"https:\\\/\\\/illycafe.ch\\\/fr\\\/produit\\\/gourmet-milano\\\/#primaryimage\"},\"thumbnailUrl\":\"https:\\\/\\\/illycafe.ch\\\/wp-content\\\/uploads\\\/Gourmet_Beans_Milano_500g_08_2025-1.png\",\"datePublished\":\"2026-02-10T17:10:15+00:00\",\"dateModified\":\"2026-04-01T05:18:27+00:00\",\"breadcrumb\":{\"@id\":\"https:\\\/\\\/illycafe.ch\\\/fr\\\/produit\\\/gourmet-milano\\\/#breadcrumb\"},\"inLanguage\":\"fr-FR\",\"potentialAction\":[{\"@type\":\"ReadAction\",\"target\":[\"https:\\\/\\\/illycafe.ch\\\/fr\\\/produit\\\/gourmet-milano\\\/\"]}]},{\"@type\":\"ImageObject\",\"inLanguage\":\"fr-FR\",\"@id\":\"https:\\\/\\\/illycafe.ch\\\/fr\\\/produit\\\/gourmet-milano\\\/#primaryimage\",\"url\":\"https:\\\/\\\/illycafe.ch\\\/wp-content\\\/uploads\\\/Gourmet_Beans_Milano_500g_08_2025-1.png\",\"contentUrl\":\"https:\\\/\\\/illycafe.ch\\\/wp-content\\\/uploads\\\/Gourmet_Beans_Milano_500g_08_2025-1.png\",\"width\":350,\"height\":534},{\"@type\":\"BreadcrumbList\",\"@id\":\"https:\\\/\\\/illycafe.ch\\\/fr\\\/produit\\\/gourmet-milano\\\/#breadcrumb\",\"itemListElement\":[{\"@type\":\"ListItem\",\"position\":1,\"name\":\"Accueil\",\"item\":\"https:\\\/\\\/illycafe.ch\\\/fr\\\/\"},{\"@type\":\"ListItem\",\"position\":2,\"name\":\"Boutique\",\"item\":\"https:\\\/\\\/illycafe.ch\\\/fr\\\/boutique\\\/\"},{\"@type\":\"ListItem\",\"position\":3,\"name\":\"Gourmet Milano &#8211; GRAINS\"}]},{\"@type\":\"WebSite\",\"@id\":\"https:\\\/\\\/illycafe.ch\\\/#website\",\"url\":\"https:\\\/\\\/illycafe.ch\\\/\",\"name\":\"Illycaf\u00e9 | Premium Kaffee kaufen | Gastronomie, Firmen, Privat\",\"description\":\"Italienische Kaffeekultur. Schweizer Qualit\u00e4t.\",\"potentialAction\":[{\"@type\":\"SearchAction\",\"target\":{\"@type\":\"EntryPoint\",\"urlTemplate\":\"https:\\\/\\\/illycafe.ch\\\/?s={search_term_string}\"},\"query-input\":{\"@type\":\"PropertyValueSpecification\",\"valueRequired\":true,\"valueName\":\"search_term_string\"}}],\"inLanguage\":\"fr-FR\"}]}<\/script>\n<!-- \/ Yoast SEO plugin. -->","yoast_head_json":{"title":"Gourmet Milano - GRAINS - Illycaf\u00e9 | Premium Kaffee kaufen | Gastronomie, Firmen, Privat","robots":{"index":"index","follow":"follow","max-snippet":"max-snippet:-1","max-image-preview":"max-image-preview:large","max-video-preview":"max-video-preview:-1"},"canonical":"https:\/\/illycafe.ch\/fr\/produit\/gourmet-milano\/","og_locale":"fr_FR","og_type":"article","og_title":"Gourmet Milano - GRAINS - Illycaf\u00e9 | Premium Kaffee kaufen | Gastronomie, Firmen, Privat","og_description":"Un assemblage d&#8217;un extr\u00eame \u00e9quilibre avec une acidit\u00e9 d\u00e9licate et tout en ar\u00f4me. D&#8217;un go\u00fbt puissant, fruit\u00e9 et aromatique \u2013 avec de merveilleuses connotations de chocolat et de noix et long en bouche.","og_url":"https:\/\/illycafe.ch\/fr\/produit\/gourmet-milano\/","og_site_name":"Illycaf\u00e9 | Premium Kaffee kaufen | Gastronomie, Firmen, Privat","article_modified_time":"2026-04-01T05:18:27+00:00","og_image":[{"width":350,"height":534,"url":"https:\/\/illycafe.ch\/wp-content\/uploads\/Gourmet_Beans_Milano_500g_08_2025-1.png","type":"image\/png"}],"twitter_card":"summary_large_image","twitter_misc":{"Dur\u00e9e de lecture estim\u00e9e":"1 minute"},"schema":{"@context":"https:\/\/schema.org","@graph":[{"@type":"WebPage","@id":"https:\/\/illycafe.ch\/fr\/produit\/gourmet-milano\/","url":"https:\/\/illycafe.ch\/fr\/produit\/gourmet-milano\/","name":"Gourmet Milano - GRAINS - Illycaf\u00e9 | Premium Kaffee kaufen | Gastronomie, Firmen, Privat","isPartOf":{"@id":"https:\/\/illycafe.ch\/#website"},"primaryImageOfPage":{"@id":"https:\/\/illycafe.ch\/fr\/produit\/gourmet-milano\/#primaryimage"},"image":{"@id":"https:\/\/illycafe.ch\/fr\/produit\/gourmet-milano\/#primaryimage"},"thumbnailUrl":"https:\/\/illycafe.ch\/wp-content\/uploads\/Gourmet_Beans_Milano_500g_08_2025-1.png","datePublished":"2026-02-10T17:10:15+00:00","dateModified":"2026-04-01T05:18:27+00:00","breadcrumb":{"@id":"https:\/\/illycafe.ch\/fr\/produit\/gourmet-milano\/#breadcrumb"},"inLanguage":"fr-FR","potentialAction":[{"@type":"ReadAction","target":["https:\/\/illycafe.ch\/fr\/produit\/gourmet-milano\/"]}]},{"@type":"ImageObject","inLanguage":"fr-FR","@id":"https:\/\/illycafe.ch\/fr\/produit\/gourmet-milano\/#primaryimage","url":"https:\/\/illycafe.ch\/wp-content\/uploads\/Gourmet_Beans_Milano_500g_08_2025-1.png","contentUrl":"https:\/\/illycafe.ch\/wp-content\/uploads\/Gourmet_Beans_Milano_500g_08_2025-1.png","width":350,"height":534},{"@type":"BreadcrumbList","@id":"https:\/\/illycafe.ch\/fr\/produit\/gourmet-milano\/#breadcrumb","itemListElement":[{"@type":"ListItem","position":1,"name":"Accueil","item":"https:\/\/illycafe.ch\/fr\/"},{"@type":"ListItem","position":2,"name":"Boutique","item":"https:\/\/illycafe.ch\/fr\/boutique\/"},{"@type":"ListItem","position":3,"name":"Gourmet Milano &#8211; GRAINS"}]},{"@type":"WebSite","@id":"https:\/\/illycafe.ch\/#website","url":"https:\/\/illycafe.ch\/","name":"Illycaf\u00e9 | Premium Kaffee kaufen | Gastronomie, Firmen, Privat","description":"Italienische Kaffeekultur. Schweizer Qualit\u00e4t.","potentialAction":[{"@type":"SearchAction","target":{"@type":"EntryPoint","urlTemplate":"https:\/\/illycafe.ch\/?s={search_term_string}"},"query-input":{"@type":"PropertyValueSpecification","valueRequired":true,"valueName":"search_term_string"}}],"inLanguage":"fr-FR"}]}},"_links":{"self":[{"href":"https:\/\/illycafe.ch\/fr\/wp-json\/wp\/v2\/product\/22994","targetHints":{"allow":["GET"]}}],"collection":[{"href":"https:\/\/illycafe.ch\/fr\/wp-json\/wp\/v2\/product"}],"about":[{"href":"https:\/\/illycafe.ch\/fr\/wp-json\/wp\/v2\/types\/product"}],"replies":[{"embeddable":true,"href":"https:\/\/illycafe.ch\/fr\/wp-json\/wp\/v2\/comments?post=22994"}],"wp:featuredmedia":[{"embeddable":true,"href":"https:\/\/illycafe.ch\/fr\/wp-json\/wp\/v2\/media\/266892"}],"wp:attachment":[{"href":"https:\/\/illycafe.ch\/fr\/wp-json\/wp\/v2\/media?parent=22994"}],"wp:term":[{"taxonomy":"product_cat","embeddable":true,"href":"https:\/\/illycafe.ch\/fr\/wp-json\/wp\/v2\/product_cat?post=22994"},{"taxonomy":"product_tag","embeddable":true,"href":"https:\/\/illycafe.ch\/fr\/wp-json\/wp\/v2\/product_tag?post=22994"}],"curies":[{"name":"wp","href":"https:\/\/api.w.org\/{rel}","templated":true}]}}