{"id":23022,"date":"2018-02-05T16:19:42","date_gmt":"2018-02-05T15:19:42","guid":{"rendered":"https:\/\/illycafe.ch\/online-shop\/silver-label-napoli-2kg\/"},"modified":"2021-02-19T19:01:23","modified_gmt":"2021-02-19T18:01:23","slug":"silver-label-napoli-2kg","status":"publish","type":"product","link":"https:\/\/illycafe.ch\/fr\/produit\/silver-label-napoli-2kg\/","title":{"rendered":"Silver Label Napoli &#8211; GRAINS"},"content":{"rendered":"<p>Torr\u00e9faction sombre et puissante avec un bouquet d&#8217;ar\u00f4mes intenses. Destin\u00e9 aux amateurs donnant leur pr\u00e9f\u00e9rence \u00e0 la pure culture de l&#8217;Expresso et du Ristretto. Pr\u00e9paration sp\u00e9ciale et donc riche en ar\u00f4mes et g\u00e9n\u00e9reuse, en sac de 2 kg<\/p>\n","protected":false},"excerpt":{"rendered":"<p>Torr\u00e9faction sombre et puissante avec un bouquet d&#8217;ar\u00f4mes intenses. Destin\u00e9 aux amateurs donnant leur pr\u00e9f\u00e9rence \u00e0 la pure culture de l&#8217;Expresso et du Ristretto. Pr\u00e9paration sp\u00e9ciale et donc riche en ar\u00f4mes et g\u00e9n\u00e9reuse, en sac de 2 kg<\/p>\n","protected":false},"featured_media":23023,"comment_status":"closed","ping_status":"closed","template":"","meta":{"inline_featured_image":false},"product_cat":[390,394,398,452,397,391,392,456,393,399,400,470,759],"product_tag":[],"class_list":{"0":"post-23022","1":"product","2":"type-product","3":"status-publish","4":"has-post-thumbnail","6":"product_cat-brasilien-fr","7":"product_cat-10_bohnen-typ-fr","8":"product_cat-02_espresso-fr","9":"product_cat-90-arabica-10-robusta-fr","10":"product_cat-01_ristretto-fr","11":"product_cat-guatemala-fr","12":"product_cat-ostafrika-fr","13":"product_cat-02_silver-label-fr","14":"product_cat-indien-fr","15":"product_cat-05_cappuccino-fr","16":"product_cat-07_latte-macchiato-fr","17":"product_cat-indonesien-fr","18":"product_cat-products-fr","19":"pa_weight-2kg-fr","20":"processing-grains","21":"coffee_bean-90-arabica-fr","23":"first","24":"outofstock","25":"taxable","26":"shipping-taxable","27":"purchasable","28":"product-type-variable","29":"has-default-attributes"},"yoast_head":"<!-- This site is optimized with the Yoast SEO plugin v27.3 - https:\/\/yoast.com\/product\/yoast-seo-wordpress\/ -->\n<title>Silver Label Napoli - GRAINS - Illycaf\u00e9 | Premium Kaffee kaufen | Gastronomie, Firmen, Privat<\/title>\n<meta name=\"robots\" content=\"index, follow, max-snippet:-1, max-image-preview:large, max-video-preview:-1\" \/>\n<link rel=\"canonical\" href=\"https:\/\/illycafe.ch\/fr\/produit\/silver-label-napoli-2kg\/\" \/>\n<meta property=\"og:locale\" content=\"fr_FR\" \/>\n<meta property=\"og:type\" content=\"article\" \/>\n<meta property=\"og:title\" content=\"Silver Label Napoli - GRAINS - Illycaf\u00e9 | Premium Kaffee kaufen | Gastronomie, Firmen, Privat\" \/>\n<meta property=\"og:description\" content=\"Torr\u00e9faction sombre et puissante avec un bouquet d&#8217;ar\u00f4mes intenses. Destin\u00e9 aux amateurs donnant leur pr\u00e9f\u00e9rence \u00e0 la pure culture de l&#8217;Expresso et du Ristretto. Pr\u00e9paration sp\u00e9ciale et donc riche en ar\u00f4mes et g\u00e9n\u00e9reuse, en sac de 2 kg\" \/>\n<meta property=\"og:url\" content=\"https:\/\/illycafe.ch\/fr\/produit\/silver-label-napoli-2kg\/\" \/>\n<meta property=\"og:site_name\" content=\"Illycaf\u00e9 | Premium Kaffee kaufen | Gastronomie, Firmen, Privat\" \/>\n<meta property=\"article:modified_time\" content=\"2021-02-19T18:01:23+00:00\" \/>\n<meta property=\"og:image\" content=\"https:\/\/illycafe.ch\/wp-content\/uploads\/silverlabel-napoli.jpg\" \/>\n\t<meta property=\"og:image:width\" content=\"300\" \/>\n\t<meta property=\"og:image:height\" content=\"494\" \/>\n\t<meta property=\"og:image:type\" content=\"image\/jpeg\" \/>\n<meta name=\"twitter:card\" content=\"summary_large_image\" \/>\n<script type=\"application\/ld+json\" class=\"yoast-schema-graph\">{\"@context\":\"https:\\\/\\\/schema.org\",\"@graph\":[{\"@type\":\"WebPage\",\"@id\":\"https:\\\/\\\/illycafe.ch\\\/fr\\\/produit\\\/silver-label-napoli-2kg\\\/\",\"url\":\"https:\\\/\\\/illycafe.ch\\\/fr\\\/produit\\\/silver-label-napoli-2kg\\\/\",\"name\":\"Silver Label Napoli - GRAINS - Illycaf\u00e9 | Premium Kaffee kaufen | Gastronomie, Firmen, Privat\",\"isPartOf\":{\"@id\":\"https:\\\/\\\/illycafe.ch\\\/#website\"},\"primaryImageOfPage\":{\"@id\":\"https:\\\/\\\/illycafe.ch\\\/fr\\\/produit\\\/silver-label-napoli-2kg\\\/#primaryimage\"},\"image\":{\"@id\":\"https:\\\/\\\/illycafe.ch\\\/fr\\\/produit\\\/silver-label-napoli-2kg\\\/#primaryimage\"},\"thumbnailUrl\":\"https:\\\/\\\/illycafe.ch\\\/wp-content\\\/uploads\\\/silverlabel-napoli.jpg\",\"datePublished\":\"2018-02-05T15:19:42+00:00\",\"dateModified\":\"2021-02-19T18:01:23+00:00\",\"breadcrumb\":{\"@id\":\"https:\\\/\\\/illycafe.ch\\\/fr\\\/produit\\\/silver-label-napoli-2kg\\\/#breadcrumb\"},\"inLanguage\":\"fr-FR\",\"potentialAction\":[{\"@type\":\"ReadAction\",\"target\":[\"https:\\\/\\\/illycafe.ch\\\/fr\\\/produit\\\/silver-label-napoli-2kg\\\/\"]}]},{\"@type\":\"ImageObject\",\"inLanguage\":\"fr-FR\",\"@id\":\"https:\\\/\\\/illycafe.ch\\\/fr\\\/produit\\\/silver-label-napoli-2kg\\\/#primaryimage\",\"url\":\"https:\\\/\\\/illycafe.ch\\\/wp-content\\\/uploads\\\/silverlabel-napoli.jpg\",\"contentUrl\":\"https:\\\/\\\/illycafe.ch\\\/wp-content\\\/uploads\\\/silverlabel-napoli.jpg\",\"width\":300,\"height\":494},{\"@type\":\"BreadcrumbList\",\"@id\":\"https:\\\/\\\/illycafe.ch\\\/fr\\\/produit\\\/silver-label-napoli-2kg\\\/#breadcrumb\",\"itemListElement\":[{\"@type\":\"ListItem\",\"position\":1,\"name\":\"Accueil\",\"item\":\"https:\\\/\\\/illycafe.ch\\\/fr\\\/\"},{\"@type\":\"ListItem\",\"position\":2,\"name\":\"Boutique\",\"item\":\"https:\\\/\\\/illycafe.ch\\\/fr\\\/boutique\\\/\"},{\"@type\":\"ListItem\",\"position\":3,\"name\":\"Silver Label Napoli &#8211; GRAINS\"}]},{\"@type\":\"WebSite\",\"@id\":\"https:\\\/\\\/illycafe.ch\\\/#website\",\"url\":\"https:\\\/\\\/illycafe.ch\\\/\",\"name\":\"Illycaf\u00e9 | Premium Kaffee kaufen | Gastronomie, Firmen, Privat\",\"description\":\"Italienische Kaffeekultur. Schweizer Qualit\u00e4t.\",\"potentialAction\":[{\"@type\":\"SearchAction\",\"target\":{\"@type\":\"EntryPoint\",\"urlTemplate\":\"https:\\\/\\\/illycafe.ch\\\/?s={search_term_string}\"},\"query-input\":{\"@type\":\"PropertyValueSpecification\",\"valueRequired\":true,\"valueName\":\"search_term_string\"}}],\"inLanguage\":\"fr-FR\"}]}<\/script>\n<!-- \/ Yoast SEO plugin. -->","yoast_head_json":{"title":"Silver Label Napoli - GRAINS - Illycaf\u00e9 | Premium Kaffee kaufen | Gastronomie, Firmen, Privat","robots":{"index":"index","follow":"follow","max-snippet":"max-snippet:-1","max-image-preview":"max-image-preview:large","max-video-preview":"max-video-preview:-1"},"canonical":"https:\/\/illycafe.ch\/fr\/produit\/silver-label-napoli-2kg\/","og_locale":"fr_FR","og_type":"article","og_title":"Silver Label Napoli - GRAINS - Illycaf\u00e9 | Premium Kaffee kaufen | Gastronomie, Firmen, Privat","og_description":"Torr\u00e9faction sombre et puissante avec un bouquet d&#8217;ar\u00f4mes intenses. Destin\u00e9 aux amateurs donnant leur pr\u00e9f\u00e9rence \u00e0 la pure culture de l&#8217;Expresso et du Ristretto. Pr\u00e9paration sp\u00e9ciale et donc riche en ar\u00f4mes et g\u00e9n\u00e9reuse, en sac de 2 kg","og_url":"https:\/\/illycafe.ch\/fr\/produit\/silver-label-napoli-2kg\/","og_site_name":"Illycaf\u00e9 | Premium Kaffee kaufen | Gastronomie, Firmen, Privat","article_modified_time":"2021-02-19T18:01:23+00:00","og_image":[{"width":300,"height":494,"url":"https:\/\/illycafe.ch\/wp-content\/uploads\/silverlabel-napoli.jpg","type":"image\/jpeg"}],"twitter_card":"summary_large_image","schema":{"@context":"https:\/\/schema.org","@graph":[{"@type":"WebPage","@id":"https:\/\/illycafe.ch\/fr\/produit\/silver-label-napoli-2kg\/","url":"https:\/\/illycafe.ch\/fr\/produit\/silver-label-napoli-2kg\/","name":"Silver Label Napoli - GRAINS - Illycaf\u00e9 | Premium Kaffee kaufen | Gastronomie, Firmen, Privat","isPartOf":{"@id":"https:\/\/illycafe.ch\/#website"},"primaryImageOfPage":{"@id":"https:\/\/illycafe.ch\/fr\/produit\/silver-label-napoli-2kg\/#primaryimage"},"image":{"@id":"https:\/\/illycafe.ch\/fr\/produit\/silver-label-napoli-2kg\/#primaryimage"},"thumbnailUrl":"https:\/\/illycafe.ch\/wp-content\/uploads\/silverlabel-napoli.jpg","datePublished":"2018-02-05T15:19:42+00:00","dateModified":"2021-02-19T18:01:23+00:00","breadcrumb":{"@id":"https:\/\/illycafe.ch\/fr\/produit\/silver-label-napoli-2kg\/#breadcrumb"},"inLanguage":"fr-FR","potentialAction":[{"@type":"ReadAction","target":["https:\/\/illycafe.ch\/fr\/produit\/silver-label-napoli-2kg\/"]}]},{"@type":"ImageObject","inLanguage":"fr-FR","@id":"https:\/\/illycafe.ch\/fr\/produit\/silver-label-napoli-2kg\/#primaryimage","url":"https:\/\/illycafe.ch\/wp-content\/uploads\/silverlabel-napoli.jpg","contentUrl":"https:\/\/illycafe.ch\/wp-content\/uploads\/silverlabel-napoli.jpg","width":300,"height":494},{"@type":"BreadcrumbList","@id":"https:\/\/illycafe.ch\/fr\/produit\/silver-label-napoli-2kg\/#breadcrumb","itemListElement":[{"@type":"ListItem","position":1,"name":"Accueil","item":"https:\/\/illycafe.ch\/fr\/"},{"@type":"ListItem","position":2,"name":"Boutique","item":"https:\/\/illycafe.ch\/fr\/boutique\/"},{"@type":"ListItem","position":3,"name":"Silver Label Napoli &#8211; GRAINS"}]},{"@type":"WebSite","@id":"https:\/\/illycafe.ch\/#website","url":"https:\/\/illycafe.ch\/","name":"Illycaf\u00e9 | Premium Kaffee kaufen | Gastronomie, Firmen, Privat","description":"Italienische Kaffeekultur. Schweizer Qualit\u00e4t.","potentialAction":[{"@type":"SearchAction","target":{"@type":"EntryPoint","urlTemplate":"https:\/\/illycafe.ch\/?s={search_term_string}"},"query-input":{"@type":"PropertyValueSpecification","valueRequired":true,"valueName":"search_term_string"}}],"inLanguage":"fr-FR"}]}},"_links":{"self":[{"href":"https:\/\/illycafe.ch\/fr\/wp-json\/wp\/v2\/product\/23022","targetHints":{"allow":["GET"]}}],"collection":[{"href":"https:\/\/illycafe.ch\/fr\/wp-json\/wp\/v2\/product"}],"about":[{"href":"https:\/\/illycafe.ch\/fr\/wp-json\/wp\/v2\/types\/product"}],"replies":[{"embeddable":true,"href":"https:\/\/illycafe.ch\/fr\/wp-json\/wp\/v2\/comments?post=23022"}],"wp:featuredmedia":[{"embeddable":true,"href":"https:\/\/illycafe.ch\/fr\/wp-json\/wp\/v2\/media\/23023"}],"wp:attachment":[{"href":"https:\/\/illycafe.ch\/fr\/wp-json\/wp\/v2\/media?parent=23022"}],"wp:term":[{"taxonomy":"product_cat","embeddable":true,"href":"https:\/\/illycafe.ch\/fr\/wp-json\/wp\/v2\/product_cat?post=23022"},{"taxonomy":"product_tag","embeddable":true,"href":"https:\/\/illycafe.ch\/fr\/wp-json\/wp\/v2\/product_tag?post=23022"}],"curies":[{"name":"wp","href":"https:\/\/api.w.org\/{rel}","templated":true}]}}