{"id":25347,"date":"2026-02-10T18:13:40","date_gmt":"2026-02-10T17:13:40","guid":{"rendered":"https:\/\/illycafe.ch\/?post_type=product&#038;p=25347"},"modified":"2026-02-10T18:13:43","modified_gmt":"2026-02-10T17:13:43","slug":"utz-gourmet-venezia-moulu","status":"publish","type":"product","link":"https:\/\/illycafe.ch\/fr\/produit\/utz-gourmet-venezia-moulu\/","title":{"rendered":"Gourmet Venezia \u2013 MOULU"},"content":{"rendered":"<p>Doux de caract\u00e8re, fort de go\u00fbt, tels sont les points forts de Gourmet Venezia. Gr\u00e2ce \u00e0 sa torr\u00e9faction claire, cet assemblage raffin\u00e9 est tout en harmonie et en fra\u00eecheur. Une acidit\u00e9 d\u00e9licate, des notes de fruits, de biscuit et de cacao viennent apporter la touche finale \u00e0 son bouquet.<\/p>\n","protected":false},"excerpt":{"rendered":"<p>Doux de caract\u00e8re, fort de go\u00fbt, tels sont les points forts de Gourmet Venezia. Gr\u00e2ce \u00e0 sa torr\u00e9faction claire, cet assemblage raffin\u00e9 est tout en harmonie et en fra\u00eecheur. Une acidit\u00e9 d\u00e9licate, des notes de fruits, de biscuit et de cacao viennent apporter la touche finale \u00e0 son bouquet.<\/p>\n","protected":false},"featured_media":266910,"comment_status":"closed","ping_status":"closed","template":"","meta":{"inline_featured_image":false},"product_cat":[1363,401,387,390,394,398,388,395,391,396,475,392,393,399,400,759],"product_tag":[],"class_list":{"0":"post-25347","1":"product","2":"type-product","3":"status-publish","4":"has-post-thumbnail","6":"product_cat-illycafe-schweiz-fr","7":"product_cat-rainfores-alliance-fr","8":"product_cat-100-arabica-fr-bohnen-fr","9":"product_cat-brasilien-fr","10":"product_cat-10_bohnen-typ-fr","11":"product_cat-02_espresso-fr","12":"product_cat-01_gourmet-fr","13":"product_cat-20_gemahlen-typ-fr","14":"product_cat-guatemala-fr","15":"product_cat-30_pods-typ-fr","16":"product_cat-03_cafe-creme-fr","17":"product_cat-ostafrika-fr","18":"product_cat-indien-fr","19":"product_cat-05_cappuccino-fr","20":"product_cat-07_latte-macchiato-fr","21":"product_cat-products-fr","22":"pa_weight-250g-fr","23":"processing-moulu","24":"coffee_bean-100-arabica-fr","26":"first","27":"outofstock","28":"taxable","29":"shipping-taxable","30":"purchasable","31":"product-type-variable","32":"has-default-attributes"},"yoast_head":"<!-- This site is optimized with the Yoast SEO plugin v27.3 - https:\/\/yoast.com\/product\/yoast-seo-wordpress\/ -->\n<title>Gourmet Venezia \u2013 MOULU - Illycaf\u00e9 | Premium Kaffee kaufen | Gastronomie, Firmen, Privat<\/title>\n<meta name=\"robots\" content=\"index, follow, max-snippet:-1, max-image-preview:large, max-video-preview:-1\" \/>\n<link rel=\"canonical\" href=\"https:\/\/illycafe.ch\/fr\/produit\/utz-gourmet-venezia-moulu\/\" \/>\n<meta property=\"og:locale\" content=\"fr_FR\" \/>\n<meta property=\"og:type\" content=\"article\" \/>\n<meta property=\"og:title\" content=\"Gourmet Venezia \u2013 MOULU - Illycaf\u00e9 | Premium Kaffee kaufen | Gastronomie, Firmen, Privat\" \/>\n<meta property=\"og:description\" content=\"Doux de caract\u00e8re, fort de go\u00fbt, tels sont les points forts de Gourmet Venezia. Gr\u00e2ce \u00e0 sa torr\u00e9faction claire, cet assemblage raffin\u00e9 est tout en harmonie et en fra\u00eecheur. Une acidit\u00e9 d\u00e9licate, des notes de fruits, de biscuit et de cacao viennent apporter la touche finale \u00e0 son bouquet.\" \/>\n<meta property=\"og:url\" content=\"https:\/\/illycafe.ch\/fr\/produit\/utz-gourmet-venezia-moulu\/\" \/>\n<meta property=\"og:site_name\" content=\"Illycaf\u00e9 | Premium Kaffee kaufen | Gastronomie, Firmen, Privat\" \/>\n<meta property=\"article:modified_time\" content=\"2026-02-10T17:13:43+00:00\" \/>\n<meta property=\"og:image\" content=\"https:\/\/illycafe.ch\/wp-content\/uploads\/Gourmet_Ground_Coffee_Venezia_250g_08_2025-1.png\" \/>\n\t<meta property=\"og:image:width\" content=\"350\" \/>\n\t<meta property=\"og:image:height\" content=\"534\" \/>\n\t<meta property=\"og:image:type\" content=\"image\/png\" \/>\n<meta name=\"twitter:card\" content=\"summary_large_image\" \/>\n<meta name=\"twitter:label1\" content=\"Dur\u00e9e de lecture estim\u00e9e\" \/>\n\t<meta name=\"twitter:data1\" content=\"1 minute\" \/>\n<script type=\"application\/ld+json\" class=\"yoast-schema-graph\">{\"@context\":\"https:\\\/\\\/schema.org\",\"@graph\":[{\"@type\":\"WebPage\",\"@id\":\"https:\\\/\\\/illycafe.ch\\\/fr\\\/produit\\\/utz-gourmet-venezia-moulu\\\/\",\"url\":\"https:\\\/\\\/illycafe.ch\\\/fr\\\/produit\\\/utz-gourmet-venezia-moulu\\\/\",\"name\":\"Gourmet Venezia \u2013 MOULU - Illycaf\u00e9 | Premium Kaffee kaufen | Gastronomie, Firmen, Privat\",\"isPartOf\":{\"@id\":\"https:\\\/\\\/illycafe.ch\\\/#website\"},\"primaryImageOfPage\":{\"@id\":\"https:\\\/\\\/illycafe.ch\\\/fr\\\/produit\\\/utz-gourmet-venezia-moulu\\\/#primaryimage\"},\"image\":{\"@id\":\"https:\\\/\\\/illycafe.ch\\\/fr\\\/produit\\\/utz-gourmet-venezia-moulu\\\/#primaryimage\"},\"thumbnailUrl\":\"https:\\\/\\\/illycafe.ch\\\/wp-content\\\/uploads\\\/Gourmet_Ground_Coffee_Venezia_250g_08_2025-1.png\",\"datePublished\":\"2026-02-10T17:13:40+00:00\",\"dateModified\":\"2026-02-10T17:13:43+00:00\",\"breadcrumb\":{\"@id\":\"https:\\\/\\\/illycafe.ch\\\/fr\\\/produit\\\/utz-gourmet-venezia-moulu\\\/#breadcrumb\"},\"inLanguage\":\"fr-FR\",\"potentialAction\":[{\"@type\":\"ReadAction\",\"target\":[\"https:\\\/\\\/illycafe.ch\\\/fr\\\/produit\\\/utz-gourmet-venezia-moulu\\\/\"]}]},{\"@type\":\"ImageObject\",\"inLanguage\":\"fr-FR\",\"@id\":\"https:\\\/\\\/illycafe.ch\\\/fr\\\/produit\\\/utz-gourmet-venezia-moulu\\\/#primaryimage\",\"url\":\"https:\\\/\\\/illycafe.ch\\\/wp-content\\\/uploads\\\/Gourmet_Ground_Coffee_Venezia_250g_08_2025-1.png\",\"contentUrl\":\"https:\\\/\\\/illycafe.ch\\\/wp-content\\\/uploads\\\/Gourmet_Ground_Coffee_Venezia_250g_08_2025-1.png\",\"width\":350,\"height\":534},{\"@type\":\"BreadcrumbList\",\"@id\":\"https:\\\/\\\/illycafe.ch\\\/fr\\\/produit\\\/utz-gourmet-venezia-moulu\\\/#breadcrumb\",\"itemListElement\":[{\"@type\":\"ListItem\",\"position\":1,\"name\":\"Accueil\",\"item\":\"https:\\\/\\\/illycafe.ch\\\/fr\\\/\"},{\"@type\":\"ListItem\",\"position\":2,\"name\":\"Boutique\",\"item\":\"https:\\\/\\\/illycafe.ch\\\/fr\\\/boutique\\\/\"},{\"@type\":\"ListItem\",\"position\":3,\"name\":\"Gourmet Venezia \u2013 MOULU\"}]},{\"@type\":\"WebSite\",\"@id\":\"https:\\\/\\\/illycafe.ch\\\/#website\",\"url\":\"https:\\\/\\\/illycafe.ch\\\/\",\"name\":\"Illycaf\u00e9 | Premium Kaffee kaufen | Gastronomie, Firmen, Privat\",\"description\":\"Italienische Kaffeekultur. Schweizer Qualit\u00e4t.\",\"potentialAction\":[{\"@type\":\"SearchAction\",\"target\":{\"@type\":\"EntryPoint\",\"urlTemplate\":\"https:\\\/\\\/illycafe.ch\\\/?s={search_term_string}\"},\"query-input\":{\"@type\":\"PropertyValueSpecification\",\"valueRequired\":true,\"valueName\":\"search_term_string\"}}],\"inLanguage\":\"fr-FR\"}]}<\/script>\n<!-- \/ Yoast SEO plugin. -->","yoast_head_json":{"title":"Gourmet Venezia \u2013 MOULU - Illycaf\u00e9 | Premium Kaffee kaufen | Gastronomie, Firmen, Privat","robots":{"index":"index","follow":"follow","max-snippet":"max-snippet:-1","max-image-preview":"max-image-preview:large","max-video-preview":"max-video-preview:-1"},"canonical":"https:\/\/illycafe.ch\/fr\/produit\/utz-gourmet-venezia-moulu\/","og_locale":"fr_FR","og_type":"article","og_title":"Gourmet Venezia \u2013 MOULU - Illycaf\u00e9 | Premium Kaffee kaufen | Gastronomie, Firmen, Privat","og_description":"Doux de caract\u00e8re, fort de go\u00fbt, tels sont les points forts de Gourmet Venezia. Gr\u00e2ce \u00e0 sa torr\u00e9faction claire, cet assemblage raffin\u00e9 est tout en harmonie et en fra\u00eecheur. Une acidit\u00e9 d\u00e9licate, des notes de fruits, de biscuit et de cacao viennent apporter la touche finale \u00e0 son bouquet.","og_url":"https:\/\/illycafe.ch\/fr\/produit\/utz-gourmet-venezia-moulu\/","og_site_name":"Illycaf\u00e9 | Premium Kaffee kaufen | Gastronomie, Firmen, Privat","article_modified_time":"2026-02-10T17:13:43+00:00","og_image":[{"width":350,"height":534,"url":"https:\/\/illycafe.ch\/wp-content\/uploads\/Gourmet_Ground_Coffee_Venezia_250g_08_2025-1.png","type":"image\/png"}],"twitter_card":"summary_large_image","twitter_misc":{"Dur\u00e9e de lecture estim\u00e9e":"1 minute"},"schema":{"@context":"https:\/\/schema.org","@graph":[{"@type":"WebPage","@id":"https:\/\/illycafe.ch\/fr\/produit\/utz-gourmet-venezia-moulu\/","url":"https:\/\/illycafe.ch\/fr\/produit\/utz-gourmet-venezia-moulu\/","name":"Gourmet Venezia \u2013 MOULU - Illycaf\u00e9 | Premium Kaffee kaufen | Gastronomie, Firmen, Privat","isPartOf":{"@id":"https:\/\/illycafe.ch\/#website"},"primaryImageOfPage":{"@id":"https:\/\/illycafe.ch\/fr\/produit\/utz-gourmet-venezia-moulu\/#primaryimage"},"image":{"@id":"https:\/\/illycafe.ch\/fr\/produit\/utz-gourmet-venezia-moulu\/#primaryimage"},"thumbnailUrl":"https:\/\/illycafe.ch\/wp-content\/uploads\/Gourmet_Ground_Coffee_Venezia_250g_08_2025-1.png","datePublished":"2026-02-10T17:13:40+00:00","dateModified":"2026-02-10T17:13:43+00:00","breadcrumb":{"@id":"https:\/\/illycafe.ch\/fr\/produit\/utz-gourmet-venezia-moulu\/#breadcrumb"},"inLanguage":"fr-FR","potentialAction":[{"@type":"ReadAction","target":["https:\/\/illycafe.ch\/fr\/produit\/utz-gourmet-venezia-moulu\/"]}]},{"@type":"ImageObject","inLanguage":"fr-FR","@id":"https:\/\/illycafe.ch\/fr\/produit\/utz-gourmet-venezia-moulu\/#primaryimage","url":"https:\/\/illycafe.ch\/wp-content\/uploads\/Gourmet_Ground_Coffee_Venezia_250g_08_2025-1.png","contentUrl":"https:\/\/illycafe.ch\/wp-content\/uploads\/Gourmet_Ground_Coffee_Venezia_250g_08_2025-1.png","width":350,"height":534},{"@type":"BreadcrumbList","@id":"https:\/\/illycafe.ch\/fr\/produit\/utz-gourmet-venezia-moulu\/#breadcrumb","itemListElement":[{"@type":"ListItem","position":1,"name":"Accueil","item":"https:\/\/illycafe.ch\/fr\/"},{"@type":"ListItem","position":2,"name":"Boutique","item":"https:\/\/illycafe.ch\/fr\/boutique\/"},{"@type":"ListItem","position":3,"name":"Gourmet Venezia \u2013 MOULU"}]},{"@type":"WebSite","@id":"https:\/\/illycafe.ch\/#website","url":"https:\/\/illycafe.ch\/","name":"Illycaf\u00e9 | Premium Kaffee kaufen | Gastronomie, Firmen, Privat","description":"Italienische Kaffeekultur. Schweizer Qualit\u00e4t.","potentialAction":[{"@type":"SearchAction","target":{"@type":"EntryPoint","urlTemplate":"https:\/\/illycafe.ch\/?s={search_term_string}"},"query-input":{"@type":"PropertyValueSpecification","valueRequired":true,"valueName":"search_term_string"}}],"inLanguage":"fr-FR"}]}},"_links":{"self":[{"href":"https:\/\/illycafe.ch\/fr\/wp-json\/wp\/v2\/product\/25347","targetHints":{"allow":["GET"]}}],"collection":[{"href":"https:\/\/illycafe.ch\/fr\/wp-json\/wp\/v2\/product"}],"about":[{"href":"https:\/\/illycafe.ch\/fr\/wp-json\/wp\/v2\/types\/product"}],"replies":[{"embeddable":true,"href":"https:\/\/illycafe.ch\/fr\/wp-json\/wp\/v2\/comments?post=25347"}],"wp:featuredmedia":[{"embeddable":true,"href":"https:\/\/illycafe.ch\/fr\/wp-json\/wp\/v2\/media\/266910"}],"wp:attachment":[{"href":"https:\/\/illycafe.ch\/fr\/wp-json\/wp\/v2\/media?parent=25347"}],"wp:term":[{"taxonomy":"product_cat","embeddable":true,"href":"https:\/\/illycafe.ch\/fr\/wp-json\/wp\/v2\/product_cat?post=25347"},{"taxonomy":"product_tag","embeddable":true,"href":"https:\/\/illycafe.ch\/fr\/wp-json\/wp\/v2\/product_tag?post=25347"}],"curies":[{"name":"wp","href":"https:\/\/api.w.org\/{rel}","templated":true}]}}