{"id":262690,"date":"2025-04-25T11:32:44","date_gmt":"2025-04-28T09:28:53","guid":{"rendered":"https:\/\/illycafe.ch\/?post_type=product&#038;p=262690"},"modified":"2025-06-05T14:23:12","modified_gmt":"2025-06-05T12:23:12","slug":"orge-pour-machines-a-cafe-iperespresso","status":"publish","type":"product","link":"https:\/\/illycafe.ch\/fr\/produit\/orge-pour-machines-a-cafe-iperespresso\/","title":{"rendered":"Orzo pour machines \u00e0 caf\u00e9 Iperespresso"},"content":{"rendered":"<div class=\"wpb-content-wrapper\"><p>[vc_row][vc_column][\/vc_column][\/vc_row][vc_row el_class=&#8221;none-sub-products&#8221; el_id=&#8221;sub-product&#8221; css=&#8221;.vc_custom_1723021695272{background-color: #ffffff !important;}&#8221;][vc_column width=&#8221;1\/6&#8243;][\/vc_column][vc_column width=&#8221;2\/3&#8243; css=&#8221;.vc_custom_1722498456585{padding-top: 32px !important;padding-bottom: 32px !important;}&#8221;][vc_column_text]<\/p>\n<h2 style=\"text-align: center; color: #512c1f; font-size: 34px; font-family: 'Manrope',sans-serif;\">Caract\u00e9ristiques principales<\/h2>\n<p>[\/vc_column_text][vc_empty_space height=&#8221;35px&#8221;][vc_row_inner el_class=&#8221;row-icons&#8221;][vc_column_inner width=&#8221;1\/3&#8243; css=&#8221;.vc_custom_1723018477715{padding-right: 20px !important;padding-left: 20px !important;}&#8221;][vc_single_image image=&#8221;104380&#8243; img_size=&#8221;60&#215;60&#8243; alignment=&#8221;center&#8221;][vc_column_text]<\/p>\n<h6 style=\"text-align: center;\"><strong>Le grain:<\/strong><\/h6>\n<p style=\"text-align: center;\">Le meilleur 1% des meilleurs grains de caf\u00e9 arabica<\/p>\n<p>[\/vc_column_text][vc_empty_space height=&#8221;15px&#8221;][\/vc_column_inner][vc_column_inner width=&#8221;1\/3&#8243; css=&#8221;.vc_custom_1723018486731{padding-right: 20px !important;padding-left: 20px !important;}&#8221;][vc_single_image image=&#8221;104388&#8243; img_size=&#8221;60&#215;60&#8243; alignment=&#8221;center&#8221;][vc_column_text]<\/p>\n<h6 style=\"text-align: center;\"><strong>Pr\u00e9paration du caf\u00e9:<\/strong><\/h6>\n<p style=\"text-align: center;\">Id\u00e9al pour votre espresso italien<\/p>\n<p>[\/vc_column_text][vc_empty_space height=&#8221;15px&#8221;][\/vc_column_inner][vc_column_inner width=&#8221;1\/3&#8243; css=&#8221;.vc_custom_1723018493419{padding-right: 20px !important;padding-left: 20px !important;}&#8221;][vc_single_image image=&#8221;104385&#8243; img_size=&#8221;60&#215;60&#8243; alignment=&#8221;center&#8221;][vc_column_text]<\/p>\n<h6 style=\"text-align: center;\"><strong>Adapt\u00e9 \u00e0:<\/strong><\/h6>\n<p style=\"text-align: center;\">Uniquement adapt\u00e9e aux machines illy Iperespresso<\/p>\n<p>[\/vc_column_text][vc_empty_space height=&#8221;15px&#8221;][\/vc_column_inner][\/vc_row_inner][\/vc_column][vc_column width=&#8221;1\/6&#8243;][\/vc_column][\/vc_row][vc_row el_class=&#8221;none-sub-products&#8221; el_id=&#8221;sub-product-acc&#8221; css=&#8221;.vc_custom_1722497764635{background-color: #f2e9da !important;}&#8221;][vc_column width=&#8221;1\/6&#8243;][\/vc_column][vc_column width=&#8221;2\/3&#8243; css=&#8221;.vc_custom_1722498426609{padding-top: 80px !important;padding-bottom: 80px !important;}&#8221;]<div class=\"eltdf-accordion-holder eltdf-ac-default  eltdf-toggle eltdf-ac-simple  clearfix\">\n\t<h4 class=\"eltdf-accordion-title\">\n    <span class=\"eltdf-accordion-mark\">\n\t\t<span class=\"eltdf_icon_plus icon_plus\"><\/span>\n\t\t<span class=\"eltdf_icon_minus icon_minus-06\"><\/span>\n\t<\/span>\n\t<span class=\"eltdf-tab-title\">D\u00e9tails du produit<\/span>\n<\/h4>\n<div class=\"eltdf-accordion-content\">\n\t<div class=\"eltdf-accordion-content-inner\">\n\t\t[vc_column_text css=&#8221;&#8221;]La boisson Barley de la ligne Hordeum d&#8217;illy est naturellement exempte de caf\u00e9ine, d&#8217;ar\u00f4mes artificiels et de graisses hydrog\u00e9n\u00e9es. Son go\u00fbt est intense, avec un ar\u00f4me de c\u00e9r\u00e9ales grill\u00e9es, des notes de caramel et un soup\u00e7on de r\u00e9glisse. En capsules pour le syst\u00e8me exclusif Iperespresso.<\/p>\n<p>R\u00e9f\u00e9rence produit: <strong>8970ME<\/strong>[\/vc_column_text][vc_raw_html el_id=&#8221;btn-show&#8221;]JTNDYSUyMGNsYXNzJTNEJTIyYnV0dG9uLXN1Yi1wcm9kdWN0JTIyJTNFJTNDYnV0dG9uJTIwaWQlM0QlMjJidG4tc2hvdyUyMiUzRUluZm9ybWF0aW9ucyUyMG9ibGlnYXRvaXJlcyUzQyUyRmJ1dHRvbiUzRSUzQyUyRmElM0U=[\/vc_raw_html][vc_row_inner el_id=&#8221;table-show&#8221; css=&#8221;.vc_custom_1724745708717{margin-top: 30px !important;}&#8221;][vc_column_inner width=&#8221;1\/2&#8243;][vc_raw_html css=&#8221;&#8221;]JTNDdGFibGUlM0UlMEElMDklM0N0Ym9keSUzRSUwQSUwOSUwOSUzQ3RyJTNFJTBBJTA5JTA5JTA5JTNDdGQlM0UlM0NzdHJvbmclM0VDb2QuJTIwRUFDSCUzQyUyRnN0cm9uZyUzRSUzQyUyRnRkJTNFJTBBJTA5JTA5JTA5JTNDdGQlMjBjbGFzcyUzRCUyMnJpZ2h0JTIyJTNFODk3ME1FJTNDJTJGdGQlM0UlMEElMDklMDklM0MlMkZ0ciUzRSUwQSUwOSUwOSUzQ3RyJTNFJTBBJTA5JTA5JTA5JTNDdGQlM0UlM0NzdHJvbmclM0VEJUMzJUE5bm9taW5hdGlvbiUzQyUyRnN0cm9uZyUzRSUzQyUyRnRkJTNFJTBBJTA5JTA5JTA5JTNDdGQlMjBjbGFzcyUzRCUyMnJpZ2h0JTIyJTNFT3JnZSUzQyUyRnRkJTNFJTBBJTA5JTA5JTNDJTJGdHIlM0UlMEElMDklMDklM0N0ciUzRSUwQSUwOSUwOSUwOSUzQ3RkJTNFJTNDc3Ryb25nJTNFRCVDMyVBOW5vbWluYXRpb24lMjBkZSUyMGxhJTIwZGVuciVDMyVBOWUlMjBhbGltZW50YWlyZSUzQyUyRnN0cm9uZyUzRSUzQyUyRnRkJTNFJTBBJTA5JTA5JTA5JTNDdGQlMjBjbGFzcyUzRCUyMnJpZ2h0JTIyJTNFT3JnZSUyMHNvbHVibGUlM0MlMkZ0ZCUzRSUwQSUwOSUwOSUzQyUyRnRyJTNFJTBBJTA5JTA5JTNDdHIlM0UlMEElMDklMDklMDklM0N0ZCUzRSUzQ3N0cm9uZyUzRUxpc3RlJTIwZGVzJTIwaW5nciVDMyVBOWRpZW50cyUzQyUyRnN0cm9uZyUzRSUzQyUyRnRkJTNFJTBBJTA5JTA5JTA5JTNDdGQlMjBjbGFzcyUzRCUyMnJpZ2h0JTIyJTNFT3JnZSUyMHNvbHVibGUlM0MlMkZ0ZCUzRSUwQSUwOSUwOSUzQyUyRnRyJTNFJTBBJTA5JTA5JTNDdHIlM0UlMEElMDklMDklMDklM0N0ZCUzRSUzQ3N0cm9uZyUzRUxpc3RlJTIwZGVzJTIwYWxsZXJnJUMzJUE4bmVzJTNDJTJGc3Ryb25nJTNFJTNDJTJGdGQlM0UlMEElMDklMDklMDklM0N0ZCUyMGNsYXNzJTNEJTIycmlnaHQlMjIlM0VPcmdlLiUyMFBldXQlMjBjb250ZW5pciUyMGRlcyUyMHRyYWNlcyUyMGRlJTIwbGFpdCUyQyUyMGRlJTIwbm9pc2V0dGUlMjBldCUyMGRlJTIwc29qYSUzQyUyRnRkJTNFJTBBJTA5JTA5JTNDJTJGdHIlM0UlMEElMDklMDklM0N0ciUzRSUwQSUwOSUwOSUwOSUzQ3RkJTNFJTNDc3Ryb25nJTNFUXVhbnRpdCVDMyVBOSUyMGRlJTIwY2VydGFpbnMlMjBpbmdyJUMzJUE5ZGllbnRzJTNDJTJGc3Ryb25nJTNFJTNDJTJGdGQlM0UlMEElMDklMDklMDklM0N0ZCUyMGNsYXNzJTNEJTIycmlnaHQlMjIlM0VuLmEuJTNDJTJGdGQlM0UlMEElMDklMDklM0MlMkZ0ciUzRSUwQSUwOSUwOSUzQ3RyJTNFJTBBJTA5JTA5JTA5JTNDdGQlM0UlM0NzdHJvbmclM0VRdWFudGl0JUMzJUE5JTIwbmV0dGUlMjBkZSUyMGRlbnIlQzMlQTllJTIwYWxpbWVudGFpcmUlM0MlMkZzdHJvbmclM0UlM0MlMkZ0ZCUzRSUwQSUwOSUwOSUwOSUzQ3RkJTIwY2xhc3MlM0QlMjJyaWdodCUyMiUzRTU0ZyUzQyUyRnRkJTNFJTBBJTA5JTA5JTNDJTJGdHIlM0UlMEElMDklMDklM0N0ciUzRSUwQSUwOSUwOSUwOSUzQ3RkJTNFJTNDc3Ryb25nJTNFTGVzJTIwY29uZGl0aW9ucyUyMHBhcnRpY3VsaSVDMyVBOHJlcyUyMGRlJTIwY29uc2VydmF0aW9uJTIwZXQlMkZvdSUyMGQlRTIlODAlOTl1dGlsaXNhdGlvbiUzQyUyRnN0cm9uZyUzRSUzQyUyRnRkJTNFJTBBJTA5JTA5JTA5JTNDdGQlMjBjbGFzcyUzRCUyMnJpZ2h0JTIyJTNFQ29uc2VydmVyJTIwZGFucyUyMHVuJTIwZW5kcm9pdCUyMGZyYWlzJTIwZXQlMjBzZWMlM0MlMkZ0ZCUzRSUwQSUwOSUwOSUzQyUyRnRyJTNFJTBBJTA5JTNDJTJGdGJvZHklM0UlMEElM0MlMkZ0YWJsZSUzRQ==[\/vc_raw_html][\/vc_column_inner][vc_column_inner width=&#8221;1\/2&#8243;][vc_raw_html css=&#8221;&#8221;]JTNDdGFibGUlM0UlMEElMDklM0N0Ym9keSUzRSUwQSUwOSUwOSUzQ3RyJTNFJTBBJTA5JTA5JTA5JTNDdGQlM0UlM0NzdHJvbmclM0VFeHBsb2l0YW50JTIwZHUlMjBzZWN0ZXVyJTIwYWxpbWVudGFpcmUlM0MlMkZzdHJvbmclM0UlM0MlMkZ0ZCUzRSUwQSUwOSUwOSUwOSUzQ3RkJTIwY2xhc3MlM0QlMjJyaWdodCUyMiUzRWlsbHljYWZmJUMzJUE4JTIwUy5wLkEuJTJDJTIwVmlhJTIwRmxhdmlhJTIwMTEwJTJDJTIwMzQxNDclMjBUcmllc3RlJTJDJTIwY29uZGl0aW9ubiVDMyVBOSUyMGRhbnMlMjBsJTI3dXNpbmUlMjB2aWElMjBNb250aSUyMDMwJTJDJTIwUm9iZWNjaGV0dG8lMjBjb24lMjBJbmR1bm8lMjBNYWx2YWdsaW8lMjAlMjhNSSUyOSUyMC0lMjBJdGFsaWUlM0MlMkZ0ZCUzRSUwQSUwOSUwOSUzQyUyRnRyJTNFJTBBJTA5JTA5JTNDdHIlM0UlMEElMDklMDklMDklM0N0ZCUzRSUzQ3N0cm9uZyUzRUxlJTIwcGF5cyUyMGQlRTIlODAlOTlvcmlnaW5lJTIwb3UlMjBsZSUyMGxpZXUlMjBkZSUyMHByb3ZlbmFuY2UlM0MlMkZzdHJvbmclM0UlM0MlMkZ0ZCUzRSUwQSUwOSUwOSUwOSUzQ3RkJTIwY2xhc3MlM0QlMjJyaWdodCUyMiUzRSUzQyUyRnRkJTNFJTBBJTA5JTA5JTNDJTJGdHIlM0UlMEElMDklMDklM0N0ciUzRSUwQSUwOSUwOSUwOSUzQ3RkJTNFJTNDc3Ryb25nJTNFTW9kZSUyMGQlRTIlODAlOTllbXBsb2klM0MlMkZzdHJvbmclM0UlM0MlMkZ0ZCUzRSUwQSUwOSUwOSUwOSUzQ3RkJTIwY2xhc3MlM0QlMjJyaWdodCUyMiUzRUNhcHN1bGVzJTIwcG91ciUyMG1hY2hpbmVzJTIwJUMzJUEwJTIwZXhwcmVzc28lMjBkb21lc3RpcXVlcyUzQyUyRnRkJTNFJTBBJTA5JTA5JTNDJTJGdHIlM0UlMEElMDklMDklM0N0ciUzRSUwQSUwOSUwOSUwOSUzQ3RkJTNFJTNDc3Ryb25nJTNFVGl0cmUlMjBhbGNvb20lQzMlQTl0cmlxdWUlMjB2b2x1bWlxdWUlMjBhY3F1aXMlM0MlMkZzdHJvbmclM0UlM0MlMkZ0ZCUzRSUwQSUwOSUwOSUwOSUzQ3RkJTIwY2xhc3MlM0QlMjJyaWdodCUyMiUzRW4uYS4lM0MlMkZ0ZCUzRSUwQSUwOSUwOSUzQyUyRnRyJTNFJTBBJTA5JTA5JTNDdHIlM0UlMEElMDklMDklMDklM0N0ZCUzRSUzQ3N0cm9uZyUzRUQlQzMlQTljbGFyYXRpb24lMjBudXRyaXRpb25uZWxsZSUzQyUyRnN0cm9uZyUzRSUzQyUyRnRkJTNFJTBBJTA5JTA5JTA5JTNDdGQlMjBjbGFzcyUzRCUyMnJpZ2h0JTIyJTNFbi5hLiUzQyUyRnRkJTNFJTBBJTA5JTA5JTNDJTJGdHIlM0UlMEElMDklMDklM0N0ciUzRSUwQSUwOSUwOSUwOSUzQ3RkJTNFJTNDc3Ryb25nJTNFSW5mb3JtYXRpb25zJTIwY29tcGwlQzMlQTltZW50YWlyZXMlM0MlMkZzdHJvbmclM0UlM0MlMkZ0ZCUzRSUwQSUwOSUwOSUwOSUzQ3RkJTIwY2xhc3MlM0QlMjJyaWdodCUyMiUzRVZhbGV1cnMlMjBudXRyaXRpb25uZWxsZXMlMjBwb3VyJTIwMTAwJTIwZyUyMCUzQSUyMCVDMyU4OW5lcmdpZSUyMDE1MzdrSiUyRjM2M0tjYWwlMjAlM0IlMjBtYXRpJUMzJUE4cmVzJTIwZ3Jhc3NlcyUyMDAlMjBnJTJDJTIwZG9udCUyMCUzQSUyMGFjaWRlcyUyMGdyYXMlMjBzYXR1ciVDMyVBOXMlMjAwJTIwZyUyMCUzQiUyMGdsdWNpZGVzJTIwODJnJTJDJTIwZG9udCUyMCUzQSUyMHN1Y3JlcyUyMDE3ZyUyMCUzQiUyMHByb3QlQzMlQTlpbmVzJTIwNCUyQzklMjBnJTNCJTIwc2VsJTIwMCUyQzM0Zy4lM0MlMkZ0ZCUzRSUwQSUwOSUwOSUzQyUyRnRyJTNFJTBBJTA5JTNDJTJGdGJvZHklM0UlMEElM0MlMkZ0YWJsZSUzRQ==[\/vc_raw_html][\/vc_column_inner][\/vc_row_inner]\t<\/div>\n<\/div><h4 class=\"eltdf-accordion-title\">\n    <span class=\"eltdf-accordion-mark\">\n\t\t<span class=\"eltdf_icon_plus icon_plus\"><\/span>\n\t\t<span class=\"eltdf_icon_minus icon_minus-06\"><\/span>\n\t<\/span>\n\t<span class=\"eltdf-tab-title\">Exp\u00e9dition<\/span>\n<\/h4>\n<div class=\"eltdf-accordion-content\">\n\t<div class=\"eltdf-accordion-content-inner\">\n\t\t[vc_column_text css=&#8221;&#8221;]Livraison, frais de port, modes de paiement<\/p>\n<p><strong>Livraison :<\/strong><\/p>\n<p>Votre commande sera livr\u00e9e rapidement et de mani\u00e8re fiable.<\/p>\n<p>Nous travaillons avec SwissPost.<\/p>\n<p>Avec l&#8217;envoi de la marchandise, le risque est transf\u00e9r\u00e9 \u00e0 l&#8217;acheteur.<\/p>\n<p>Les informations sur la disponibilit\u00e9 et les d\u00e9lais de livraison \u00e9ventuels ne sont pas contraignantes, sauf si elles sont confirm\u00e9es par \u00e9crit par le vendeur.<\/p>\n<p>La livraison se fait soit par poste, soit selon le plan de tourn\u00e9e par camion, uniquement en Suisse.<\/p>\n<p>Le d\u00e9lai de livraison est g\u00e9n\u00e9ralement compris entre 3 et 5 jours. Si le client le demande express\u00e9ment, les commandes peuvent \u00eatre exp\u00e9di\u00e9es par service express ou coursier. Cependant, dans ces cas, les frais d&#8217;envoi seront toujours factur\u00e9s.<\/p>\n<p><strong>Frais de port :<\/strong><\/p>\n<p>Gratuit \u00e0 partir de Fr.100.00<\/p>\n<p>Produits Illy Triest : Fr.10.25\/ TTC et gratuit \u00e0 partir de Fr.100.00<br \/>\nProduits Illy Suisse jusqu&#8217;\u00e0 1,5 kg Fr.9.50 TTC \/ \u00e0 partir de 1,6 kg Fr.10.25 TTC<br \/>\nCapsules 1-7 pcs. Fr. 4.75 TTC<br \/>\nCapsules 8-29 pcs. Fr. 5.40 TTC<br \/>\n\u00c0 partir de 30 capsules, frais de port gratuits<\/p>\n<p>Les bo\u00eetes postales ne sont pas livr\u00e9es.<br \/>\nIllycaf\u00e9 AG d\u00e9cline toute responsabilit\u00e9 en cas de retard de livraison caus\u00e9 par les entreprises de transport ou d&#8217;autres tiers.<\/p>\n<p>Les commandes pass\u00e9es le samedi, dimanche ou jour f\u00e9ri\u00e9 seront trait\u00e9es le jour ouvrable suivant au plus t\u00f4t.<\/p>\n<p>Il peut arriver que la commande soit exp\u00e9di\u00e9e en plusieurs colis qui peuvent arriver \u00e0 des dates diff\u00e9rentes.<\/p>\n<p><strong>Paypal<\/strong><\/p>\n<p>Carte de cr\u00e9dit : VISA, MASTERCARD, AMERICAN EXPRESS[\/vc_column_text]\t<\/div>\n<\/div><\/div>[\/vc_column][vc_column width=&#8221;1\/6&#8243;][\/vc_column][\/vc_row][vc_row full_width=&#8221;stretch_row&#8221; el_class=&#8221;none-sub-products&#8221; css=&#8221;.vc_custom_1745572406702{padding-bottom: 70px !important;background-color: #FFFFFF !important;}&#8221;][vc_column width=&#8221;1\/12&#8243;][\/vc_column][vc_column width=&#8221;10\/12&#8243;][vc_column_text css=&#8221;&#8221;]<div data-post-id=\"221719\" class=\"insert-page insert-page-221719 \"><style type=\"text\/css\" data-type=\"vc_custom-css\">.promo-text h3{\r\n    font-size: 24px;\r\n    color: #512C1F !important;\r\n    font-weight: 700 !important;\r\n    font-family: &#039;Manrope&#039;, sans-serif !important;\r\n    letter-spacing: 0px !important;\r\n}\r\n\r\n.promo-text h5{\r\n    font-size: 16px !important;\r\n    text-align: center;\r\n    color: #512C1F !important;\r\n    font-family: &#039;Manrope&#039;, sans-serif !important;\r\n    letter-spacing: 0px !important;\r\n}\r\n\r\n.promo-text p{\r\n    font-size: 11px !important;\r\n    text-align: center !important;\r\n    margin-top: 0px;\r\n    color: #636660;\r\n    font-family: &#039;Manrope&#039;, sans-serif !important;\r\n    letter-spacing: 0px !important;\r\n}<\/style><style type=\"text\/css\" data-type=\"vc_shortcodes-custom-css\">.vc_custom_1744117351675{margin-top: 70px !important;padding-top: 40px !important;padding-right: 30px !important;padding-bottom: 40px !important;padding-left: 30px !important;background: #ffffff url(https:\/\/illycafe.ch\/wp-content\/uploads\/illylovers.webp?id=221722) !important;background-position: center !important;background-repeat: no-repeat !important;background-size: cover !important;}.vc_custom_1744117502440{margin-top: 70px !important;padding-top: 40px !important;padding-right: 30px !important;padding-bottom: 40px !important;padding-left: 30px !important;background: #ffffff url(https:\/\/illycafe.ch\/wp-content\/uploads\/illylovers-mobile.png?id=221727) !important;background-position: center !important;background-repeat: no-repeat !important;background-size: cover !important;}.vc_custom_1722931185055{margin-top: 0px !important;margin-bottom: 0px !important;margin-left: 0px !important;padding-top: 0px !important;padding-right: 0px !important;padding-bottom: 0px !important;padding-left: 0px !important;}<\/style><div class=\"wpb-content-wrapper\"><p>[vc_row css=&#8221;.vc_custom_1744117351675{margin-top: 70px !important;padding-top: 40px !important;padding-right: 30px !important;padding-bottom: 40px !important;padding-left: 30px !important;background: #ffffff url(https:\/\/illycafe.ch\/wp-content\/uploads\/illylovers.webp?id=221722) !important;background-position: center center;background-repeat: no-repeat !important;background-size: cover !important;}&#8221; el_id=&#8221;illy-lovers-banner&#8221; el_class=&#8221;desktop-only&#8221;][vc_column css=&#8221;.vc_custom_1722931185055{margin-top: 0px !important;margin-bottom: 0px !important;margin-left: 0px !important;padding-top: 0px !important;padding-right: 0px !important;padding-bottom: 0px !important;padding-left: 0px !important;}&#8221;][vc_column_text css=&#8221;&#8221; el_class=&#8221;titol-banner&#8221;]<\/p>\n<h4>illy Lovers<\/h4>\n<p>[\/vc_column_text][vc_column_text css=&#8221;&#8221; el_class=&#8221;text-banner&#8221;]Rejoignez la communaut\u00e9 et d\u00e9couvrez les surprises<br \/>\net les avantages exclusifs que nous vous r\u00e9servons.[\/vc_column_text][vc_raw_html css=&#8221;&#8221;]JTNDYSUyMGNsYXNzJTNEJTIyYnV0dG9uLXN1Yi1wcm9kdWN0JTIyJTIwaHJlZiUzRCUyMiUyM0Fib25uZW1lbnQlMjIlM0UlM0NidXR0b24lM0VJbnNjcml2ZXotdm91cyUyMG1haW50ZW5hbnQlM0MlMkZidXR0b24lM0UlM0MlMkZhJTNFJTBB[\/vc_raw_html][\/vc_column][\/vc_row][vc_row css=&#8221;.vc_custom_1744117502440{margin-top: 70px !important;padding-top: 40px !important;padding-right: 30px !important;padding-bottom: 40px !important;padding-left: 30px !important;background: #ffffff url(https:\/\/illycafe.ch\/wp-content\/uploads\/illylovers-mobile.png?id=221727) !important;background-position: center center;background-repeat: no-repeat !important;background-size: cover !important;}&#8221; el_id=&#8221;illy-lovers-banner&#8221; el_class=&#8221;mobile-only&#8221;][vc_column css=&#8221;.vc_custom_1722931185055{margin-top: 0px !important;margin-bottom: 0px !important;margin-left: 0px !important;padding-top: 0px !important;padding-right: 0px !important;padding-bottom: 0px !important;padding-left: 0px !important;}&#8221;][vc_column_text css=&#8221;&#8221; el_class=&#8221;titol-banner&#8221;]<\/p>\n<h4>illy Lovers<\/h4>\n<p>[\/vc_column_text][vc_column_text css=&#8221;&#8221; el_class=&#8221;text-banner&#8221;]Rejoignez la communaut\u00e9 et d\u00e9couvrez les surprises<br \/>\net les avantages exclusifs que nous vous r\u00e9servons.[\/vc_column_text][vc_raw_html css=&#8221;&#8221;]JTNDYSUyMGNsYXNzJTNEJTIyYnV0dG9uLXN1Yi1wcm9kdWN0JTIyJTIwaHJlZiUzRCUyMiUyM0Fib25uZW1lbnQlMjIlM0UlM0NidXR0b24lM0VJbnNjcml2ZXotdm91cyUyMG1haW50ZW5hbnQlM0MlMkZidXR0b24lM0UlM0MlMkZhJTNFJTBB[\/vc_raw_html][\/vc_column][\/vc_row]<\/p>\n<\/div><\/div>[\/vc_column_text][\/vc_column][vc_column width=&#8221;1\/12&#8243;][\/vc_column][\/vc_row]<\/p>\n<\/div>","protected":false},"excerpt":{"rendered":"<p>Saveur intense avec un ar\u00f4me de c\u00e9r\u00e9ales grill\u00e9es, des notes de caramel et une l\u00e9g\u00e8re touche de r\u00e9glisse.<\/p>\n","protected":false},"featured_media":262687,"comment_status":"closed","ping_status":"closed","template":"","meta":{"inline_featured_image":false},"product_cat":[1410,1434,1395,1094],"product_tag":[],"class_list":{"0":"post-262690","1":"product","2":"type-product","3":"status-publish","4":"has-post-thumbnail","6":"product_cat-cafe","7":"product_cat-orge-et-ginseng","8":"product_cat-bluk-cupons-coffee-machine-fr","9":"product_cat-boutique-illy-s-p-a","10":"pa_weight-120-6-fr","12":"first","13":"instock","14":"taxable","15":"shipping-taxable","16":"purchasable","17":"product-type-variable","18":"has-default-attributes"},"yoast_head":"<!-- This site is optimized with the Yoast SEO plugin v27.5 - https:\/\/yoast.com\/product\/yoast-seo-wordpress\/ -->\n<title>Orzo pour machines \u00e0 caf\u00e9 Iperespresso - Illycaf\u00e9 | Premium Kaffee kaufen | Gastronomie, Firmen, Privat<\/title>\n<meta name=\"robots\" content=\"index, follow, max-snippet:-1, max-image-preview:large, max-video-preview:-1\" \/>\n<link rel=\"canonical\" href=\"https:\/\/illycafe.ch\/fr\/produit\/orge-pour-machines-a-cafe-iperespresso\/\" \/>\n<meta property=\"og:locale\" content=\"fr_FR\" \/>\n<meta property=\"og:type\" content=\"article\" \/>\n<meta property=\"og:title\" content=\"Orzo pour machines \u00e0 caf\u00e9 Iperespresso - Illycaf\u00e9 | Premium Kaffee kaufen | Gastronomie, Firmen, Privat\" \/>\n<meta property=\"og:description\" content=\"Saveur intense avec un ar\u00f4me de c\u00e9r\u00e9ales grill\u00e9es, des notes de caramel et une l\u00e9g\u00e8re touche de r\u00e9glisse.\" \/>\n<meta property=\"og:url\" content=\"https:\/\/illycafe.ch\/fr\/produit\/orge-pour-machines-a-cafe-iperespresso\/\" \/>\n<meta property=\"og:site_name\" content=\"Illycaf\u00e9 | Premium Kaffee kaufen | Gastronomie, Firmen, Privat\" \/>\n<meta property=\"article:modified_time\" content=\"2025-06-05T12:23:12+00:00\" \/>\n<meta property=\"og:image\" content=\"https:\/\/illycafe.ch\/wp-content\/uploads\/8970ME_High_1x_01.png\" \/>\n\t<meta property=\"og:image:width\" content=\"700\" \/>\n\t<meta property=\"og:image:height\" content=\"770\" \/>\n\t<meta property=\"og:image:type\" content=\"image\/png\" \/>\n<meta name=\"twitter:card\" content=\"summary_large_image\" \/>\n<meta name=\"twitter:label1\" content=\"Dur\u00e9e de lecture estim\u00e9e\" \/>\n\t<meta name=\"twitter:data1\" content=\"3 minutes\" \/>\n<script type=\"application\/ld+json\" class=\"yoast-schema-graph\">{\"@context\":\"https:\\\/\\\/schema.org\",\"@graph\":[{\"@type\":\"WebPage\",\"@id\":\"https:\\\/\\\/illycafe.ch\\\/fr\\\/produit\\\/orge-pour-machines-a-cafe-iperespresso\\\/\",\"url\":\"https:\\\/\\\/illycafe.ch\\\/fr\\\/produit\\\/orge-pour-machines-a-cafe-iperespresso\\\/\",\"name\":\"Orzo pour machines \u00e0 caf\u00e9 Iperespresso - Illycaf\u00e9 | Premium Kaffee kaufen | Gastronomie, Firmen, Privat\",\"isPartOf\":{\"@id\":\"https:\\\/\\\/illycafe.ch\\\/#website\"},\"primaryImageOfPage\":{\"@id\":\"https:\\\/\\\/illycafe.ch\\\/fr\\\/produit\\\/orge-pour-machines-a-cafe-iperespresso\\\/#primaryimage\"},\"image\":{\"@id\":\"https:\\\/\\\/illycafe.ch\\\/fr\\\/produit\\\/orge-pour-machines-a-cafe-iperespresso\\\/#primaryimage\"},\"thumbnailUrl\":\"https:\\\/\\\/illycafe.ch\\\/wp-content\\\/uploads\\\/8970ME_High_1x_01.png\",\"datePublished\":\"2025-04-28T09:28:53+00:00\",\"dateModified\":\"2025-06-05T12:23:12+00:00\",\"breadcrumb\":{\"@id\":\"https:\\\/\\\/illycafe.ch\\\/fr\\\/produit\\\/orge-pour-machines-a-cafe-iperespresso\\\/#breadcrumb\"},\"inLanguage\":\"fr-FR\",\"potentialAction\":[{\"@type\":\"ReadAction\",\"target\":[\"https:\\\/\\\/illycafe.ch\\\/fr\\\/produit\\\/orge-pour-machines-a-cafe-iperespresso\\\/\"]}]},{\"@type\":\"ImageObject\",\"inLanguage\":\"fr-FR\",\"@id\":\"https:\\\/\\\/illycafe.ch\\\/fr\\\/produit\\\/orge-pour-machines-a-cafe-iperespresso\\\/#primaryimage\",\"url\":\"https:\\\/\\\/illycafe.ch\\\/wp-content\\\/uploads\\\/8970ME_High_1x_01.png\",\"contentUrl\":\"https:\\\/\\\/illycafe.ch\\\/wp-content\\\/uploads\\\/8970ME_High_1x_01.png\",\"width\":700,\"height\":770},{\"@type\":\"BreadcrumbList\",\"@id\":\"https:\\\/\\\/illycafe.ch\\\/fr\\\/produit\\\/orge-pour-machines-a-cafe-iperespresso\\\/#breadcrumb\",\"itemListElement\":[{\"@type\":\"ListItem\",\"position\":1,\"name\":\"Accueil\",\"item\":\"https:\\\/\\\/illycafe.ch\\\/fr\\\/\"},{\"@type\":\"ListItem\",\"position\":2,\"name\":\"Boutique\",\"item\":\"https:\\\/\\\/illycafe.ch\\\/fr\\\/boutique\\\/\"},{\"@type\":\"ListItem\",\"position\":3,\"name\":\"Orzo pour machines \u00e0 caf\u00e9 Iperespresso\"}]},{\"@type\":\"WebSite\",\"@id\":\"https:\\\/\\\/illycafe.ch\\\/#website\",\"url\":\"https:\\\/\\\/illycafe.ch\\\/\",\"name\":\"Illycaf\u00e9 | Premium Kaffee kaufen | Gastronomie, Firmen, Privat\",\"description\":\"Italienische Kaffeekultur. Schweizer Qualit\u00e4t.\",\"potentialAction\":[{\"@type\":\"SearchAction\",\"target\":{\"@type\":\"EntryPoint\",\"urlTemplate\":\"https:\\\/\\\/illycafe.ch\\\/?s={search_term_string}\"},\"query-input\":{\"@type\":\"PropertyValueSpecification\",\"valueRequired\":true,\"valueName\":\"search_term_string\"}}],\"inLanguage\":\"fr-FR\"}]}<\/script>\n<!-- \/ Yoast SEO plugin. -->","yoast_head_json":{"title":"Orzo pour machines \u00e0 caf\u00e9 Iperespresso - Illycaf\u00e9 | Premium Kaffee kaufen | Gastronomie, Firmen, Privat","robots":{"index":"index","follow":"follow","max-snippet":"max-snippet:-1","max-image-preview":"max-image-preview:large","max-video-preview":"max-video-preview:-1"},"canonical":"https:\/\/illycafe.ch\/fr\/produit\/orge-pour-machines-a-cafe-iperespresso\/","og_locale":"fr_FR","og_type":"article","og_title":"Orzo pour machines \u00e0 caf\u00e9 Iperespresso - Illycaf\u00e9 | Premium Kaffee kaufen | Gastronomie, Firmen, Privat","og_description":"Saveur intense avec un ar\u00f4me de c\u00e9r\u00e9ales grill\u00e9es, des notes de caramel et une l\u00e9g\u00e8re touche de r\u00e9glisse.","og_url":"https:\/\/illycafe.ch\/fr\/produit\/orge-pour-machines-a-cafe-iperespresso\/","og_site_name":"Illycaf\u00e9 | Premium Kaffee kaufen | Gastronomie, Firmen, Privat","article_modified_time":"2025-06-05T12:23:12+00:00","og_image":[{"width":700,"height":770,"url":"https:\/\/illycafe.ch\/wp-content\/uploads\/8970ME_High_1x_01.png","type":"image\/png"}],"twitter_card":"summary_large_image","twitter_misc":{"Dur\u00e9e de lecture estim\u00e9e":"3 minutes"},"schema":{"@context":"https:\/\/schema.org","@graph":[{"@type":"WebPage","@id":"https:\/\/illycafe.ch\/fr\/produit\/orge-pour-machines-a-cafe-iperespresso\/","url":"https:\/\/illycafe.ch\/fr\/produit\/orge-pour-machines-a-cafe-iperespresso\/","name":"Orzo pour machines \u00e0 caf\u00e9 Iperespresso - Illycaf\u00e9 | Premium Kaffee kaufen | Gastronomie, Firmen, Privat","isPartOf":{"@id":"https:\/\/illycafe.ch\/#website"},"primaryImageOfPage":{"@id":"https:\/\/illycafe.ch\/fr\/produit\/orge-pour-machines-a-cafe-iperespresso\/#primaryimage"},"image":{"@id":"https:\/\/illycafe.ch\/fr\/produit\/orge-pour-machines-a-cafe-iperespresso\/#primaryimage"},"thumbnailUrl":"https:\/\/illycafe.ch\/wp-content\/uploads\/8970ME_High_1x_01.png","datePublished":"2025-04-28T09:28:53+00:00","dateModified":"2025-06-05T12:23:12+00:00","breadcrumb":{"@id":"https:\/\/illycafe.ch\/fr\/produit\/orge-pour-machines-a-cafe-iperespresso\/#breadcrumb"},"inLanguage":"fr-FR","potentialAction":[{"@type":"ReadAction","target":["https:\/\/illycafe.ch\/fr\/produit\/orge-pour-machines-a-cafe-iperespresso\/"]}]},{"@type":"ImageObject","inLanguage":"fr-FR","@id":"https:\/\/illycafe.ch\/fr\/produit\/orge-pour-machines-a-cafe-iperespresso\/#primaryimage","url":"https:\/\/illycafe.ch\/wp-content\/uploads\/8970ME_High_1x_01.png","contentUrl":"https:\/\/illycafe.ch\/wp-content\/uploads\/8970ME_High_1x_01.png","width":700,"height":770},{"@type":"BreadcrumbList","@id":"https:\/\/illycafe.ch\/fr\/produit\/orge-pour-machines-a-cafe-iperespresso\/#breadcrumb","itemListElement":[{"@type":"ListItem","position":1,"name":"Accueil","item":"https:\/\/illycafe.ch\/fr\/"},{"@type":"ListItem","position":2,"name":"Boutique","item":"https:\/\/illycafe.ch\/fr\/boutique\/"},{"@type":"ListItem","position":3,"name":"Orzo pour machines \u00e0 caf\u00e9 Iperespresso"}]},{"@type":"WebSite","@id":"https:\/\/illycafe.ch\/#website","url":"https:\/\/illycafe.ch\/","name":"Illycaf\u00e9 | Premium Kaffee kaufen | Gastronomie, Firmen, Privat","description":"Italienische Kaffeekultur. Schweizer Qualit\u00e4t.","potentialAction":[{"@type":"SearchAction","target":{"@type":"EntryPoint","urlTemplate":"https:\/\/illycafe.ch\/?s={search_term_string}"},"query-input":{"@type":"PropertyValueSpecification","valueRequired":true,"valueName":"search_term_string"}}],"inLanguage":"fr-FR"}]}},"_links":{"self":[{"href":"https:\/\/illycafe.ch\/fr\/wp-json\/wp\/v2\/product\/262690","targetHints":{"allow":["GET"]}}],"collection":[{"href":"https:\/\/illycafe.ch\/fr\/wp-json\/wp\/v2\/product"}],"about":[{"href":"https:\/\/illycafe.ch\/fr\/wp-json\/wp\/v2\/types\/product"}],"replies":[{"embeddable":true,"href":"https:\/\/illycafe.ch\/fr\/wp-json\/wp\/v2\/comments?post=262690"}],"wp:featuredmedia":[{"embeddable":true,"href":"https:\/\/illycafe.ch\/fr\/wp-json\/wp\/v2\/media\/262687"}],"wp:attachment":[{"href":"https:\/\/illycafe.ch\/fr\/wp-json\/wp\/v2\/media?parent=262690"}],"wp:term":[{"taxonomy":"product_cat","embeddable":true,"href":"https:\/\/illycafe.ch\/fr\/wp-json\/wp\/v2\/product_cat?post=262690"},{"taxonomy":"product_tag","embeddable":true,"href":"https:\/\/illycafe.ch\/fr\/wp-json\/wp\/v2\/product_tag?post=262690"}],"curies":[{"name":"wp","href":"https:\/\/api.w.org\/{rel}","templated":true}]}}