{"id":49786,"date":"2024-05-27T13:40:24","date_gmt":"2024-05-27T11:40:24","guid":{"rendered":"https:\/\/illycafe.ch\/?post_type=product&#038;p=49786"},"modified":"2024-11-22T17:34:42","modified_gmt":"2024-11-22T16:34:42","slug":"ensemble-de-6-tasses-a-espresso-lilly-art-collection-pour-la-biennale-dart-2022","status":"publish","type":"product","link":"https:\/\/illycafe.ch\/fr\/produit\/ensemble-de-6-tasses-a-espresso-lilly-art-collection-pour-la-biennale-dart-2022\/","title":{"rendered":"Ensemble De 6 Tasses \u00c0 Espresso &#8211; L\u2019Illy Art Collection Pour La Biennale D\u2019Art 2022"},"content":{"rendered":"<div class=\"wpb-content-wrapper\"><p>[vc_row][vc_column][vc_column_text]C\u00e9l\u00e9brez les 30 ans des illy Art Collections avec cet ensemble de 6 tasses \u00e0 espresso de l\u2019illy Art Collection de la Biennale d\u2019art 2022. Chacune de ces collections a \u00e9t\u00e9 con\u00e7ue par les six artistes retenus par la commissaire d\u2019exposition Cecilia Alemani : Giulia Cenci, Felipe Baeza, Precious Okoyomon\u200b Aki Sasamoto, Cecilia Vicu\u00f1a et Alexandra Pirici\u200b.[\/vc_column_text][\/vc_column][\/vc_row][vc_row el_class=&#8221;none-sub-products&#8221; el_id=&#8221;sub-product-acc&#8221; css=&#8221;.vc_custom_1722497764635{background-color: #f2e9da !important;}&#8221;][vc_column width=&#8221;1\/6&#8243;][\/vc_column][vc_column width=&#8221;2\/3&#8243; css=&#8221;.vc_custom_1722498426609{padding-top: 80px !important;padding-bottom: 80px !important;}&#8221;]<div class=\"eltdf-accordion-holder eltdf-ac-default  eltdf-toggle eltdf-ac-simple  clearfix\">\n\t<h4 class=\"eltdf-accordion-title\">\n    <span class=\"eltdf-accordion-mark\">\n\t\t<span class=\"eltdf_icon_plus icon_plus\"><\/span>\n\t\t<span class=\"eltdf_icon_minus icon_minus-06\"><\/span>\n\t<\/span>\n\t<span class=\"eltdf-tab-title\">D\u00e9tails du produit<\/span>\n<\/h4>\n<div class=\"eltdf-accordion-content\">\n\t<div class=\"eltdf-accordion-content-inner\">\n\t\t[vc_column_text css=&#8221;&#8221;]C\u00e9l\u00e9brez les 30 ans des illy Art Collections avec cet ensemble de 6 tasses \u00e0 espresso de l\u2019illy Art Collection de la Biennale d\u2019art 2022. Chacune de ces collections a \u00e9t\u00e9 con\u00e7ue par les six artistes retenus par la commissaire d\u2019exposition Cecilia Alemani : Giulia Cenci, Felipe Baeza, Precious Okoyomon\u200b Aki Sasamoto, Cecilia Vicu\u00f1a et Alexandra Pirici\u200b.<\/p>\n<p>R\u00e9f\u00e9rence produit : <strong>24158<\/strong>[\/vc_column_text]\t<\/div>\n<\/div><h4 class=\"eltdf-accordion-title\">\n    <span class=\"eltdf-accordion-mark\">\n\t\t<span class=\"eltdf_icon_plus icon_plus\"><\/span>\n\t\t<span class=\"eltdf_icon_minus icon_minus-06\"><\/span>\n\t<\/span>\n\t<span class=\"eltdf-tab-title\">Exp\u00e9dition<\/span>\n<\/h4>\n<div class=\"eltdf-accordion-content\">\n\t<div class=\"eltdf-accordion-content-inner\">\n\t\t[vc_column_text css=&#8221;&#8221;]Livraison, frais de port, modes de paiement<\/p>\n<p><strong>Livraison :<\/strong><\/p>\n<p>Votre commande sera livr\u00e9e rapidement et de mani\u00e8re fiable.<\/p>\n<p>Nous travaillons avec SwissPost.<\/p>\n<p>Avec l&#8217;envoi de la marchandise, le risque est transf\u00e9r\u00e9 \u00e0 l&#8217;acheteur.<\/p>\n<p>Les informations sur la disponibilit\u00e9 et les d\u00e9lais de livraison \u00e9ventuels ne sont pas contraignantes, sauf si elles sont confirm\u00e9es par \u00e9crit par le vendeur.<\/p>\n<p>La livraison se fait soit par poste, soit selon le plan de tourn\u00e9e par camion, uniquement en Suisse.<\/p>\n<p>Le d\u00e9lai de livraison est g\u00e9n\u00e9ralement compris entre 3 et 5 jours. Si le client le demande express\u00e9ment, les commandes peuvent \u00eatre exp\u00e9di\u00e9es par service express ou coursier. Cependant, dans ces cas, les frais d&#8217;envoi seront toujours factur\u00e9s.<\/p>\n<p><strong>Frais de port :<\/strong><\/p>\n<p>Gratuit \u00e0 partir de Fr.100.00<\/p>\n<p>Produits Illy Triest : Fr.10.25\/ TTC et gratuit \u00e0 partir de Fr.100.00<br \/>\nProduits Illy Suisse jusqu&#8217;\u00e0 1,5 kg Fr.9.50 TTC \/ \u00e0 partir de 1,6 kg Fr.10.25 TTC<br \/>\nCapsules 1-7 pcs. Fr. 4.75 TTC<br \/>\nCapsules 8-29 pcs. Fr. 5.40 TTC<br \/>\n\u00c0 partir de 30 capsules, frais de port gratuits<\/p>\n<p>Les bo\u00eetes postales ne sont pas livr\u00e9es.<br \/>\nIllycaf\u00e9 AG d\u00e9cline toute responsabilit\u00e9 en cas de retard de livraison caus\u00e9 par les entreprises de transport ou d&#8217;autres tiers.<\/p>\n<p>Les commandes pass\u00e9es le samedi, dimanche ou jour f\u00e9ri\u00e9 seront trait\u00e9es le jour ouvrable suivant au plus t\u00f4t.<\/p>\n<p>Il peut arriver que la commande soit exp\u00e9di\u00e9e en plusieurs colis qui peuvent arriver \u00e0 des dates diff\u00e9rentes.<\/p>\n<p><strong>Paypal<\/strong><\/p>\n<p>Carte de cr\u00e9dit : VISA, MASTERCARD, AMERICAN EXPRESS<br \/>\n[\/vc_column_text]\t<\/div>\n<\/div><\/div>[\/vc_column][vc_column width=&#8221;1\/6&#8243;][\/vc_column][\/vc_row][vc_row el_class=&#8221;none-sub-products&#8221;][vc_column width=&#8221;1\/12&#8243;][\/vc_column][vc_column width=&#8221;10\/12&#8243;][vc_column_text]<div data-post-id=\"104373\" class=\"insert-page insert-page-104373 \"><style type=\"text\/css\" data-type=\"vc_custom-css\">div#illy-lovers-banner .titol-banner h4 {\r\n    font-size: 30px;\r\n    font-family: &#039;Manrope&#039;, sans-serif;\r\n    color: #512C1F !important;\r\n    font-weight: 500;\r\n    margin-top: 0px !important;\r\n    letter-spacing: 0px;\r\n}\r\n\r\ndiv#illy-lovers-banner .text-banner p{\r\n    font-family: &#039;Manrope&#039;, sans-serif;\r\n    color: #512c1f;\r\n    font-size: 16px;\r\n    font-weight: 500;\r\n}\r\n\r\na.btn-brown button {\r\n    background: #512c1f !important;\r\n    color: #fff !important;\r\n    letter-spacing: 0px;\r\n    border-radius: 5px !important;\r\n    padding: 8px 35px !important;\r\n    font-family: &#039;Manrope&#039;, sans-serif !important;\r\n    font-weight: 500;\r\n    font-size: 14px !important;\r\n    transition: linear 0.7s;\r\n    margin-top:10px !important;\r\n}\r\n\r\na.btn-brown button:hover {\r\n    box-shadow: inset 0px -100px 0px #D12420;\r\n\tcolor:#fff !important;\r\n}<\/style><style type=\"text\/css\" data-type=\"vc_shortcodes-custom-css\">.vc_custom_1723021922849{margin-top: 50px !important;margin-bottom: 80px !important;padding-top: 40px !important;padding-right: 30px !important;padding-bottom: 40px !important;padding-left: 30px !important;background: #ffffff url(https:\/\/illycafe.ch\/wp-content\/uploads\/img_04@2x.jpg?id=104376) !important;background-position: center !important;background-repeat: no-repeat !important;background-size: cover !important;}.vc_custom_1722931185055{margin-top: 0px !important;margin-bottom: 0px !important;margin-left: 0px !important;padding-top: 0px !important;padding-right: 0px !important;padding-bottom: 0px !important;padding-left: 0px !important;}<\/style><div class=\"wpb-content-wrapper\"><p>[vc_row css=&#8221;.vc_custom_1723021922849{margin-top: 50px !important;margin-bottom: 80px !important;padding-top: 40px !important;padding-right: 30px !important;padding-bottom: 40px !important;padding-left: 30px !important;background: #ffffff url(https:\/\/illycafe.ch\/wp-content\/uploads\/img_04@2x.jpg?id=104376) !important;background-position: center center;background-repeat: no-repeat !important;background-size: cover !important;}&#8221; el_id=&#8221;illy-lovers-banner&#8221;][vc_column css=&#8221;.vc_custom_1722931185055{margin-top: 0px !important;margin-bottom: 0px !important;margin-left: 0px !important;padding-top: 0px !important;padding-right: 0px !important;padding-bottom: 0px !important;padding-left: 0px !important;}&#8221;][vc_column_text el_class=&#8221;titol-banner&#8221;]<\/p>\n<h4>ILLY LOVERS<\/h4>\n<p>[\/vc_column_text][vc_column_text el_class=&#8221;text-banner&#8221;]Rejoignez la communaut\u00e9 et d\u00e9couvrez les surprises<br \/>\net les avantages exclusifs que nous vous r\u00e9servons.<\/p>\n<p>[\/vc_column_text][vc_raw_html]JTNDYSUyMGNsYXNzJTNEJTIyYnRuLWJyb3duJTIyJTNFJTNDYnV0dG9uJTNFSW5zY3JpdmVzLXZvdXMlMjBtYWludGVuYW50JTNDJTJGYnV0dG9uJTNFJTNDJTJGYSUzRQ==[\/vc_raw_html][\/vc_column][\/vc_row]<\/p>\n<\/div><\/div>[\/vc_column_text][\/vc_column][vc_column width=&#8221;1\/12&#8243;][\/vc_column][\/vc_row]<\/p>\n<\/div>","protected":false},"excerpt":{"rendered":"<p>[vc_row][vc_column][vc_column_text]C\u00e9l\u00e9brez les 30 ans des illy Art Collections avec cet ensemble de 6 tasses \u00e0 espresso de l\u2019illy Art Collection de la Biennale d\u2019art 2022. Chacune de ces collections a \u00e9t\u00e9 con\u00e7ue par les six artistes retenus par la commissaire d\u2019exposition Cecilia Alemani : Giulia Cenci, Felipe Baeza, Precious Okoyomon\u200b Aki Sasamoto, Cecilia Vicu\u00f1a et Alexandra Pirici\u200b.[\/vc_column_text][\/vc_column][\/vc_row][vc_row el_class=&#8221;none-sub-products&#8221; el_id=&#8221;sub-product-acc&#8221; css=&#8221;.vc_custom_1722497764635{background-color: #f2e9da !important;}&#8221;][vc_column width=&#8221;1\/6&#8243;][\/vc_column][vc_column width=&#8221;2\/3&#8243; css=&#8221;.vc_custom_1722498426609{padding-top: 80px !important;padding-bottom: 80px !important;}&#8221;][\/vc_column][vc_column width=&#8221;1\/6&#8243;][\/vc_column][\/vc_row][vc_row el_class=&#8221;none-sub-products&#8221;][vc_column width=&#8221;1\/12&#8243;][\/vc_column][vc_column [&hellip;]<\/p>\n","protected":false},"featured_media":187324,"comment_status":"closed","ping_status":"closed","template":"","meta":{"inline_featured_image":false},"product_cat":[1332,1121,1094],"product_tag":[],"class_list":{"0":"post-49786","1":"product","2":"type-product","3":"status-publish","4":"has-post-thumbnail","6":"product_cat-tasses-a-espresso","7":"product_cat-illy-art-collection","8":"product_cat-boutique-illy-s-p-a","10":"first","11":"instock","12":"taxable","13":"shipping-taxable","14":"purchasable","15":"product-type-simple"},"yoast_head":"<!-- This site is optimized with the Yoast SEO plugin v27.3 - https:\/\/yoast.com\/product\/yoast-seo-wordpress\/ -->\n<title>Ensemble De 6 Tasses \u00c0 Espresso - L\u2019Illy Art Collection Pour La Biennale D\u2019Art 2022 - Illycaf\u00e9 | Premium Kaffee kaufen | Gastronomie, Firmen, Privat<\/title>\n<meta name=\"robots\" content=\"index, follow, max-snippet:-1, max-image-preview:large, max-video-preview:-1\" \/>\n<link rel=\"canonical\" href=\"https:\/\/illycafe.ch\/fr\/produit\/ensemble-de-6-tasses-a-espresso-lilly-art-collection-pour-la-biennale-dart-2022\/\" \/>\n<meta property=\"og:locale\" content=\"fr_FR\" \/>\n<meta property=\"og:type\" content=\"article\" \/>\n<meta property=\"og:title\" content=\"Ensemble De 6 Tasses \u00c0 Espresso - L\u2019Illy Art Collection Pour La Biennale D\u2019Art 2022 - Illycaf\u00e9 | Premium Kaffee kaufen | Gastronomie, Firmen, Privat\" \/>\n<meta property=\"og:description\" content=\"[vc_row][vc_column][vc_column_text]C\u00e9l\u00e9brez les 30 ans des illy Art Collections avec cet ensemble de 6 tasses \u00e0 espresso de l\u2019illy Art Collection de la Biennale d\u2019art 2022. Chacune de ces collections a \u00e9t\u00e9 con\u00e7ue par les six artistes retenus par la commissaire d\u2019exposition Cecilia Alemani : Giulia Cenci, Felipe Baeza, Precious Okoyomon\u200b Aki Sasamoto, Cecilia Vicu\u00f1a et Alexandra Pirici\u200b.[\/vc_column_text][\/vc_column][\/vc_row][vc_row el_class=&#8221;none-sub-products&#8221; el_id=&#8221;sub-product-acc&#8221; css=&#8221;.vc_custom_1722497764635{background-color: #f2e9da !important;}&#8221;][vc_column width=&#8221;1\/6&#8243;][\/vc_column][vc_column width=&#8221;2\/3&#8243; css=&#8221;.vc_custom_1722498426609{padding-top: 80px !important;padding-bottom: 80px !important;}&#8221;][\/vc_column][vc_column width=&#8221;1\/6&#8243;][\/vc_column][\/vc_row][vc_row el_class=&#8221;none-sub-products&#8221;][vc_column width=&#8221;1\/12&#8243;][\/vc_column][vc_column [&hellip;]\" \/>\n<meta property=\"og:url\" content=\"https:\/\/illycafe.ch\/fr\/produit\/ensemble-de-6-tasses-a-espresso-lilly-art-collection-pour-la-biennale-dart-2022\/\" \/>\n<meta property=\"og:site_name\" content=\"Illycaf\u00e9 | Premium Kaffee kaufen | Gastronomie, Firmen, Privat\" \/>\n<meta property=\"article:modified_time\" content=\"2024-11-22T16:34:42+00:00\" \/>\n<meta property=\"og:image\" content=\"https:\/\/illycafe.ch\/wp-content\/uploads\/24158_High_1x_01.png\" \/>\n\t<meta property=\"og:image:width\" content=\"700\" \/>\n\t<meta property=\"og:image:height\" content=\"770\" \/>\n\t<meta property=\"og:image:type\" content=\"image\/png\" \/>\n<meta name=\"twitter:card\" content=\"summary_large_image\" \/>\n<meta name=\"twitter:label1\" content=\"Dur\u00e9e de lecture estim\u00e9e\" \/>\n\t<meta name=\"twitter:data1\" content=\"2 minutes\" \/>\n<script type=\"application\/ld+json\" class=\"yoast-schema-graph\">{\"@context\":\"https:\\\/\\\/schema.org\",\"@graph\":[{\"@type\":\"WebPage\",\"@id\":\"https:\\\/\\\/illycafe.ch\\\/fr\\\/produit\\\/ensemble-de-6-tasses-a-espresso-lilly-art-collection-pour-la-biennale-dart-2022\\\/\",\"url\":\"https:\\\/\\\/illycafe.ch\\\/fr\\\/produit\\\/ensemble-de-6-tasses-a-espresso-lilly-art-collection-pour-la-biennale-dart-2022\\\/\",\"name\":\"Ensemble De 6 Tasses \u00c0 Espresso - L\u2019Illy Art Collection Pour La Biennale D\u2019Art 2022 - Illycaf\u00e9 | Premium Kaffee kaufen | Gastronomie, Firmen, Privat\",\"isPartOf\":{\"@id\":\"https:\\\/\\\/illycafe.ch\\\/#website\"},\"primaryImageOfPage\":{\"@id\":\"https:\\\/\\\/illycafe.ch\\\/fr\\\/produit\\\/ensemble-de-6-tasses-a-espresso-lilly-art-collection-pour-la-biennale-dart-2022\\\/#primaryimage\"},\"image\":{\"@id\":\"https:\\\/\\\/illycafe.ch\\\/fr\\\/produit\\\/ensemble-de-6-tasses-a-espresso-lilly-art-collection-pour-la-biennale-dart-2022\\\/#primaryimage\"},\"thumbnailUrl\":\"https:\\\/\\\/illycafe.ch\\\/wp-content\\\/uploads\\\/24158_High_1x_01.png\",\"datePublished\":\"2024-05-27T11:40:24+00:00\",\"dateModified\":\"2024-11-22T16:34:42+00:00\",\"breadcrumb\":{\"@id\":\"https:\\\/\\\/illycafe.ch\\\/fr\\\/produit\\\/ensemble-de-6-tasses-a-espresso-lilly-art-collection-pour-la-biennale-dart-2022\\\/#breadcrumb\"},\"inLanguage\":\"fr-FR\",\"potentialAction\":[{\"@type\":\"ReadAction\",\"target\":[\"https:\\\/\\\/illycafe.ch\\\/fr\\\/produit\\\/ensemble-de-6-tasses-a-espresso-lilly-art-collection-pour-la-biennale-dart-2022\\\/\"]}]},{\"@type\":\"ImageObject\",\"inLanguage\":\"fr-FR\",\"@id\":\"https:\\\/\\\/illycafe.ch\\\/fr\\\/produit\\\/ensemble-de-6-tasses-a-espresso-lilly-art-collection-pour-la-biennale-dart-2022\\\/#primaryimage\",\"url\":\"https:\\\/\\\/illycafe.ch\\\/wp-content\\\/uploads\\\/24158_High_1x_01.png\",\"contentUrl\":\"https:\\\/\\\/illycafe.ch\\\/wp-content\\\/uploads\\\/24158_High_1x_01.png\",\"width\":700,\"height\":770},{\"@type\":\"BreadcrumbList\",\"@id\":\"https:\\\/\\\/illycafe.ch\\\/fr\\\/produit\\\/ensemble-de-6-tasses-a-espresso-lilly-art-collection-pour-la-biennale-dart-2022\\\/#breadcrumb\",\"itemListElement\":[{\"@type\":\"ListItem\",\"position\":1,\"name\":\"Accueil\",\"item\":\"https:\\\/\\\/illycafe.ch\\\/fr\\\/\"},{\"@type\":\"ListItem\",\"position\":2,\"name\":\"Boutique\",\"item\":\"https:\\\/\\\/illycafe.ch\\\/fr\\\/boutique\\\/\"},{\"@type\":\"ListItem\",\"position\":3,\"name\":\"Ensemble De 6 Tasses \u00c0 Espresso &#8211; L\u2019Illy Art Collection Pour La Biennale D\u2019Art 2022\"}]},{\"@type\":\"WebSite\",\"@id\":\"https:\\\/\\\/illycafe.ch\\\/#website\",\"url\":\"https:\\\/\\\/illycafe.ch\\\/\",\"name\":\"Illycaf\u00e9 | Premium Kaffee kaufen | Gastronomie, Firmen, Privat\",\"description\":\"Italienische Kaffeekultur. Schweizer Qualit\u00e4t.\",\"potentialAction\":[{\"@type\":\"SearchAction\",\"target\":{\"@type\":\"EntryPoint\",\"urlTemplate\":\"https:\\\/\\\/illycafe.ch\\\/?s={search_term_string}\"},\"query-input\":{\"@type\":\"PropertyValueSpecification\",\"valueRequired\":true,\"valueName\":\"search_term_string\"}}],\"inLanguage\":\"fr-FR\"}]}<\/script>\n<!-- \/ Yoast SEO plugin. -->","yoast_head_json":{"title":"Ensemble De 6 Tasses \u00c0 Espresso - L\u2019Illy Art Collection Pour La Biennale D\u2019Art 2022 - Illycaf\u00e9 | Premium Kaffee kaufen | Gastronomie, Firmen, Privat","robots":{"index":"index","follow":"follow","max-snippet":"max-snippet:-1","max-image-preview":"max-image-preview:large","max-video-preview":"max-video-preview:-1"},"canonical":"https:\/\/illycafe.ch\/fr\/produit\/ensemble-de-6-tasses-a-espresso-lilly-art-collection-pour-la-biennale-dart-2022\/","og_locale":"fr_FR","og_type":"article","og_title":"Ensemble De 6 Tasses \u00c0 Espresso - L\u2019Illy Art Collection Pour La Biennale D\u2019Art 2022 - Illycaf\u00e9 | Premium Kaffee kaufen | Gastronomie, Firmen, Privat","og_description":"[vc_row][vc_column][vc_column_text]C\u00e9l\u00e9brez les 30 ans des illy Art Collections avec cet ensemble de 6 tasses \u00e0 espresso de l\u2019illy Art Collection de la Biennale d\u2019art 2022. Chacune de ces collections a \u00e9t\u00e9 con\u00e7ue par les six artistes retenus par la commissaire d\u2019exposition Cecilia Alemani : Giulia Cenci, Felipe Baeza, Precious Okoyomon\u200b Aki Sasamoto, Cecilia Vicu\u00f1a et Alexandra Pirici\u200b.[\/vc_column_text][\/vc_column][\/vc_row][vc_row el_class=&#8221;none-sub-products&#8221; el_id=&#8221;sub-product-acc&#8221; css=&#8221;.vc_custom_1722497764635{background-color: #f2e9da !important;}&#8221;][vc_column width=&#8221;1\/6&#8243;][\/vc_column][vc_column width=&#8221;2\/3&#8243; css=&#8221;.vc_custom_1722498426609{padding-top: 80px !important;padding-bottom: 80px !important;}&#8221;][\/vc_column][vc_column width=&#8221;1\/6&#8243;][\/vc_column][\/vc_row][vc_row el_class=&#8221;none-sub-products&#8221;][vc_column width=&#8221;1\/12&#8243;][\/vc_column][vc_column [&hellip;]","og_url":"https:\/\/illycafe.ch\/fr\/produit\/ensemble-de-6-tasses-a-espresso-lilly-art-collection-pour-la-biennale-dart-2022\/","og_site_name":"Illycaf\u00e9 | Premium Kaffee kaufen | Gastronomie, Firmen, Privat","article_modified_time":"2024-11-22T16:34:42+00:00","og_image":[{"width":700,"height":770,"url":"https:\/\/illycafe.ch\/wp-content\/uploads\/24158_High_1x_01.png","type":"image\/png"}],"twitter_card":"summary_large_image","twitter_misc":{"Dur\u00e9e de lecture estim\u00e9e":"2 minutes"},"schema":{"@context":"https:\/\/schema.org","@graph":[{"@type":"WebPage","@id":"https:\/\/illycafe.ch\/fr\/produit\/ensemble-de-6-tasses-a-espresso-lilly-art-collection-pour-la-biennale-dart-2022\/","url":"https:\/\/illycafe.ch\/fr\/produit\/ensemble-de-6-tasses-a-espresso-lilly-art-collection-pour-la-biennale-dart-2022\/","name":"Ensemble De 6 Tasses \u00c0 Espresso - L\u2019Illy Art Collection Pour La Biennale D\u2019Art 2022 - Illycaf\u00e9 | Premium Kaffee kaufen | Gastronomie, Firmen, Privat","isPartOf":{"@id":"https:\/\/illycafe.ch\/#website"},"primaryImageOfPage":{"@id":"https:\/\/illycafe.ch\/fr\/produit\/ensemble-de-6-tasses-a-espresso-lilly-art-collection-pour-la-biennale-dart-2022\/#primaryimage"},"image":{"@id":"https:\/\/illycafe.ch\/fr\/produit\/ensemble-de-6-tasses-a-espresso-lilly-art-collection-pour-la-biennale-dart-2022\/#primaryimage"},"thumbnailUrl":"https:\/\/illycafe.ch\/wp-content\/uploads\/24158_High_1x_01.png","datePublished":"2024-05-27T11:40:24+00:00","dateModified":"2024-11-22T16:34:42+00:00","breadcrumb":{"@id":"https:\/\/illycafe.ch\/fr\/produit\/ensemble-de-6-tasses-a-espresso-lilly-art-collection-pour-la-biennale-dart-2022\/#breadcrumb"},"inLanguage":"fr-FR","potentialAction":[{"@type":"ReadAction","target":["https:\/\/illycafe.ch\/fr\/produit\/ensemble-de-6-tasses-a-espresso-lilly-art-collection-pour-la-biennale-dart-2022\/"]}]},{"@type":"ImageObject","inLanguage":"fr-FR","@id":"https:\/\/illycafe.ch\/fr\/produit\/ensemble-de-6-tasses-a-espresso-lilly-art-collection-pour-la-biennale-dart-2022\/#primaryimage","url":"https:\/\/illycafe.ch\/wp-content\/uploads\/24158_High_1x_01.png","contentUrl":"https:\/\/illycafe.ch\/wp-content\/uploads\/24158_High_1x_01.png","width":700,"height":770},{"@type":"BreadcrumbList","@id":"https:\/\/illycafe.ch\/fr\/produit\/ensemble-de-6-tasses-a-espresso-lilly-art-collection-pour-la-biennale-dart-2022\/#breadcrumb","itemListElement":[{"@type":"ListItem","position":1,"name":"Accueil","item":"https:\/\/illycafe.ch\/fr\/"},{"@type":"ListItem","position":2,"name":"Boutique","item":"https:\/\/illycafe.ch\/fr\/boutique\/"},{"@type":"ListItem","position":3,"name":"Ensemble De 6 Tasses \u00c0 Espresso &#8211; L\u2019Illy Art Collection Pour La Biennale D\u2019Art 2022"}]},{"@type":"WebSite","@id":"https:\/\/illycafe.ch\/#website","url":"https:\/\/illycafe.ch\/","name":"Illycaf\u00e9 | Premium Kaffee kaufen | Gastronomie, Firmen, Privat","description":"Italienische Kaffeekultur. Schweizer Qualit\u00e4t.","potentialAction":[{"@type":"SearchAction","target":{"@type":"EntryPoint","urlTemplate":"https:\/\/illycafe.ch\/?s={search_term_string}"},"query-input":{"@type":"PropertyValueSpecification","valueRequired":true,"valueName":"search_term_string"}}],"inLanguage":"fr-FR"}]}},"_links":{"self":[{"href":"https:\/\/illycafe.ch\/fr\/wp-json\/wp\/v2\/product\/49786","targetHints":{"allow":["GET"]}}],"collection":[{"href":"https:\/\/illycafe.ch\/fr\/wp-json\/wp\/v2\/product"}],"about":[{"href":"https:\/\/illycafe.ch\/fr\/wp-json\/wp\/v2\/types\/product"}],"replies":[{"embeddable":true,"href":"https:\/\/illycafe.ch\/fr\/wp-json\/wp\/v2\/comments?post=49786"}],"wp:featuredmedia":[{"embeddable":true,"href":"https:\/\/illycafe.ch\/fr\/wp-json\/wp\/v2\/media\/187324"}],"wp:attachment":[{"href":"https:\/\/illycafe.ch\/fr\/wp-json\/wp\/v2\/media?parent=49786"}],"wp:term":[{"taxonomy":"product_cat","embeddable":true,"href":"https:\/\/illycafe.ch\/fr\/wp-json\/wp\/v2\/product_cat?post=49786"},{"taxonomy":"product_tag","embeddable":true,"href":"https:\/\/illycafe.ch\/fr\/wp-json\/wp\/v2\/product_tag?post=49786"}],"curies":[{"name":"wp","href":"https:\/\/api.w.org\/{rel}","templated":true}]}}