{"id":208356,"date":"2025-01-14T09:13:28","date_gmt":"2025-01-14T08:13:28","guid":{"rendered":"https:\/\/illycafe.ch\/?page_id=208356"},"modified":"2025-01-14T09:14:45","modified_gmt":"2025-01-14T08:14:45","slug":"mostre-darte-contemporanea-ed-eventi","status":"publish","type":"page","link":"https:\/\/illycafe.ch\/it\/arte\/mostre-darte-contemporanea-ed-eventi\/","title":{"rendered":"Mostre d&#8217;arte contemporanea ed eventi"},"content":{"rendered":"<div class=\"wpb-content-wrapper\"><p>[vc_row full_width=&#8221;stretch_row&#8221; full_height=&#8221;yes&#8221; content_placement=&#8221;middle&#8221; disable_background_image=&#8221;&#8221; css=&#8221;.vc_custom_1736841662539{border-bottom-width: 0px !important;background-position: center center;background-repeat: no-repeat !important;background-size: cover !important;}&#8221; el_class=&#8221;slider&#8221; simple_background_image=&#8221;208357&#8243;][vc_column][vc_row_inner css=&#8221;.vc_custom_1719396574807{padding-top: 200px !important;padding-bottom: 200px !important;}&#8221;][vc_column_inner width=&#8221;1\/6&#8243;][\/vc_column_inner][vc_column_inner width=&#8221;2\/3&#8243;][vc_column_text css=&#8221;.vc_custom_1736842364535{margin-top: 0px !important;}&#8221; el_class=&#8221;titol-h2 white&#8221;]<\/p>\n<h2 style=\"text-align: center;\">L\u2019unione di bello e buono<\/h2>\n<p>[\/vc_column_text][vc_empty_space height=&#8221;50px&#8221;][vc_column_text css=&#8221;&#8221; el_class=&#8221;text-landing white&#8221; el_id=&#8221;text-slider&#8221;]<\/p>\n<p style=\"text-align: center;\">Il nostro legame con il mondo dell&#8217;arte contemporanea<\/p>\n<p>[\/vc_column_text][\/vc_column_inner][vc_column_inner width=&#8221;1\/6&#8243;][\/vc_column_inner][\/vc_row_inner][\/vc_column][\/vc_row][vc_row full_width=&#8221;stretch_row&#8221; css=&#8221;.vc_custom_1736841871594{background-color: #F6F0EC !important;}&#8221;][vc_column css=&#8221;.vc_custom_1736841976788{margin-top: 0px !important;padding-top: 0px !important;}&#8221;][vc_empty_space height=&#8221;70px&#8221;][vc_column_text css=&#8221;.vc_custom_1736842381877{margin-top: 0px !important;}&#8221; el_class=&#8221;titol-h2 brown&#8221;]<\/p>\n<h2 style=\"text-align: center;\">Arte contemporanea<\/h2>\n<p>[\/vc_column_text][vc_empty_space height=&#8221;15px&#8221;][vc_column_text css=&#8221;&#8221; el_class=&#8221;titol-h3 brown&#8221;]<\/p>\n<h3 style=\"text-align: center;\">La filosofia che ha guidato all\u2019apertura di un canale di comunicazione privilegiato con il mondo dell\u2019arte contemporanea \u00e8 descritto nel concetto di kalokagath\u00eca che unisce kal\u00f2s (bello) e agath\u00f2s (buono) per creare un nuovo significato in cui bont\u00e0 e bellezza sono inscindibili e dipendono una dall\u2019altra. Un vero e proprio ideale da perseguire: l\u2019unione di bello e buono che definisce l\u2019ambito della perfezione umana, integrando dimensione etica ed estetica.<\/h3>\n<p>[\/vc_column_text][vc_empty_space height=&#8221;70px&#8221;][\/vc_column][\/vc_row][vc_row full_width=&#8221;stretch_row&#8221; css=&#8221;.vc_custom_1727683266961{background-color: #FFFFFF !important;}&#8221;][vc_column css=&#8221;.vc_custom_1719389360265{margin-top: 0px !important;padding-top: 0px !important;}&#8221;][vc_empty_space height=&#8221;50px&#8221;][vc_row_inner content_placement=&#8221;middle&#8221; el_class=&#8221;revert-mobile&#8221;][vc_column_inner width=&#8221;1\/2&#8243; css=&#8221;.vc_custom_1719390181991{padding-top: 30px !important;padding-right: 30px !important;padding-bottom: 30px !important;padding-left: 30px !important;}&#8221;][vc_column_text css=&#8221;&#8221; el_class=&#8221;text-landing brown&#8221;]<\/p>\n<p style=\"text-align: center;\">L\u2019interesse di illycaff\u00e8 per la bellezza contribuisce alla diffusione dell\u2019arte e della cultura attraverso il sostegno ad artisti, istituzioni e mostre internazionali. Cercare il bello e il nuovo, scoprirlo, farlo emergere e valorizzarlo: con questi obiettivi che contraddistinguono la nostra cultura imprenditoriale. Dal 2003 siamo partner della Biennale d&#8217;Arte di Venezia, una tra le pi\u00f9 importanti e prestigiose manifestazioni internazionale d&#8217;arte contemporanea al mondo, organizzata ogni due anni dalla Fondazione Biennale di Venezia. Sosteniamo inoltre le pi\u00f9 importanti fiere internazionali d\u2019arte contemporanea, come Artissima di Torino, ArcoMadrid, Asia Now, Paris International o Frieze, che espone a Londra, New York, Los Angeles e Seoul.<\/p>\n<p>[\/vc_column_text][\/vc_column_inner][vc_column_inner width=&#8221;1\/2&#8243; css=&#8221;.vc_custom_1726476158953{padding-right: 0px !important;padding-left: 0px !important;}&#8221;][vc_single_image image=&#8221;208364&#8243; img_size=&#8221;full&#8221; onclick=&#8221;custom_link&#8221; css=&#8221;&#8221; link=&#8221;https:\/\/illycafe.ch\/nachhaltigkeit\/unsere-philosophie\/&#8221;][\/vc_column_inner][\/vc_row_inner][vc_empty_space height=&#8221;50px&#8221;][\/vc_column][\/vc_row][vc_row full_width=&#8221;stretch_row&#8221; css=&#8221;.vc_custom_1727683266961{background-color: #FFFFFF !important;}&#8221;][vc_column css=&#8221;.vc_custom_1719389360265{margin-top: 0px !important;padding-top: 0px !important;}&#8221;][vc_row_inner content_placement=&#8221;middle&#8221;][vc_column_inner width=&#8221;1\/2&#8243; css=&#8221;.vc_custom_1726476158953{padding-right: 0px !important;padding-left: 0px !important;}&#8221;][vc_single_image image=&#8221;208361&#8243; img_size=&#8221;full&#8221; onclick=&#8221;custom_link&#8221; css=&#8221;&#8221; link=&#8221;https:\/\/illycafe.ch\/nachhaltigkeit\/projekte\/&#8221;][\/vc_column_inner][vc_column_inner width=&#8221;1\/2&#8243; css=&#8221;.vc_custom_1719390181991{padding-top: 30px !important;padding-right: 30px !important;padding-bottom: 30px !important;padding-left: 30px !important;}&#8221;][vc_column_text css=&#8221;&#8221; el_class=&#8221;text-landing brown&#8221;]<\/p>\n<p style=\"text-align: center;\">Desideriamo offrire ai giovani artisti emergenti un\u2019opportunit\u00e0 concreta di visibilit\u00e0 tramite borse di studio e progetti di mostre. Per questo dal 2001 sosteniamo Present Future, il riconoscimento assegnato ad Artissima al progetto ritenuto pi\u00f9 interessante fra quelli esposti nella sezione dedicata ai talenti emergenti. Dal 2007, inoltre, ad ARCOmadrid assegniamo il premio illy SustainArt, che vuole dare impulso alla carriera dei giovani creativi a livello internazionale, offrendo loro un&#8217;opportunit\u00e0 di sperimentazione e crescita.<\/p>\n<p>[\/vc_column_text][\/vc_column_inner][\/vc_row_inner][vc_empty_space height=&#8221;50px&#8221;][\/vc_column][\/vc_row][vc_row full_width=&#8221;stretch_row&#8221; css=&#8221;.vc_custom_1719389983250{background-color: #f6f0ec !important;}&#8221; el_class=&#8221;newsletter&#8221;][vc_column css=&#8221;.vc_custom_1712226941419{padding-top: 0pc !important;padding-bottom: 0px !important;}&#8221;][vc_row_inner css=&#8221;.vc_custom_1712226909859{padding-top: 50px !important;padding-bottom: 50px !important;}&#8221;][vc_column_inner width=&#8221;1\/6&#8243;][\/vc_column_inner][vc_column_inner width=&#8221;2\/3&#8243;][vc_column_text css=&#8221;&#8221; el_class=&#8221;titol-h2 brown&#8221;]<\/p>\n<h2 style=\"text-align: center;\">ISCRIVITI ALLA NEWSLETTER<\/h2>\n<p>[\/vc_column_text][vc_column_text css=&#8221;&#8221; el_class=&#8221;text-landing brown&#8221;]<\/p>\n<p style=\"text-align: center;\">Entra a far parte del mondo illy e scopri tutti i vantaggi a te riservati.<\/p>\n<p>[\/vc_column_text][vc_column_text css=&#8221;&#8221;]<\/p>\n<p style=\"text-align: center;\"><p class=\"wpcf7-contact-form-not-found\"><strong>Errore:<\/strong> Modulo di contatto non trovato.<\/p><\/p>\n<p>[\/vc_column_text][\/vc_column_inner][vc_column_inner width=&#8221;1\/6&#8243;][\/vc_column_inner][\/vc_row_inner][\/vc_column][\/vc_row]<\/p>\n<\/div>","protected":false},"excerpt":{"rendered":"<p>[vc_row full_width=&#8221;stretch_row&#8221; full_height=&#8221;yes&#8221; content_placement=&#8221;middle&#8221; disable_background_image=&#8221;&#8221; css=&#8221;.vc_custom_1736841662539{border-bottom-width: 0px !important;background-position: center center;background-repeat: no-repeat !important;background-size: cover !important;}&#8221; el_class=&#8221;slider&#8221; simple_background_image=&#8221;208357&#8243;][vc_column][vc_row_inner css=&#8221;.vc_custom_1719396574807{padding-top: 200px !important;padding-bottom: 200px !important;}&#8221;][vc_column_inner width=&#8221;1\/6&#8243;][\/vc_column_inner][vc_column_inner width=&#8221;2\/3&#8243;][vc_column_text css=&#8221;.vc_custom_1736842364535{margin-top: 0px !important;}&#8221; el_class=&#8221;titol-h2 white&#8221;] L\u2019unione di bello e buono [\/vc_column_text][vc_empty_space height=&#8221;50px&#8221;][vc_column_text css=&#8221;&#8221; el_class=&#8221;text-landing white&#8221; el_id=&#8221;text-slider&#8221;] Il nostro legame con il mondo dell&#8217;arte contemporanea [\/vc_column_text][\/vc_column_inner][vc_column_inner width=&#8221;1\/6&#8243;][\/vc_column_inner][\/vc_row_inner][\/vc_column][\/vc_row][vc_row full_width=&#8221;stretch_row&#8221; css=&#8221;.vc_custom_1736841871594{background-color: #F6F0EC !important;}&#8221;][vc_column css=&#8221;.vc_custom_1736841976788{margin-top: 0px !important;padding-top: 0px !important;}&#8221;][vc_empty_space height=&#8221;70px&#8221;][vc_column_text css=&#8221;.vc_custom_1736842381877{margin-top: 0px !important;}&#8221; el_class=&#8221;titol-h2 brown&#8221;] Arte contemporanea [\/vc_column_text][vc_empty_space height=&#8221;15px&#8221;][vc_column_text css=&#8221;&#8221; el_class=&#8221;titol-h3 brown&#8221;] La [&hellip;]<\/p>\n","protected":false},"author":5358,"featured_media":0,"parent":193242,"menu_order":0,"comment_status":"closed","ping_status":"closed","template":"","meta":{"inline_featured_image":false,"footnotes":""},"class_list":["post-208356","page","type-page","status-publish","hentry"],"yoast_head":"<!-- This site is optimized with the Yoast SEO plugin v27.3 - https:\/\/yoast.com\/product\/yoast-seo-wordpress\/ -->\n<title>Mostre d&#039;arte contemporanea ed eventi - Illycaf\u00e9 | Premium Kaffee kaufen | Gastronomie, Firmen, Privat<\/title>\n<meta name=\"robots\" content=\"index, follow, max-snippet:-1, max-image-preview:large, max-video-preview:-1\" \/>\n<link rel=\"canonical\" href=\"https:\/\/illycafe.ch\/it\/arte\/mostre-darte-contemporanea-ed-eventi\/\" \/>\n<meta property=\"og:locale\" content=\"it_IT\" \/>\n<meta property=\"og:type\" content=\"article\" \/>\n<meta property=\"og:title\" content=\"Mostre d&#039;arte contemporanea ed eventi - Illycaf\u00e9 | Premium Kaffee kaufen | Gastronomie, Firmen, Privat\" \/>\n<meta property=\"og:description\" content=\"[vc_row full_width=&#8221;stretch_row&#8221; full_height=&#8221;yes&#8221; content_placement=&#8221;middle&#8221; disable_background_image=&#8221;&#8221; css=&#8221;.vc_custom_1736841662539{border-bottom-width: 0px !important;background-position: center center;background-repeat: no-repeat !important;background-size: cover !important;}&#8221; el_class=&#8221;slider&#8221; simple_background_image=&#8221;208357&#8243;][vc_column][vc_row_inner css=&#8221;.vc_custom_1719396574807{padding-top: 200px !important;padding-bottom: 200px !important;}&#8221;][vc_column_inner width=&#8221;1\/6&#8243;][\/vc_column_inner][vc_column_inner width=&#8221;2\/3&#8243;][vc_column_text css=&#8221;.vc_custom_1736842364535{margin-top: 0px !important;}&#8221; el_class=&#8221;titol-h2 white&#8221;] L\u2019unione di bello e buono [\/vc_column_text][vc_empty_space height=&#8221;50px&#8221;][vc_column_text css=&#8221;&#8221; el_class=&#8221;text-landing white&#8221; el_id=&#8221;text-slider&#8221;] Il nostro legame con il mondo dell&#8217;arte contemporanea [\/vc_column_text][\/vc_column_inner][vc_column_inner width=&#8221;1\/6&#8243;][\/vc_column_inner][\/vc_row_inner][\/vc_column][\/vc_row][vc_row full_width=&#8221;stretch_row&#8221; css=&#8221;.vc_custom_1736841871594{background-color: #F6F0EC !important;}&#8221;][vc_column css=&#8221;.vc_custom_1736841976788{margin-top: 0px !important;padding-top: 0px !important;}&#8221;][vc_empty_space height=&#8221;70px&#8221;][vc_column_text css=&#8221;.vc_custom_1736842381877{margin-top: 0px !important;}&#8221; el_class=&#8221;titol-h2 brown&#8221;] Arte contemporanea [\/vc_column_text][vc_empty_space height=&#8221;15px&#8221;][vc_column_text css=&#8221;&#8221; el_class=&#8221;titol-h3 brown&#8221;] La [&hellip;]\" \/>\n<meta property=\"og:url\" content=\"https:\/\/illycafe.ch\/it\/arte\/mostre-darte-contemporanea-ed-eventi\/\" \/>\n<meta property=\"og:site_name\" content=\"Illycaf\u00e9 | Premium Kaffee kaufen | Gastronomie, Firmen, Privat\" \/>\n<meta property=\"article:modified_time\" content=\"2025-01-14T08:14:45+00:00\" \/>\n<meta name=\"twitter:card\" content=\"summary_large_image\" \/>\n<meta name=\"twitter:label1\" content=\"Tempo di lettura stimato\" \/>\n\t<meta name=\"twitter:data1\" content=\"2 minuti\" \/>\n<script type=\"application\/ld+json\" class=\"yoast-schema-graph\">{\"@context\":\"https:\\\/\\\/schema.org\",\"@graph\":[{\"@type\":\"WebPage\",\"@id\":\"https:\\\/\\\/illycafe.ch\\\/it\\\/arte\\\/mostre-darte-contemporanea-ed-eventi\\\/\",\"url\":\"https:\\\/\\\/illycafe.ch\\\/it\\\/arte\\\/mostre-darte-contemporanea-ed-eventi\\\/\",\"name\":\"Mostre d'arte contemporanea ed eventi - Illycaf\u00e9 | Premium Kaffee kaufen | Gastronomie, Firmen, Privat\",\"isPartOf\":{\"@id\":\"https:\\\/\\\/illycafe.ch\\\/#website\"},\"datePublished\":\"2025-01-14T08:13:28+00:00\",\"dateModified\":\"2025-01-14T08:14:45+00:00\",\"breadcrumb\":{\"@id\":\"https:\\\/\\\/illycafe.ch\\\/it\\\/arte\\\/mostre-darte-contemporanea-ed-eventi\\\/#breadcrumb\"},\"inLanguage\":\"it-IT\",\"potentialAction\":[{\"@type\":\"ReadAction\",\"target\":[\"https:\\\/\\\/illycafe.ch\\\/it\\\/arte\\\/mostre-darte-contemporanea-ed-eventi\\\/\"]}]},{\"@type\":\"BreadcrumbList\",\"@id\":\"https:\\\/\\\/illycafe.ch\\\/it\\\/arte\\\/mostre-darte-contemporanea-ed-eventi\\\/#breadcrumb\",\"itemListElement\":[{\"@type\":\"ListItem\",\"position\":1,\"name\":\"Home\",\"item\":\"https:\\\/\\\/illycafe.ch\\\/it\\\/\"},{\"@type\":\"ListItem\",\"position\":2,\"name\":\"Arte\",\"item\":\"https:\\\/\\\/illycafe.ch\\\/it\\\/arte\\\/\"},{\"@type\":\"ListItem\",\"position\":3,\"name\":\"Mostre d&#8217;arte contemporanea ed eventi\"}]},{\"@type\":\"WebSite\",\"@id\":\"https:\\\/\\\/illycafe.ch\\\/#website\",\"url\":\"https:\\\/\\\/illycafe.ch\\\/\",\"name\":\"Illycaf\u00e9 | Premium Kaffee kaufen | Gastronomie, Firmen, Privat\",\"description\":\"Italienische Kaffeekultur. Schweizer Qualit\u00e4t.\",\"potentialAction\":[{\"@type\":\"SearchAction\",\"target\":{\"@type\":\"EntryPoint\",\"urlTemplate\":\"https:\\\/\\\/illycafe.ch\\\/?s={search_term_string}\"},\"query-input\":{\"@type\":\"PropertyValueSpecification\",\"valueRequired\":true,\"valueName\":\"search_term_string\"}}],\"inLanguage\":\"it-IT\"}]}<\/script>\n<!-- \/ Yoast SEO plugin. -->","yoast_head_json":{"title":"Mostre d'arte contemporanea ed eventi - Illycaf\u00e9 | Premium Kaffee kaufen | Gastronomie, Firmen, Privat","robots":{"index":"index","follow":"follow","max-snippet":"max-snippet:-1","max-image-preview":"max-image-preview:large","max-video-preview":"max-video-preview:-1"},"canonical":"https:\/\/illycafe.ch\/it\/arte\/mostre-darte-contemporanea-ed-eventi\/","og_locale":"it_IT","og_type":"article","og_title":"Mostre d'arte contemporanea ed eventi - Illycaf\u00e9 | Premium Kaffee kaufen | Gastronomie, Firmen, Privat","og_description":"[vc_row full_width=&#8221;stretch_row&#8221; full_height=&#8221;yes&#8221; content_placement=&#8221;middle&#8221; disable_background_image=&#8221;&#8221; css=&#8221;.vc_custom_1736841662539{border-bottom-width: 0px !important;background-position: center center;background-repeat: no-repeat !important;background-size: cover !important;}&#8221; el_class=&#8221;slider&#8221; simple_background_image=&#8221;208357&#8243;][vc_column][vc_row_inner css=&#8221;.vc_custom_1719396574807{padding-top: 200px !important;padding-bottom: 200px !important;}&#8221;][vc_column_inner width=&#8221;1\/6&#8243;][\/vc_column_inner][vc_column_inner width=&#8221;2\/3&#8243;][vc_column_text css=&#8221;.vc_custom_1736842364535{margin-top: 0px !important;}&#8221; el_class=&#8221;titol-h2 white&#8221;] L\u2019unione di bello e buono [\/vc_column_text][vc_empty_space height=&#8221;50px&#8221;][vc_column_text css=&#8221;&#8221; el_class=&#8221;text-landing white&#8221; el_id=&#8221;text-slider&#8221;] Il nostro legame con il mondo dell&#8217;arte contemporanea [\/vc_column_text][\/vc_column_inner][vc_column_inner width=&#8221;1\/6&#8243;][\/vc_column_inner][\/vc_row_inner][\/vc_column][\/vc_row][vc_row full_width=&#8221;stretch_row&#8221; css=&#8221;.vc_custom_1736841871594{background-color: #F6F0EC !important;}&#8221;][vc_column css=&#8221;.vc_custom_1736841976788{margin-top: 0px !important;padding-top: 0px !important;}&#8221;][vc_empty_space height=&#8221;70px&#8221;][vc_column_text css=&#8221;.vc_custom_1736842381877{margin-top: 0px !important;}&#8221; el_class=&#8221;titol-h2 brown&#8221;] Arte contemporanea [\/vc_column_text][vc_empty_space height=&#8221;15px&#8221;][vc_column_text css=&#8221;&#8221; el_class=&#8221;titol-h3 brown&#8221;] La [&hellip;]","og_url":"https:\/\/illycafe.ch\/it\/arte\/mostre-darte-contemporanea-ed-eventi\/","og_site_name":"Illycaf\u00e9 | Premium Kaffee kaufen | Gastronomie, Firmen, Privat","article_modified_time":"2025-01-14T08:14:45+00:00","twitter_card":"summary_large_image","twitter_misc":{"Tempo di lettura stimato":"2 minuti"},"schema":{"@context":"https:\/\/schema.org","@graph":[{"@type":"WebPage","@id":"https:\/\/illycafe.ch\/it\/arte\/mostre-darte-contemporanea-ed-eventi\/","url":"https:\/\/illycafe.ch\/it\/arte\/mostre-darte-contemporanea-ed-eventi\/","name":"Mostre d'arte contemporanea ed eventi - Illycaf\u00e9 | Premium Kaffee kaufen | Gastronomie, Firmen, Privat","isPartOf":{"@id":"https:\/\/illycafe.ch\/#website"},"datePublished":"2025-01-14T08:13:28+00:00","dateModified":"2025-01-14T08:14:45+00:00","breadcrumb":{"@id":"https:\/\/illycafe.ch\/it\/arte\/mostre-darte-contemporanea-ed-eventi\/#breadcrumb"},"inLanguage":"it-IT","potentialAction":[{"@type":"ReadAction","target":["https:\/\/illycafe.ch\/it\/arte\/mostre-darte-contemporanea-ed-eventi\/"]}]},{"@type":"BreadcrumbList","@id":"https:\/\/illycafe.ch\/it\/arte\/mostre-darte-contemporanea-ed-eventi\/#breadcrumb","itemListElement":[{"@type":"ListItem","position":1,"name":"Home","item":"https:\/\/illycafe.ch\/it\/"},{"@type":"ListItem","position":2,"name":"Arte","item":"https:\/\/illycafe.ch\/it\/arte\/"},{"@type":"ListItem","position":3,"name":"Mostre d&#8217;arte contemporanea ed eventi"}]},{"@type":"WebSite","@id":"https:\/\/illycafe.ch\/#website","url":"https:\/\/illycafe.ch\/","name":"Illycaf\u00e9 | Premium Kaffee kaufen | Gastronomie, Firmen, Privat","description":"Italienische Kaffeekultur. Schweizer Qualit\u00e4t.","potentialAction":[{"@type":"SearchAction","target":{"@type":"EntryPoint","urlTemplate":"https:\/\/illycafe.ch\/?s={search_term_string}"},"query-input":{"@type":"PropertyValueSpecification","valueRequired":true,"valueName":"search_term_string"}}],"inLanguage":"it-IT"}]}},"_links":{"self":[{"href":"https:\/\/illycafe.ch\/it\/wp-json\/wp\/v2\/pages\/208356","targetHints":{"allow":["GET"]}}],"collection":[{"href":"https:\/\/illycafe.ch\/it\/wp-json\/wp\/v2\/pages"}],"about":[{"href":"https:\/\/illycafe.ch\/it\/wp-json\/wp\/v2\/types\/page"}],"author":[{"embeddable":true,"href":"https:\/\/illycafe.ch\/it\/wp-json\/wp\/v2\/users\/5358"}],"replies":[{"embeddable":true,"href":"https:\/\/illycafe.ch\/it\/wp-json\/wp\/v2\/comments?post=208356"}],"version-history":[{"count":0,"href":"https:\/\/illycafe.ch\/it\/wp-json\/wp\/v2\/pages\/208356\/revisions"}],"up":[{"embeddable":true,"href":"https:\/\/illycafe.ch\/it\/wp-json\/wp\/v2\/pages\/193242"}],"wp:attachment":[{"href":"https:\/\/illycafe.ch\/it\/wp-json\/wp\/v2\/media?parent=208356"}],"curies":[{"name":"wp","href":"https:\/\/api.w.org\/{rel}","templated":true}]}}