{"id":219684,"date":"2025-02-06T10:14:18","date_gmt":"2025-02-06T09:14:18","guid":{"rendered":"https:\/\/illycafe.ch\/?page_id=219684"},"modified":"2025-02-14T11:56:49","modified_gmt":"2025-02-14T10:56:49","slug":"come-preparare-il-caffe-americano-perfetto","status":"publish","type":"page","link":"https:\/\/illycafe.ch\/it\/caffe\/ricette-caffe\/come-preparare-il-caffe-americano-perfetto\/","title":{"rendered":"Come preparare il caff\u00e8 americano perfetto"},"content":{"rendered":"<div class=\"wpb-content-wrapper\"><p>[vc_row full_width=&#8221;stretch_row_content&#8221; css=&#8221;.vc_custom_1738662962055{background-color: #F6F0EC !important;}&#8221;][vc_column][vc_empty_space height=&#8221;90px&#8221;][vc_column_text css=&#8221;.vc_custom_1738746623233{margin-top: 0px !important;}&#8221; el_class=&#8221;titol-h2 brown&#8221;]<\/p>\n<h2 style=\"text-align: center;\">Caff\u00e8 Filtro<\/h2>\n<p>[\/vc_column_text][vc_empty_space height=&#8221;15px&#8221;][vc_column_text css=&#8221;&#8221; el_class=&#8221;text-landing brown&#8221;]<\/p>\n<p style=\"text-align: center;\"><strong>Detto anche caff\u00e8 all&#8217;americana<\/strong><\/p>\n<p>[\/vc_column_text][vc_empty_space height=&#8221;50px&#8221;][vc_single_image image=&#8221;219588&#8243; img_size=&#8221;full&#8221; alignment=&#8221;center&#8221; css=&#8221;&#8221;][vc_empty_space height=&#8221;90px&#8221;][\/vc_column][\/vc_row][vc_row][vc_column css=&#8221;.vc_custom_1738575195426{margin-top: 0px !important;padding-top: 0px !important;}&#8221;][vc_empty_space height=&#8221;50px&#8221;][vc_column_text css=&#8221;.vc_custom_1738663047328{margin-top: 0px !important;}&#8221; el_class=&#8221;titol-h4 brown&#8221;]<\/p>\n<h4 style=\"text-align: center;\">Il caff\u00e8 all&#8217;americana o caff\u00e8 filtro \u00e8 il metodo pi\u00f9 apprezzato negli\u00a0<strong>Stati Uniti<\/strong>\u00a0e nel\u00a0<strong>Nord Europa:<\/strong>\u00a0aromatico e ricco di gusto. La percolazione venne perfezionata in Germania agli inizi del \u2019900. L\u2019utilizzo del caff\u00e8 all\u2019americana \u00e8 tuttora molto diffuso anche in Europa, tanto che anche le pi\u00f9 moderne macchine da caff\u00e8 a capsule ne prevedono la preparazione, come le Iperespresso Espresso&amp;Coffee.<br \/>\nLa\u00a0<strong>macinatura<\/strong>\u00a0\u00e8 fondamentale: dev\u2019essere\u00a0<strong>media.<\/strong>\u00a0Quando \u00e8 troppo grossa il caff\u00e8 ha un gusto debole, quando \u00e8 troppo fine il gusto \u00e8 amaro. Per un buon risultato in tazza il caff\u00e8 andrebbe gustato entro poche ore dalla preparazione.<br \/>\nLe\u00a0<strong>macchine<\/strong>\u00a0vanno\u00a0<strong>pulite,<\/strong>\u00a0preferibilmente ogni settimana, per eliminare residui oleosi e incrostature minerali che possono alterare il gusto del caff\u00e8.<br \/>\n<strong>Un consiglio<\/strong>: non conservate il caff\u00e8 nelle caraffe di vetro che restano appoggiate sulla fonte di calore: conferiscono alla bevanda uno sgradevole gusto di bruciato.<\/h4>\n<p>[\/vc_column_text][vc_empty_space height=&#8221;50px&#8221;][\/vc_column][\/vc_row][vc_row full_width=&#8221;stretch_row&#8221; css=&#8221;.vc_custom_1727683266961{background-color: #FFFFFF !important;}&#8221;][vc_column css=&#8221;.vc_custom_1719389360265{margin-top: 0px !important;padding-top: 0px !important;}&#8221;][vc_empty_space height=&#8221;80px&#8221;][vc_row_inner content_placement=&#8221;middle&#8221;][vc_column_inner width=&#8221;1\/2&#8243; css=&#8221;.vc_custom_1726476158953{padding-right: 0px !important;padding-left: 0px !important;}&#8221;][vc_single_image image=&#8221;219691&#8243; img_size=&#8221;full&#8221; css=&#8221;&#8221;][\/vc_column_inner][vc_column_inner width=&#8221;1\/2&#8243; css=&#8221;.vc_custom_1719390181991{padding-top: 30px !important;padding-right: 30px !important;padding-bottom: 30px !important;padding-left: 30px !important;}&#8221;][vc_column_text css=&#8221;.vc_custom_1738663223151{margin-top: 0px !important;}&#8221; el_class=&#8221;titol-h4 brown&#8221;]<\/p>\n<h4 style=\"text-align: center;\">COME PREPARARE IL CAFF\u00c8 ALL&#8217;AMERICANA:<\/h4>\n<p>[\/vc_column_text][vc_empty_space height=&#8221;15px&#8221;][vc_column_text css=&#8221;&#8221; el_class=&#8221;text-landing brown&#8221;]<\/p>\n<p style=\"text-align: center;\"><strong>1<\/strong><\/p>\n<p style=\"text-align: center;\">Scaldare la caraffa per alcuni minuti, riempiendola di acqua calda<\/p>\n<p style=\"text-align: center;\"><strong>2<\/strong><\/p>\n<p style=\"text-align: center;\">Calcolare un cucchiaio colmo (7-8 grammi) di caff\u00e8 ogni due tazze di acqua, ognuna di 100-150 millilitri. La dose di caff\u00e8 si pu\u00f2 regolare a seconda del proprio gusto<\/p>\n<p style=\"text-align: center;\"><strong>3<\/strong><\/p>\n<p style=\"text-align: center;\">Mettere nella macchina la giusta quantit\u00e0 di acqua ed estrarre<\/p>\n<p style=\"text-align: center;\"><strong>4<\/strong><\/p>\n<p style=\"text-align: center;\">Versare in una tazza mug e gustare<\/p>\n<p style=\"text-align: center;\"><strong>5<\/strong><\/p>\n<p style=\"text-align: center;\">Per conservare il caff\u00e8 caldo e fragrante, utilizzare un thermos o una travel mug<\/p>\n<p>[\/vc_column_text][\/vc_column_inner][\/vc_row_inner][vc_empty_space height=&#8221;50px&#8221;][\/vc_column][\/vc_row][vc_row full_width=&#8221;stretch_row&#8221; css=&#8221;.vc_custom_1738664570299{background-color: #F6F0EC !important;}&#8221;][vc_column][vc_empty_space height=&#8221;90px&#8221;][vc_column_text css=&#8221;.vc_custom_1738664192579{margin-top: 0px !important;}&#8221; el_class=&#8221;titol-h2 brown&#8221;]<\/p>\n<h2 style=\"text-align: center;\">DAS K\u00d6NNTE SIE AUCH INTERESSIEREN<\/h2>\n<p>[\/vc_column_text][vc_empty_space height=&#8221;25px&#8221;][vc_row_inner el_class=&#8221;products&#8221;][vc_column_inner width=&#8221;1\/3&#8243;][vc_single_image image=&#8221;219523&#8243; img_size=&#8221;full&#8221; alignment=&#8221;center&#8221; onclick=&#8221;custom_link&#8221; css=&#8221;&#8221; link=&#8221;https:\/\/illycafe.ch\/it\/caffe\/ricette-caffe\/come-preparare-caffe-napoletana-cuccuma\/&#8221;][vc_empty_space height=&#8221;10px&#8221;][vc_column_text css=&#8221;.vc_custom_1738834756260{margin-top: 0px !important;}&#8221; el_class=&#8221;titol-h3 brown&#8221;]<\/p>\n<h3 style=\"text-align: left;\">Caffettiera Napoletana<\/h3>\n<p>[\/vc_column_text][vc_empty_space height=&#8221;40px&#8221;][\/vc_column_inner][vc_column_inner width=&#8221;1\/3&#8243;][vc_single_image image=&#8221;219520&#8243; img_size=&#8221;full&#8221; alignment=&#8221;center&#8221; onclick=&#8221;custom_link&#8221; css=&#8221;&#8221; link=&#8221;https:\/\/illycafe.ch\/it\/caffe\/ricette-caffe\/come-fare-cappuccino-casa\/&#8221;][vc_empty_space height=&#8221;10px&#8221;][vc_column_text css=&#8221;.vc_custom_1738833768866{margin-top: 0px !important;}&#8221; el_class=&#8221;titol-h3 brown&#8221;]<\/p>\n<h3 style=\"text-align: left;\">Cappuccino<\/h3>\n<p>[\/vc_column_text][vc_empty_space height=&#8221;40px&#8221;][\/vc_column_inner][vc_column_inner width=&#8221;1\/3&#8243;][vc_single_image image=&#8221;219596&#8243; img_size=&#8221;full&#8221; alignment=&#8221;center&#8221; onclick=&#8221;custom_link&#8221; css=&#8221;&#8221; link=&#8221;https:\/\/illycafe.ch\/it\/caffe\/ricette-caffe\/come-preparare-caffe-espresso\/&#8221;][vc_empty_space height=&#8221;10px&#8221;][vc_column_text css=&#8221;.vc_custom_1738575621333{margin-top: 0px !important;}&#8221; el_class=&#8221;titol-h3 brown&#8221;]<\/p>\n<h3 style=\"text-align: left;\">Espresso<\/h3>\n<p>[\/vc_column_text][vc_empty_space height=&#8221;40px&#8221;][\/vc_column_inner][\/vc_row_inner][vc_row_inner el_class=&#8221;products&#8221;][vc_column_inner width=&#8221;1\/3&#8243;][vc_single_image image=&#8221;219520&#8243; img_size=&#8221;full&#8221; alignment=&#8221;center&#8221; onclick=&#8221;custom_link&#8221; css=&#8221;&#8221; link=&#8221;https:\/\/illycafe.ch\/it\/caffe\/ricette-caffe\/come-fare-caffe-caffettiera-moka\/&#8221;][vc_empty_space height=&#8221;10px&#8221;][vc_column_text css=&#8221;.vc_custom_1738834803376{margin-top: 0px !important;}&#8221; el_class=&#8221;titol-h3 brown&#8221;]<\/p>\n<h3 style=\"text-align: left;\">Moka<\/h3>\n<p>[\/vc_column_text][vc_empty_space height=&#8221;40px&#8221;][\/vc_column_inner][vc_column_inner width=&#8221;1\/3&#8243;][vc_single_image image=&#8221;219599&#8243; img_size=&#8221;full&#8221; alignment=&#8221;center&#8221; onclick=&#8221;custom_link&#8221; css=&#8221;&#8221; link=&#8221;https:\/\/illycafe.ch\/it\/caffe\/ricette-caffe\/come-preparare-caffe-french-press\/&#8221;][vc_empty_space height=&#8221;10px&#8221;][vc_column_text css=&#8221;.vc_custom_1738665535575{margin-top: 0px !important;}&#8221; el_class=&#8221;titol-h3 brown&#8221;]<\/p>\n<h3 style=\"text-align: left;\">French press<\/h3>\n<p>[\/vc_column_text][vc_empty_space height=&#8221;40px&#8221;][\/vc_column_inner][vc_column_inner width=&#8221;1\/3&#8243;][vc_single_image image=&#8221;219526&#8243; img_size=&#8221;full&#8221; alignment=&#8221;center&#8221; onclick=&#8221;custom_link&#8221; css=&#8221;&#8221; link=&#8221;https:\/\/illycafe.ch\/it\/caffe\/ricette-caffe\/come-preparare-caffe-turco-cezve\/&#8221;][vc_empty_space height=&#8221;10px&#8221;][vc_column_text css=&#8221;.vc_custom_1738834865003{margin-top: 0px !important;}&#8221; el_class=&#8221;titol-h3 brown&#8221;]<\/p>\n<h3 style=\"text-align: left;\">Turco<\/h3>\n<p>[\/vc_column_text][vc_empty_space height=&#8221;40px&#8221;][\/vc_column_inner][\/vc_row_inner][vc_empty_space height=&#8221;90px&#8221;][\/vc_column][\/vc_row][vc_row full_width=&#8221;stretch_row&#8221; css=&#8221;.vc_custom_1719389983250{background-color: #f6f0ec !important;}&#8221; el_class=&#8221;newsletter&#8221;][vc_column css=&#8221;.vc_custom_1712226941419{padding-top: 0pc !important;padding-bottom: 0px !important;}&#8221;][vc_row_inner css=&#8221;.vc_custom_1712226909859{padding-top: 50px !important;padding-bottom: 50px !important;}&#8221;][vc_column_inner width=&#8221;1\/6&#8243;][\/vc_column_inner][vc_column_inner width=&#8221;2\/3&#8243;][vc_column_text css=&#8221;&#8221; el_class=&#8221;titol-h2 brown&#8221;]<\/p>\n<h2 style=\"text-align: center;\">ISCRIVITI ALLA NEWSLETTER<\/h2>\n<p>[\/vc_column_text][vc_column_text css=&#8221;&#8221; el_class=&#8221;text-landing brown&#8221;]<\/p>\n<p style=\"text-align: center;\">Entra a far parte del mondo illy e scopri tutti i vantaggi a te riservati.<\/p>\n<p>[\/vc_column_text][vc_column_text css=&#8221;&#8221;]<\/p>\n<p style=\"text-align: center;\"><p class=\"wpcf7-contact-form-not-found\"><strong>Errore:<\/strong> Modulo di contatto non trovato.<\/p><\/p>\n<p>[\/vc_column_text][\/vc_column_inner][vc_column_inner width=&#8221;1\/6&#8243;][\/vc_column_inner][\/vc_row_inner][\/vc_column][\/vc_row]<\/p>\n<\/div>","protected":false},"excerpt":{"rendered":"<p>[vc_row full_width=&#8221;stretch_row_content&#8221; css=&#8221;.vc_custom_1738662962055{background-color: #F6F0EC !important;}&#8221;][vc_column][vc_empty_space height=&#8221;90px&#8221;][vc_column_text css=&#8221;.vc_custom_1738746623233{margin-top: 0px !important;}&#8221; el_class=&#8221;titol-h2 brown&#8221;] Caff\u00e8 Filtro [\/vc_column_text][vc_empty_space height=&#8221;15px&#8221;][vc_column_text css=&#8221;&#8221; el_class=&#8221;text-landing brown&#8221;] Detto anche caff\u00e8 all&#8217;americana [\/vc_column_text][vc_empty_space height=&#8221;50px&#8221;][vc_single_image image=&#8221;219588&#8243; img_size=&#8221;full&#8221; alignment=&#8221;center&#8221; css=&#8221;&#8221;][vc_empty_space height=&#8221;90px&#8221;][\/vc_column][\/vc_row][vc_row][vc_column css=&#8221;.vc_custom_1738575195426{margin-top: 0px !important;padding-top: 0px !important;}&#8221;][vc_empty_space height=&#8221;50px&#8221;][vc_column_text css=&#8221;.vc_custom_1738663047328{margin-top: 0px !important;}&#8221; el_class=&#8221;titol-h4 brown&#8221;] Il caff\u00e8 all&#8217;americana o caff\u00e8 filtro \u00e8 il metodo pi\u00f9 apprezzato negli\u00a0Stati Uniti\u00a0e nel\u00a0Nord Europa:\u00a0aromatico e ricco di gusto. La percolazione venne perfezionata in Germania agli inizi del \u2019900. L\u2019utilizzo del caff\u00e8 [&hellip;]<\/p>\n","protected":false},"author":5358,"featured_media":0,"parent":219502,"menu_order":0,"comment_status":"closed","ping_status":"closed","template":"","meta":{"inline_featured_image":false,"footnotes":""},"class_list":["post-219684","page","type-page","status-publish","hentry"],"yoast_head":"<!-- This site is optimized with the Yoast SEO plugin v27.3 - https:\/\/yoast.com\/product\/yoast-seo-wordpress\/ -->\n<title>Come preparare il caff\u00e8 americano perfetto - Illycaf\u00e9 | Premium Kaffee kaufen | Gastronomie, Firmen, Privat<\/title>\n<meta name=\"robots\" content=\"index, follow, max-snippet:-1, max-image-preview:large, max-video-preview:-1\" \/>\n<link rel=\"canonical\" href=\"https:\/\/illycafe.ch\/it\/caffe\/ricette-caffe\/come-preparare-il-caffe-americano-perfetto\/\" \/>\n<meta property=\"og:locale\" content=\"it_IT\" \/>\n<meta property=\"og:type\" content=\"article\" \/>\n<meta property=\"og:title\" content=\"Come preparare il caff\u00e8 americano perfetto - Illycaf\u00e9 | Premium Kaffee kaufen | Gastronomie, Firmen, Privat\" \/>\n<meta property=\"og:description\" content=\"[vc_row full_width=&#8221;stretch_row_content&#8221; css=&#8221;.vc_custom_1738662962055{background-color: #F6F0EC !important;}&#8221;][vc_column][vc_empty_space height=&#8221;90px&#8221;][vc_column_text css=&#8221;.vc_custom_1738746623233{margin-top: 0px !important;}&#8221; el_class=&#8221;titol-h2 brown&#8221;] Caff\u00e8 Filtro [\/vc_column_text][vc_empty_space height=&#8221;15px&#8221;][vc_column_text css=&#8221;&#8221; el_class=&#8221;text-landing brown&#8221;] Detto anche caff\u00e8 all&#8217;americana [\/vc_column_text][vc_empty_space height=&#8221;50px&#8221;][vc_single_image image=&#8221;219588&#8243; img_size=&#8221;full&#8221; alignment=&#8221;center&#8221; css=&#8221;&#8221;][vc_empty_space height=&#8221;90px&#8221;][\/vc_column][\/vc_row][vc_row][vc_column css=&#8221;.vc_custom_1738575195426{margin-top: 0px !important;padding-top: 0px !important;}&#8221;][vc_empty_space height=&#8221;50px&#8221;][vc_column_text css=&#8221;.vc_custom_1738663047328{margin-top: 0px !important;}&#8221; el_class=&#8221;titol-h4 brown&#8221;] Il caff\u00e8 all&#8217;americana o caff\u00e8 filtro \u00e8 il metodo pi\u00f9 apprezzato negli\u00a0Stati Uniti\u00a0e nel\u00a0Nord Europa:\u00a0aromatico e ricco di gusto. La percolazione venne perfezionata in Germania agli inizi del \u2019900. L\u2019utilizzo del caff\u00e8 [&hellip;]\" \/>\n<meta property=\"og:url\" content=\"https:\/\/illycafe.ch\/it\/caffe\/ricette-caffe\/come-preparare-il-caffe-americano-perfetto\/\" \/>\n<meta property=\"og:site_name\" content=\"Illycaf\u00e9 | Premium Kaffee kaufen | Gastronomie, Firmen, Privat\" \/>\n<meta property=\"article:modified_time\" content=\"2025-02-14T10:56:49+00:00\" \/>\n<meta name=\"twitter:card\" content=\"summary_large_image\" \/>\n<meta name=\"twitter:label1\" content=\"Tempo di lettura stimato\" \/>\n\t<meta name=\"twitter:data1\" content=\"3 minuti\" \/>\n<script type=\"application\/ld+json\" class=\"yoast-schema-graph\">{\"@context\":\"https:\\\/\\\/schema.org\",\"@graph\":[{\"@type\":\"WebPage\",\"@id\":\"https:\\\/\\\/illycafe.ch\\\/it\\\/caffe\\\/ricette-caffe\\\/come-preparare-il-caffe-americano-perfetto\\\/\",\"url\":\"https:\\\/\\\/illycafe.ch\\\/it\\\/caffe\\\/ricette-caffe\\\/come-preparare-il-caffe-americano-perfetto\\\/\",\"name\":\"Come preparare il caff\u00e8 americano perfetto - Illycaf\u00e9 | Premium Kaffee kaufen | Gastronomie, Firmen, Privat\",\"isPartOf\":{\"@id\":\"https:\\\/\\\/illycafe.ch\\\/#website\"},\"datePublished\":\"2025-02-06T09:14:18+00:00\",\"dateModified\":\"2025-02-14T10:56:49+00:00\",\"breadcrumb\":{\"@id\":\"https:\\\/\\\/illycafe.ch\\\/it\\\/caffe\\\/ricette-caffe\\\/come-preparare-il-caffe-americano-perfetto\\\/#breadcrumb\"},\"inLanguage\":\"it-IT\",\"potentialAction\":[{\"@type\":\"ReadAction\",\"target\":[\"https:\\\/\\\/illycafe.ch\\\/it\\\/caffe\\\/ricette-caffe\\\/come-preparare-il-caffe-americano-perfetto\\\/\"]}]},{\"@type\":\"BreadcrumbList\",\"@id\":\"https:\\\/\\\/illycafe.ch\\\/it\\\/caffe\\\/ricette-caffe\\\/come-preparare-il-caffe-americano-perfetto\\\/#breadcrumb\",\"itemListElement\":[{\"@type\":\"ListItem\",\"position\":1,\"name\":\"Home\",\"item\":\"https:\\\/\\\/illycafe.ch\\\/it\\\/\"},{\"@type\":\"ListItem\",\"position\":2,\"name\":\"Caff\u00e8\",\"item\":\"https:\\\/\\\/illycafe.ch\\\/it\\\/caffe\\\/\"},{\"@type\":\"ListItem\",\"position\":3,\"name\":\"Le ricette al caff\u00e8\",\"item\":\"https:\\\/\\\/illycafe.ch\\\/it\\\/caffe\\\/ricette-caffe\\\/\"},{\"@type\":\"ListItem\",\"position\":4,\"name\":\"Come preparare il caff\u00e8 americano perfetto\"}]},{\"@type\":\"WebSite\",\"@id\":\"https:\\\/\\\/illycafe.ch\\\/#website\",\"url\":\"https:\\\/\\\/illycafe.ch\\\/\",\"name\":\"Illycaf\u00e9 | Premium Kaffee kaufen | Gastronomie, Firmen, Privat\",\"description\":\"Italienische Kaffeekultur. Schweizer Qualit\u00e4t.\",\"potentialAction\":[{\"@type\":\"SearchAction\",\"target\":{\"@type\":\"EntryPoint\",\"urlTemplate\":\"https:\\\/\\\/illycafe.ch\\\/?s={search_term_string}\"},\"query-input\":{\"@type\":\"PropertyValueSpecification\",\"valueRequired\":true,\"valueName\":\"search_term_string\"}}],\"inLanguage\":\"it-IT\"}]}<\/script>\n<!-- \/ Yoast SEO plugin. -->","yoast_head_json":{"title":"Come preparare il caff\u00e8 americano perfetto - Illycaf\u00e9 | Premium Kaffee kaufen | Gastronomie, Firmen, Privat","robots":{"index":"index","follow":"follow","max-snippet":"max-snippet:-1","max-image-preview":"max-image-preview:large","max-video-preview":"max-video-preview:-1"},"canonical":"https:\/\/illycafe.ch\/it\/caffe\/ricette-caffe\/come-preparare-il-caffe-americano-perfetto\/","og_locale":"it_IT","og_type":"article","og_title":"Come preparare il caff\u00e8 americano perfetto - Illycaf\u00e9 | Premium Kaffee kaufen | Gastronomie, Firmen, Privat","og_description":"[vc_row full_width=&#8221;stretch_row_content&#8221; css=&#8221;.vc_custom_1738662962055{background-color: #F6F0EC !important;}&#8221;][vc_column][vc_empty_space height=&#8221;90px&#8221;][vc_column_text css=&#8221;.vc_custom_1738746623233{margin-top: 0px !important;}&#8221; el_class=&#8221;titol-h2 brown&#8221;] Caff\u00e8 Filtro [\/vc_column_text][vc_empty_space height=&#8221;15px&#8221;][vc_column_text css=&#8221;&#8221; el_class=&#8221;text-landing brown&#8221;] Detto anche caff\u00e8 all&#8217;americana [\/vc_column_text][vc_empty_space height=&#8221;50px&#8221;][vc_single_image image=&#8221;219588&#8243; img_size=&#8221;full&#8221; alignment=&#8221;center&#8221; css=&#8221;&#8221;][vc_empty_space height=&#8221;90px&#8221;][\/vc_column][\/vc_row][vc_row][vc_column css=&#8221;.vc_custom_1738575195426{margin-top: 0px !important;padding-top: 0px !important;}&#8221;][vc_empty_space height=&#8221;50px&#8221;][vc_column_text css=&#8221;.vc_custom_1738663047328{margin-top: 0px !important;}&#8221; el_class=&#8221;titol-h4 brown&#8221;] Il caff\u00e8 all&#8217;americana o caff\u00e8 filtro \u00e8 il metodo pi\u00f9 apprezzato negli\u00a0Stati Uniti\u00a0e nel\u00a0Nord Europa:\u00a0aromatico e ricco di gusto. La percolazione venne perfezionata in Germania agli inizi del \u2019900. L\u2019utilizzo del caff\u00e8 [&hellip;]","og_url":"https:\/\/illycafe.ch\/it\/caffe\/ricette-caffe\/come-preparare-il-caffe-americano-perfetto\/","og_site_name":"Illycaf\u00e9 | Premium Kaffee kaufen | Gastronomie, Firmen, Privat","article_modified_time":"2025-02-14T10:56:49+00:00","twitter_card":"summary_large_image","twitter_misc":{"Tempo di lettura stimato":"3 minuti"},"schema":{"@context":"https:\/\/schema.org","@graph":[{"@type":"WebPage","@id":"https:\/\/illycafe.ch\/it\/caffe\/ricette-caffe\/come-preparare-il-caffe-americano-perfetto\/","url":"https:\/\/illycafe.ch\/it\/caffe\/ricette-caffe\/come-preparare-il-caffe-americano-perfetto\/","name":"Come preparare il caff\u00e8 americano perfetto - Illycaf\u00e9 | Premium Kaffee kaufen | Gastronomie, Firmen, Privat","isPartOf":{"@id":"https:\/\/illycafe.ch\/#website"},"datePublished":"2025-02-06T09:14:18+00:00","dateModified":"2025-02-14T10:56:49+00:00","breadcrumb":{"@id":"https:\/\/illycafe.ch\/it\/caffe\/ricette-caffe\/come-preparare-il-caffe-americano-perfetto\/#breadcrumb"},"inLanguage":"it-IT","potentialAction":[{"@type":"ReadAction","target":["https:\/\/illycafe.ch\/it\/caffe\/ricette-caffe\/come-preparare-il-caffe-americano-perfetto\/"]}]},{"@type":"BreadcrumbList","@id":"https:\/\/illycafe.ch\/it\/caffe\/ricette-caffe\/come-preparare-il-caffe-americano-perfetto\/#breadcrumb","itemListElement":[{"@type":"ListItem","position":1,"name":"Home","item":"https:\/\/illycafe.ch\/it\/"},{"@type":"ListItem","position":2,"name":"Caff\u00e8","item":"https:\/\/illycafe.ch\/it\/caffe\/"},{"@type":"ListItem","position":3,"name":"Le ricette al caff\u00e8","item":"https:\/\/illycafe.ch\/it\/caffe\/ricette-caffe\/"},{"@type":"ListItem","position":4,"name":"Come preparare il caff\u00e8 americano perfetto"}]},{"@type":"WebSite","@id":"https:\/\/illycafe.ch\/#website","url":"https:\/\/illycafe.ch\/","name":"Illycaf\u00e9 | Premium Kaffee kaufen | Gastronomie, Firmen, Privat","description":"Italienische Kaffeekultur. Schweizer Qualit\u00e4t.","potentialAction":[{"@type":"SearchAction","target":{"@type":"EntryPoint","urlTemplate":"https:\/\/illycafe.ch\/?s={search_term_string}"},"query-input":{"@type":"PropertyValueSpecification","valueRequired":true,"valueName":"search_term_string"}}],"inLanguage":"it-IT"}]}},"_links":{"self":[{"href":"https:\/\/illycafe.ch\/it\/wp-json\/wp\/v2\/pages\/219684","targetHints":{"allow":["GET"]}}],"collection":[{"href":"https:\/\/illycafe.ch\/it\/wp-json\/wp\/v2\/pages"}],"about":[{"href":"https:\/\/illycafe.ch\/it\/wp-json\/wp\/v2\/types\/page"}],"author":[{"embeddable":true,"href":"https:\/\/illycafe.ch\/it\/wp-json\/wp\/v2\/users\/5358"}],"replies":[{"embeddable":true,"href":"https:\/\/illycafe.ch\/it\/wp-json\/wp\/v2\/comments?post=219684"}],"version-history":[{"count":0,"href":"https:\/\/illycafe.ch\/it\/wp-json\/wp\/v2\/pages\/219684\/revisions"}],"up":[{"embeddable":true,"href":"https:\/\/illycafe.ch\/it\/wp-json\/wp\/v2\/pages\/219502"}],"wp:attachment":[{"href":"https:\/\/illycafe.ch\/it\/wp-json\/wp\/v2\/media?parent=219684"}],"curies":[{"name":"wp","href":"https:\/\/api.w.org\/{rel}","templated":true}]}}