{"id":221250,"date":"2025-03-26T09:10:33","date_gmt":"2025-03-26T08:10:33","guid":{"rendered":"https:\/\/illycafe.ch\/?page_id=221250"},"modified":"2025-05-23T10:35:47","modified_gmt":"2025-05-23T08:35:47","slug":"kontakt-illy","status":"publish","type":"page","link":"https:\/\/illycafe.ch\/it\/kontakt-illy\/","title":{"rendered":"Contatto Illy"},"content":{"rendered":"\n<div class=\"wpcf7 no-js\" id=\"wpcf7-f221251-o1\" lang=\"en-US\" dir=\"ltr\" data-wpcf7-id=\"221251\">\n<div class=\"screen-reader-response\"><p role=\"status\" aria-live=\"polite\" aria-atomic=\"true\"><\/p> <ul><\/ul><\/div>\n<form action=\"\/it\/wp-json\/wp\/v2\/pages\/221250#wpcf7-f221251-o1\" method=\"post\" class=\"wpcf7-form init\" aria-label=\"Contact form\" novalidate=\"novalidate\" data-status=\"init\">\n<fieldset class=\"hidden-fields-container\"><input type=\"hidden\" name=\"_wpcf7\" value=\"221251\" \/><input type=\"hidden\" name=\"_wpcf7_version\" value=\"6.1.5\" \/><input type=\"hidden\" name=\"_wpcf7_locale\" value=\"en_US\" \/><input type=\"hidden\" name=\"_wpcf7_unit_tag\" value=\"wpcf7-f221251-o1\" \/><input type=\"hidden\" name=\"_wpcf7_container_post\" value=\"0\" \/><input type=\"hidden\" name=\"_wpcf7_posted_data_hash\" value=\"\" \/>\n<\/fieldset>\n<h5>CONTATTO\n<\/h5>\n<div class=\"dadesInici\">\n\t<div class=\"pays\">\n\t\t<p>Paese<br \/>\n<span class=\"wpcf7-form-control-wrap\" data-name=\"land\"><input size=\"40\" maxlength=\"400\" class=\"wpcf7-form-control wpcf7-text wpcf7-validates-as-required land\" aria-required=\"true\" aria-invalid=\"false\" value=\"\" type=\"text\" name=\"land\" \/><\/span>\n\t\t<\/p>\n\t<\/div>\n\t<div class=\"ville\">\n\t\t<p>Citt\u00e0<br \/>\n<span class=\"wpcf7-form-control-wrap\" data-name=\"text-413stadt\"><input size=\"40\" maxlength=\"400\" class=\"wpcf7-form-control wpcf7-text wpcf7-validates-as-required stadt\" aria-required=\"true\" aria-invalid=\"false\" value=\"\" type=\"text\" name=\"text-413stadt\" \/><\/span>\n\t\t<\/p>\n\t<\/div>\n\t<div class=\"codi\">\n\t\t<p>Codice postale<br \/>\n<span class=\"wpcf7-form-control-wrap\" data-name=\"postleitzahl\"><input size=\"40\" maxlength=\"400\" class=\"wpcf7-form-control wpcf7-text wpcf7-validates-as-required Postleitzahl\" aria-required=\"true\" aria-invalid=\"false\" value=\"\" type=\"text\" name=\"postleitzahl\" \/><\/span>\n\t\t<\/p>\n\t<\/div>\n<\/div>\n<div class=\"adresse\">\n\t<p>Indirizzo dell'azienda<br \/>\n<span class=\"wpcf7-form-control-wrap\" data-name=\"firmenadresse\"><input size=\"40\" maxlength=\"400\" class=\"wpcf7-form-control wpcf7-text wpcf7-validates-as-required Firmenadresse\" aria-required=\"true\" aria-invalid=\"false\" value=\"\" type=\"text\" name=\"firmenadresse\" \/><\/span>\n\t<\/p>\n<\/div>\n<div class=\"nomCognom\">\n\t<div class=\"nom\">\n\t\t<p>Nome<br \/>\n<span class=\"wpcf7-form-control-wrap\" data-name=\"text-249name\"><input size=\"40\" maxlength=\"400\" class=\"wpcf7-form-control wpcf7-text wpcf7-validates-as-required name\" autocomplete=\"name\" aria-required=\"true\" aria-invalid=\"false\" value=\"\" type=\"text\" name=\"text-249name\" \/><\/span>\n\t\t<\/p>\n\t<\/div>\n\t<div class=\"cognom\">\n\t\t<p>Nome della famiglia<br \/>\n<span class=\"wpcf7-form-control-wrap\" data-name=\"text-117nachname\"><input size=\"40\" maxlength=\"400\" class=\"wpcf7-form-control wpcf7-text wpcf7-validates-as-required nachname\" aria-required=\"true\" aria-invalid=\"false\" value=\"\" type=\"text\" name=\"text-117nachname\" \/><\/span>\n\t\t<\/p>\n\t<\/div>\n<\/div>\n<div class =\"telefonMail\">\n\t<div class=\"telefon\">\n\t\t<p>Telefono<br \/>\n<span class=\"wpcf7-form-control-wrap\" data-name=\"telefon\"><input size=\"40\" maxlength=\"400\" class=\"wpcf7-form-control wpcf7-text wpcf7-validates-as-required telefon\" aria-required=\"true\" aria-invalid=\"false\" value=\"\" type=\"text\" name=\"telefon\" \/><\/span>\n\t\t<\/p>\n\t<\/div>\n\t<div class=\"mail\">\n\t\t<p>Indirizzo e-mail<br \/>\n<span class=\"wpcf7-form-control-wrap\" data-name=\"mailadress\"><input size=\"40\" maxlength=\"400\" class=\"wpcf7-form-control wpcf7-email wpcf7-validates-as-required wpcf7-text wpcf7-validates-as-email mail\" aria-required=\"true\" aria-invalid=\"false\" value=\"\" type=\"email\" name=\"mailadress\" \/><\/span>\n\t\t<\/p>\n\t<\/div>\n<\/div>\n<div class =\"tipus\">\n\t<div class=\"type\">\n\t\t<p>Tipo di negozio<br \/>\n<span class=\"wpcf7-form-control-wrap\" data-name=\"select-579\"><select class=\"wpcf7-form-control wpcf7-select wpcf7-validates-as-required choice\" aria-required=\"true\" aria-invalid=\"false\" name=\"select-579\"><option value=\"Bar\/Panetteria\/Pasticceria\/Gelateria\">Bar\/Panetteria\/Pasticceria\/Gelateria<\/option><option value=\"Ristorante\">Ristorante<\/option><option value=\"Hotel\">Hotel<\/option><option value=\"Alimentari\/Negozi di articoli per la casa\/Ufficio\">Alimentari\/Negozi di articoli per la casa\/Ufficio<\/option><\/select><\/span>\n\t\t<\/p>\n\t<\/div>\n\t<div class=\"cafe\">\n\t\t<p>Caff\u00e8 servito ogni giorno<br \/>\n<span class=\"wpcf7-form-control-wrap\" data-name=\"select-305\"><select class=\"wpcf7-form-control wpcf7-select wpcf7-validates-as-required choice1\" aria-required=\"true\" aria-invalid=\"false\" name=\"select-305\"><option value=\"0-89\">0-89<\/option><option value=\"90-150\">90-150<\/option><option value=\"&gt;150\">&gt;150<\/option><\/select><\/span>\n\t\t<\/p>\n\t<\/div>\n<\/div>\n<div class=\"radiobuttons\">\n\t<p>\u00c8 gi\u00e0 aperto?\n\t<\/p>\n\t<div class=\"options\">\n\t\t<p><span class=\"wpcf7-form-control-wrap\" data-name=\"radio-5\"><span class=\"wpcf7-form-control wpcf7-radio radiobutton\"><span class=\"wpcf7-list-item first\"><label><input type=\"radio\" name=\"radio-5\" value=\"Si\" \/><span class=\"wpcf7-list-item-label\">Si<\/span><\/label><\/span><span class=\"wpcf7-list-item last\"><label><input type=\"radio\" name=\"radio-5\" value=\"No\" \/><span class=\"wpcf7-list-item-label\">No<\/span><\/label><\/span><\/span><\/span>\n\t\t<\/p>\n\t<\/div>\n<\/div>\n<div class=\"puntVentaProveeidor\">\n\t<div class=\"puntVenta\">\n\t\t<p>Insegna del punto vendita<br \/>\n<span class=\"wpcf7-form-control-wrap\" data-name=\"puntventa\"><input size=\"40\" maxlength=\"400\" class=\"wpcf7-form-control wpcf7-text wpcf7-validates-as-required puntVenta\" aria-required=\"true\" aria-invalid=\"false\" value=\"\" type=\"text\" name=\"puntventa\" \/><\/span>\n\t\t<\/p>\n\t<\/div>\n\t<div class =\"proveeidor\">\n\t\t<p>Fornitore attuale<br \/>\n<span class=\"wpcf7-form-control-wrap\" data-name=\"proveeidor\"><select class=\"wpcf7-form-control wpcf7-select wpcf7-validates-as-required proveeidor\" aria-required=\"true\" aria-invalid=\"false\" name=\"proveeidor\"><option value=\"Alexander Sch\u00e4rf &amp; S\u00f6hne\">Alexander Sch\u00e4rf &amp; S\u00f6hne<\/option><option value=\"Alois Dallmayr\">Alois Dallmayr<\/option><option value=\"Alps Kaffee\">Alps Kaffee<\/option><option value=\"Alt Wien Kaffee\">Alt Wien Kaffee<\/option><option value=\"Amann Kaffee\">Amann Kaffee<\/option><option value=\"Andere\">Andere<\/option><option value=\"Andere\">Andere<\/option><option value=\"Azul\">Azul<\/option><option value=\"Bea caff\u00e8\">Bea caff\u00e8<\/option><option value=\"Breiger\">Breiger<\/option><option value=\"Caffe Vergnano\">Caffe Vergnano<\/option><option value=\"Caff\u00e8 Vergnano\">Caff\u00e8 Vergnano<\/option><option value=\"Dallmayr\">Dallmayr<\/option><option value=\"Darboven\">Darboven<\/option><option value=\"Der Kaffeepartner\">Der Kaffeepartner<\/option><option value=\"Eduscho\">Eduscho<\/option><option value=\"Fabia\">Fabia<\/option><option value=\"H\u00e4mmerle Kaffee\">H\u00e4mmerle Kaffee<\/option><option value=\"Hausbrandt\">Hausbrandt<\/option><option value=\"Hausbrandt\">Hausbrandt<\/option><option value=\"Helmut Sachers\">Helmut Sachers<\/option><option value=\"illycaff\u00e8\">illycaff\u00e8<\/option><option value=\"illycaff\u00e8\">illycaff\u00e8<\/option><option value=\"J. Hornig\">J. Hornig<\/option><option value=\"Jacobs\">Jacobs<\/option><option value=\"Jacobs\">Jacobs<\/option><option value=\"Douwe Egberts\">Douwe Egberts<\/option><option value=\"Java Kaffee\">Java Kaffee<\/option><option value=\"Julius Meinl\">Julius Meinl<\/option><option value=\"Julius Meinl\">Julius Meinl<\/option><option value=\"Kaffee und Co\">Kaffee und Co<\/option><option value=\"Kr\u00fcger\">Kr\u00fcger<\/option><option value=\"Lavazza\">Lavazza<\/option><option value=\"Lavazza\">Lavazza<\/option><option value=\"Malongo\">Malongo<\/option><option value=\"Meisterkaffee\">Meisterkaffee<\/option><option value=\"Melitta\">Melitta<\/option><option value=\"Melitta\">Melitta<\/option><option value=\"Naber\">Naber<\/option><option value=\"Nespresso\">Nespresso<\/option><option value=\"Nespresso\">Nespresso<\/option><option value=\"Perla Nera\">Perla Nera<\/option><option value=\"Regionaler Anbieter\">Regionaler Anbieter<\/option><option value=\"Santora\">Santora<\/option><option value=\"Sch\u00e4rf\">Sch\u00e4rf<\/option><option value=\"Seeberger\">Seeberger<\/option><option value=\"Segafredo\">Segafredo<\/option><option value=\"Segafredo\">Segafredo<\/option><option value=\"Tchibo\/Eduscho\">Tchibo\/Eduscho<\/option><option value=\"Testa Rossa\">Testa Rossa<\/option><option value=\"Tschibo\">Tschibo<\/option><option value=\"Unbound\">Unbound<\/option><option value=\"Valentino\">Valentino<\/option><option value=\"Wedl\">Wedl<\/option><\/select><\/span>\n\t\t<\/p>\n\t<\/div>\n<\/div>\n<div class=\"peu\">\n\t<p>Ho letto l'informativa e l'ho compresa, nella consapevolezza che il trattamento dei dati per le finalit\u00e0 di cui al punto 2, let. B dell'informativa, ai sensi della vigente normativa in materia di protezione dei dati personali, potr\u00e0 essere effettuato senza il mio consenso.\n\t<\/p>\n<\/div>\n<div class=\"enviar\">\n\t<p><input class=\"wpcf7-form-control wpcf7-submit has-spinner enviarIta\" type=\"submit\" value=\"INVIA UNA RICHIESTA\" \/>\n\t<\/p>\n<\/div><input type='hidden' class='wpcf7-pum' value='{\"closepopup\":false,\"closedelay\":0,\"openpopup\":false,\"openpopup_id\":0}' \/><div class=\"wpcf7-response-output\" aria-hidden=\"true\"><\/div>\n<\/form>\n<\/div>\n\n","protected":false},"excerpt":{"rendered":"CONTATTO Paese Citt\u00e0 Codice postale Indirizzo dell'azienda Nome Nome della famiglia Telefono Indirizzo e-mail Tipo di negozio Bar\/Panetteria\/Pasticceria\/GelateriaRistoranteHotelAlimentari\/Negozi di articoli per la casa\/Ufficio Caff\u00e8 servito ogni giorno 0-8990-150&gt;150 \u00c8 gi\u00e0 aperto? SiNo Insegna del punto vendita Fornitore attuale Alexander Sch\u00e4rf &amp; S\u00f6hneAlois DallmayrAlps KaffeeAlt Wien KaffeeAmann KaffeeAndereAndereAzulBea caff\u00e8BreigerCaffe VergnanoCaff\u00e8 VergnanoDallmayrDarbovenDer KaffeepartnerEduschoFabiaH\u00e4mmerle KaffeeHausbrandtHausbrandtHelmut Sachersillycaff\u00e8illycaff\u00e8J. HornigJacobsJacobsDouwe EgbertsJava KaffeeJulius MeinlJulius MeinlKaffee und CoKr\u00fcgerLavazzaLavazzaMalongoMeisterkaffeeMelittaMelittaNaberNespressoNespressoPerla NeraRegionaler AnbieterSantoraSch\u00e4rfSeebergerSegafredoSegafredoTchibo\/EduschoTesta RossaTschiboUnboundValentinoWedl Ho letto l'informativa e l'ho compresa, nella consapevolezza che [...]","protected":false},"author":5358,"featured_media":0,"parent":0,"menu_order":0,"comment_status":"closed","ping_status":"closed","template":"","meta":{"inline_featured_image":false,"footnotes":""},"class_list":["post-221250","page","type-page","status-publish","hentry"],"yoast_head":"<!-- This site is optimized with the Yoast SEO plugin v27.3 - https:\/\/yoast.com\/product\/yoast-seo-wordpress\/ -->\n<title>Contatto Illy - Illycaf\u00e9 | Premium Kaffee kaufen | Gastronomie, Firmen, Privat<\/title>\n<meta name=\"robots\" content=\"index, follow, max-snippet:-1, max-image-preview:large, max-video-preview:-1\" \/>\n<link rel=\"canonical\" href=\"https:\/\/illycafe.ch\/it\/kontakt-illy\/\" \/>\n<meta property=\"og:locale\" content=\"it_IT\" \/>\n<meta property=\"og:type\" content=\"article\" \/>\n<meta property=\"og:title\" content=\"Contatto Illy - Illycaf\u00e9 | Premium Kaffee kaufen | Gastronomie, Firmen, Privat\" \/>\n<meta property=\"og:url\" content=\"https:\/\/illycafe.ch\/it\/kontakt-illy\/\" \/>\n<meta property=\"og:site_name\" content=\"Illycaf\u00e9 | Premium Kaffee kaufen | Gastronomie, Firmen, Privat\" \/>\n<meta property=\"article:modified_time\" content=\"2025-05-23T08:35:47+00:00\" \/>\n<meta name=\"twitter:card\" content=\"summary_large_image\" \/>\n<meta name=\"twitter:label1\" content=\"Tempo di lettura stimato\" \/>\n\t<meta name=\"twitter:data1\" content=\"1 minuto\" \/>\n<script type=\"application\/ld+json\" class=\"yoast-schema-graph\">{\"@context\":\"https:\\\/\\\/schema.org\",\"@graph\":[{\"@type\":\"WebPage\",\"@id\":\"https:\\\/\\\/illycafe.ch\\\/it\\\/kontakt-illy\\\/\",\"url\":\"https:\\\/\\\/illycafe.ch\\\/it\\\/kontakt-illy\\\/\",\"name\":\"Contatto Illy - Illycaf\u00e9 | Premium Kaffee kaufen | Gastronomie, Firmen, Privat\",\"isPartOf\":{\"@id\":\"https:\\\/\\\/illycafe.ch\\\/#website\"},\"datePublished\":\"2025-03-26T08:10:33+00:00\",\"dateModified\":\"2025-05-23T08:35:47+00:00\",\"breadcrumb\":{\"@id\":\"https:\\\/\\\/illycafe.ch\\\/it\\\/kontakt-illy\\\/#breadcrumb\"},\"inLanguage\":\"it-IT\",\"potentialAction\":[{\"@type\":\"ReadAction\",\"target\":[\"https:\\\/\\\/illycafe.ch\\\/it\\\/kontakt-illy\\\/\"]}]},{\"@type\":\"BreadcrumbList\",\"@id\":\"https:\\\/\\\/illycafe.ch\\\/it\\\/kontakt-illy\\\/#breadcrumb\",\"itemListElement\":[{\"@type\":\"ListItem\",\"position\":1,\"name\":\"Home\",\"item\":\"https:\\\/\\\/illycafe.ch\\\/it\\\/\"},{\"@type\":\"ListItem\",\"position\":2,\"name\":\"Contatto Illy\"}]},{\"@type\":\"WebSite\",\"@id\":\"https:\\\/\\\/illycafe.ch\\\/#website\",\"url\":\"https:\\\/\\\/illycafe.ch\\\/\",\"name\":\"Illycaf\u00e9 | Premium Kaffee kaufen | Gastronomie, Firmen, Privat\",\"description\":\"Italienische Kaffeekultur. Schweizer Qualit\u00e4t.\",\"potentialAction\":[{\"@type\":\"SearchAction\",\"target\":{\"@type\":\"EntryPoint\",\"urlTemplate\":\"https:\\\/\\\/illycafe.ch\\\/?s={search_term_string}\"},\"query-input\":{\"@type\":\"PropertyValueSpecification\",\"valueRequired\":true,\"valueName\":\"search_term_string\"}}],\"inLanguage\":\"it-IT\"}]}<\/script>\n<!-- \/ Yoast SEO plugin. -->","yoast_head_json":{"title":"Contatto Illy - Illycaf\u00e9 | Premium Kaffee kaufen | Gastronomie, Firmen, Privat","robots":{"index":"index","follow":"follow","max-snippet":"max-snippet:-1","max-image-preview":"max-image-preview:large","max-video-preview":"max-video-preview:-1"},"canonical":"https:\/\/illycafe.ch\/it\/kontakt-illy\/","og_locale":"it_IT","og_type":"article","og_title":"Contatto Illy - Illycaf\u00e9 | Premium Kaffee kaufen | Gastronomie, Firmen, Privat","og_url":"https:\/\/illycafe.ch\/it\/kontakt-illy\/","og_site_name":"Illycaf\u00e9 | Premium Kaffee kaufen | Gastronomie, Firmen, Privat","article_modified_time":"2025-05-23T08:35:47+00:00","twitter_card":"summary_large_image","twitter_misc":{"Tempo di lettura stimato":"1 minuto"},"schema":{"@context":"https:\/\/schema.org","@graph":[{"@type":"WebPage","@id":"https:\/\/illycafe.ch\/it\/kontakt-illy\/","url":"https:\/\/illycafe.ch\/it\/kontakt-illy\/","name":"Contatto Illy - Illycaf\u00e9 | Premium Kaffee kaufen | Gastronomie, Firmen, Privat","isPartOf":{"@id":"https:\/\/illycafe.ch\/#website"},"datePublished":"2025-03-26T08:10:33+00:00","dateModified":"2025-05-23T08:35:47+00:00","breadcrumb":{"@id":"https:\/\/illycafe.ch\/it\/kontakt-illy\/#breadcrumb"},"inLanguage":"it-IT","potentialAction":[{"@type":"ReadAction","target":["https:\/\/illycafe.ch\/it\/kontakt-illy\/"]}]},{"@type":"BreadcrumbList","@id":"https:\/\/illycafe.ch\/it\/kontakt-illy\/#breadcrumb","itemListElement":[{"@type":"ListItem","position":1,"name":"Home","item":"https:\/\/illycafe.ch\/it\/"},{"@type":"ListItem","position":2,"name":"Contatto Illy"}]},{"@type":"WebSite","@id":"https:\/\/illycafe.ch\/#website","url":"https:\/\/illycafe.ch\/","name":"Illycaf\u00e9 | Premium Kaffee kaufen | Gastronomie, Firmen, Privat","description":"Italienische Kaffeekultur. Schweizer Qualit\u00e4t.","potentialAction":[{"@type":"SearchAction","target":{"@type":"EntryPoint","urlTemplate":"https:\/\/illycafe.ch\/?s={search_term_string}"},"query-input":{"@type":"PropertyValueSpecification","valueRequired":true,"valueName":"search_term_string"}}],"inLanguage":"it-IT"}]}},"_links":{"self":[{"href":"https:\/\/illycafe.ch\/it\/wp-json\/wp\/v2\/pages\/221250","targetHints":{"allow":["GET"]}}],"collection":[{"href":"https:\/\/illycafe.ch\/it\/wp-json\/wp\/v2\/pages"}],"about":[{"href":"https:\/\/illycafe.ch\/it\/wp-json\/wp\/v2\/types\/page"}],"author":[{"embeddable":true,"href":"https:\/\/illycafe.ch\/it\/wp-json\/wp\/v2\/users\/5358"}],"replies":[{"embeddable":true,"href":"https:\/\/illycafe.ch\/it\/wp-json\/wp\/v2\/comments?post=221250"}],"version-history":[{"count":0,"href":"https:\/\/illycafe.ch\/it\/wp-json\/wp\/v2\/pages\/221250\/revisions"}],"wp:attachment":[{"href":"https:\/\/illycafe.ch\/it\/wp-json\/wp\/v2\/media?parent=221250"}],"curies":[{"name":"wp","href":"https:\/\/api.w.org\/{rel}","templated":true}]}}