{"id":22140,"date":"2020-08-21T11:22:27","date_gmt":"2020-08-21T09:22:27","guid":{"rendered":"https:\/\/illycafe.ch\/roesten\/"},"modified":"2021-01-11T15:11:14","modified_gmt":"2021-01-11T14:11:14","slug":"arte-tostatura","status":"publish","type":"page","link":"https:\/\/illycafe.ch\/it\/arte-tostatura\/","title":{"rendered":"Tostatura"},"content":{"rendered":"<div class=\"wpb-content-wrapper\"><p>[vc_row row_content_width=&#8221;grid&#8221; content_text_aligment=&#8221;center&#8221; css=&#8221;.vc_custom_1610374226737{padding-bottom: 40px !important;}&#8221;][vc_column offset=&#8221;vc_col-lg-offset-2 vc_col-lg-8&#8243;][vc_single_image image=&#8221;21043&#8243; img_size=&#8221;full&#8221; alignment=&#8221;center&#8221;]<div class=\"eltdf-section-title-holder  \" >\n\t<div class=\"eltdf-st-inner\">\n\t\t\t\t\t<h2 class=\"eltdf-st-title\" >\n\t\t\t\tCaff\u00e8 tostato ogni giorno\t\t\t<\/h2>\n\t\t\t\t\t<\/div>\n<\/div>[vc_column_text]La tostatura del caff\u00e8 non \u00e8 una semplice attivit\u00e0 artigianale, ma rasenta quasi l\u2019arte. Il mastro torrefattore deve possedere grande esperienza, una buona dose di intuizione e tanto talento. Questo perch\u00e9 deve tener conto di svariati elementi per ottenere il miglior risultato possibile.<\/p>\n<p>La nostra torrefazione di Zurigo si avvale esclusivamente di specialisti con un\u2019esperienza pluriennale, tutti accomunati da una grande passione. Sono i mastri torrefattori a preparare le miscele per ottenere i quattro profili di tostatura <a href=\"\/it\/caffe-unico\/#rosten\">Napoli, Milano, Venezia e Viennese<\/a>(link: alla tabella con informazioni sul profilo di tostatura). Noi di Illycaf\u00e9 effettuiamo la tostatura a mano, come vuole la tradizione.[\/vc_column_text][vc_empty_space height=&#8221;20px&#8221;][vc_single_image image=&#8221;23948&#8243; img_size=&#8221;full&#8221; alignment=&#8221;center&#8221;][\/vc_column][\/vc_row][vc_row row_content_width=&#8221;grid&#8221; css=&#8221;.vc_custom_1610374233915{padding-bottom: 40px !important;}&#8221;][vc_column offset=&#8221;vc_col-lg-6 vc_col-md-6&#8243;]<div class=\"eltdf-section-title-holder  \" >\n\t<div class=\"eltdf-st-inner\">\n\t\t\t\t\t<h2 class=\"eltdf-st-title\" >\n\t\t\t\tQuanto \u00e8 importante la tostatura?\t\t\t<\/h2>\n\t\t\t\t\t<\/div>\n<\/div>[vc_column_text]La miscela e la qualit\u00e0 dei chicchi verdi sono fondamentali per il prodotto finale. Ma \u00e8 con la tostatura che si sprigionano gli aromi custoditi dai chicchi. La tostatura dura dai 12 ai 15 minuti. I chicchi verdi, ancora insapori, vengono scaldati a 220 gradi tramite un sofisticato sistema trifase e successivamente raffreddati. Durante questo procedimento, i carboidrati e le proteine formano quei composti da cui derivano circa un migliaio di sostanze aromatiche volatili.[\/vc_column_text][vc_empty_space height=&#8221;20px&#8221;][vc_column_text]Illycaf\u00e9 dispone di impianti di torrefazione moderni e di prima scelta. Ma l\u2019esperienza e il fiuto dei mastri torrefattori sono altrettanto importanti. Perch\u00e9 sta a loro sorvegliare ogni fase del processo e decidere in pochi secondi quando si \u00e8 ottenuto l\u2019aroma desiderato. Solo i migliori mastri torrefattori possiedono il know-how necessario per sprigionare il massimo potenziale da ogni singolo chicco e raggiungere i diversi profili di tostatura in modo ottimale. I chicchi di caff\u00e8 tostati di colore marrone chiaro hanno un gusto piuttosto acidulo e fresco, mentre quelli scuri rivelano aromi piuttosto aspri, intensi e amari.[\/vc_column_text][vc_empty_space height=&#8221;20px&#8221;][\/vc_column][vc_column offset=&#8221;vc_col-lg-6 vc_col-md-6&#8243;]<div class=\"eltdf-section-title-holder  \" >\n\t<div class=\"eltdf-st-inner\">\n\t\t\t\t\t<h2 class=\"eltdf-st-title\" >\n\t\t\t\tCosa succede durante la tostatura?\t\t\t<\/h2>\n\t\t\t\t\t<\/div>\n<\/div>[vc_column_text]A livello visivo, durante il processo di tostatura si possono osservare due cambiamenti: i chicchi aumentano di volume e il loro colore passa dal verde al marrone. Inoltre, perdono tra il 10 e il 20 percento del loro peso grazie all\u2019evaporazione dell\u2019acqua. Complessivamente, la presenza di acqua cala dal 10 al 2%.[\/vc_column_text][vc_empty_space height=&#8221;20px&#8221;][vc_column_text]Al contempo, l\u2019incremento del volume fino all\u201980% sottopone la parte centrale dei chicchi a un\u2019elevata pressione, che li rende pi\u00f9 porosi e pi\u00f9 facili da macinare. Gli oli veicolano i sapori e per questo hanno un ruolo importante. Vengono rilasciati al termine della tostatura, rendendo i chicchi leggermente lucidi. Durante il processo, inoltre, si formano nuove sostanze che costituiscono all\u2019incirca il 30% del peso dei chicchi. Tra queste il caramello, l\u2019anidride carbonica e circa 1000 aromi, rilasciati a partire da una temperatura attorno ai 160 gradi centigradi. I mastri torrefattori esperti sanno come sprigionare al meglio le combinazioni di aromi durante l\u2019esposizione al calore. Aumentando il grado di tostatura si sviluppano maggiormente gli aromi aspri e amari, mentre gli acidi si riducono. Le tostature scure sono particolarmente adatte per l\u2019espresso e il ristretto.[\/vc_column_text][\/vc_column][\/vc_row][vc_row row_content_width=&#8221;grid&#8221; content_text_aligment=&#8221;center&#8221; css=&#8221;.vc_custom_1610374264839{padding-bottom: 40px !important;}&#8221;][vc_column offset=&#8221;vc_col-lg-offset-2 vc_col-lg-8&#8243;]<div class=\"eltdf-section-title-holder  \" >\n\t<div class=\"eltdf-st-inner\">\n\t\t\t\t\t<h4 class=\"eltdf-st-title\" >\n\t\t\t\tImpressioni dalla produzione\t\t\t<\/h4>\n\t\t\t\t\t<\/div>\n<\/div>[vc_gallery interval=&#8221;3&#8243; images=&#8221;21557,21554,21542&#8243; img_size=&#8221;full&#8221; onclick=&#8221;&#8221;][\/vc_column][\/vc_row][vc_row row_content_width=&#8221;grid&#8221; disable_background_image=&#8221;&#8221; simple_background_image=&#8221;21399&#8243; css=&#8221;.vc_custom_1599587349038{margin-top: 30px !important;padding-top: 30px !important;padding-bottom: 30px !important;background-image;background-position: center center;: url(https:\/\/illycafe.ch\/wp-content\/uploads\/revslider\/landing-bakcground-img-1.jpg?id=21399) !important;}&#8221; el_class=&#8221;call-action-box&#8221;][vc_column offset=&#8221;vc_col-lg-11 vc_col-md-12 vc_col-xs-12&#8243;]<div class=\"eltdf-call-to-action-holder  eltdf-normal-layout  eltdf-three-quarters-columns\">\n\t<div class=\"eltdf-cta-inner \">\n\t\t<div class=\"eltdf-cta-text-holder\">\n\t\t\t<div class=\"eltdf-cta-text\">\n<h5>Ordinate la nostra confezione da degustazione con 4 pacchetti da 250g dei migliori caff\u00e8 Illy e assaporate i diversi gradi di tostatura.<\/h5>\n<\/div>\n\t\t<\/div>\n\t\t<div class=\"eltdf-cta-button-holder\" >\n\t\t\t<div class=\"eltdf-cta-button\"><a itemprop=\"url\" href=\"\/it\/negozio\/box\/\" target=\"_self\" style=\"color: #ffffff;background-color: #be9c79\" class=\"eltdf-btn eltdf-btn-medium eltdf-btn-solid eltdf-btn-custom-hover-color eltdf-btn-dash\" data-hover-color=\"#ffffff\" >    <span class=\"eltdf-btn-text\">Trovate il caff\u00e8 perfetto per voi<\/span>\t<\/a><\/div>\n\t\t<\/div>\n\t<\/div>\n<\/div>[\/vc_column][\/vc_row]<\/p>\n<\/div>","protected":false},"excerpt":{"rendered":"<p>[vc_row row_content_width=&#8221;grid&#8221; content_text_aligment=&#8221;center&#8221; css=&#8221;.vc_custom_1610374226737{padding-bottom: 40px !important;}&#8221;][vc_column offset=&#8221;vc_col-lg-offset-2 vc_col-lg-8&#8243;][vc_single_image image=&#8221;21043&#8243; img_size=&#8221;full&#8221; alignment=&#8221;center&#8221;][vc_column_text]La tostatura del caff\u00e8 non \u00e8 una semplice attivit\u00e0 artigianale, ma rasenta quasi l\u2019arte. Il mastro torrefattore deve possedere grande esperienza, una buona dose di intuizione e tanto talento. Questo perch\u00e9 deve tener conto di svariati elementi per ottenere il miglior risultato possibile. La nostra torrefazione di Zurigo si avvale esclusivamente di specialisti con un\u2019esperienza pluriennale, tutti accomunati da una grande passione. [&hellip;]<\/p>\n","protected":false},"author":3165,"featured_media":0,"parent":0,"menu_order":32,"comment_status":"closed","ping_status":"closed","template":"full-width.php","meta":{"inline_featured_image":false,"footnotes":""},"class_list":["post-22140","page","type-page","status-publish","hentry"],"yoast_head":"<!-- This site is optimized with the Yoast SEO plugin v27.3 - https:\/\/yoast.com\/product\/yoast-seo-wordpress\/ -->\n<title>Tostatura - Illycaf\u00e9 | Premium Kaffee kaufen | Gastronomie, Firmen, Privat<\/title>\n<meta name=\"robots\" content=\"index, follow, max-snippet:-1, max-image-preview:large, max-video-preview:-1\" \/>\n<link rel=\"canonical\" href=\"https:\/\/illycafe.ch\/it\/arte-tostatura\/\" \/>\n<meta property=\"og:locale\" content=\"it_IT\" \/>\n<meta property=\"og:type\" content=\"article\" \/>\n<meta property=\"og:title\" content=\"Tostatura - Illycaf\u00e9 | Premium Kaffee kaufen | Gastronomie, Firmen, Privat\" \/>\n<meta property=\"og:description\" content=\"[vc_row row_content_width=&#8221;grid&#8221; content_text_aligment=&#8221;center&#8221; css=&#8221;.vc_custom_1610374226737{padding-bottom: 40px !important;}&#8221;][vc_column offset=&#8221;vc_col-lg-offset-2 vc_col-lg-8&#8243;][vc_single_image image=&#8221;21043&#8243; img_size=&#8221;full&#8221; alignment=&#8221;center&#8221;][vc_column_text]La tostatura del caff\u00e8 non \u00e8 una semplice attivit\u00e0 artigianale, ma rasenta quasi l\u2019arte. Il mastro torrefattore deve possedere grande esperienza, una buona dose di intuizione e tanto talento. Questo perch\u00e9 deve tener conto di svariati elementi per ottenere il miglior risultato possibile. La nostra torrefazione di Zurigo si avvale esclusivamente di specialisti con un\u2019esperienza pluriennale, tutti accomunati da una grande passione. [&hellip;]\" \/>\n<meta property=\"og:url\" content=\"https:\/\/illycafe.ch\/it\/arte-tostatura\/\" \/>\n<meta property=\"og:site_name\" content=\"Illycaf\u00e9 | Premium Kaffee kaufen | Gastronomie, Firmen, Privat\" \/>\n<meta property=\"article:modified_time\" content=\"2021-01-11T14:11:14+00:00\" \/>\n<meta name=\"twitter:card\" content=\"summary_large_image\" \/>\n<meta name=\"twitter:label1\" content=\"Tempo di lettura stimato\" \/>\n\t<meta name=\"twitter:data1\" content=\"4 minuti\" \/>\n<script type=\"application\/ld+json\" class=\"yoast-schema-graph\">{\"@context\":\"https:\\\/\\\/schema.org\",\"@graph\":[{\"@type\":\"WebPage\",\"@id\":\"https:\\\/\\\/illycafe.ch\\\/it\\\/arte-tostatura\\\/\",\"url\":\"https:\\\/\\\/illycafe.ch\\\/it\\\/arte-tostatura\\\/\",\"name\":\"Tostatura - Illycaf\u00e9 | Premium Kaffee kaufen | Gastronomie, Firmen, Privat\",\"isPartOf\":{\"@id\":\"https:\\\/\\\/illycafe.ch\\\/#website\"},\"datePublished\":\"2020-08-21T09:22:27+00:00\",\"dateModified\":\"2021-01-11T14:11:14+00:00\",\"breadcrumb\":{\"@id\":\"https:\\\/\\\/illycafe.ch\\\/it\\\/arte-tostatura\\\/#breadcrumb\"},\"inLanguage\":\"it-IT\",\"potentialAction\":[{\"@type\":\"ReadAction\",\"target\":[\"https:\\\/\\\/illycafe.ch\\\/it\\\/arte-tostatura\\\/\"]}]},{\"@type\":\"BreadcrumbList\",\"@id\":\"https:\\\/\\\/illycafe.ch\\\/it\\\/arte-tostatura\\\/#breadcrumb\",\"itemListElement\":[{\"@type\":\"ListItem\",\"position\":1,\"name\":\"Home\",\"item\":\"https:\\\/\\\/illycafe.ch\\\/it\\\/\"},{\"@type\":\"ListItem\",\"position\":2,\"name\":\"Tostatura\"}]},{\"@type\":\"WebSite\",\"@id\":\"https:\\\/\\\/illycafe.ch\\\/#website\",\"url\":\"https:\\\/\\\/illycafe.ch\\\/\",\"name\":\"Illycaf\u00e9 | Premium Kaffee kaufen | Gastronomie, Firmen, Privat\",\"description\":\"Italienische Kaffeekultur. Schweizer Qualit\u00e4t.\",\"potentialAction\":[{\"@type\":\"SearchAction\",\"target\":{\"@type\":\"EntryPoint\",\"urlTemplate\":\"https:\\\/\\\/illycafe.ch\\\/?s={search_term_string}\"},\"query-input\":{\"@type\":\"PropertyValueSpecification\",\"valueRequired\":true,\"valueName\":\"search_term_string\"}}],\"inLanguage\":\"it-IT\"}]}<\/script>\n<!-- \/ Yoast SEO plugin. -->","yoast_head_json":{"title":"Tostatura - Illycaf\u00e9 | Premium Kaffee kaufen | Gastronomie, Firmen, Privat","robots":{"index":"index","follow":"follow","max-snippet":"max-snippet:-1","max-image-preview":"max-image-preview:large","max-video-preview":"max-video-preview:-1"},"canonical":"https:\/\/illycafe.ch\/it\/arte-tostatura\/","og_locale":"it_IT","og_type":"article","og_title":"Tostatura - Illycaf\u00e9 | Premium Kaffee kaufen | Gastronomie, Firmen, Privat","og_description":"[vc_row row_content_width=&#8221;grid&#8221; content_text_aligment=&#8221;center&#8221; css=&#8221;.vc_custom_1610374226737{padding-bottom: 40px !important;}&#8221;][vc_column offset=&#8221;vc_col-lg-offset-2 vc_col-lg-8&#8243;][vc_single_image image=&#8221;21043&#8243; img_size=&#8221;full&#8221; alignment=&#8221;center&#8221;][vc_column_text]La tostatura del caff\u00e8 non \u00e8 una semplice attivit\u00e0 artigianale, ma rasenta quasi l\u2019arte. Il mastro torrefattore deve possedere grande esperienza, una buona dose di intuizione e tanto talento. Questo perch\u00e9 deve tener conto di svariati elementi per ottenere il miglior risultato possibile. La nostra torrefazione di Zurigo si avvale esclusivamente di specialisti con un\u2019esperienza pluriennale, tutti accomunati da una grande passione. [&hellip;]","og_url":"https:\/\/illycafe.ch\/it\/arte-tostatura\/","og_site_name":"Illycaf\u00e9 | Premium Kaffee kaufen | Gastronomie, Firmen, Privat","article_modified_time":"2021-01-11T14:11:14+00:00","twitter_card":"summary_large_image","twitter_misc":{"Tempo di lettura stimato":"4 minuti"},"schema":{"@context":"https:\/\/schema.org","@graph":[{"@type":"WebPage","@id":"https:\/\/illycafe.ch\/it\/arte-tostatura\/","url":"https:\/\/illycafe.ch\/it\/arte-tostatura\/","name":"Tostatura - Illycaf\u00e9 | Premium Kaffee kaufen | Gastronomie, Firmen, Privat","isPartOf":{"@id":"https:\/\/illycafe.ch\/#website"},"datePublished":"2020-08-21T09:22:27+00:00","dateModified":"2021-01-11T14:11:14+00:00","breadcrumb":{"@id":"https:\/\/illycafe.ch\/it\/arte-tostatura\/#breadcrumb"},"inLanguage":"it-IT","potentialAction":[{"@type":"ReadAction","target":["https:\/\/illycafe.ch\/it\/arte-tostatura\/"]}]},{"@type":"BreadcrumbList","@id":"https:\/\/illycafe.ch\/it\/arte-tostatura\/#breadcrumb","itemListElement":[{"@type":"ListItem","position":1,"name":"Home","item":"https:\/\/illycafe.ch\/it\/"},{"@type":"ListItem","position":2,"name":"Tostatura"}]},{"@type":"WebSite","@id":"https:\/\/illycafe.ch\/#website","url":"https:\/\/illycafe.ch\/","name":"Illycaf\u00e9 | Premium Kaffee kaufen | Gastronomie, Firmen, Privat","description":"Italienische Kaffeekultur. Schweizer Qualit\u00e4t.","potentialAction":[{"@type":"SearchAction","target":{"@type":"EntryPoint","urlTemplate":"https:\/\/illycafe.ch\/?s={search_term_string}"},"query-input":{"@type":"PropertyValueSpecification","valueRequired":true,"valueName":"search_term_string"}}],"inLanguage":"it-IT"}]}},"_links":{"self":[{"href":"https:\/\/illycafe.ch\/it\/wp-json\/wp\/v2\/pages\/22140","targetHints":{"allow":["GET"]}}],"collection":[{"href":"https:\/\/illycafe.ch\/it\/wp-json\/wp\/v2\/pages"}],"about":[{"href":"https:\/\/illycafe.ch\/it\/wp-json\/wp\/v2\/types\/page"}],"author":[{"embeddable":true,"href":"https:\/\/illycafe.ch\/it\/wp-json\/wp\/v2\/users\/3165"}],"replies":[{"embeddable":true,"href":"https:\/\/illycafe.ch\/it\/wp-json\/wp\/v2\/comments?post=22140"}],"version-history":[{"count":0,"href":"https:\/\/illycafe.ch\/it\/wp-json\/wp\/v2\/pages\/22140\/revisions"}],"wp:attachment":[{"href":"https:\/\/illycafe.ch\/it\/wp-json\/wp\/v2\/media?parent=22140"}],"curies":[{"name":"wp","href":"https:\/\/api.w.org\/{rel}","templated":true}]}}