{"id":23164,"date":"2020-08-24T18:57:18","date_gmt":"2020-08-24T16:57:18","guid":{"rendered":"https:\/\/illycafe.ch\/geschaeftskunden\/"},"modified":"2024-11-11T22:38:56","modified_gmt":"2024-11-11T21:38:56","slug":"clienti-commerciali-partner-caffe","status":"publish","type":"page","link":"https:\/\/illycafe.ch\/it\/clienti-commerciali-partner-caffe\/","title":{"rendered":"Clienti commerciali"},"content":{"rendered":"<div class=\"wpb-content-wrapper\"><p>[vc_row row_content_width=&#8221;grid&#8221; css=&#8221;.vc_custom_1610377030646{padding-bottom: 40px !important;}&#8221;][vc_column width=&#8221;2\/3&#8243;][vc_single_image image=&#8221;21043&#8243; img_size=&#8221;full&#8221; alignment=&#8221;center&#8221;]<div class=\"eltdf-section-title-holder  \" style=\"text-align: center\">\n\t<div class=\"eltdf-st-inner\">\n\t\t\t\t\t<h2 class=\"eltdf-st-title\" >\n\t\t\t\tIl partner competente per il caff\u00e8 per clienti commerciali\t\t\t<\/h2>\n\t\t\t\t\t<\/div>\n<\/div>[vc_column_text]Con grande successo, Illycaf\u00e9 rifornisce societ\u00e0 di piccole e medie dimensioni come ad esempio PMI, aziende, attivit\u00e0 commerciali, cliniche private, ospedali e case di riposo. La selezione di <a href=\"#bonsol\">caff\u00e8 BonSol<\/a> \u00e8 pensata appositamente per i nostri clienti commerciali.[\/vc_column_text][vc_empty_space height=&#8221;20px&#8221;][vc_column_text]<strong>I vostri servizi Illycaf\u00e9:<\/strong><\/p>\n<ul>\n<li>Procedura di ordine semplice per telefono o online<\/li>\n<li>Fornitura rapida e diretta in 24 ore<\/li>\n<li>Consulenza per la scelta della macchina da caff\u00e8 pi\u00f9 idonea<\/li>\n<li>Corretta regolazione della macchina da caff\u00e8<\/li>\n<li>Regolari controlli della qualit\u00e0 del caff\u00e8 in loco<\/li>\n<li>Elaborazione di iniziative di marketing adeguate<\/li>\n<li>Referente diretto<\/li>\n<\/ul>\n<p>[\/vc_column_text][vc_empty_space height=&#8221;20px&#8221;][vc_column_text]Offrite ai vostri dipendenti, clienti e partner il meglio della cultura del caff\u00e8. I feedback positivi vi convinceranno.<\/p>\n<p>Contattateci per una consulenza personalizzata.[\/vc_column_text][\/vc_column][vc_column width=&#8221;1\/3&#8243;][vc_column_text]<\/p>\n<h4 class=\"p1\" style=\"text-align: center;\">Le vostre persone di contatto:<\/h4>\n<p>[\/vc_column_text][vc_empty_space height=&#8221;20px&#8221;]<div class=\"eltdf-team-holder eltdf-team-info-below-image\">\n\t<div class=\"eltdf-team-inner\">\n\t\t\t\t\t<div class=\"eltdf-team-image\">\n                <img loading=\"lazy\" decoding=\"async\" width=\"230\" height=\"320\" src=\"https:\/\/illycafe.ch\/wp-content\/uploads\/Team-Rosa-Versamento-401.jpg\" class=\"attachment-full size-full\" alt=\"\" srcset=\"https:\/\/illycafe.ch\/wp-content\/uploads\/Team-Rosa-Versamento-401.jpg 230w, https:\/\/illycafe.ch\/wp-content\/uploads\/Team-Rosa-Versamento-401-216x300.jpg 216w\" sizes=\"auto, (max-width: 230px) 100vw, 230px\" \/>\t\t\t<\/div>\n\t\t\t\t<div class=\"eltdf-team-info\">\n\t\t\t\t\t\t\t<h5 class=\"eltdf-team-name\" >Rosa Versamento<\/h5>\n\t\t\t\t\t\t\t\t\t\t<span class=\"eltdf-team-position\" >Assistente del direttore vendite<\/span>\n\t\t\t\t\t\t\t\t\t\t<p class=\"eltdf-team-text\" >rosaversamento@illycafe.ch<\/p>\n\t\t\t\t\t\t\t\t<\/div>\n\t<\/div>\n<\/div>[vc_empty_space height=&#8221;20px&#8221;][\/vc_column][\/vc_row][vc_row row_content_width=&#8221;grid&#8221; content_text_aligment=&#8221;center&#8221; css=&#8221;.vc_custom_1610377053613{padding-bottom: 40px !important;}&#8221; el_id=&#8221;bonsol&#8221;][vc_column offset=&#8221;vc_col-lg-offset-2 vc_col-lg-8&#8243;]<div class=\"eltdf-section-title-holder  \" style=\"text-align: left\">\n\t<div class=\"eltdf-st-inner\">\n\t\t\t\t\t<h2 class=\"eltdf-st-title\" >\n\t\t\t\tGodersi il piacere di un BonSol\t\t\t<\/h2>\n\t\t\t\t\t<\/div>\n<\/div>[vc_column_text]BonSol: l\u2019equilibrata e aromatica miscela di caff\u00e8 dal piacevole gusto speziato. In esclusiva per le aziende che ci tengono a deliziare il palato dei loro dipendenti e ospiti con un caff\u00e8 sublime.<\/p>\n<p>La nostra speciale offerta della miscela BonSol \u00e8 destinata solo e unicamente ai clienti aziendali.[\/vc_column_text][vc_single_image image=&#8221;25607&#8243; img_size=&#8221;400&#215;500&#8243; alignment=&#8221;center&#8221;][vc_empty_space height=&#8221;20px&#8221;][vc_column_text]<\/p>\n<table class=\"t1\" cellspacing=\"0\" cellpadding=\"0\">\n<tbody>\n<tr>\n<td class=\"td1\" valign=\"top\">\n<p class=\"p2\"><span class=\"Apple-converted-space\">Provenienza <\/span><\/p>\n<\/td>\n<td class=\"td2\" valign=\"top\">\n<p class=\"p3\">America centrale e meridionale, Africa orientale e Indonesia<\/p>\n<\/td>\n<\/tr>\n<tr>\n<td class=\"td3\" valign=\"top\">\n<p class=\"p3\">Composizione<\/p>\n<\/td>\n<td class=\"td4\" valign=\"top\">\n<p class=\"p3\">70% Arabica \u2013 30% Robusta di Java<\/p>\n<\/td>\n<\/tr>\n<tr>\n<td class=\"td1\" valign=\"top\">\n<p class=\"p3\">Profili di tostatura<\/p>\n<\/td>\n<td class=\"td2\" valign=\"top\">\n<p class=\"p3\"><img loading=\"lazy\" decoding=\"async\" class=\"alignnone size-full wp-image-22431\" src=\"https:\/\/illycafe.ch\/wp-content\/uploads\/beans-ico.png\" alt=\"\" width=\"24\" height=\"24\" \/><img loading=\"lazy\" decoding=\"async\" class=\"alignnone size-full wp-image-22431\" src=\"https:\/\/illycafe.ch\/wp-content\/uploads\/beans-ico.png\" alt=\"\" width=\"24\" height=\"24\" \/>Venezia <span class=\"Apple-converted-space\">\u00a0 <\/span>\u2013<span class=\"Apple-converted-space\">\u00a0 \u00a0 <img loading=\"lazy\" decoding=\"async\" class=\"alignnone size-full wp-image-22431\" src=\"https:\/\/illycafe.ch\/wp-content\/uploads\/beans-ico.png\" alt=\"\" width=\"24\" height=\"24\" \/><img loading=\"lazy\" decoding=\"async\" class=\"alignnone size-full wp-image-22431\" src=\"https:\/\/illycafe.ch\/wp-content\/uploads\/beans-ico.png\" alt=\"\" width=\"24\" height=\"24\" \/><img loading=\"lazy\" decoding=\"async\" class=\"alignnone size-full wp-image-22431\" src=\"https:\/\/illycafe.ch\/wp-content\/uploads\/beans-ico.png\" alt=\"\" width=\"24\" height=\"24\" \/><\/span>Milano <span class=\"Apple-converted-space\">\u00a0 <\/span>\u2013<span class=\"Apple-converted-space\">\u00a0 \u00a0 <img loading=\"lazy\" decoding=\"async\" class=\"alignnone size-full wp-image-22431\" src=\"https:\/\/illycafe.ch\/wp-content\/uploads\/beans-ico.png\" alt=\"\" width=\"24\" height=\"24\" \/><img loading=\"lazy\" decoding=\"async\" class=\"alignnone size-full wp-image-22431\" src=\"https:\/\/illycafe.ch\/wp-content\/uploads\/beans-ico.png\" alt=\"\" width=\"24\" height=\"24\" \/><img loading=\"lazy\" decoding=\"async\" class=\"alignnone size-full wp-image-22431\" src=\"https:\/\/illycafe.ch\/wp-content\/uploads\/beans-ico.png\" alt=\"\" width=\"24\" height=\"24\" \/><img loading=\"lazy\" decoding=\"async\" class=\"alignnone size-full wp-image-22431\" src=\"https:\/\/illycafe.ch\/wp-content\/uploads\/beans-ico.png\" alt=\"\" width=\"24\" height=\"24\" \/><\/span>Napoli<\/p>\n<\/td>\n<\/tr>\n<tr>\n<td class=\"td5\" valign=\"top\">\n<p class=\"p3\">Caratteristiche<\/p>\n<\/td>\n<td class=\"td6\" valign=\"top\">\n<p class=\"p3\">Le note caratteristiche, particolarmente ben equilibrate, permettono di ottenere un caff\u00e8 ricco, caratterizzato da una piacevole e delicata acidit\u00e0 e da una crema vellutata.<\/p>\n<\/td>\n<\/tr>\n<tr>\n<td class=\"td1\" valign=\"top\">\n<p class=\"p3\">Unit\u00e0<\/p>\n<\/td>\n<td class=\"td2\" valign=\"top\">\n<p class=\"p3\">Sacco da 1 kg in grani<\/p>\n<\/td>\n<\/tr>\n<\/tbody>\n<\/table>\n<p>[\/vc_column_text][vc_empty_space height=&#8221;20px&#8221;]<div class=\"eltdf-section-title-holder  \" style=\"text-align: left\">\n\t<div class=\"eltdf-st-inner\">\n\t\t\t\t\t<h4 class=\"eltdf-st-title\" >\n\t\t\t\tProfili di tostatura del caff\u00e8\t\t\t<\/h4>\n\t\t\t\t\t<\/div>\n<\/div>[vc_column_text]<\/p>\n<p class=\"p3\"><span class=\"Apple-converted-space\">\u00a0 <img loading=\"lazy\" decoding=\"async\" class=\"alignnone size-full wp-image-22431\" src=\"https:\/\/illycafe.ch\/wp-content\/uploads\/beans-ico.png\" alt=\"\" width=\"24\" height=\"24\" \/><img loading=\"lazy\" decoding=\"async\" class=\"alignnone size-full wp-image-22431 \" src=\"https:\/\/illycafe.ch\/wp-content\/uploads\/beans-ico.png\" alt=\"\" width=\"24\" height=\"24\" \/> <strong>Venezia<\/strong>\u00a0\u00a0 tostatura media per un caf\u00e9 cr\u00e8me \/ espresso classico<\/span><\/p>\n<p class=\"p3\"><span class=\"Apple-converted-space\">\u00a0\u00a0<img loading=\"lazy\" decoding=\"async\" class=\"alignnone size-full wp-image-22431\" src=\"https:\/\/illycafe.ch\/wp-content\/uploads\/beans-ico.png\" alt=\"\" width=\"24\" height=\"24\" \/><img loading=\"lazy\" decoding=\"async\" class=\"alignnone size-full wp-image-22431\" src=\"https:\/\/illycafe.ch\/wp-content\/uploads\/beans-ico.png\" alt=\"\" width=\"24\" height=\"24\" \/><img loading=\"lazy\" decoding=\"async\" class=\"alignnone size-full wp-image-22431\" src=\"https:\/\/illycafe.ch\/wp-content\/uploads\/beans-ico.png\" alt=\"\" width=\"24\" height=\"24\" \/>\u00a0 <strong>Milano<\/strong>\u00a0\u00a0\u00a0 tostatura scura per un caf\u00e9 cr\u00e8me \/ espresso corposo<\/span><\/p>\n<p class=\"p3\"><span class=\"Apple-converted-space\">\u00a0 <img loading=\"lazy\" decoding=\"async\" class=\"alignnone size-full wp-image-22431\" src=\"https:\/\/illycafe.ch\/wp-content\/uploads\/beans-ico.png\" alt=\"\" width=\"24\" height=\"24\" \/><img loading=\"lazy\" decoding=\"async\" class=\"alignnone size-full wp-image-22431\" src=\"https:\/\/illycafe.ch\/wp-content\/uploads\/beans-ico.png\" alt=\"\" width=\"24\" height=\"24\" \/><img loading=\"lazy\" decoding=\"async\" class=\"alignnone size-full wp-image-22431\" src=\"https:\/\/illycafe.ch\/wp-content\/uploads\/beans-ico.png\" alt=\"\" width=\"24\" height=\"24\" \/><img loading=\"lazy\" decoding=\"async\" class=\"alignnone size-full wp-image-22431\" src=\"https:\/\/illycafe.ch\/wp-content\/uploads\/beans-ico.png\" alt=\"\" width=\"24\" height=\"24\" \/> <strong>Napoli<\/strong>\u00a0\u00a0\u00a0\u00a0 tostatura extra scura per un espresso \/ ristretto perfetto<\/span><\/p>\n<p>[\/vc_column_text][\/vc_column][\/vc_row][vc_row disable_background_image=&#8221;&#8221; css=&#8221;.vc_custom_1610377061289{padding-top: 40px !important;padding-bottom: 40px !important;}&#8221; simple_background_image=&#8221;26216&#8243;][vc_column][vc_row_inner row_content_width=&#8221;grid&#8221;][vc_column_inner offset=&#8221;vc_col-lg-offset-2 vc_col-lg-8&#8243;]<div class=\"eltdf-section-title-holder  \" style=\"text-align: center\">\n\t<div class=\"eltdf-st-inner\">\n\t\t\t\t\t<h2 class=\"eltdf-st-title\" style=\"color: #ffffff\">\n\t\t\t\tCosa dicono i clienti commerciali\t\t\t<\/h2>\n\t\t\t\t\t<\/div>\n<\/div><div class=\"eltdf-separator-holder clearfix  eltdf-separator-center \" style=\"margin-top: 13px;margin-bottom: 46px\">\n\t\t<div class=\"eltdf-separator\" ><\/div>\n\t\t\t<span class=\"eltdf-separator-icon\" >\n\t\t\t\t\t<\/span>\n\t\t\t\t\t<div class=\"eltdf-separator\" ><\/div>\n\t\t\t<\/div>\n<div class=\"eltdf-testimonials-holder eltdf-testimonials-standard eltdf-testimonials-light clearfix\"><div class=\"eltdf-testimonials eltdf-owl-slider\" data-number-of-items=\"1\" data-enable-loop=\"yes\" data-enable-autoplay=\"yes\" data-slider-speed=\"5000\" data-slider-speed-animation=\"600\" data-enable-navigation=\"no\" data-enable-pagination=\"yes\"><div class=\"eltdf-testimonial-content\" id=\"eltdf-testimonials-23295\">\n\t<div class=\"eltdf-testimonial-text-holder\">\n\t\t\t\t\t\t\t<p class=\"eltdf-testimonial-text\">Personale cordiale e competente. Caff\u00e8 squisiti.<\/p>\n\t\t\t\t\t<\/div>\n\t<\/div><div class=\"eltdf-testimonial-content\" id=\"eltdf-testimonials-23297\">\n\t<div class=\"eltdf-testimonial-text-holder\">\n\t\t\t\t\t\t\t<p class=\"eltdf-testimonial-text\">Un\u2019esperienza formidabile del caff\u00e8 con prodotti davvero ingegnosi.  Il personale \u00e8 molto cordiale e molto servizievole. Davvero raccomandabile a tutti quelli che cercano il piacere e la gioia per il palato.<\/p>\n\t\t\t\t\t<\/div>\n\t<\/div><div class=\"eltdf-testimonial-content\" id=\"eltdf-testimonials-23299\">\n\t<div class=\"eltdf-testimonial-text-holder\">\n\t\t\t\t\t\t\t<p class=\"eltdf-testimonial-text\">Top Coffee<\/p>\n\t\t\t\t\t<\/div>\n\t<\/div><div class=\"eltdf-testimonial-content\" id=\"eltdf-testimonials-23293\">\n\t<div class=\"eltdf-testimonial-text-holder\">\n\t\t\t\t\t\t\t<p class=\"eltdf-testimonial-text\">Just Illy<\/p>\n\t\t\t\t\t<\/div>\n\t<\/div><\/div><\/div>[\/vc_column_inner][\/vc_row_inner][\/vc_column][\/vc_row][vc_row row_content_width=&#8221;grid&#8221; disable_background_image=&#8221;&#8221; simple_background_image=&#8221;21399&#8243; css=&#8221;.vc_custom_1721375315844{padding-top: 30px !important;padding-bottom: 30px !important;background-image;background-position: center center;: url(https:\/\/illycafe.ch\/wp-content\/uploads\/revslider\/landing-bakcground-img-1.jpg?id=21399) !important;}&#8221; el_class=&#8221;call-action-box&#8221; el_id=&#8221;tel-none&#8221;][vc_column offset=&#8221;vc_col-lg-11 vc_col-md-12 vc_col-xs-12&#8243;]<div class=\"eltdf-call-to-action-holder  eltdf-normal-layout  eltdf-three-quarters-columns\">\n\t<div class=\"eltdf-cta-inner \">\n\t\t<div class=\"eltdf-cta-text-holder\">\n\t\t\t<div class=\"eltdf-cta-text\">\n<h5 style=\"text-align: left;\">Saremo lieti di ricevere i vostri ordini telefonicamente.<\/h5>\n<\/div>\n\t\t<\/div>\n\t\t<div class=\"eltdf-cta-button-holder\" >\n\t\t\t<div class=\"eltdf-cta-button\"><a itemprop=\"url\" href=\"\/it\/contatto\/\" target=\"_self\" style=\"color: #ffffff;background-color: #be9c79\" class=\"eltdf-btn eltdf-btn-medium eltdf-btn-solid eltdf-btn-custom-hover-color eltdf-btn-dash\" data-hover-color=\"#ffffff\" >    <span class=\"eltdf-btn-text\">Contatto<\/span>\t<\/a><\/div>\n\t\t<\/div>\n\t<\/div>\n<\/div>[\/vc_column][\/vc_row]<\/p>\n<\/div>","protected":false},"excerpt":{"rendered":"<p>[vc_row row_content_width=&#8221;grid&#8221; css=&#8221;.vc_custom_1610377030646{padding-bottom: 40px !important;}&#8221;][vc_column width=&#8221;2\/3&#8243;][vc_single_image image=&#8221;21043&#8243; img_size=&#8221;full&#8221; alignment=&#8221;center&#8221;][vc_column_text]Con grande successo, Illycaf\u00e9 rifornisce societ\u00e0 di piccole e medie dimensioni come ad esempio PMI, aziende, attivit\u00e0 commerciali, cliniche private, ospedali e case di riposo. La selezione di caff\u00e8 BonSol \u00e8 pensata appositamente per i nostri clienti commerciali.[\/vc_column_text][vc_empty_space height=&#8221;20px&#8221;][vc_column_text]I vostri servizi Illycaf\u00e9: Procedura di ordine semplice per telefono o online Fornitura rapida e diretta in 24 ore Consulenza per la scelta della macchina da [&hellip;]<\/p>\n","protected":false},"author":3165,"featured_media":0,"parent":0,"menu_order":20,"comment_status":"closed","ping_status":"closed","template":"full-width.php","meta":{"inline_featured_image":false,"footnotes":""},"class_list":["post-23164","page","type-page","status-publish","hentry"],"yoast_head":"<!-- This site is optimized with the Yoast SEO plugin v27.3 - https:\/\/yoast.com\/product\/yoast-seo-wordpress\/ -->\n<title>Clienti commerciali - Illycaf\u00e9 | Premium Kaffee kaufen | Gastronomie, Firmen, Privat<\/title>\n<meta name=\"robots\" content=\"index, follow, max-snippet:-1, max-image-preview:large, max-video-preview:-1\" \/>\n<link rel=\"canonical\" href=\"https:\/\/illycafe.ch\/it\/clienti-commerciali-partner-caffe\/\" \/>\n<meta property=\"og:locale\" content=\"it_IT\" \/>\n<meta property=\"og:type\" content=\"article\" \/>\n<meta property=\"og:title\" content=\"Clienti commerciali - Illycaf\u00e9 | Premium Kaffee kaufen | Gastronomie, Firmen, Privat\" \/>\n<meta property=\"og:description\" content=\"[vc_row row_content_width=&#8221;grid&#8221; css=&#8221;.vc_custom_1610377030646{padding-bottom: 40px !important;}&#8221;][vc_column width=&#8221;2\/3&#8243;][vc_single_image image=&#8221;21043&#8243; img_size=&#8221;full&#8221; alignment=&#8221;center&#8221;][vc_column_text]Con grande successo, Illycaf\u00e9 rifornisce societ\u00e0 di piccole e medie dimensioni come ad esempio PMI, aziende, attivit\u00e0 commerciali, cliniche private, ospedali e case di riposo. La selezione di caff\u00e8 BonSol \u00e8 pensata appositamente per i nostri clienti commerciali.[\/vc_column_text][vc_empty_space height=&#8221;20px&#8221;][vc_column_text]I vostri servizi Illycaf\u00e9: Procedura di ordine semplice per telefono o online Fornitura rapida e diretta in 24 ore Consulenza per la scelta della macchina da [&hellip;]\" \/>\n<meta property=\"og:url\" content=\"https:\/\/illycafe.ch\/it\/clienti-commerciali-partner-caffe\/\" \/>\n<meta property=\"og:site_name\" content=\"Illycaf\u00e9 | Premium Kaffee kaufen | Gastronomie, Firmen, Privat\" \/>\n<meta property=\"article:modified_time\" content=\"2024-11-11T21:38:56+00:00\" \/>\n<meta property=\"og:image\" content=\"https:\/\/illycafe.ch\/wp-content\/uploads\/beans-ico.png\" \/>\n<meta name=\"twitter:card\" content=\"summary_large_image\" \/>\n<meta name=\"twitter:label1\" content=\"Tempo di lettura stimato\" \/>\n\t<meta name=\"twitter:data1\" content=\"6 minuti\" \/>\n<script type=\"application\/ld+json\" class=\"yoast-schema-graph\">{\"@context\":\"https:\\\/\\\/schema.org\",\"@graph\":[{\"@type\":\"WebPage\",\"@id\":\"https:\\\/\\\/illycafe.ch\\\/it\\\/clienti-commerciali-partner-caffe\\\/\",\"url\":\"https:\\\/\\\/illycafe.ch\\\/it\\\/clienti-commerciali-partner-caffe\\\/\",\"name\":\"Clienti commerciali - Illycaf\u00e9 | Premium Kaffee kaufen | Gastronomie, Firmen, Privat\",\"isPartOf\":{\"@id\":\"https:\\\/\\\/illycafe.ch\\\/#website\"},\"primaryImageOfPage\":{\"@id\":\"https:\\\/\\\/illycafe.ch\\\/it\\\/clienti-commerciali-partner-caffe\\\/#primaryimage\"},\"image\":{\"@id\":\"https:\\\/\\\/illycafe.ch\\\/it\\\/clienti-commerciali-partner-caffe\\\/#primaryimage\"},\"thumbnailUrl\":\"https:\\\/\\\/illycafe.ch\\\/wp-content\\\/uploads\\\/beans-ico.png\",\"datePublished\":\"2020-08-24T16:57:18+00:00\",\"dateModified\":\"2024-11-11T21:38:56+00:00\",\"breadcrumb\":{\"@id\":\"https:\\\/\\\/illycafe.ch\\\/it\\\/clienti-commerciali-partner-caffe\\\/#breadcrumb\"},\"inLanguage\":\"it-IT\",\"potentialAction\":[{\"@type\":\"ReadAction\",\"target\":[\"https:\\\/\\\/illycafe.ch\\\/it\\\/clienti-commerciali-partner-caffe\\\/\"]}]},{\"@type\":\"ImageObject\",\"inLanguage\":\"it-IT\",\"@id\":\"https:\\\/\\\/illycafe.ch\\\/it\\\/clienti-commerciali-partner-caffe\\\/#primaryimage\",\"url\":\"https:\\\/\\\/illycafe.ch\\\/wp-content\\\/uploads\\\/beans-ico.png\",\"contentUrl\":\"https:\\\/\\\/illycafe.ch\\\/wp-content\\\/uploads\\\/beans-ico.png\"},{\"@type\":\"BreadcrumbList\",\"@id\":\"https:\\\/\\\/illycafe.ch\\\/it\\\/clienti-commerciali-partner-caffe\\\/#breadcrumb\",\"itemListElement\":[{\"@type\":\"ListItem\",\"position\":1,\"name\":\"Home\",\"item\":\"https:\\\/\\\/illycafe.ch\\\/it\\\/\"},{\"@type\":\"ListItem\",\"position\":2,\"name\":\"Clienti commerciali\"}]},{\"@type\":\"WebSite\",\"@id\":\"https:\\\/\\\/illycafe.ch\\\/#website\",\"url\":\"https:\\\/\\\/illycafe.ch\\\/\",\"name\":\"Illycaf\u00e9 | Premium Kaffee kaufen | Gastronomie, Firmen, Privat\",\"description\":\"Italienische Kaffeekultur. Schweizer Qualit\u00e4t.\",\"potentialAction\":[{\"@type\":\"SearchAction\",\"target\":{\"@type\":\"EntryPoint\",\"urlTemplate\":\"https:\\\/\\\/illycafe.ch\\\/?s={search_term_string}\"},\"query-input\":{\"@type\":\"PropertyValueSpecification\",\"valueRequired\":true,\"valueName\":\"search_term_string\"}}],\"inLanguage\":\"it-IT\"}]}<\/script>\n<!-- \/ Yoast SEO plugin. -->","yoast_head_json":{"title":"Clienti commerciali - Illycaf\u00e9 | Premium Kaffee kaufen | Gastronomie, Firmen, Privat","robots":{"index":"index","follow":"follow","max-snippet":"max-snippet:-1","max-image-preview":"max-image-preview:large","max-video-preview":"max-video-preview:-1"},"canonical":"https:\/\/illycafe.ch\/it\/clienti-commerciali-partner-caffe\/","og_locale":"it_IT","og_type":"article","og_title":"Clienti commerciali - Illycaf\u00e9 | Premium Kaffee kaufen | Gastronomie, Firmen, Privat","og_description":"[vc_row row_content_width=&#8221;grid&#8221; css=&#8221;.vc_custom_1610377030646{padding-bottom: 40px !important;}&#8221;][vc_column width=&#8221;2\/3&#8243;][vc_single_image image=&#8221;21043&#8243; img_size=&#8221;full&#8221; alignment=&#8221;center&#8221;][vc_column_text]Con grande successo, Illycaf\u00e9 rifornisce societ\u00e0 di piccole e medie dimensioni come ad esempio PMI, aziende, attivit\u00e0 commerciali, cliniche private, ospedali e case di riposo. La selezione di caff\u00e8 BonSol \u00e8 pensata appositamente per i nostri clienti commerciali.[\/vc_column_text][vc_empty_space height=&#8221;20px&#8221;][vc_column_text]I vostri servizi Illycaf\u00e9: Procedura di ordine semplice per telefono o online Fornitura rapida e diretta in 24 ore Consulenza per la scelta della macchina da [&hellip;]","og_url":"https:\/\/illycafe.ch\/it\/clienti-commerciali-partner-caffe\/","og_site_name":"Illycaf\u00e9 | Premium Kaffee kaufen | Gastronomie, Firmen, Privat","article_modified_time":"2024-11-11T21:38:56+00:00","og_image":[{"url":"https:\/\/illycafe.ch\/wp-content\/uploads\/beans-ico.png","type":"","width":"","height":""}],"twitter_card":"summary_large_image","twitter_misc":{"Tempo di lettura stimato":"6 minuti"},"schema":{"@context":"https:\/\/schema.org","@graph":[{"@type":"WebPage","@id":"https:\/\/illycafe.ch\/it\/clienti-commerciali-partner-caffe\/","url":"https:\/\/illycafe.ch\/it\/clienti-commerciali-partner-caffe\/","name":"Clienti commerciali - Illycaf\u00e9 | Premium Kaffee kaufen | Gastronomie, Firmen, Privat","isPartOf":{"@id":"https:\/\/illycafe.ch\/#website"},"primaryImageOfPage":{"@id":"https:\/\/illycafe.ch\/it\/clienti-commerciali-partner-caffe\/#primaryimage"},"image":{"@id":"https:\/\/illycafe.ch\/it\/clienti-commerciali-partner-caffe\/#primaryimage"},"thumbnailUrl":"https:\/\/illycafe.ch\/wp-content\/uploads\/beans-ico.png","datePublished":"2020-08-24T16:57:18+00:00","dateModified":"2024-11-11T21:38:56+00:00","breadcrumb":{"@id":"https:\/\/illycafe.ch\/it\/clienti-commerciali-partner-caffe\/#breadcrumb"},"inLanguage":"it-IT","potentialAction":[{"@type":"ReadAction","target":["https:\/\/illycafe.ch\/it\/clienti-commerciali-partner-caffe\/"]}]},{"@type":"ImageObject","inLanguage":"it-IT","@id":"https:\/\/illycafe.ch\/it\/clienti-commerciali-partner-caffe\/#primaryimage","url":"https:\/\/illycafe.ch\/wp-content\/uploads\/beans-ico.png","contentUrl":"https:\/\/illycafe.ch\/wp-content\/uploads\/beans-ico.png"},{"@type":"BreadcrumbList","@id":"https:\/\/illycafe.ch\/it\/clienti-commerciali-partner-caffe\/#breadcrumb","itemListElement":[{"@type":"ListItem","position":1,"name":"Home","item":"https:\/\/illycafe.ch\/it\/"},{"@type":"ListItem","position":2,"name":"Clienti commerciali"}]},{"@type":"WebSite","@id":"https:\/\/illycafe.ch\/#website","url":"https:\/\/illycafe.ch\/","name":"Illycaf\u00e9 | Premium Kaffee kaufen | Gastronomie, Firmen, Privat","description":"Italienische Kaffeekultur. Schweizer Qualit\u00e4t.","potentialAction":[{"@type":"SearchAction","target":{"@type":"EntryPoint","urlTemplate":"https:\/\/illycafe.ch\/?s={search_term_string}"},"query-input":{"@type":"PropertyValueSpecification","valueRequired":true,"valueName":"search_term_string"}}],"inLanguage":"it-IT"}]}},"_links":{"self":[{"href":"https:\/\/illycafe.ch\/it\/wp-json\/wp\/v2\/pages\/23164","targetHints":{"allow":["GET"]}}],"collection":[{"href":"https:\/\/illycafe.ch\/it\/wp-json\/wp\/v2\/pages"}],"about":[{"href":"https:\/\/illycafe.ch\/it\/wp-json\/wp\/v2\/types\/page"}],"author":[{"embeddable":true,"href":"https:\/\/illycafe.ch\/it\/wp-json\/wp\/v2\/users\/3165"}],"replies":[{"embeddable":true,"href":"https:\/\/illycafe.ch\/it\/wp-json\/wp\/v2\/comments?post=23164"}],"version-history":[{"count":0,"href":"https:\/\/illycafe.ch\/it\/wp-json\/wp\/v2\/pages\/23164\/revisions"}],"wp:attachment":[{"href":"https:\/\/illycafe.ch\/it\/wp-json\/wp\/v2\/media?parent=23164"}],"curies":[{"name":"wp","href":"https:\/\/api.w.org\/{rel}","templated":true}]}}