{"id":23166,"date":"2018-02-06T13:53:58","date_gmt":"2018-02-06T12:53:58","guid":{"rendered":"https:\/\/illycafe.ch\/gastronomie\/"},"modified":"2024-11-11T22:44:37","modified_gmt":"2024-11-11T21:44:37","slug":"competenza-ristorazione","status":"publish","type":"page","link":"https:\/\/illycafe.ch\/it\/contatto\/competenza-ristorazione\/","title":{"rendered":"Gastronomia"},"content":{"rendered":"<div class=\"wpb-content-wrapper\"><p>[vc_row row_content_width=&#8221;grid&#8221; css=&#8221;.vc_custom_1610377184622{padding-bottom: 40px !important;}&#8221;][vc_column width=&#8221;2\/3&#8243;][vc_single_image image=&#8221;21043&#8243; img_size=&#8221;full&#8221; alignment=&#8221;center&#8221;]<div class=\"eltdf-section-title-holder  \" style=\"text-align: left\">\n\t<div class=\"eltdf-st-inner\">\n\t\t\t\t\t<h2 class=\"eltdf-st-title\" >\n\t\t\t\tPartner n. 1 nella vendita di caff\u00e8 per la gastronomia\t\t\t<\/h2>\n\t\t\t\t\t<\/div>\n<\/div>[vc_column_text]La fornitura e l\u2019assistenza ai ristoratori rientrano tra le competenze chiave di Illycaf\u00e9. Tutto l\u2019impegno che mettiamo a servizio della qualit\u00e0 \u00e8 volto a soddisfare al meglio le esigenze della gastronomia svizzera. Insieme all\u2019obiettivo di coltivare e promuovere la cultura del caff\u00e8.<\/p>\n<p>Deliziate i vostri ospiti con un sublime caff\u00e8 svizzero. Oltre alla fornitura di prodotti di eccellenza provenienti dall\u2019assortimento Illycaf\u00e9, vi offriamo anche uno speciale servizio di assistenza in loco. Dalla scelta della macchina da caff\u00e8 ai periodici controlli di qualit\u00e0, fino al supporto mediante efficaci iniziative di marketing. I nostri addetti al servizio esterno sono a vostra completa disposizione![\/vc_column_text][vc_empty_space height=&#8221;20px&#8221;][vc_column_text]<strong>I vostri servizi Illycaf\u00e9:<\/strong><\/p>\n<ul>\n<li>Procedura di ordine semplice per telefono o online<\/li>\n<li>Fornitura rapida e diretta in 24 ore<\/li>\n<li>Consulenza per la scelta della macchina da caff\u00e8 pi\u00f9 idonea<\/li>\n<li>Corretta regolazione della macchina da caff\u00e8<\/li>\n<li>Regolari controlli della qualit\u00e0 del caff\u00e8 in loco<\/li>\n<li>Elaborazione di iniziative di marketing adeguate<\/li>\n<li>Referente diretto<\/li>\n<li>Corsi e formazioni<\/li>\n<\/ul>\n<p>[\/vc_column_text][vc_empty_space height=&#8221;20px&#8221;][vc_column_text]Illycaf\u00e9 garantisce a voi e ai vostri ospiti un\u2019esperienza indimenticabile all\u2019insegna del gusto. Approfittate anche voi della nostra consolidata esperienza e del nostro speciale assortimento di caff\u00e8 da intenditori.[\/vc_column_text][\/vc_column][vc_column width=&#8221;1\/3&#8243;][vc_column_text]<\/p>\n<h4 class=\"p1\" style=\"text-align: center;\">Le vostre persone di contatto:<\/h4>\n<p>[\/vc_column_text][vc_empty_space height=&#8221;20px&#8221;]<div class=\"eltdf-team-holder eltdf-team-info-below-image\">\n\t<div class=\"eltdf-team-inner\">\n\t\t\t\t\t<div class=\"eltdf-team-image\">\n                <img loading=\"lazy\" decoding=\"async\" width=\"230\" height=\"320\" src=\"https:\/\/illycafe.ch\/wp-content\/uploads\/Team-Rosa-Versamento-401.jpg\" class=\"attachment-full size-full\" alt=\"\" srcset=\"https:\/\/illycafe.ch\/wp-content\/uploads\/Team-Rosa-Versamento-401.jpg 230w, https:\/\/illycafe.ch\/wp-content\/uploads\/Team-Rosa-Versamento-401-216x300.jpg 216w\" sizes=\"auto, (max-width: 230px) 100vw, 230px\" \/>\t\t\t<\/div>\n\t\t\t\t<div class=\"eltdf-team-info\">\n\t\t\t\t\t\t\t<h5 class=\"eltdf-team-name\" >Rosa Versamento<\/h5>\n\t\t\t\t\t\t\t\t\t\t<span class=\"eltdf-team-position\" >Assistente del direttore vendite<\/span>\n\t\t\t\t\t\t\t\t\t\t<p class=\"eltdf-team-text\" >rosaversamento@illycafe.ch<\/p>\n\t\t\t\t\t\t\t\t<\/div>\n\t<\/div>\n<\/div>[vc_empty_space height=&#8221;20px&#8221;][\/vc_column][\/vc_row][vc_row row_content_width=&#8221;grid&#8221; disable_background_image=&#8221;&#8221; simple_background_image=&#8221;21399&#8243; css=&#8221;.vc_custom_1721375360593{margin-top: 30px !important;padding-top: 30px !important;padding-bottom: 30px !important;background-image;background-position: center center;: url(https:\/\/illycafe.ch\/wp-content\/uploads\/revslider\/landing-bakcground-img-1.jpg?id=21399) !important;}&#8221; el_class=&#8221;call-action-box&#8221; el_id=&#8221;tel-none&#8221;][vc_column offset=&#8221;vc_col-lg-11 vc_col-md-12 vc_col-xs-12&#8243;]<div class=\"eltdf-call-to-action-holder  eltdf-normal-layout  eltdf-three-quarters-columns\">\n\t<div class=\"eltdf-cta-inner \">\n\t\t<div class=\"eltdf-cta-text-holder\">\n\t\t\t<div class=\"eltdf-cta-text\">Contattateci oggi stesso! Saremo lieti di consigliarvi personalmente.<\/div>\n\t\t<\/div>\n\t\t<div class=\"eltdf-cta-button-holder\" >\n\t\t\t<div class=\"eltdf-cta-button\"><a itemprop=\"url\" href=\"\/it\/contatto\/\" target=\"_self\" style=\"color: #ffffff;background-color: #be9c79\" class=\"eltdf-btn eltdf-btn-medium eltdf-btn-solid eltdf-btn-custom-hover-color eltdf-btn-dash\" data-hover-color=\"#ffffff\" >    <span class=\"eltdf-btn-text\">Contatto<\/span>\t<\/a><\/div>\n\t\t<\/div>\n\t<\/div>\n<\/div>[\/vc_column][\/vc_row]<\/p>\n<\/div>","protected":false},"excerpt":{"rendered":"<p>[vc_row row_content_width=&#8221;grid&#8221; css=&#8221;.vc_custom_1610377184622{padding-bottom: 40px !important;}&#8221;][vc_column width=&#8221;2\/3&#8243;][vc_single_image image=&#8221;21043&#8243; img_size=&#8221;full&#8221; alignment=&#8221;center&#8221;][vc_column_text]La fornitura e l\u2019assistenza ai ristoratori rientrano tra le competenze chiave di Illycaf\u00e9. Tutto l\u2019impegno che mettiamo a servizio della qualit\u00e0 \u00e8 volto a soddisfare al meglio le esigenze della gastronomia svizzera. Insieme all\u2019obiettivo di coltivare e promuovere la cultura del caff\u00e8. Deliziate i vostri ospiti con un sublime caff\u00e8 svizzero. Oltre alla fornitura di prodotti di eccellenza provenienti dall\u2019assortimento Illycaf\u00e9, vi offriamo anche [&hellip;]<\/p>\n","protected":false},"author":3166,"featured_media":0,"parent":23170,"menu_order":54,"comment_status":"closed","ping_status":"closed","template":"full-width.php","meta":{"inline_featured_image":false,"footnotes":""},"class_list":["post-23166","page","type-page","status-publish","hentry"],"yoast_head":"<!-- This site is optimized with the Yoast SEO plugin v27.5 - https:\/\/yoast.com\/product\/yoast-seo-wordpress\/ -->\n<title>Gastronomia - Illycaf\u00e9 | Premium Kaffee kaufen | Gastronomie, Firmen, Privat<\/title>\n<meta name=\"robots\" content=\"index, follow, max-snippet:-1, max-image-preview:large, max-video-preview:-1\" \/>\n<link rel=\"canonical\" href=\"https:\/\/illycafe.ch\/it\/contatto\/competenza-ristorazione\/\" \/>\n<meta property=\"og:locale\" content=\"it_IT\" \/>\n<meta property=\"og:type\" content=\"article\" \/>\n<meta property=\"og:title\" content=\"Gastronomia - Illycaf\u00e9 | Premium Kaffee kaufen | Gastronomie, Firmen, Privat\" \/>\n<meta property=\"og:description\" content=\"[vc_row row_content_width=&#8221;grid&#8221; css=&#8221;.vc_custom_1610377184622{padding-bottom: 40px !important;}&#8221;][vc_column width=&#8221;2\/3&#8243;][vc_single_image image=&#8221;21043&#8243; img_size=&#8221;full&#8221; alignment=&#8221;center&#8221;][vc_column_text]La fornitura e l\u2019assistenza ai ristoratori rientrano tra le competenze chiave di Illycaf\u00e9. Tutto l\u2019impegno che mettiamo a servizio della qualit\u00e0 \u00e8 volto a soddisfare al meglio le esigenze della gastronomia svizzera. Insieme all\u2019obiettivo di coltivare e promuovere la cultura del caff\u00e8. Deliziate i vostri ospiti con un sublime caff\u00e8 svizzero. Oltre alla fornitura di prodotti di eccellenza provenienti dall\u2019assortimento Illycaf\u00e9, vi offriamo anche [&hellip;]\" \/>\n<meta property=\"og:url\" content=\"https:\/\/illycafe.ch\/it\/contatto\/competenza-ristorazione\/\" \/>\n<meta property=\"og:site_name\" content=\"Illycaf\u00e9 | Premium Kaffee kaufen | Gastronomie, Firmen, Privat\" \/>\n<meta property=\"article:modified_time\" content=\"2024-11-11T21:44:37+00:00\" \/>\n<meta name=\"twitter:card\" content=\"summary_large_image\" \/>\n<meta name=\"twitter:label1\" content=\"Tempo di lettura stimato\" \/>\n\t<meta name=\"twitter:data1\" content=\"2 minuti\" \/>\n<script type=\"application\/ld+json\" class=\"yoast-schema-graph\">{\"@context\":\"https:\\\/\\\/schema.org\",\"@graph\":[{\"@type\":\"WebPage\",\"@id\":\"https:\\\/\\\/illycafe.ch\\\/it\\\/contatto\\\/competenza-ristorazione\\\/\",\"url\":\"https:\\\/\\\/illycafe.ch\\\/it\\\/contatto\\\/competenza-ristorazione\\\/\",\"name\":\"Gastronomia - Illycaf\u00e9 | Premium Kaffee kaufen | Gastronomie, Firmen, Privat\",\"isPartOf\":{\"@id\":\"https:\\\/\\\/illycafe.ch\\\/#website\"},\"datePublished\":\"2018-02-06T12:53:58+00:00\",\"dateModified\":\"2024-11-11T21:44:37+00:00\",\"breadcrumb\":{\"@id\":\"https:\\\/\\\/illycafe.ch\\\/it\\\/contatto\\\/competenza-ristorazione\\\/#breadcrumb\"},\"inLanguage\":\"it-IT\",\"potentialAction\":[{\"@type\":\"ReadAction\",\"target\":[\"https:\\\/\\\/illycafe.ch\\\/it\\\/contatto\\\/competenza-ristorazione\\\/\"]}]},{\"@type\":\"BreadcrumbList\",\"@id\":\"https:\\\/\\\/illycafe.ch\\\/it\\\/contatto\\\/competenza-ristorazione\\\/#breadcrumb\",\"itemListElement\":[{\"@type\":\"ListItem\",\"position\":1,\"name\":\"Home\",\"item\":\"https:\\\/\\\/illycafe.ch\\\/it\\\/\"},{\"@type\":\"ListItem\",\"position\":2,\"name\":\"Contatto\",\"item\":\"https:\\\/\\\/illycafe.ch\\\/it\\\/contatto\\\/\"},{\"@type\":\"ListItem\",\"position\":3,\"name\":\"Gastronomia\"}]},{\"@type\":\"WebSite\",\"@id\":\"https:\\\/\\\/illycafe.ch\\\/#website\",\"url\":\"https:\\\/\\\/illycafe.ch\\\/\",\"name\":\"Illycaf\u00e9 | Premium Kaffee kaufen | Gastronomie, Firmen, Privat\",\"description\":\"Italienische Kaffeekultur. Schweizer Qualit\u00e4t.\",\"potentialAction\":[{\"@type\":\"SearchAction\",\"target\":{\"@type\":\"EntryPoint\",\"urlTemplate\":\"https:\\\/\\\/illycafe.ch\\\/?s={search_term_string}\"},\"query-input\":{\"@type\":\"PropertyValueSpecification\",\"valueRequired\":true,\"valueName\":\"search_term_string\"}}],\"inLanguage\":\"it-IT\"}]}<\/script>\n<!-- \/ Yoast SEO plugin. -->","yoast_head_json":{"title":"Gastronomia - Illycaf\u00e9 | Premium Kaffee kaufen | Gastronomie, Firmen, Privat","robots":{"index":"index","follow":"follow","max-snippet":"max-snippet:-1","max-image-preview":"max-image-preview:large","max-video-preview":"max-video-preview:-1"},"canonical":"https:\/\/illycafe.ch\/it\/contatto\/competenza-ristorazione\/","og_locale":"it_IT","og_type":"article","og_title":"Gastronomia - Illycaf\u00e9 | Premium Kaffee kaufen | Gastronomie, Firmen, Privat","og_description":"[vc_row row_content_width=&#8221;grid&#8221; css=&#8221;.vc_custom_1610377184622{padding-bottom: 40px !important;}&#8221;][vc_column width=&#8221;2\/3&#8243;][vc_single_image image=&#8221;21043&#8243; img_size=&#8221;full&#8221; alignment=&#8221;center&#8221;][vc_column_text]La fornitura e l\u2019assistenza ai ristoratori rientrano tra le competenze chiave di Illycaf\u00e9. Tutto l\u2019impegno che mettiamo a servizio della qualit\u00e0 \u00e8 volto a soddisfare al meglio le esigenze della gastronomia svizzera. Insieme all\u2019obiettivo di coltivare e promuovere la cultura del caff\u00e8. Deliziate i vostri ospiti con un sublime caff\u00e8 svizzero. Oltre alla fornitura di prodotti di eccellenza provenienti dall\u2019assortimento Illycaf\u00e9, vi offriamo anche [&hellip;]","og_url":"https:\/\/illycafe.ch\/it\/contatto\/competenza-ristorazione\/","og_site_name":"Illycaf\u00e9 | Premium Kaffee kaufen | Gastronomie, Firmen, Privat","article_modified_time":"2024-11-11T21:44:37+00:00","twitter_card":"summary_large_image","twitter_misc":{"Tempo di lettura stimato":"2 minuti"},"schema":{"@context":"https:\/\/schema.org","@graph":[{"@type":"WebPage","@id":"https:\/\/illycafe.ch\/it\/contatto\/competenza-ristorazione\/","url":"https:\/\/illycafe.ch\/it\/contatto\/competenza-ristorazione\/","name":"Gastronomia - Illycaf\u00e9 | Premium Kaffee kaufen | Gastronomie, Firmen, Privat","isPartOf":{"@id":"https:\/\/illycafe.ch\/#website"},"datePublished":"2018-02-06T12:53:58+00:00","dateModified":"2024-11-11T21:44:37+00:00","breadcrumb":{"@id":"https:\/\/illycafe.ch\/it\/contatto\/competenza-ristorazione\/#breadcrumb"},"inLanguage":"it-IT","potentialAction":[{"@type":"ReadAction","target":["https:\/\/illycafe.ch\/it\/contatto\/competenza-ristorazione\/"]}]},{"@type":"BreadcrumbList","@id":"https:\/\/illycafe.ch\/it\/contatto\/competenza-ristorazione\/#breadcrumb","itemListElement":[{"@type":"ListItem","position":1,"name":"Home","item":"https:\/\/illycafe.ch\/it\/"},{"@type":"ListItem","position":2,"name":"Contatto","item":"https:\/\/illycafe.ch\/it\/contatto\/"},{"@type":"ListItem","position":3,"name":"Gastronomia"}]},{"@type":"WebSite","@id":"https:\/\/illycafe.ch\/#website","url":"https:\/\/illycafe.ch\/","name":"Illycaf\u00e9 | Premium Kaffee kaufen | Gastronomie, Firmen, Privat","description":"Italienische Kaffeekultur. Schweizer Qualit\u00e4t.","potentialAction":[{"@type":"SearchAction","target":{"@type":"EntryPoint","urlTemplate":"https:\/\/illycafe.ch\/?s={search_term_string}"},"query-input":{"@type":"PropertyValueSpecification","valueRequired":true,"valueName":"search_term_string"}}],"inLanguage":"it-IT"}]}},"_links":{"self":[{"href":"https:\/\/illycafe.ch\/it\/wp-json\/wp\/v2\/pages\/23166","targetHints":{"allow":["GET"]}}],"collection":[{"href":"https:\/\/illycafe.ch\/it\/wp-json\/wp\/v2\/pages"}],"about":[{"href":"https:\/\/illycafe.ch\/it\/wp-json\/wp\/v2\/types\/page"}],"author":[{"embeddable":true,"href":"https:\/\/illycafe.ch\/it\/wp-json\/wp\/v2\/users\/3166"}],"replies":[{"embeddable":true,"href":"https:\/\/illycafe.ch\/it\/wp-json\/wp\/v2\/comments?post=23166"}],"version-history":[{"count":0,"href":"https:\/\/illycafe.ch\/it\/wp-json\/wp\/v2\/pages\/23166\/revisions"}],"up":[{"embeddable":true,"href":"https:\/\/illycafe.ch\/it\/wp-json\/wp\/v2\/pages\/23170"}],"wp:attachment":[{"href":"https:\/\/illycafe.ch\/it\/wp-json\/wp\/v2\/media?parent=23166"}],"curies":[{"name":"wp","href":"https:\/\/api.w.org\/{rel}","templated":true}]}}