{"id":263784,"date":"2025-05-19T12:20:06","date_gmt":"2025-05-19T10:20:06","guid":{"rendered":"https:\/\/illycafe.ch\/?page_id=263784"},"modified":"2025-05-22T12:21:03","modified_gmt":"2025-05-22T10:21:03","slug":"supporto","status":"publish","type":"page","link":"https:\/\/illycafe.ch\/it\/professionisti\/servizi\/supporto\/","title":{"rendered":"Supporto tecnico"},"content":{"rendered":"<div class=\"wpb-content-wrapper\"><p>[vc_row full_width=&#8221;stretch_row_content&#8221; css=&#8221;.vc_custom_1747644496952{background-color: #F2E9DA !important;}&#8221;][vc_column][vc_empty_space height=&#8221;50px&#8221;][vc_column_text css=&#8221;&#8221; el_class=&#8221;titol-h2 brown&#8221;]<\/p>\n<h2 style=\"text-align: center;\">Supporto<\/h2>\n<p>[\/vc_column_text][vc_empty_space height=&#8221;20px&#8221;][vc_column_text css=&#8221;&#8221; el_class=&#8221;text-landing brown&#8221;]<\/p>\n<p style=\"text-align: center;\">Supportiamo illy con soluzioni innovative e su misura<\/p>\n<p>[\/vc_column_text][vc_empty_space height=&#8221;60px&#8221;][vc_single_image image=&#8221;263786&#8243; img_size=&#8221;full&#8221; alignment=&#8221;center&#8221; css=&#8221;&#8221;][vc_empty_space height=&#8221;60px&#8221;][\/vc_column][\/vc_row][vc_row full_width=&#8221;stretch_row&#8221; css=&#8221;.vc_custom_1742808066917{background-color: #FBFBFB !important;}&#8221;][vc_column css=&#8221;.vc_custom_1719389360265{margin-top: 0px !important;padding-top: 0px !important;}&#8221;][vc_empty_space height=&#8221;50px&#8221;][vc_column_text css=&#8221;.vc_custom_1747649652190{margin-top: 0px !important;}&#8221; el_class=&#8221;titol-h3 brown&#8221;]<\/p>\n<h3 style=\"text-align: center;\">INSIEME PER LA QUALIT\u00c0 IN TAZZA (E IN TUTTI GLI ALTRI AMBITI DELLA TUA ATTIVIT\u00c0)<\/h3>\n<p>[\/vc_column_text][vc_empty_space height=&#8221;30px&#8221;][vc_column_text css=&#8221;&#8221; el_class=&#8221;titol-h5 brown&#8221;]<\/p>\n<h5 style=\"text-align: center;\">Un espresso impeccabile, una macchina da caff\u00e8 efficiente, un bancone funzionale e accattivante\u2026<br \/>\nLa qualit\u00e0 sta nei dettagli ed \u00e8 la prima cosa che le persone notano quando entrano nella tua attivit\u00e0. Un intero team di esperti \u00e8 a vostra disposizione per aiutarvi a raggiungere la qualit\u00e0 desiderata.<\/h5>\n<p>[\/vc_column_text][vc_empty_space height=&#8221;30px&#8221;][vc_raw_html css=&#8221;&#8221;]JTNDYSUyMGNsYXNzJTNEJTIyYnRuLWJyb3duJTIyJTIwaHJlZiUzRCUyMmh0dHBzJTNBJTJGJTJGaWxseWNhZmUuY2glMkZpdCUyRmtvbnRha3QtaWxseSUyRiUyMiUzRSUzQ2J1dHRvbiUzRSUyMENvbnRhdHRhY2klMjAlM0MlMkZidXR0b24lM0UlM0MlMkZhJTNF[\/vc_raw_html][vc_empty_space][\/vc_column][\/vc_row][vc_row full_width=&#8221;stretch_row&#8221; css=&#8221;.vc_custom_1742808073554{background-color: #FBFBFB !important;}&#8221;][vc_column css=&#8221;.vc_custom_1719389360265{margin-top: 0px !important;padding-top: 0px !important;}&#8221;][vc_empty_space height=&#8221;50px&#8221;][\/vc_column][\/vc_row][vc_row full_width=&#8221;stretch_row&#8221; css=&#8221;.vc_custom_1747646836262{background-color: #F6F0EC !important;}&#8221;][vc_column][vc_empty_space height=&#8221;60px&#8221;][vc_row_inner content_placement=&#8221;middle&#8221; el_class=&#8221;revert-mobile&#8221;][vc_column_inner width=&#8221;1\/2&#8243;][vc_column_text css=&#8221;&#8221; el_class=&#8221;titol-h3 brown&#8221;]<\/p>\n<h3 style=\"text-align: center;\">Le informazioni pi\u00f9 importanti sui nostri servizi<\/h3>\n<p>[\/vc_column_text][vc_empty_space height=&#8221;15px&#8221;][vc_column_text css=&#8221;&#8221; el_class=&#8221;text-landing brown&#8221;]<\/p>\n<p style=\"text-align: center;\"><strong>Qual \u00e8 l&#8217;obiettivo?<\/strong><\/p>\n<p style=\"text-align: center;\">Ti aiutiamo a garantire la qualit\u00e0 del tuo caff\u00e8 e di tutti gli altri aspetti della tua attivit\u00e0 e ti supportiamo nella risoluzione di problemi e domande importanti.<\/p>\n<p style=\"text-align: center;\"><strong>Come funziona?<\/strong><\/p>\n<p style=\"text-align: center;\">Tutta la nostra azienda lavora costantemente per garantire la qualit\u00e0 costante dei prodotti e dei servizi offerti.<\/p>\n<p>[\/vc_column_text][vc_empty_space height=&#8221;30px&#8221;][\/vc_column_inner][vc_column_inner width=&#8221;1\/2&#8243;][vc_single_image image=&#8221;263790&#8243; img_size=&#8221;full&#8221; css=&#8221;&#8221;][\/vc_column_inner][\/vc_row_inner][vc_empty_space height=&#8221;50px&#8221;][\/vc_column][\/vc_row][vc_row full_width=&#8221;stretch_row&#8221; css=&#8221;.vc_custom_1747646676647{background-color: #C6B9AE !important;}&#8221;][vc_column css=&#8221;.vc_custom_1747647828014{padding-top: 0px !important;}&#8221;][vc_empty_space height=&#8221;60px&#8221;][vc_row_inner][vc_column_inner width=&#8221;1\/6&#8243;][\/vc_column_inner][vc_column_inner width=&#8221;2\/3&#8243; css=&#8221;.vc_custom_1747647810655{padding-top: 0px !important;}&#8221;][vc_column_text css=&#8221;&#8221; el_class=&#8221;titol-h3 brown&#8221;]<\/p>\n<h3 style=\"text-align: center;\">SERVIZIO E SUPPORTO<\/h3>\n<p>[\/vc_column_text][vc_empty_space height=&#8221;15px&#8221;][vc_column_text css=&#8221;&#8221; el_class=&#8221;titol-h5 brown&#8221;]<\/p>\n<h5 style=\"text-align: center;\">I problemi tecnici che non possono essere risolti da un rappresentante o da un responsabile di reparto richiedono il coinvolgimento di un servizio tecnico esterno.<\/h5>\n<p>[\/vc_column_text][\/vc_column_inner][vc_column_inner width=&#8221;1\/6&#8243;][\/vc_column_inner][\/vc_row_inner][vc_empty_space height=&#8221;60px&#8221;][\/vc_column][\/vc_row][vc_row full_width=&#8221;stretch_row_content_no_spaces&#8221; css=&#8221;.vc_custom_1747648197313{background-color: #F2E9DA !important;}&#8221;][vc_column][vc_empty_space height=&#8221;50px&#8221;][vc_column_text css=&#8221;.vc_custom_1747649736077{margin-top: 0px !important;}&#8221; el_class=&#8221;titol-h3 brown&#8221;]<\/p>\n<h3 style=\"text-align: center;\">SCOPRI LE NOSTRE ALTRE<br \/>\nSOLUZIONI AZIENDALI<\/h3>\n<p>[\/vc_column_text][vc_empty_space height=&#8221;50px&#8221;][vc_row_inner equal_height=&#8221;yes&#8221; content_placement=&#8221;middle&#8221;][vc_column_inner width=&#8221;1\/3&#8243; css=&#8221;.vc_custom_1747648399216{padding-right: 30px !important;padding-left: 30px !important;background-image: url(https:\/\/illycafe.ch\/wp-content\/uploads\/img_03@2x-17.jpg?id=263795) !important;background-position: center center;background-repeat: no-repeat !important;background-size: cover !important;}&#8221;][vc_empty_space height=&#8221;180px&#8221;][vc_column_text css=&#8221;.vc_custom_1747649745861{margin-top: 0px !important;}&#8221; el_class=&#8221;titol-h4 white&#8221;]<\/p>\n<h4 style=\"text-align: center;\">FORMAZIONE E CONSULENZA<\/h4>\n<p>[\/vc_column_text][vc_empty_space height=&#8221;20px&#8221;][vc_column_text css=&#8221;&#8221; el_class=&#8221;titol-h5 white&#8221;]<\/p>\n<h5 style=\"text-align: center;\"><a href=\"https:\/\/illycafe.ch\/it\/professionisti\/servizi\/industria-e-commercio-del-caffe-formazione-e-consulenza\/\"><u>Saperne di pi\u00f9<\/u><\/a><\/h5>\n<p>[\/vc_column_text][vc_empty_space height=&#8221;180px&#8221;][\/vc_column_inner][vc_column_inner width=&#8221;1\/3&#8243; css=&#8221;.vc_custom_1747648405481{padding-right: 30px !important;padding-left: 30px !important;background-image: url(https:\/\/illycafe.ch\/wp-content\/uploads\/img_04@2x-13.jpg?id=263798) !important;background-position: center center;background-repeat: no-repeat !important;background-size: cover !important;}&#8221;][vc_empty_space height=&#8221;180px&#8221;][vc_column_text css=&#8221;.vc_custom_1747649756885{margin-top: 0px !important;}&#8221; el_class=&#8221;titol-h4 white&#8221;]<\/p>\n<h4 style=\"text-align: center;\">ATTREZZATURA<\/h4>\n<p>[\/vc_column_text][vc_empty_space height=&#8221;20px&#8221;][vc_column_text css=&#8221;&#8221; el_class=&#8221;titol-h5 white&#8221;]<\/p>\n<h5 style=\"text-align: center;\"><a href=\"https:\/\/illycafe.ch\/it\/professionisti\/servizi\/servizi-caffetteria-bar\/\"><u>Saperne di pi\u00f9<\/u><\/a><\/h5>\n<p>[\/vc_column_text][vc_empty_space height=&#8221;180px&#8221;][\/vc_column_inner][vc_column_inner width=&#8221;1\/3&#8243; css=&#8221;.vc_custom_1747648413336{padding-right: 30px !important;padding-left: 30px !important;background-image: url(https:\/\/illycafe.ch\/wp-content\/uploads\/img_05-6.jpg?id=263801) !important;background-position: center center;background-repeat: no-repeat !important;background-size: cover !important;}&#8221;][vc_empty_space height=&#8221;180px&#8221;][vc_column_text css=&#8221;.vc_custom_1747649767085{margin-top: 0px !important;}&#8221; el_class=&#8221;titol-h4 white&#8221;]<\/p>\n<h4 style=\"text-align: center;\">BRANDING E COMUNICAZIONE<\/h4>\n<p>[\/vc_column_text][vc_empty_space height=&#8221;20px&#8221;][vc_column_text css=&#8221;&#8221; el_class=&#8221;titol-h5 white&#8221;]<\/p>\n<h5 style=\"text-align: center;\"><a href=\"https:\/\/illycafe.ch\/it\/professionisti\/servizi\/materiali-di-marketing\/\"><u>Saperne di pi\u00f9<\/u><\/a><\/h5>\n<p>[\/vc_column_text][vc_empty_space height=&#8221;180px&#8221;][\/vc_column_inner][\/vc_row_inner][vc_empty_space height=&#8221;50px&#8221;][\/vc_column][\/vc_row][vc_row full_width=&#8221;stretch_row&#8221; css=&#8221;.vc_custom_1742808551730{background-color: #F6F0EC !important;}&#8221;][vc_column][vc_empty_space height=&#8221;50px&#8221;][vc_column_text css=&#8221;.vc_custom_1747649836644{margin-top: 0px !important;}&#8221; el_class=&#8221;titol-h3 brown left&#8221;]<\/p>\n<h3 style=\"text-align: left;\">I NOSTRI PERSONALIZZATI<br \/>\nSOLUZIONI PER IL TUO BUSINESS<\/h3>\n<p>[\/vc_column_text][vc_empty_space height=&#8221;50px&#8221;][vc_row_inner][vc_column_inner width=&#8221;1\/3&#8243;][vc_single_image image=&#8221;221127&#8243; img_size=&#8221;full&#8221; css=&#8221;&#8221;][vc_empty_space height=&#8221;15px&#8221;][vc_column_text css=&#8221;.vc_custom_1747649848565{margin-top: 0px !important;}&#8221; el_class=&#8221;titol-h4 brown&#8221;]<\/p>\n<h4 style=\"text-align: left;\">CAFF\u00c8<\/h4>\n<p>[\/vc_column_text][vc_empty_space height=&#8221;10px&#8221;][vc_column_text css=&#8221;&#8221; el_class=&#8221;text-landing brown&#8221;]<\/p>\n<p style=\"text-align: left;\">La tazzina e gli altri protagonisti: tutto inizia con il caff\u00e8 e prosegue con un&#8217;ampia gamma di prodotti e servizi<\/p>\n<p>[\/vc_column_text][vc_column_text css=&#8221;&#8221; el_class=&#8221;text-landing brown&#8221;]<\/p>\n<div class=\"fpls-box-text\" lang=\"de-DE\" xml:lang=\"de-DE\">\n<p><a href=\"https:\/\/illycafe.ch\/it\/professionisti\/soluzioni-per-la-tua-azienda\/caffe\/\"><u>Saperne di pi\u00f9<\/u><\/a><\/p>\n<\/div>\n<p>[\/vc_column_text][vc_empty_space height=&#8221;30px&#8221;][\/vc_column_inner][vc_column_inner width=&#8221;1\/3&#8243;][vc_single_image image=&#8221;221131&#8243; img_size=&#8221;full&#8221; css=&#8221;&#8221;][vc_empty_space height=&#8221;15px&#8221;][vc_column_text css=&#8221;.vc_custom_1747649910189{margin-top: 0px !important;}&#8221; el_class=&#8221;titol-h4 brown&#8221;]<\/p>\n<h4 style=\"text-align: left;\">PANETTERIE, PASTICCERIE E GELATERIE<\/h4>\n<p>[\/vc_column_text][vc_empty_space height=&#8221;10px&#8221;][vc_column_text css=&#8221;&#8221; el_class=&#8221;text-landing brown&#8221;]<\/p>\n<p style=\"text-align: left;\">Il caff\u00e8 illy \u00e8 il compagno ideale e l&#8217;ingrediente perfetto per i tuoi cari: l&#8217;arte della pasticceria e della gelateria.<\/p>\n<p>[\/vc_column_text][vc_column_text css=&#8221;&#8221; el_class=&#8221;text-landing brown&#8221;]<\/p>\n<div class=\"fpls-box-text\" lang=\"de-DE\" xml:lang=\"de-DE\">\n<p><a href=\"https:\/\/illycafe.ch\/it\/professionisti\/soluzioni-per-la-tua-azienda\/illy-fornitori-caffetterie-pasticcerie-gelaterie\/\"><u>Saperne di pi\u00f9<\/u><\/a><\/p>\n<\/div>\n<p>[\/vc_column_text][vc_empty_space height=&#8221;30px&#8221;][\/vc_column_inner][vc_column_inner width=&#8221;1\/3&#8243;][vc_single_image image=&#8221;221134&#8243; img_size=&#8221;full&#8221; css=&#8221;&#8221;][vc_empty_space height=&#8221;15px&#8221;][vc_column_text css=&#8221;.vc_custom_1747649931908{margin-top: 0px !important;}&#8221; el_class=&#8221;titol-h4 brown&#8221;]<\/p>\n<h4 style=\"text-align: left;\">RISTORANTI<\/h4>\n<p>[\/vc_column_text][vc_empty_space height=&#8221;10px&#8221;][vc_column_text css=&#8221;&#8221; el_class=&#8221;text-landing brown&#8221;]<\/p>\n<p style=\"text-align: left;\">Scopri la tecnologia e la qualit\u00e0 di cui hai bisogno per far s\u00ec che le tue tazze siano belle quanto i tuoi piatti.<\/p>\n<p>[\/vc_column_text][vc_column_text css=&#8221;&#8221; el_class=&#8221;text-landing brown&#8221;]<\/p>\n<div class=\"fpls-box-text\" lang=\"de-DE\" xml:lang=\"de-DE\">\n<p><a href=\"https:\/\/illycafe.ch\/it\/professionisti\/soluzioni-per-la-tua-azienda\/ristoranti\/\"><u>Saperne di pi\u00f9<\/u><\/a><\/p>\n<\/div>\n<p>[\/vc_column_text][vc_empty_space height=&#8221;30px&#8221;][\/vc_column_inner][\/vc_row_inner][vc_row_inner][vc_column_inner width=&#8221;1\/3&#8243;][vc_single_image image=&#8221;221140&#8243; img_size=&#8221;full&#8221; css=&#8221;&#8221;][vc_empty_space height=&#8221;15px&#8221;][vc_column_text css=&#8221;.vc_custom_1747649953173{margin-top: 0px !important;}&#8221; el_class=&#8221;titol-h4 brown&#8221;]<\/p>\n<h4 style=\"text-align: left;\">HOTEL<\/h4>\n<p>[\/vc_column_text][vc_empty_space height=&#8221;10px&#8221;][vc_column_text css=&#8221;&#8221; el_class=&#8221;text-landing brown&#8221;]<\/p>\n<p style=\"text-align: left;\">Il nostro programma speciale consente agli hotel di servire un Cagg\u00e8 per tutti i gusti, in qualsiasi momento e in (quasi) qualsiasi luogo.<\/p>\n<p>[\/vc_column_text][vc_column_text css=&#8221;&#8221; el_class=&#8221;text-landing brown&#8221;]<\/p>\n<div class=\"fpls-box-text\" lang=\"de-DE\" xml:lang=\"de-DE\">\n<p><a href=\"https:\/\/illycafe.ch\/it\/professionisti\/soluzioni-per-la-tua-azienda\/hotels\/\"><u>Saperne di pi\u00f9<\/u><\/a><\/p>\n<\/div>\n<p>[\/vc_column_text][vc_empty_space height=&#8221;30px&#8221;][\/vc_column_inner][vc_column_inner width=&#8221;1\/3&#8243;][vc_single_image image=&#8221;221137&#8243; img_size=&#8221;full&#8221; css=&#8221;&#8221;][vc_empty_space height=&#8221;15px&#8221;][vc_column_text css=&#8221;.vc_custom_1747649971851{margin-top: 0px !important;}&#8221; el_class=&#8221;titol-h4 brown&#8221;]<\/p>\n<h4 style=\"text-align: left;\">NEGOZI<\/h4>\n<p>[\/vc_column_text][vc_empty_space height=&#8221;10px&#8221;][vc_column_text css=&#8221;&#8221; el_class=&#8221;text-landing brown&#8221;]<\/p>\n<p style=\"text-align: left;\">Nuove tecnologie, design iconico e gusto unico: questa \u00e8 l&#8217;esperienza che proponiamo oggi e che abbiamo maturato in oltre 80 anni di attivit\u00e0.<\/p>\n<p>[\/vc_column_text][vc_column_text css=&#8221;&#8221; el_class=&#8221;text-landing brown&#8221;]<\/p>\n<div class=\"fpls-box-text\" lang=\"de-DE\" xml:lang=\"de-DE\">\n<p><a href=\"https:\/\/illycafe.ch\/it\/professionisti\/soluzioni-per-la-tua-azienda\/negozi-di-alimentari\/\"><u>Saperne di pi\u00f9<\/u><\/a><\/p>\n<\/div>\n<p>[\/vc_column_text][vc_empty_space height=&#8221;30px&#8221;][\/vc_column_inner][vc_column_inner width=&#8221;1\/3&#8243;][vc_single_image image=&#8221;263182&#8243; img_size=&#8221;full&#8221; css=&#8221;&#8221;][vc_empty_space height=&#8221;15px&#8221;][vc_column_text css=&#8221;.vc_custom_1747392116648{margin-top: 0px !important;}&#8221; el_class=&#8221;titol-h4 brown&#8221;]<\/p>\n<h4 style=\"text-align: left;\">FRANCHISING<\/h4>\n<p>[\/vc_column_text][vc_empty_space height=&#8221;10px&#8221;][vc_column_text css=&#8221;&#8221; el_class=&#8221;text-landing brown&#8221;]<\/p>\n<p style=\"text-align: left;\">Il nostro progetto franchising: il bar che progettiamo insieme a voi nei minimi dettagli.<\/p>\n<p>[\/vc_column_text][vc_empty_space height=&#8221;30px&#8221;][\/vc_column_inner][\/vc_row_inner][vc_empty_space height=&#8221;50px&#8221;][\/vc_column][\/vc_row]<\/p>\n<\/div>","protected":false},"excerpt":{"rendered":"<p>[vc_row full_width=&#8221;stretch_row_content&#8221; css=&#8221;.vc_custom_1747644496952{background-color: #F2E9DA !important;}&#8221;][vc_column][vc_empty_space height=&#8221;50px&#8221;][vc_column_text css=&#8221;&#8221; el_class=&#8221;titol-h2 brown&#8221;] Supporto [\/vc_column_text][vc_empty_space height=&#8221;20px&#8221;][vc_column_text css=&#8221;&#8221; el_class=&#8221;text-landing brown&#8221;] Supportiamo illy con soluzioni innovative e su misura [\/vc_column_text][vc_empty_space height=&#8221;60px&#8221;][vc_single_image image=&#8221;263786&#8243; img_size=&#8221;full&#8221; alignment=&#8221;center&#8221; css=&#8221;&#8221;][vc_empty_space height=&#8221;60px&#8221;][\/vc_column][\/vc_row][vc_row full_width=&#8221;stretch_row&#8221; css=&#8221;.vc_custom_1742808066917{background-color: #FBFBFB !important;}&#8221;][vc_column css=&#8221;.vc_custom_1719389360265{margin-top: 0px !important;padding-top: 0px !important;}&#8221;][vc_empty_space height=&#8221;50px&#8221;][vc_column_text css=&#8221;.vc_custom_1747649652190{margin-top: 0px !important;}&#8221; el_class=&#8221;titol-h3 brown&#8221;] INSIEME PER LA QUALIT\u00c0 IN TAZZA (E IN TUTTI GLI ALTRI AMBITI DELLA TUA ATTIVIT\u00c0) [\/vc_column_text][vc_empty_space height=&#8221;30px&#8221;][vc_column_text css=&#8221;&#8221; el_class=&#8221;titol-h5 brown&#8221;] Un espresso impeccabile, una macchina da caff\u00e8 [&hellip;]<\/p>\n","protected":false},"author":5358,"featured_media":0,"parent":263672,"menu_order":0,"comment_status":"closed","ping_status":"closed","template":"","meta":{"inline_featured_image":false,"footnotes":""},"class_list":["post-263784","page","type-page","status-publish","hentry"],"yoast_head":"<!-- This site is optimized with the Yoast SEO plugin v27.3 - https:\/\/yoast.com\/product\/yoast-seo-wordpress\/ -->\n<title>Supporto tecnico - Illycaf\u00e9 | Premium Kaffee kaufen | Gastronomie, Firmen, Privat<\/title>\n<meta name=\"robots\" content=\"index, follow, max-snippet:-1, max-image-preview:large, max-video-preview:-1\" \/>\n<link rel=\"canonical\" href=\"https:\/\/illycafe.ch\/it\/professionisti\/servizi\/supporto\/\" \/>\n<meta property=\"og:locale\" content=\"it_IT\" \/>\n<meta property=\"og:type\" content=\"article\" \/>\n<meta property=\"og:title\" content=\"Supporto tecnico - Illycaf\u00e9 | Premium Kaffee kaufen | Gastronomie, Firmen, Privat\" \/>\n<meta property=\"og:description\" content=\"[vc_row full_width=&#8221;stretch_row_content&#8221; css=&#8221;.vc_custom_1747644496952{background-color: #F2E9DA !important;}&#8221;][vc_column][vc_empty_space height=&#8221;50px&#8221;][vc_column_text css=&#8221;&#8221; el_class=&#8221;titol-h2 brown&#8221;] Supporto [\/vc_column_text][vc_empty_space height=&#8221;20px&#8221;][vc_column_text css=&#8221;&#8221; el_class=&#8221;text-landing brown&#8221;] Supportiamo illy con soluzioni innovative e su misura [\/vc_column_text][vc_empty_space height=&#8221;60px&#8221;][vc_single_image image=&#8221;263786&#8243; img_size=&#8221;full&#8221; alignment=&#8221;center&#8221; css=&#8221;&#8221;][vc_empty_space height=&#8221;60px&#8221;][\/vc_column][\/vc_row][vc_row full_width=&#8221;stretch_row&#8221; css=&#8221;.vc_custom_1742808066917{background-color: #FBFBFB !important;}&#8221;][vc_column css=&#8221;.vc_custom_1719389360265{margin-top: 0px !important;padding-top: 0px !important;}&#8221;][vc_empty_space height=&#8221;50px&#8221;][vc_column_text css=&#8221;.vc_custom_1747649652190{margin-top: 0px !important;}&#8221; el_class=&#8221;titol-h3 brown&#8221;] INSIEME PER LA QUALIT\u00c0 IN TAZZA (E IN TUTTI GLI ALTRI AMBITI DELLA TUA ATTIVIT\u00c0) [\/vc_column_text][vc_empty_space height=&#8221;30px&#8221;][vc_column_text css=&#8221;&#8221; el_class=&#8221;titol-h5 brown&#8221;] Un espresso impeccabile, una macchina da caff\u00e8 [&hellip;]\" \/>\n<meta property=\"og:url\" content=\"https:\/\/illycafe.ch\/it\/professionisti\/servizi\/supporto\/\" \/>\n<meta property=\"og:site_name\" content=\"Illycaf\u00e9 | Premium Kaffee kaufen | Gastronomie, Firmen, Privat\" \/>\n<meta property=\"article:modified_time\" content=\"2025-05-22T10:21:03+00:00\" \/>\n<meta name=\"twitter:card\" content=\"summary_large_image\" \/>\n<meta name=\"twitter:label1\" content=\"Tempo di lettura stimato\" \/>\n\t<meta name=\"twitter:data1\" content=\"5 minuti\" \/>\n<script type=\"application\/ld+json\" class=\"yoast-schema-graph\">{\"@context\":\"https:\\\/\\\/schema.org\",\"@graph\":[{\"@type\":\"WebPage\",\"@id\":\"https:\\\/\\\/illycafe.ch\\\/it\\\/professionisti\\\/servizi\\\/supporto\\\/\",\"url\":\"https:\\\/\\\/illycafe.ch\\\/it\\\/professionisti\\\/servizi\\\/supporto\\\/\",\"name\":\"Supporto tecnico - Illycaf\u00e9 | Premium Kaffee kaufen | Gastronomie, Firmen, Privat\",\"isPartOf\":{\"@id\":\"https:\\\/\\\/illycafe.ch\\\/#website\"},\"datePublished\":\"2025-05-19T10:20:06+00:00\",\"dateModified\":\"2025-05-22T10:21:03+00:00\",\"breadcrumb\":{\"@id\":\"https:\\\/\\\/illycafe.ch\\\/it\\\/professionisti\\\/servizi\\\/supporto\\\/#breadcrumb\"},\"inLanguage\":\"it-IT\",\"potentialAction\":[{\"@type\":\"ReadAction\",\"target\":[\"https:\\\/\\\/illycafe.ch\\\/it\\\/professionisti\\\/servizi\\\/supporto\\\/\"]}]},{\"@type\":\"BreadcrumbList\",\"@id\":\"https:\\\/\\\/illycafe.ch\\\/it\\\/professionisti\\\/servizi\\\/supporto\\\/#breadcrumb\",\"itemListElement\":[{\"@type\":\"ListItem\",\"position\":1,\"name\":\"Home\",\"item\":\"https:\\\/\\\/illycafe.ch\\\/it\\\/\"},{\"@type\":\"ListItem\",\"position\":2,\"name\":\"Macchina da caff\u00e8 professionale illy\",\"item\":\"https:\\\/\\\/illycafe.ch\\\/it\\\/professionisti\\\/\"},{\"@type\":\"ListItem\",\"position\":3,\"name\":\"Formazione barista: corsi e consigli\",\"item\":\"https:\\\/\\\/illycafe.ch\\\/it\\\/professionisti\\\/servizi\\\/\"},{\"@type\":\"ListItem\",\"position\":4,\"name\":\"Supporto tecnico\"}]},{\"@type\":\"WebSite\",\"@id\":\"https:\\\/\\\/illycafe.ch\\\/#website\",\"url\":\"https:\\\/\\\/illycafe.ch\\\/\",\"name\":\"Illycaf\u00e9 | Premium Kaffee kaufen | Gastronomie, Firmen, Privat\",\"description\":\"Italienische Kaffeekultur. Schweizer Qualit\u00e4t.\",\"potentialAction\":[{\"@type\":\"SearchAction\",\"target\":{\"@type\":\"EntryPoint\",\"urlTemplate\":\"https:\\\/\\\/illycafe.ch\\\/?s={search_term_string}\"},\"query-input\":{\"@type\":\"PropertyValueSpecification\",\"valueRequired\":true,\"valueName\":\"search_term_string\"}}],\"inLanguage\":\"it-IT\"}]}<\/script>\n<!-- \/ Yoast SEO plugin. -->","yoast_head_json":{"title":"Supporto tecnico - Illycaf\u00e9 | Premium Kaffee kaufen | Gastronomie, Firmen, Privat","robots":{"index":"index","follow":"follow","max-snippet":"max-snippet:-1","max-image-preview":"max-image-preview:large","max-video-preview":"max-video-preview:-1"},"canonical":"https:\/\/illycafe.ch\/it\/professionisti\/servizi\/supporto\/","og_locale":"it_IT","og_type":"article","og_title":"Supporto tecnico - Illycaf\u00e9 | Premium Kaffee kaufen | Gastronomie, Firmen, Privat","og_description":"[vc_row full_width=&#8221;stretch_row_content&#8221; css=&#8221;.vc_custom_1747644496952{background-color: #F2E9DA !important;}&#8221;][vc_column][vc_empty_space height=&#8221;50px&#8221;][vc_column_text css=&#8221;&#8221; el_class=&#8221;titol-h2 brown&#8221;] Supporto [\/vc_column_text][vc_empty_space height=&#8221;20px&#8221;][vc_column_text css=&#8221;&#8221; el_class=&#8221;text-landing brown&#8221;] Supportiamo illy con soluzioni innovative e su misura [\/vc_column_text][vc_empty_space height=&#8221;60px&#8221;][vc_single_image image=&#8221;263786&#8243; img_size=&#8221;full&#8221; alignment=&#8221;center&#8221; css=&#8221;&#8221;][vc_empty_space height=&#8221;60px&#8221;][\/vc_column][\/vc_row][vc_row full_width=&#8221;stretch_row&#8221; css=&#8221;.vc_custom_1742808066917{background-color: #FBFBFB !important;}&#8221;][vc_column css=&#8221;.vc_custom_1719389360265{margin-top: 0px !important;padding-top: 0px !important;}&#8221;][vc_empty_space height=&#8221;50px&#8221;][vc_column_text css=&#8221;.vc_custom_1747649652190{margin-top: 0px !important;}&#8221; el_class=&#8221;titol-h3 brown&#8221;] INSIEME PER LA QUALIT\u00c0 IN TAZZA (E IN TUTTI GLI ALTRI AMBITI DELLA TUA ATTIVIT\u00c0) [\/vc_column_text][vc_empty_space height=&#8221;30px&#8221;][vc_column_text css=&#8221;&#8221; el_class=&#8221;titol-h5 brown&#8221;] Un espresso impeccabile, una macchina da caff\u00e8 [&hellip;]","og_url":"https:\/\/illycafe.ch\/it\/professionisti\/servizi\/supporto\/","og_site_name":"Illycaf\u00e9 | Premium Kaffee kaufen | Gastronomie, Firmen, Privat","article_modified_time":"2025-05-22T10:21:03+00:00","twitter_card":"summary_large_image","twitter_misc":{"Tempo di lettura stimato":"5 minuti"},"schema":{"@context":"https:\/\/schema.org","@graph":[{"@type":"WebPage","@id":"https:\/\/illycafe.ch\/it\/professionisti\/servizi\/supporto\/","url":"https:\/\/illycafe.ch\/it\/professionisti\/servizi\/supporto\/","name":"Supporto tecnico - Illycaf\u00e9 | Premium Kaffee kaufen | Gastronomie, Firmen, Privat","isPartOf":{"@id":"https:\/\/illycafe.ch\/#website"},"datePublished":"2025-05-19T10:20:06+00:00","dateModified":"2025-05-22T10:21:03+00:00","breadcrumb":{"@id":"https:\/\/illycafe.ch\/it\/professionisti\/servizi\/supporto\/#breadcrumb"},"inLanguage":"it-IT","potentialAction":[{"@type":"ReadAction","target":["https:\/\/illycafe.ch\/it\/professionisti\/servizi\/supporto\/"]}]},{"@type":"BreadcrumbList","@id":"https:\/\/illycafe.ch\/it\/professionisti\/servizi\/supporto\/#breadcrumb","itemListElement":[{"@type":"ListItem","position":1,"name":"Home","item":"https:\/\/illycafe.ch\/it\/"},{"@type":"ListItem","position":2,"name":"Macchina da caff\u00e8 professionale illy","item":"https:\/\/illycafe.ch\/it\/professionisti\/"},{"@type":"ListItem","position":3,"name":"Formazione barista: corsi e consigli","item":"https:\/\/illycafe.ch\/it\/professionisti\/servizi\/"},{"@type":"ListItem","position":4,"name":"Supporto tecnico"}]},{"@type":"WebSite","@id":"https:\/\/illycafe.ch\/#website","url":"https:\/\/illycafe.ch\/","name":"Illycaf\u00e9 | Premium Kaffee kaufen | Gastronomie, Firmen, Privat","description":"Italienische Kaffeekultur. Schweizer Qualit\u00e4t.","potentialAction":[{"@type":"SearchAction","target":{"@type":"EntryPoint","urlTemplate":"https:\/\/illycafe.ch\/?s={search_term_string}"},"query-input":{"@type":"PropertyValueSpecification","valueRequired":true,"valueName":"search_term_string"}}],"inLanguage":"it-IT"}]}},"_links":{"self":[{"href":"https:\/\/illycafe.ch\/it\/wp-json\/wp\/v2\/pages\/263784","targetHints":{"allow":["GET"]}}],"collection":[{"href":"https:\/\/illycafe.ch\/it\/wp-json\/wp\/v2\/pages"}],"about":[{"href":"https:\/\/illycafe.ch\/it\/wp-json\/wp\/v2\/types\/page"}],"author":[{"embeddable":true,"href":"https:\/\/illycafe.ch\/it\/wp-json\/wp\/v2\/users\/5358"}],"replies":[{"embeddable":true,"href":"https:\/\/illycafe.ch\/it\/wp-json\/wp\/v2\/comments?post=263784"}],"version-history":[{"count":0,"href":"https:\/\/illycafe.ch\/it\/wp-json\/wp\/v2\/pages\/263784\/revisions"}],"up":[{"embeddable":true,"href":"https:\/\/illycafe.ch\/it\/wp-json\/wp\/v2\/pages\/263672"}],"wp:attachment":[{"href":"https:\/\/illycafe.ch\/it\/wp-json\/wp\/v2\/media?parent=263784"}],"curies":[{"name":"wp","href":"https:\/\/api.w.org\/{rel}","templated":true}]}}