{"id":190878,"date":"2024-11-22T16:16:00","date_gmt":"2024-11-22T15:20:07","guid":{"rendered":"https:\/\/illycafe.ch\/?post_type=product&#038;p=190878"},"modified":"2024-11-22T16:20:08","modified_gmt":"2024-11-22T15:20:08","slug":"confezione-regalo-caffe-e-tazzina-da-espresso","status":"publish","type":"product","link":"https:\/\/illycafe.ch\/it\/prodotto\/confezione-regalo-caffe-e-tazzina-da-espresso\/","title":{"rendered":"Confezione regalo caff\u00e8 e tazzina da espresso"},"content":{"rendered":"<div class=\"wpb-content-wrapper\"><p>[vc_row][vc_column][vc_column_text css=&#8221;&#8221;]La speciale confezione natalizia contiene un barattolo da 250 gr di caff\u00e8 tostato CLASSICO e un\u2019iconica tazzina da espresso disegnata da Matteo Thun. Per un gusto morbido e vellutato da gustare con stile.[\/vc_column_text][\/vc_column][\/vc_row][vc_row el_class=&#8221;none-sub-products&#8221; el_id=&#8221;sub-product-acc&#8221; css=&#8221;.vc_custom_1722497764635{background-color: #f2e9da !important;}&#8221;][vc_column width=&#8221;1\/6&#8243;][\/vc_column][vc_column width=&#8221;2\/3&#8243; css=&#8221;.vc_custom_1722498426609{padding-top: 80px !important;padding-bottom: 80px !important;}&#8221;]<div class=\"eltdf-accordion-holder eltdf-ac-default  eltdf-toggle eltdf-ac-simple  clearfix\">\n\t<h4 class=\"eltdf-accordion-title\">\n    <span class=\"eltdf-accordion-mark\">\n\t\t<span class=\"eltdf_icon_plus icon_plus\"><\/span>\n\t\t<span class=\"eltdf_icon_minus icon_minus-06\"><\/span>\n\t<\/span>\n\t<span class=\"eltdf-tab-title\">Dettagli del prodotto<\/span>\n<\/h4>\n<div class=\"eltdf-accordion-content\">\n\t<div class=\"eltdf-accordion-content-inner\">\n\t\t[vc_column_text css=&#8221;&#8221;]La speciale confezione natalizia contiene un barattolo da 250 gr di caff\u00e8 tostato CLASSICO e un\u2019iconica tazzina da espresso disegnata da Matteo Thun. Per un gusto morbido e vellutato da gustare con stile.<\/p>\n<p>Rif. prodotto: <strong>25083ME<\/strong>[\/vc_column_text][vc_raw_html el_id=&#8221;btn-show&#8221;]JTNDYSUyMGNsYXNzJTNEJTIyYnV0dG9uLXN1Yi1wcm9kdWN0JTIyJTNFJTNDYnV0dG9uJTIwaWQlM0QlMjJidG4tc2hvdyUyMiUzRUluZm9ybWF6aW9uaSUyMG9iYmxpZ2F0b3JpZSUzQyUyRmJ1dHRvbiUzRSUzQyUyRmElM0U=[\/vc_raw_html][vc_row_inner el_id=&#8221;table-show&#8221; css=&#8221;.vc_custom_1724745708717{margin-top: 30px !important;}&#8221;][vc_column_inner width=&#8221;1\/2&#8243;][vc_raw_html]JTNDdGFibGUlM0UlMEElMDklM0N0Ym9keSUzRSUwQSUwOSUwOSUzQ3RyJTNFJTBBJTA5JTA5JTA5JTNDdGQlM0UlM0NzdHJvbmclM0VDb2RpY2UlMjBwcm9kb3R0byUzQyUyRnN0cm9uZyUzRSUzQyUyRnRkJTNFJTBBJTA5JTA5JTA5JTNDdGQlMjBjbGFzcyUzRCUyMnJpZ2h0JTIyJTNFNzk5ME1FJTNDJTJGdGQlM0UlMEElMDklMDklM0MlMkZ0ciUzRSUwQSUwOSUwOSUzQ3RyJTNFJTBBJTA5JTA5JTA5JTNDdGQlM0UlM0NzdHJvbmclM0VEZXNjcml6aW9uZSUyMGFydGljb2xvJTNDJTJGc3Ryb25nJTNFJTNDJTJGdGQlM0UlMEElMDklMDklMDklM0N0ZCUyMGNsYXNzJTNEJTIycmlnaHQlMjIlM0VDYWZmJUMzJUE4JTIwaW4lMjBDYXBzdWxlJTIwSXBlcmVzcHJlc3NvJTIwdG9zdGF0byUyMENMQVNTSUNPJTIwJTNDJTJGdGQlM0UlMEElMDklMDklM0MlMkZ0ciUzRSUwQSUwOSUwOSUzQ3RyJTNFJTBBJTA5JTA5JTA5JTNDdGQlM0UlM0NzdHJvbmclM0VEZW5vbWluYXppb25lJTIwZGVsbCUyN2FsaW1lbnRvJTNDJTJGc3Ryb25nJTNFJTNDJTJGdGQlM0UlMEElMDklMDklMDklM0N0ZCUyMGNsYXNzJTNEJTIycmlnaHQlMjIlM0VjYXBzdWxlJTIwbW9ub2Rvc2UlMjBkaSUyMGNhZmYlQzMlQTglMjBtYWNpbmF0byUzQyUyRnRkJTNFJTBBJTA5JTA5JTNDJTJGdHIlM0UlMEElMDklMDklM0N0ciUzRSUwQSUwOSUwOSUwOSUzQ3RkJTNFJTNDc3Ryb25nJTNFRWxlbmNvJTIwZGVnbGklMjBpbmdyZWRpZW50aSUzQyUyRnN0cm9uZyUzRSUzQyUyRnRkJTNFJTBBJTA5JTA5JTA5JTNDdGQlMjBjbGFzcyUzRCUyMnJpZ2h0JTIyJTNFY2FmZiVDMyVBOCUyMDEwMCUyNSUyMEFyYWJpY2ElM0MlMkZ0ZCUzRSUwQSUwOSUwOSUzQyUyRnRyJTNFJTBBJTA5JTA5JTNDdHIlM0UlMEElMDklMDklMDklM0N0ZCUzRSUzQ3N0cm9uZyUzRUxpc3RhJTIwYWxsZXJnZW5pJTNDJTJGc3Ryb25nJTNFJTNDJTJGdGQlM0UlMEElMDklMDklMDklM0N0ZCUyMGNsYXNzJTNEJTIycmlnaHQlMjIlM0VuLmEuJTNDJTJGdGQlM0UlMEElMDklMDklM0MlMkZ0ciUzRSUwQSUwOSUwOSUzQ3RyJTNFJTBBJTA5JTA5JTA5JTNDdGQlM0UlM0NzdHJvbmclM0VRdWFudGl0JUMzJUEwJTIwZGklMjBhbGN1bmklMjBpbmdyZWRpZW50aSUzQyUyRnN0cm9uZyUzRSUzQyUyRnRkJTNFJTBBJTA5JTA5JTA5JTNDdGQlMjBjbGFzcyUzRCUyMnJpZ2h0JTIyJTNFbi5hLiUzQyUyRnRkJTNFJTBBJTA5JTA5JTNDJTJGdHIlM0UlMEElMDklMDklM0N0ciUzRSUwQSUwOSUwOSUwOSUzQ3RkJTNFJTNDc3Ryb25nJTNFUXVhbnRpdCVDMyVBMCUyMG5ldHRhJTIwZGVsbCUyN2FsaW1lbnRvJTNDJTJGc3Ryb25nJTNFJTNDJTJGdGQlM0UlMEElMDklMDklMDklM0N0ZCUyMGNsYXNzJTNEJTIycmlnaHQlMjIlM0UxMjAlMkM2ZyUzQyUyRnRkJTNFJTBBJTA5JTA5JTNDJTJGdHIlM0UlMEElMDklMDklM0N0ciUzRSUwQSUwOSUwOSUwOSUzQ3RkJTNFJTNDc3Ryb25nJTNFQ29uZGl6aW9uaSUyMHBhcnRpY29sYXJpJTIwZGklMjBjb25zZXJ2YXppb25lJTIwZSUyRm8lMjBsZSUyMGNvbmRpemlvbmklMjBkJTI3aW1waWVnbyUzQyUyRnN0cm9uZyUzRSUzQyUyRnRkJTNFJTBBJTA5JTA5JTA5JTNDdGQlMjBjbGFzcyUzRCUyMnJpZ2h0JTIyJTNFQ29uc2VydmFyZSUyMGluJTIwbHVvZ28lMjBhc2NpdXR0byUyQyUyMHB1bGl0byUyMGUlMjBiZW4lMjBhcmVhdG8lMkMlMjBhbCUyMHJpcGFybyUyMGRhbGxhJTIwbHVjZSUyMHNvbGFyZSUyMGUlMjBkYSUyMGZvbnRpJTIwZGklMjBjYWxvcmUuJTNDJTJGdGQlM0UlMEElMDklMDklM0MlMkZ0ciUzRSUwQSUwOSUzQyUyRnRib2R5JTNFJTBBJTNDJTJGdGFibGUlM0U=[\/vc_raw_html][\/vc_column_inner][vc_column_inner width=&#8221;1\/2&#8243;][vc_raw_html]JTNDdGFibGUlM0UlMEElMDklM0N0Ym9keSUzRSUwQSUwOSUwOSUzQ3RyJTNFJTBBJTA5JTA5JTA5JTNDdGQlM0UlM0NzdHJvbmclM0VPcGVyYXRvcmUlMjBkZWwlMjBzZXR0b3JlJTIwYWxpbWVudGFyZSUzQyUyRnN0cm9uZyUzRSUzQyUyRnRkJTNFJTBBJTA5JTA5JTA5JTNDdGQlMjBjbGFzcyUzRCUyMnJpZ2h0JTIyJTNFUHJvZG90dG8lMjBlJTIwY29uZmV6aW9uYXRvJTIwZGElMjBpbGx5Y2FmZiVDMyVBOCUyMFMucC5BLiUyQyUyMHZpYSUyMEZsYXZpYSUyMDExMCUyQyUyMDM0MTQ3JTIwVHJpZXN0ZSUyQyUyMEl0YWxpYSUzQyUyRnRkJTNFJTBBJTA5JTA5JTNDJTJGdHIlM0UlMEElMDklMDklM0N0ciUzRSUwQSUwOSUwOSUwOSUzQ3RkJTNFJTNDc3Ryb25nJTNFUGFlc2UlMjBkJTI3b3JpZ2luZSUyMG8lMjBsdW9nbyUyMGRpJTIwcHJvdmVuaWVuemElM0MlMkZzdHJvbmclM0UlM0MlMkZ0ZCUzRSUwQSUwOSUwOSUwOSUzQ3RkJTIwY2xhc3MlM0QlMjJyaWdodCUyMiUzRSUzQyUyRnRkJTNFJTBBJTA5JTA5JTNDJTJGdHIlM0UlMEElMDklMDklM0N0ciUzRSUwQSUwOSUwOSUwOSUzQ3RkJTNFJTNDc3Ryb25nJTNFSXN0cnV6aW9uaSUyMHBlciUyMGwlMjd1c28lM0MlMkZzdHJvbmclM0UlM0MlMkZ0ZCUzRSUwQSUwOSUwOSUwOSUzQ3RkJTIwY2xhc3MlM0QlMjJyaWdodCUyMiUzRURhJTIwdXRpbGl6emFyc2klMjBlc2NsdXNpdmFtZW50ZSUyMGNvbiUyMG1hY2NoaW5lJTIwZXNwcmVzc28lMjAlRTIlODAlOUNJcGVyZXNwcmVzc28lRTIlODAlOUQuJTNDJTJGdGQlM0UlMEElMDklMDklM0MlMkZ0ciUzRSUwQSUwOSUwOSUzQ3RyJTNFJTBBJTA5JTA5JTA5JTNDdGQlM0UlM0NzdHJvbmclM0VUaXRvbG8lMjBhbGNvbG9tZXRyaWNvJTIwdm9sdW1pY28lMjBlZmZldHRpdm8lM0MlMkZzdHJvbmclM0UlM0MlMkZ0ZCUzRSUwQSUwOSUwOSUwOSUzQ3RkJTIwY2xhc3MlM0QlMjJyaWdodCUyMiUzRW4uYS4lM0MlMkZ0ZCUzRSUwQSUwOSUwOSUzQyUyRnRyJTNFJTBBJTA5JTA5JTNDdHIlM0UlMEElMDklMDklMDklM0N0ZCUzRSUzQ3N0cm9uZyUzRURpY2hpYXJhemlvbmUlMjBudXRyaXppb25hbGUlM0MlMkZzdHJvbmclM0UlM0MlMkZ0ZCUzRSUwQSUwOSUwOSUwOSUzQ3RkJTIwY2xhc3MlM0QlMjJyaWdodCUyMiUzRW4uYS4lM0MlMkZ0ZCUzRSUwQSUwOSUwOSUzQyUyRnRyJTNFJTBBJTA5JTA5JTNDdHIlM0UlMEElMDklMDklMDklM0N0ZCUzRSUzQ3N0cm9uZyUzRVVsdGVyaW9yaSUyMGluZGljYXppb25pJTNDJTJGc3Ryb25nJTNFJTNDJTJGdGQlM0UlMEElMDklMDklMDklM0N0ZCUyMGNsYXNzJTNEJTIycmlnaHQlMjIlM0VDYXBzdWxlJTIwbW9ub2Rvc2UlMjBkaSUyMGNhZmYlQzMlQTglMjBtYWNpbmF0byUyMHBlciUyMGVzcHJlc3NvJTIwY29uZmV6aW9uYXRlJTIwaW4lMjBhdG1vc2ZlcmElMjBwcm90ZXR0aXZhLiUyMERvcG8lMjBsJTI3YXBlcnR1cmElMkMlMjBjb25zdW1hcmUlMjBwcmVmZXJpYmlsbWVudGUlMjBlbnRybyUyMDE1JTIwZ2lvcm5pLiUyMENvbnRlbnV0byUyMGRpJTIwY2FmZmVpbmElMjBub24lMjBzdXBlcmlvcmUlMjBhJTIwMSUyQzUlMjUlM0MlMkZ0ZCUzRSUwQSUwOSUwOSUzQyUyRnRyJTNFJTBBJTA5JTNDJTJGdGJvZHklM0UlMEElM0MlMkZ0YWJsZSUzRQ==[\/vc_raw_html][\/vc_column_inner][\/vc_row_inner]\t<\/div>\n<\/div><h4 class=\"eltdf-accordion-title\">\n    <span class=\"eltdf-accordion-mark\">\n\t\t<span class=\"eltdf_icon_plus icon_plus\"><\/span>\n\t\t<span class=\"eltdf_icon_minus icon_minus-06\"><\/span>\n\t<\/span>\n\t<span class=\"eltdf-tab-title\">Spedizione<\/span>\n<\/h4>\n<div class=\"eltdf-accordion-content\">\n\t<div class=\"eltdf-accordion-content-inner\">\n\t\t[vc_column_text css=&#8221;&#8221;]Consegna, Costi di spedizione, Metodi di pagamento<\/p>\n<p><strong>Consegna:<\/strong><\/p>\n<p>Il tuo ordine verr\u00e0 consegnato in modo rapido e affidabile.<\/p>\n<p>Collaboriamo con SwissPost.<\/p>\n<p>Con la spedizione della merce, il rischio passa al compratore.<\/p>\n<p>Le informazioni sulla disponibilit\u00e0 e sui tempi di consegna non sono vincolanti, a meno che non siano confermate per iscritto dal venditore.<\/p>\n<p>La consegna avviene o tramite posta o secondo il piano di itinerari tramite camion, solo all&#8217;interno della Svizzera.<\/p>\n<p>Il tempo di consegna \u00e8 generalmente tra 3 e 5 giorni. Se il cliente lo richiede espressamente, gli ordini saranno spediti tramite servizio espresso o corriere. In questi casi, per\u00f2, le spese di spedizione verranno sempre addebitate.<\/p>\n<p><strong>Costi di spedizione:<\/strong><\/p>\n<p>Spedizione gratuita per ordini superiori a Fr.100.00<\/p>\n<p>Prodotti Illy Triest: Fr.10.25 \/ IVA inclusa e spedizione gratuita da Fr.100.00 Prodotti Illy Svizzera fino a 1,5 kg Fr.9.50 IVA inclusa \/ oltre 1,6 kg Fr.10.25 IVA inclusa Capsule da 1 a 7 pezzi Fr.4.75 IVA inclusa Capsule da 8 a 29 pezzi Fr.5.40 IVA inclusa Da 30 capsule spedizione gratuita<\/p>\n<p>Gli indirizzi di caselle postali non vengono serviti. Illycaf\u00e9 AG non \u00e8 responsabile per ritardi nelle consegne causati da aziende di trasporto o altri terzi.<\/p>\n<p>Gli ordini effettuati di sabato, domenica o durante i giorni festivi verranno elaborati al pi\u00f9 presto il giorno lavorativo successivo.<\/p>\n<p>Pu\u00f2 succedere che l&#8217;ordine venga confezionato in pi\u00f9 pacchi che potrebbero arrivare in giorni diversi.<\/p>\n<p><strong>Paypal<\/strong><\/p>\n<p>Carta di credito: VISA, MASTERCARD, AMERICAN EXPRESS<br \/>\n[\/vc_column_text]\t<\/div>\n<\/div><\/div>[\/vc_column][vc_column width=&#8221;1\/6&#8243;][\/vc_column][\/vc_row][vc_row el_class=&#8221;none-sub-products&#8221;][vc_column width=&#8221;1\/12&#8243;][\/vc_column][vc_column width=&#8221;10\/12&#8243;][vc_column_text]<div data-post-id=\"104374\" class=\"insert-page insert-page-104374 \"><style type=\"text\/css\" data-type=\"vc_custom-css\">div#illy-lovers-banner .titol-banner h4 {\r\n    font-size: 30px;\r\n    font-family: &#039;Manrope&#039;, sans-serif;\r\n    color: #512C1F !important;\r\n    font-weight: 500;\r\n    margin-top: 0px !important;\r\n    letter-spacing: 0px;\r\n}\r\n\r\ndiv#illy-lovers-banner .text-banner p{\r\n    font-family: &#039;Manrope&#039;, sans-serif;\r\n    color: #512c1f;\r\n    font-size: 16px;\r\n    font-weight: 500;\r\n}\r\n\r\na.btn-brown button {\r\n    background: #512c1f !important;\r\n    color: #fff !important;\r\n    letter-spacing: 0px;\r\n    border-radius: 5px !important;\r\n    padding: 8px 35px !important;\r\n    font-family: &#039;Manrope&#039;, sans-serif !important;\r\n    font-weight: 500;\r\n    font-size: 14px !important;\r\n    transition: linear 0.7s;\r\n    margin-top:10px !important;\r\n}\r\n\r\na.btn-brown button:hover {\r\n    box-shadow: inset 0px -100px 0px #D12420;\r\n\tcolor:#fff !important;\r\n}<\/style><style type=\"text\/css\" data-type=\"vc_shortcodes-custom-css\">.vc_custom_1723021922849{margin-top: 50px !important;margin-bottom: 80px !important;padding-top: 40px !important;padding-right: 30px !important;padding-bottom: 40px !important;padding-left: 30px !important;background: #ffffff url(https:\/\/illycafe.ch\/wp-content\/uploads\/img_04@2x.jpg?id=104376) !important;background-position: center !important;background-repeat: no-repeat !important;background-size: cover !important;}.vc_custom_1722931185055{margin-top: 0px !important;margin-bottom: 0px !important;margin-left: 0px !important;padding-top: 0px !important;padding-right: 0px !important;padding-bottom: 0px !important;padding-left: 0px !important;}<\/style><div class=\"wpb-content-wrapper\"><p>[vc_row css=&#8221;.vc_custom_1723021922849{margin-top: 50px !important;margin-bottom: 80px !important;padding-top: 40px !important;padding-right: 30px !important;padding-bottom: 40px !important;padding-left: 30px !important;background: #ffffff url(https:\/\/illycafe.ch\/wp-content\/uploads\/img_04@2x.jpg?id=104376) !important;background-position: center center;background-repeat: no-repeat !important;background-size: cover !important;}&#8221; el_id=&#8221;illy-lovers-banner&#8221;][vc_column css=&#8221;.vc_custom_1722931185055{margin-top: 0px !important;margin-bottom: 0px !important;margin-left: 0px !important;padding-top: 0px !important;padding-right: 0px !important;padding-bottom: 0px !important;padding-left: 0px !important;}&#8221;][vc_column_text el_class=&#8221;titol-banner&#8221;]<\/p>\n<h4>ILLY LOVERS<\/h4>\n<p>[\/vc_column_text][vc_column_text el_class=&#8221;text-banner&#8221;]Entra a far parte della community e scopri le sorprese<br \/>\ne i vantaggi esclusivi riservati a te.[\/vc_column_text][vc_raw_html]JTNDYSUyMGNsYXNzJTNEJTIyYnRuLWJyb3duJTIyJTNFJTNDYnV0dG9uJTNFSW5zY3JpYml0aSUyMG9yYSUzQyUyRmJ1dHRvbiUzRSUzQyUyRmElM0U=[\/vc_raw_html][\/vc_column][\/vc_row]<\/p>\n<\/div><\/div>[\/vc_column_text][\/vc_column][vc_column width=&#8221;1\/12&#8243;][\/vc_column][\/vc_row]<\/p>\n<\/div>","protected":false},"excerpt":{"rendered":"<p>Barattolo di caff\u00e8 macinato tostato CLASSICO con una tazzina da espresso firmata da Matteo Thun.<\/p>\n","protected":false},"featured_media":190876,"comment_status":"closed","ping_status":"closed","template":"","meta":{"inline_featured_image":false},"product_cat":[1339,1119,1095],"product_tag":[],"class_list":{"0":"post-190878","1":"product","2":"type-product","3":"status-publish","4":"has-post-thumbnail","6":"product_cat-confezioni-regalo","7":"product_cat-gift-accessori","8":"product_cat-shop-illy-s-p-a","10":"first","11":"instock","12":"taxable","13":"shipping-taxable","14":"purchasable","15":"product-type-simple"},"yoast_head":"<!-- This site is optimized with the Yoast SEO plugin v27.3 - https:\/\/yoast.com\/product\/yoast-seo-wordpress\/ -->\n<title>Confezione regalo caff\u00e8 e tazzina da espresso - Illycaf\u00e9 | Premium Kaffee kaufen | Gastronomie, Firmen, Privat<\/title>\n<meta name=\"robots\" content=\"index, follow, max-snippet:-1, max-image-preview:large, max-video-preview:-1\" \/>\n<link rel=\"canonical\" href=\"https:\/\/illycafe.ch\/it\/prodotto\/confezione-regalo-caffe-e-tazzina-da-espresso\/\" \/>\n<meta property=\"og:locale\" content=\"it_IT\" \/>\n<meta property=\"og:type\" content=\"article\" \/>\n<meta property=\"og:title\" content=\"Confezione regalo caff\u00e8 e tazzina da espresso - Illycaf\u00e9 | Premium Kaffee kaufen | Gastronomie, Firmen, Privat\" \/>\n<meta property=\"og:description\" content=\"Barattolo di caff\u00e8 macinato tostato CLASSICO con una tazzina da espresso firmata da Matteo Thun.\" \/>\n<meta property=\"og:url\" content=\"https:\/\/illycafe.ch\/it\/prodotto\/confezione-regalo-caffe-e-tazzina-da-espresso\/\" \/>\n<meta property=\"og:site_name\" content=\"Illycaf\u00e9 | Premium Kaffee kaufen | Gastronomie, Firmen, Privat\" \/>\n<meta property=\"article:modified_time\" content=\"2024-11-22T15:20:08+00:00\" \/>\n<meta property=\"og:image\" content=\"https:\/\/illycafe.ch\/wp-content\/uploads\/25083_High_1x_02.png\" \/>\n\t<meta property=\"og:image:width\" content=\"700\" \/>\n\t<meta property=\"og:image:height\" content=\"770\" \/>\n\t<meta property=\"og:image:type\" content=\"image\/png\" \/>\n<meta name=\"twitter:card\" content=\"summary_large_image\" \/>\n<meta name=\"twitter:label1\" content=\"Tempo di lettura stimato\" \/>\n\t<meta name=\"twitter:data1\" content=\"2 minuti\" \/>\n<script type=\"application\/ld+json\" class=\"yoast-schema-graph\">{\"@context\":\"https:\\\/\\\/schema.org\",\"@graph\":[{\"@type\":\"WebPage\",\"@id\":\"https:\\\/\\\/illycafe.ch\\\/it\\\/prodotto\\\/confezione-regalo-caffe-e-tazzina-da-espresso\\\/\",\"url\":\"https:\\\/\\\/illycafe.ch\\\/it\\\/prodotto\\\/confezione-regalo-caffe-e-tazzina-da-espresso\\\/\",\"name\":\"Confezione regalo caff\u00e8 e tazzina da espresso - Illycaf\u00e9 | Premium Kaffee kaufen | Gastronomie, Firmen, Privat\",\"isPartOf\":{\"@id\":\"https:\\\/\\\/illycafe.ch\\\/#website\"},\"primaryImageOfPage\":{\"@id\":\"https:\\\/\\\/illycafe.ch\\\/it\\\/prodotto\\\/confezione-regalo-caffe-e-tazzina-da-espresso\\\/#primaryimage\"},\"image\":{\"@id\":\"https:\\\/\\\/illycafe.ch\\\/it\\\/prodotto\\\/confezione-regalo-caffe-e-tazzina-da-espresso\\\/#primaryimage\"},\"thumbnailUrl\":\"https:\\\/\\\/illycafe.ch\\\/wp-content\\\/uploads\\\/25083_High_1x_02.png\",\"datePublished\":\"2024-11-22T15:20:07+00:00\",\"dateModified\":\"2024-11-22T15:20:08+00:00\",\"breadcrumb\":{\"@id\":\"https:\\\/\\\/illycafe.ch\\\/it\\\/prodotto\\\/confezione-regalo-caffe-e-tazzina-da-espresso\\\/#breadcrumb\"},\"inLanguage\":\"it-IT\",\"potentialAction\":[{\"@type\":\"ReadAction\",\"target\":[\"https:\\\/\\\/illycafe.ch\\\/it\\\/prodotto\\\/confezione-regalo-caffe-e-tazzina-da-espresso\\\/\"]}]},{\"@type\":\"ImageObject\",\"inLanguage\":\"it-IT\",\"@id\":\"https:\\\/\\\/illycafe.ch\\\/it\\\/prodotto\\\/confezione-regalo-caffe-e-tazzina-da-espresso\\\/#primaryimage\",\"url\":\"https:\\\/\\\/illycafe.ch\\\/wp-content\\\/uploads\\\/25083_High_1x_02.png\",\"contentUrl\":\"https:\\\/\\\/illycafe.ch\\\/wp-content\\\/uploads\\\/25083_High_1x_02.png\",\"width\":700,\"height\":770},{\"@type\":\"BreadcrumbList\",\"@id\":\"https:\\\/\\\/illycafe.ch\\\/it\\\/prodotto\\\/confezione-regalo-caffe-e-tazzina-da-espresso\\\/#breadcrumb\",\"itemListElement\":[{\"@type\":\"ListItem\",\"position\":1,\"name\":\"Home\",\"item\":\"https:\\\/\\\/illycafe.ch\\\/it\\\/\"},{\"@type\":\"ListItem\",\"position\":2,\"name\":\"Shop\",\"item\":\"https:\\\/\\\/illycafe.ch\\\/it\\\/shop\\\/\"},{\"@type\":\"ListItem\",\"position\":3,\"name\":\"Confezione regalo caff\u00e8 e tazzina da espresso\"}]},{\"@type\":\"WebSite\",\"@id\":\"https:\\\/\\\/illycafe.ch\\\/#website\",\"url\":\"https:\\\/\\\/illycafe.ch\\\/\",\"name\":\"Illycaf\u00e9 | Premium Kaffee kaufen | Gastronomie, Firmen, Privat\",\"description\":\"Italienische Kaffeekultur. Schweizer Qualit\u00e4t.\",\"potentialAction\":[{\"@type\":\"SearchAction\",\"target\":{\"@type\":\"EntryPoint\",\"urlTemplate\":\"https:\\\/\\\/illycafe.ch\\\/?s={search_term_string}\"},\"query-input\":{\"@type\":\"PropertyValueSpecification\",\"valueRequired\":true,\"valueName\":\"search_term_string\"}}],\"inLanguage\":\"it-IT\"}]}<\/script>\n<!-- \/ Yoast SEO plugin. -->","yoast_head_json":{"title":"Confezione regalo caff\u00e8 e tazzina da espresso - Illycaf\u00e9 | Premium Kaffee kaufen | Gastronomie, Firmen, Privat","robots":{"index":"index","follow":"follow","max-snippet":"max-snippet:-1","max-image-preview":"max-image-preview:large","max-video-preview":"max-video-preview:-1"},"canonical":"https:\/\/illycafe.ch\/it\/prodotto\/confezione-regalo-caffe-e-tazzina-da-espresso\/","og_locale":"it_IT","og_type":"article","og_title":"Confezione regalo caff\u00e8 e tazzina da espresso - Illycaf\u00e9 | Premium Kaffee kaufen | Gastronomie, Firmen, Privat","og_description":"Barattolo di caff\u00e8 macinato tostato CLASSICO con una tazzina da espresso firmata da Matteo Thun.","og_url":"https:\/\/illycafe.ch\/it\/prodotto\/confezione-regalo-caffe-e-tazzina-da-espresso\/","og_site_name":"Illycaf\u00e9 | Premium Kaffee kaufen | Gastronomie, Firmen, Privat","article_modified_time":"2024-11-22T15:20:08+00:00","og_image":[{"width":700,"height":770,"url":"https:\/\/illycafe.ch\/wp-content\/uploads\/25083_High_1x_02.png","type":"image\/png"}],"twitter_card":"summary_large_image","twitter_misc":{"Tempo di lettura stimato":"2 minuti"},"schema":{"@context":"https:\/\/schema.org","@graph":[{"@type":"WebPage","@id":"https:\/\/illycafe.ch\/it\/prodotto\/confezione-regalo-caffe-e-tazzina-da-espresso\/","url":"https:\/\/illycafe.ch\/it\/prodotto\/confezione-regalo-caffe-e-tazzina-da-espresso\/","name":"Confezione regalo caff\u00e8 e tazzina da espresso - Illycaf\u00e9 | Premium Kaffee kaufen | Gastronomie, Firmen, Privat","isPartOf":{"@id":"https:\/\/illycafe.ch\/#website"},"primaryImageOfPage":{"@id":"https:\/\/illycafe.ch\/it\/prodotto\/confezione-regalo-caffe-e-tazzina-da-espresso\/#primaryimage"},"image":{"@id":"https:\/\/illycafe.ch\/it\/prodotto\/confezione-regalo-caffe-e-tazzina-da-espresso\/#primaryimage"},"thumbnailUrl":"https:\/\/illycafe.ch\/wp-content\/uploads\/25083_High_1x_02.png","datePublished":"2024-11-22T15:20:07+00:00","dateModified":"2024-11-22T15:20:08+00:00","breadcrumb":{"@id":"https:\/\/illycafe.ch\/it\/prodotto\/confezione-regalo-caffe-e-tazzina-da-espresso\/#breadcrumb"},"inLanguage":"it-IT","potentialAction":[{"@type":"ReadAction","target":["https:\/\/illycafe.ch\/it\/prodotto\/confezione-regalo-caffe-e-tazzina-da-espresso\/"]}]},{"@type":"ImageObject","inLanguage":"it-IT","@id":"https:\/\/illycafe.ch\/it\/prodotto\/confezione-regalo-caffe-e-tazzina-da-espresso\/#primaryimage","url":"https:\/\/illycafe.ch\/wp-content\/uploads\/25083_High_1x_02.png","contentUrl":"https:\/\/illycafe.ch\/wp-content\/uploads\/25083_High_1x_02.png","width":700,"height":770},{"@type":"BreadcrumbList","@id":"https:\/\/illycafe.ch\/it\/prodotto\/confezione-regalo-caffe-e-tazzina-da-espresso\/#breadcrumb","itemListElement":[{"@type":"ListItem","position":1,"name":"Home","item":"https:\/\/illycafe.ch\/it\/"},{"@type":"ListItem","position":2,"name":"Shop","item":"https:\/\/illycafe.ch\/it\/shop\/"},{"@type":"ListItem","position":3,"name":"Confezione regalo caff\u00e8 e tazzina da espresso"}]},{"@type":"WebSite","@id":"https:\/\/illycafe.ch\/#website","url":"https:\/\/illycafe.ch\/","name":"Illycaf\u00e9 | Premium Kaffee kaufen | Gastronomie, Firmen, Privat","description":"Italienische Kaffeekultur. Schweizer Qualit\u00e4t.","potentialAction":[{"@type":"SearchAction","target":{"@type":"EntryPoint","urlTemplate":"https:\/\/illycafe.ch\/?s={search_term_string}"},"query-input":{"@type":"PropertyValueSpecification","valueRequired":true,"valueName":"search_term_string"}}],"inLanguage":"it-IT"}]}},"_links":{"self":[{"href":"https:\/\/illycafe.ch\/it\/wp-json\/wp\/v2\/product\/190878","targetHints":{"allow":["GET"]}}],"collection":[{"href":"https:\/\/illycafe.ch\/it\/wp-json\/wp\/v2\/product"}],"about":[{"href":"https:\/\/illycafe.ch\/it\/wp-json\/wp\/v2\/types\/product"}],"replies":[{"embeddable":true,"href":"https:\/\/illycafe.ch\/it\/wp-json\/wp\/v2\/comments?post=190878"}],"wp:featuredmedia":[{"embeddable":true,"href":"https:\/\/illycafe.ch\/it\/wp-json\/wp\/v2\/media\/190876"}],"wp:attachment":[{"href":"https:\/\/illycafe.ch\/it\/wp-json\/wp\/v2\/media?parent=190878"}],"wp:term":[{"taxonomy":"product_cat","embeddable":true,"href":"https:\/\/illycafe.ch\/it\/wp-json\/wp\/v2\/product_cat?post=190878"},{"taxonomy":"product_tag","embeddable":true,"href":"https:\/\/illycafe.ch\/it\/wp-json\/wp\/v2\/product_tag?post=190878"}],"curies":[{"name":"wp","href":"https:\/\/api.w.org\/{rel}","templated":true}]}}