{"id":25291,"date":"2026-02-10T18:17:29","date_gmt":"2026-02-10T17:17:29","guid":{"rendered":"https:\/\/illycafe.ch\/?post_type=product&#038;p=25291"},"modified":"2026-02-10T18:17:32","modified_gmt":"2026-02-10T17:17:32","slug":"utz-gourmet-napoli-macinato","status":"publish","type":"product","link":"https:\/\/illycafe.ch\/it\/prodotto\/utz-gourmet-napoli-macinato\/","title":{"rendered":"Gourmet Napoli \u2013 MACINATO"},"content":{"rendered":"<p>Torrefazione scura e raffinata &#8211; Gourmet Napoli \u00e8 la miscela italiana per eccellenza. Il gusto terroso e potente con note dolci di cioccolato soddisfa le papille dell&#8217;appassionato pi\u00f9 esigente. Un caff\u00e8 dal gusto fresco e persistente grazie ad una piacevole nota acida.<\/p>\n<p>Un caff\u00e8 con gran carattere per gli amanti dell&#8217;espresso e del ristretto che vogliono godere sino all&#8217;ultimo sorso dell&#8217;aroma speziato e di una bella crema.<\/p>\n","protected":false},"excerpt":{"rendered":"<p>Torrefazione scura e raffinata &#8211; Gourmet Napoli \u00e8 la miscela italiana per eccellenza. Il gusto terroso e potente con note dolci di cioccolato soddisfa le papille dell&#8217;appassionato pi\u00f9 esigente. Un caff\u00e8 dal gusto fresco e persistente grazie ad una piacevole nota acida. Un caff\u00e8 con gran carattere per gli amanti dell&#8217;espresso e del ristretto che vogliono godere sino all&#8217;ultimo sorso dell&#8217;aroma speziato e di una bella crema.<\/p>\n","protected":false},"featured_media":266914,"comment_status":"closed","ping_status":"closed","template":"","meta":{"inline_featured_image":false},"product_cat":[1364,413,416,402,409,410,412,403,405,411,406,407,408,414,415,758],"product_tag":[],"class_list":{"0":"post-25291","1":"product","2":"type-product","3":"status-publish","4":"has-post-thumbnail","6":"product_cat-illycafe-schweiz-it","7":"product_cat-02_espresso-it","8":"product_cat-rainfores-alliance-it","9":"product_cat-100-arabica-it","10":"product_cat-10_bohnen-typ-it","11":"product_cat-20_gemahlen-typ-it","12":"product_cat-01_ristretto-it","13":"product_cat-01_gourmet-it","14":"product_cat-brasilien-it","15":"product_cat-30_pods-typ-it","16":"product_cat-guatemala-it","17":"product_cat-ostafrika-it","18":"product_cat-indien-it","19":"product_cat-05_cappuccino-it","20":"product_cat-07_latte-macchiato-it","21":"product_cat-products-it","22":"pa_weight-250g-it","23":"processing-macinato","24":"coffee_bean-100-arabica-it","26":"first","27":"outofstock","28":"taxable","29":"shipping-taxable","30":"purchasable","31":"product-type-variable","32":"has-default-attributes"},"yoast_head":"<!-- This site is optimized with the Yoast SEO plugin v27.3 - https:\/\/yoast.com\/product\/yoast-seo-wordpress\/ -->\n<title>Gourmet Napoli \u2013 MACINATO - Illycaf\u00e9 | Premium Kaffee kaufen | Gastronomie, Firmen, Privat<\/title>\n<meta name=\"robots\" content=\"index, follow, max-snippet:-1, max-image-preview:large, max-video-preview:-1\" \/>\n<link rel=\"canonical\" href=\"https:\/\/illycafe.ch\/it\/prodotto\/utz-gourmet-napoli-macinato\/\" \/>\n<meta property=\"og:locale\" content=\"it_IT\" \/>\n<meta property=\"og:type\" content=\"article\" \/>\n<meta property=\"og:title\" content=\"Gourmet Napoli \u2013 MACINATO - Illycaf\u00e9 | Premium Kaffee kaufen | Gastronomie, Firmen, Privat\" \/>\n<meta property=\"og:description\" content=\"Torrefazione scura e raffinata &#8211; Gourmet Napoli \u00e8 la miscela italiana per eccellenza. Il gusto terroso e potente con note dolci di cioccolato soddisfa le papille dell&#8217;appassionato pi\u00f9 esigente. Un caff\u00e8 dal gusto fresco e persistente grazie ad una piacevole nota acida. Un caff\u00e8 con gran carattere per gli amanti dell&#8217;espresso e del ristretto che vogliono godere sino all&#8217;ultimo sorso dell&#8217;aroma speziato e di una bella crema.\" \/>\n<meta property=\"og:url\" content=\"https:\/\/illycafe.ch\/it\/prodotto\/utz-gourmet-napoli-macinato\/\" \/>\n<meta property=\"og:site_name\" content=\"Illycaf\u00e9 | Premium Kaffee kaufen | Gastronomie, Firmen, Privat\" \/>\n<meta property=\"article:modified_time\" content=\"2026-02-10T17:17:32+00:00\" \/>\n<meta property=\"og:image\" content=\"https:\/\/illycafe.ch\/wp-content\/uploads\/Gourmet_Ground_Coffee_Napoli_250g_08_2025-1.png\" \/>\n\t<meta property=\"og:image:width\" content=\"350\" \/>\n\t<meta property=\"og:image:height\" content=\"534\" \/>\n\t<meta property=\"og:image:type\" content=\"image\/png\" \/>\n<meta name=\"twitter:card\" content=\"summary_large_image\" \/>\n<meta name=\"twitter:label1\" content=\"Tempo di lettura stimato\" \/>\n\t<meta name=\"twitter:data1\" content=\"1 minuto\" \/>\n<script type=\"application\/ld+json\" class=\"yoast-schema-graph\">{\"@context\":\"https:\\\/\\\/schema.org\",\"@graph\":[{\"@type\":\"WebPage\",\"@id\":\"https:\\\/\\\/illycafe.ch\\\/it\\\/prodotto\\\/utz-gourmet-napoli-macinato\\\/\",\"url\":\"https:\\\/\\\/illycafe.ch\\\/it\\\/prodotto\\\/utz-gourmet-napoli-macinato\\\/\",\"name\":\"Gourmet Napoli \u2013 MACINATO - Illycaf\u00e9 | Premium Kaffee kaufen | Gastronomie, Firmen, Privat\",\"isPartOf\":{\"@id\":\"https:\\\/\\\/illycafe.ch\\\/#website\"},\"primaryImageOfPage\":{\"@id\":\"https:\\\/\\\/illycafe.ch\\\/it\\\/prodotto\\\/utz-gourmet-napoli-macinato\\\/#primaryimage\"},\"image\":{\"@id\":\"https:\\\/\\\/illycafe.ch\\\/it\\\/prodotto\\\/utz-gourmet-napoli-macinato\\\/#primaryimage\"},\"thumbnailUrl\":\"https:\\\/\\\/illycafe.ch\\\/wp-content\\\/uploads\\\/Gourmet_Ground_Coffee_Napoli_250g_08_2025-1.png\",\"datePublished\":\"2026-02-10T17:17:29+00:00\",\"dateModified\":\"2026-02-10T17:17:32+00:00\",\"breadcrumb\":{\"@id\":\"https:\\\/\\\/illycafe.ch\\\/it\\\/prodotto\\\/utz-gourmet-napoli-macinato\\\/#breadcrumb\"},\"inLanguage\":\"it-IT\",\"potentialAction\":[{\"@type\":\"ReadAction\",\"target\":[\"https:\\\/\\\/illycafe.ch\\\/it\\\/prodotto\\\/utz-gourmet-napoli-macinato\\\/\"]}]},{\"@type\":\"ImageObject\",\"inLanguage\":\"it-IT\",\"@id\":\"https:\\\/\\\/illycafe.ch\\\/it\\\/prodotto\\\/utz-gourmet-napoli-macinato\\\/#primaryimage\",\"url\":\"https:\\\/\\\/illycafe.ch\\\/wp-content\\\/uploads\\\/Gourmet_Ground_Coffee_Napoli_250g_08_2025-1.png\",\"contentUrl\":\"https:\\\/\\\/illycafe.ch\\\/wp-content\\\/uploads\\\/Gourmet_Ground_Coffee_Napoli_250g_08_2025-1.png\",\"width\":350,\"height\":534},{\"@type\":\"BreadcrumbList\",\"@id\":\"https:\\\/\\\/illycafe.ch\\\/it\\\/prodotto\\\/utz-gourmet-napoli-macinato\\\/#breadcrumb\",\"itemListElement\":[{\"@type\":\"ListItem\",\"position\":1,\"name\":\"Home\",\"item\":\"https:\\\/\\\/illycafe.ch\\\/it\\\/\"},{\"@type\":\"ListItem\",\"position\":2,\"name\":\"Shop\",\"item\":\"https:\\\/\\\/illycafe.ch\\\/it\\\/shop\\\/\"},{\"@type\":\"ListItem\",\"position\":3,\"name\":\"Gourmet Napoli \u2013 MACINATO\"}]},{\"@type\":\"WebSite\",\"@id\":\"https:\\\/\\\/illycafe.ch\\\/#website\",\"url\":\"https:\\\/\\\/illycafe.ch\\\/\",\"name\":\"Illycaf\u00e9 | Premium Kaffee kaufen | Gastronomie, Firmen, Privat\",\"description\":\"Italienische Kaffeekultur. Schweizer Qualit\u00e4t.\",\"potentialAction\":[{\"@type\":\"SearchAction\",\"target\":{\"@type\":\"EntryPoint\",\"urlTemplate\":\"https:\\\/\\\/illycafe.ch\\\/?s={search_term_string}\"},\"query-input\":{\"@type\":\"PropertyValueSpecification\",\"valueRequired\":true,\"valueName\":\"search_term_string\"}}],\"inLanguage\":\"it-IT\"}]}<\/script>\n<!-- \/ Yoast SEO plugin. -->","yoast_head_json":{"title":"Gourmet Napoli \u2013 MACINATO - Illycaf\u00e9 | Premium Kaffee kaufen | Gastronomie, Firmen, Privat","robots":{"index":"index","follow":"follow","max-snippet":"max-snippet:-1","max-image-preview":"max-image-preview:large","max-video-preview":"max-video-preview:-1"},"canonical":"https:\/\/illycafe.ch\/it\/prodotto\/utz-gourmet-napoli-macinato\/","og_locale":"it_IT","og_type":"article","og_title":"Gourmet Napoli \u2013 MACINATO - Illycaf\u00e9 | Premium Kaffee kaufen | Gastronomie, Firmen, Privat","og_description":"Torrefazione scura e raffinata &#8211; Gourmet Napoli \u00e8 la miscela italiana per eccellenza. Il gusto terroso e potente con note dolci di cioccolato soddisfa le papille dell&#8217;appassionato pi\u00f9 esigente. Un caff\u00e8 dal gusto fresco e persistente grazie ad una piacevole nota acida. Un caff\u00e8 con gran carattere per gli amanti dell&#8217;espresso e del ristretto che vogliono godere sino all&#8217;ultimo sorso dell&#8217;aroma speziato e di una bella crema.","og_url":"https:\/\/illycafe.ch\/it\/prodotto\/utz-gourmet-napoli-macinato\/","og_site_name":"Illycaf\u00e9 | Premium Kaffee kaufen | Gastronomie, Firmen, Privat","article_modified_time":"2026-02-10T17:17:32+00:00","og_image":[{"width":350,"height":534,"url":"https:\/\/illycafe.ch\/wp-content\/uploads\/Gourmet_Ground_Coffee_Napoli_250g_08_2025-1.png","type":"image\/png"}],"twitter_card":"summary_large_image","twitter_misc":{"Tempo di lettura stimato":"1 minuto"},"schema":{"@context":"https:\/\/schema.org","@graph":[{"@type":"WebPage","@id":"https:\/\/illycafe.ch\/it\/prodotto\/utz-gourmet-napoli-macinato\/","url":"https:\/\/illycafe.ch\/it\/prodotto\/utz-gourmet-napoli-macinato\/","name":"Gourmet Napoli \u2013 MACINATO - Illycaf\u00e9 | Premium Kaffee kaufen | Gastronomie, Firmen, Privat","isPartOf":{"@id":"https:\/\/illycafe.ch\/#website"},"primaryImageOfPage":{"@id":"https:\/\/illycafe.ch\/it\/prodotto\/utz-gourmet-napoli-macinato\/#primaryimage"},"image":{"@id":"https:\/\/illycafe.ch\/it\/prodotto\/utz-gourmet-napoli-macinato\/#primaryimage"},"thumbnailUrl":"https:\/\/illycafe.ch\/wp-content\/uploads\/Gourmet_Ground_Coffee_Napoli_250g_08_2025-1.png","datePublished":"2026-02-10T17:17:29+00:00","dateModified":"2026-02-10T17:17:32+00:00","breadcrumb":{"@id":"https:\/\/illycafe.ch\/it\/prodotto\/utz-gourmet-napoli-macinato\/#breadcrumb"},"inLanguage":"it-IT","potentialAction":[{"@type":"ReadAction","target":["https:\/\/illycafe.ch\/it\/prodotto\/utz-gourmet-napoli-macinato\/"]}]},{"@type":"ImageObject","inLanguage":"it-IT","@id":"https:\/\/illycafe.ch\/it\/prodotto\/utz-gourmet-napoli-macinato\/#primaryimage","url":"https:\/\/illycafe.ch\/wp-content\/uploads\/Gourmet_Ground_Coffee_Napoli_250g_08_2025-1.png","contentUrl":"https:\/\/illycafe.ch\/wp-content\/uploads\/Gourmet_Ground_Coffee_Napoli_250g_08_2025-1.png","width":350,"height":534},{"@type":"BreadcrumbList","@id":"https:\/\/illycafe.ch\/it\/prodotto\/utz-gourmet-napoli-macinato\/#breadcrumb","itemListElement":[{"@type":"ListItem","position":1,"name":"Home","item":"https:\/\/illycafe.ch\/it\/"},{"@type":"ListItem","position":2,"name":"Shop","item":"https:\/\/illycafe.ch\/it\/shop\/"},{"@type":"ListItem","position":3,"name":"Gourmet Napoli \u2013 MACINATO"}]},{"@type":"WebSite","@id":"https:\/\/illycafe.ch\/#website","url":"https:\/\/illycafe.ch\/","name":"Illycaf\u00e9 | Premium Kaffee kaufen | Gastronomie, Firmen, Privat","description":"Italienische Kaffeekultur. Schweizer Qualit\u00e4t.","potentialAction":[{"@type":"SearchAction","target":{"@type":"EntryPoint","urlTemplate":"https:\/\/illycafe.ch\/?s={search_term_string}"},"query-input":{"@type":"PropertyValueSpecification","valueRequired":true,"valueName":"search_term_string"}}],"inLanguage":"it-IT"}]}},"_links":{"self":[{"href":"https:\/\/illycafe.ch\/it\/wp-json\/wp\/v2\/product\/25291","targetHints":{"allow":["GET"]}}],"collection":[{"href":"https:\/\/illycafe.ch\/it\/wp-json\/wp\/v2\/product"}],"about":[{"href":"https:\/\/illycafe.ch\/it\/wp-json\/wp\/v2\/types\/product"}],"replies":[{"embeddable":true,"href":"https:\/\/illycafe.ch\/it\/wp-json\/wp\/v2\/comments?post=25291"}],"wp:featuredmedia":[{"embeddable":true,"href":"https:\/\/illycafe.ch\/it\/wp-json\/wp\/v2\/media\/266914"}],"wp:attachment":[{"href":"https:\/\/illycafe.ch\/it\/wp-json\/wp\/v2\/media?parent=25291"}],"wp:term":[{"taxonomy":"product_cat","embeddable":true,"href":"https:\/\/illycafe.ch\/it\/wp-json\/wp\/v2\/product_cat?post=25291"},{"taxonomy":"product_tag","embeddable":true,"href":"https:\/\/illycafe.ch\/it\/wp-json\/wp\/v2\/product_tag?post=25291"}],"curies":[{"name":"wp","href":"https:\/\/api.w.org\/{rel}","templated":true}]}}