{"id":410436,"date":"2025-09-23T12:49:31","date_gmt":"2025-09-23T10:49:31","guid":{"rendered":"https:\/\/illycafe.ch\/?post_type=product&#038;p=410436"},"modified":"2025-09-23T16:06:00","modified_gmt":"2025-09-23T14:06:00","slug":"set-di-4-tazze-da-cappuccino-illy-art-collection-john-armleder","status":"publish","type":"product","link":"https:\/\/illycafe.ch\/it\/prodotto\/set-di-4-tazze-da-cappuccino-illy-art-collection-john-armleder\/","title":{"rendered":"Set di 4 Tazze Da Cappuccino &#8211; Illy Art Collection John Armleder"},"content":{"rendered":"<div class=\"wpb-content-wrapper\"><p>[vc_row][vc_column][vc_column_text css=&#8221;&#8221;][\/vc_column_text][\/vc_column][\/vc_row][vc_row el_class=&#8221;none-sub-products&#8221; el_id=&#8221;sub-product-acc&#8221; css=&#8221;.vc_custom_1722497764635{background-color: #f2e9da !important;}&#8221;][vc_column width=&#8221;1\/6&#8243;][\/vc_column][vc_column width=&#8221;2\/3&#8243; css=&#8221;.vc_custom_1722498426609{padding-top: 80px !important;padding-bottom: 80px !important;}&#8221;]<div class=\"eltdf-accordion-holder eltdf-ac-default  eltdf-toggle eltdf-ac-simple  clearfix\">\n\t<h4 class=\"eltdf-accordion-title\">\n    <span class=\"eltdf-accordion-mark\">\n\t\t<span class=\"eltdf_icon_plus icon_plus\"><\/span>\n\t\t<span class=\"eltdf_icon_minus icon_minus-06\"><\/span>\n\t<\/span>\n\t<span class=\"eltdf-tab-title\">Dettagli del prodotto<\/span>\n<\/h4>\n<div class=\"eltdf-accordion-content\">\n\t<div class=\"eltdf-accordion-content-inner\">\n\t\t[vc_column_text css=&#8221;&#8221;]Per John Armleder, una disco ball \u00e8 \u201cuna combinazione di forme pure e di movimento, una sfera ricoperta da una moltitudine di elementi quadrati, il movimento rotatorio di un oggetto che rende un ambiente mutevole con i suoi riflessi\u201d.<\/p>\n<p>\u00c8 cos\u00ec che la nostra iconica tazzina da caff\u00e8 si \u00e8 trasformata in una disco ball. La serie di tazzine realizzata da John Armleder per illy Art Collection \u00e8 intitolata \u201cTastes\u201d, ricrea gli stessi riflessi di luce ed effetti di quella installazione. Dice: &#8220;una tazza \u00e8 una tazza. D&#8217;altra parte, potrebbe riflettere ci\u00f2 che contiene. E, aggiunge, potr\u00e0 rappresentare il tempo\u201d.<\/p>\n<p>La confezione contiene quattro tazze da cappuccino.<\/p>\n<p>Rif. prodotto: <strong>25567<\/strong>[\/vc_column_text]\t<\/div>\n<\/div><h4 class=\"eltdf-accordion-title\">\n    <span class=\"eltdf-accordion-mark\">\n\t\t<span class=\"eltdf_icon_plus icon_plus\"><\/span>\n\t\t<span class=\"eltdf_icon_minus icon_minus-06\"><\/span>\n\t<\/span>\n\t<span class=\"eltdf-tab-title\">Spedizione<\/span>\n<\/h4>\n<div class=\"eltdf-accordion-content\">\n\t<div class=\"eltdf-accordion-content-inner\">\n\t\t[vc_column_text css=&#8221;&#8221;]Consegna, Costi di spedizione, Metodi di pagamento<\/p>\n<p><strong>Consegna:<\/strong><\/p>\n<p>Il tuo ordine verr\u00e0 consegnato in modo rapido e affidabile.<\/p>\n<p>Collaboriamo con SwissPost.<\/p>\n<p>Con la spedizione della merce, il rischio passa al compratore.<\/p>\n<p>Le informazioni sulla disponibilit\u00e0 e sui tempi di consegna non sono vincolanti, a meno che non siano confermate per iscritto dal venditore.<\/p>\n<p>La consegna avviene o tramite posta o secondo il piano di itinerari tramite camion, solo all&#8217;interno della Svizzera.<\/p>\n<p>Il tempo di consegna \u00e8 generalmente tra 3 e 5 giorni. Se il cliente lo richiede espressamente, gli ordini saranno spediti tramite servizio espresso o corriere. In questi casi, per\u00f2, le spese di spedizione verranno sempre addebitate.<\/p>\n<p><strong>Costi di spedizione:<\/strong><\/p>\n<p>Spedizione gratuita per ordini superiori a Fr.100.00<\/p>\n<p>Prodotti Illy Triest: Fr.10.25 \/ IVA inclusa e spedizione gratuita da Fr.100.00 Prodotti Illy Svizzera fino a 1,5 kg Fr.9.50 IVA inclusa \/ oltre 1,6 kg Fr.10.25 IVA inclusa Capsule da 1 a 7 pezzi Fr.4.75 IVA inclusa Capsule da 8 a 29 pezzi Fr.5.40 IVA inclusa Da 30 capsule spedizione gratuita<\/p>\n<p>Gli indirizzi di caselle postali non vengono serviti. Illycaf\u00e9 AG non \u00e8 responsabile per ritardi nelle consegne causati da aziende di trasporto o altri terzi.<\/p>\n<p>Gli ordini effettuati di sabato, domenica o durante i giorni festivi verranno elaborati al pi\u00f9 presto il giorno lavorativo successivo.<\/p>\n<p>Pu\u00f2 succedere che l&#8217;ordine venga confezionato in pi\u00f9 pacchi che potrebbero arrivare in giorni diversi.<\/p>\n<p><strong>Paypal<\/strong><\/p>\n<p>Carta di credito: VISA, MASTERCARD, AMERICAN EXPRESS<br \/>\n[\/vc_column_text]\t<\/div>\n<\/div><\/div>[\/vc_column][vc_column width=&#8221;1\/6&#8243;][\/vc_column][\/vc_row][vc_row el_class=&#8221;none-sub-products&#8221; css=&#8221;.vc_custom_1758634681761{padding-bottom: 105px !important;background-color: #FFFFFF !important;}&#8221;][vc_column width=&#8221;1\/12&#8243;][\/vc_column][vc_column width=&#8221;10\/12&#8243;][vc_column_text css=&#8221;&#8221;]<div data-post-id=\"221719\" class=\"insert-page insert-page-221719 \"><style type=\"text\/css\" data-type=\"vc_custom-css\">.promo-text h3{\r\n    font-size: 24px;\r\n    color: #512C1F !important;\r\n    font-weight: 700 !important;\r\n    font-family: &#039;Manrope&#039;, sans-serif !important;\r\n    letter-spacing: 0px !important;\r\n}\r\n\r\n.promo-text h5{\r\n    font-size: 16px !important;\r\n    text-align: center;\r\n    color: #512C1F !important;\r\n    font-family: &#039;Manrope&#039;, sans-serif !important;\r\n    letter-spacing: 0px !important;\r\n}\r\n\r\n.promo-text p{\r\n    font-size: 11px !important;\r\n    text-align: center !important;\r\n    margin-top: 0px;\r\n    color: #636660;\r\n    font-family: &#039;Manrope&#039;, sans-serif !important;\r\n    letter-spacing: 0px !important;\r\n}<\/style><style type=\"text\/css\" data-type=\"vc_shortcodes-custom-css\">.vc_custom_1744117351675{margin-top: 70px !important;padding-top: 40px !important;padding-right: 30px !important;padding-bottom: 40px !important;padding-left: 30px !important;background: #ffffff url(https:\/\/illycafe.ch\/wp-content\/uploads\/illylovers.webp?id=221722) !important;background-position: center !important;background-repeat: no-repeat !important;background-size: cover !important;}.vc_custom_1744117502440{margin-top: 70px !important;padding-top: 40px !important;padding-right: 30px !important;padding-bottom: 40px !important;padding-left: 30px !important;background: #ffffff url(https:\/\/illycafe.ch\/wp-content\/uploads\/illylovers-mobile.png?id=221727) !important;background-position: center !important;background-repeat: no-repeat !important;background-size: cover !important;}.vc_custom_1722931185055{margin-top: 0px !important;margin-bottom: 0px !important;margin-left: 0px !important;padding-top: 0px !important;padding-right: 0px !important;padding-bottom: 0px !important;padding-left: 0px !important;}<\/style><div class=\"wpb-content-wrapper\"><p>[vc_row css=&#8221;.vc_custom_1744117351675{margin-top: 70px !important;padding-top: 40px !important;padding-right: 30px !important;padding-bottom: 40px !important;padding-left: 30px !important;background: #ffffff url(https:\/\/illycafe.ch\/wp-content\/uploads\/illylovers.webp?id=221722) !important;background-position: center center;background-repeat: no-repeat !important;background-size: cover !important;}&#8221; el_id=&#8221;illy-lovers-banner&#8221; el_class=&#8221;desktop-only&#8221;][vc_column css=&#8221;.vc_custom_1722931185055{margin-top: 0px !important;margin-bottom: 0px !important;margin-left: 0px !important;padding-top: 0px !important;padding-right: 0px !important;padding-bottom: 0px !important;padding-left: 0px !important;}&#8221;][vc_column_text css=&#8221;&#8221; el_class=&#8221;titol-banner&#8221;]<\/p>\n<h4>illy Lovers<\/h4>\n<p>[\/vc_column_text][vc_column_text css=&#8221;&#8221; el_class=&#8221;text-banner&#8221;]Entra a far parte della community e scopri le sorprese<br \/>\ne i vantaggi esclusivi riservati a te.[\/vc_column_text][vc_raw_html css=&#8221;&#8221;]JTNDYSUyMGNsYXNzJTNEJTIyYnV0dG9uLXN1Yi1wcm9kdWN0JTIyJTIwaHJlZiUzRCUyMiUyM0Fib25uZW1lbnRvJTIyJTNFJTNDYnV0dG9uJTNFSW5zY3Jpdml0aSUyMG9yYSUzQyUyRmJ1dHRvbiUzRSUzQyUyRmElM0UlMEE=[\/vc_raw_html][\/vc_column][\/vc_row][vc_row css=&#8221;.vc_custom_1744117502440{margin-top: 70px !important;padding-top: 40px !important;padding-right: 30px !important;padding-bottom: 40px !important;padding-left: 30px !important;background: #ffffff url(https:\/\/illycafe.ch\/wp-content\/uploads\/illylovers-mobile.png?id=221727) !important;background-position: center center;background-repeat: no-repeat !important;background-size: cover !important;}&#8221; el_id=&#8221;illy-lovers-banner&#8221; el_class=&#8221;mobile-only&#8221;][vc_column css=&#8221;.vc_custom_1722931185055{margin-top: 0px !important;margin-bottom: 0px !important;margin-left: 0px !important;padding-top: 0px !important;padding-right: 0px !important;padding-bottom: 0px !important;padding-left: 0px !important;}&#8221;][vc_column_text css=&#8221;&#8221; el_class=&#8221;titol-banner&#8221;]<\/p>\n<h4>illy Lovers<\/h4>\n<p>[\/vc_column_text][vc_column_text css=&#8221;&#8221; el_class=&#8221;text-banner&#8221;]Entra a far parte della community e scopri le sorprese<br \/>\ne i vantaggi esclusivi riservati a te.[\/vc_column_text][vc_raw_html css=&#8221;&#8221;]JTNDYSUyMGNsYXNzJTNEJTIyYnV0dG9uLXN1Yi1wcm9kdWN0JTIyJTIwaHJlZiUzRCUyMiUyM0Fib25uZW1lbnRvJTIyJTNFJTNDYnV0dG9uJTNFSW5zY3Jpdml0aSUyMG9yYSUzQyUyRmJ1dHRvbiUzRSUzQyUyRmElM0UlMEE=[\/vc_raw_html][\/vc_column][\/vc_row]<\/p>\n<\/div><\/div>[\/vc_column_text][\/vc_column][vc_column width=&#8221;1\/12&#8243;][\/vc_column][\/vc_row]<\/p>\n<\/div>","protected":false},"excerpt":{"rendered":"<p>4 tazze da cappuccino della illy Art Collection John Armleder<\/p>\n","protected":false},"featured_media":410439,"comment_status":"closed","ping_status":"closed","template":"","meta":{"inline_featured_image":false},"product_cat":[1336,1122,1119,1095],"product_tag":[],"class_list":{"0":"post-410436","1":"product","2":"type-product","3":"status-publish","4":"has-post-thumbnail","6":"product_cat-tazze-da-cappuccino","7":"product_cat-illy-art-collection","8":"product_cat-gift-accessori","9":"product_cat-shop-illy-s-p-a","11":"first","12":"instock","13":"taxable","14":"shipping-taxable","15":"purchasable","16":"product-type-simple"},"yoast_head":"<!-- This site is optimized with the Yoast SEO plugin v27.3 - https:\/\/yoast.com\/product\/yoast-seo-wordpress\/ -->\n<title>Set di 4 Tazze Da Cappuccino - Illy Art Collection John Armleder - Illycaf\u00e9 | Premium Kaffee kaufen | Gastronomie, Firmen, Privat<\/title>\n<meta name=\"robots\" content=\"index, follow, max-snippet:-1, max-image-preview:large, max-video-preview:-1\" \/>\n<link rel=\"canonical\" href=\"https:\/\/illycafe.ch\/it\/prodotto\/set-di-4-tazze-da-cappuccino-illy-art-collection-john-armleder\/\" \/>\n<meta property=\"og:locale\" content=\"it_IT\" \/>\n<meta property=\"og:type\" content=\"article\" \/>\n<meta property=\"og:title\" content=\"Set di 4 Tazze Da Cappuccino - Illy Art Collection John Armleder - Illycaf\u00e9 | Premium Kaffee kaufen | Gastronomie, Firmen, Privat\" \/>\n<meta property=\"og:description\" content=\"4 tazze da cappuccino della illy Art Collection John Armleder\" \/>\n<meta property=\"og:url\" content=\"https:\/\/illycafe.ch\/it\/prodotto\/set-di-4-tazze-da-cappuccino-illy-art-collection-john-armleder\/\" \/>\n<meta property=\"og:site_name\" content=\"Illycaf\u00e9 | Premium Kaffee kaufen | Gastronomie, Firmen, Privat\" \/>\n<meta property=\"article:modified_time\" content=\"2025-09-23T14:06:00+00:00\" \/>\n<meta property=\"og:image\" content=\"https:\/\/illycafe.ch\/wp-content\/uploads\/25567_High_1x_05.png\" \/>\n\t<meta property=\"og:image:width\" content=\"700\" \/>\n\t<meta property=\"og:image:height\" content=\"770\" \/>\n\t<meta property=\"og:image:type\" content=\"image\/png\" \/>\n<meta name=\"twitter:card\" content=\"summary_large_image\" \/>\n<meta name=\"twitter:label1\" content=\"Tempo di lettura stimato\" \/>\n\t<meta name=\"twitter:data1\" content=\"2 minuti\" \/>\n<script type=\"application\/ld+json\" class=\"yoast-schema-graph\">{\"@context\":\"https:\\\/\\\/schema.org\",\"@graph\":[{\"@type\":\"WebPage\",\"@id\":\"https:\\\/\\\/illycafe.ch\\\/it\\\/prodotto\\\/set-di-4-tazze-da-cappuccino-illy-art-collection-john-armleder\\\/\",\"url\":\"https:\\\/\\\/illycafe.ch\\\/it\\\/prodotto\\\/set-di-4-tazze-da-cappuccino-illy-art-collection-john-armleder\\\/\",\"name\":\"Set di 4 Tazze Da Cappuccino - Illy Art Collection John Armleder - Illycaf\u00e9 | Premium Kaffee kaufen | Gastronomie, Firmen, Privat\",\"isPartOf\":{\"@id\":\"https:\\\/\\\/illycafe.ch\\\/#website\"},\"primaryImageOfPage\":{\"@id\":\"https:\\\/\\\/illycafe.ch\\\/it\\\/prodotto\\\/set-di-4-tazze-da-cappuccino-illy-art-collection-john-armleder\\\/#primaryimage\"},\"image\":{\"@id\":\"https:\\\/\\\/illycafe.ch\\\/it\\\/prodotto\\\/set-di-4-tazze-da-cappuccino-illy-art-collection-john-armleder\\\/#primaryimage\"},\"thumbnailUrl\":\"https:\\\/\\\/illycafe.ch\\\/wp-content\\\/uploads\\\/25567_High_1x_05.png\",\"datePublished\":\"2025-09-23T10:49:31+00:00\",\"dateModified\":\"2025-09-23T14:06:00+00:00\",\"breadcrumb\":{\"@id\":\"https:\\\/\\\/illycafe.ch\\\/it\\\/prodotto\\\/set-di-4-tazze-da-cappuccino-illy-art-collection-john-armleder\\\/#breadcrumb\"},\"inLanguage\":\"it-IT\",\"potentialAction\":[{\"@type\":\"ReadAction\",\"target\":[\"https:\\\/\\\/illycafe.ch\\\/it\\\/prodotto\\\/set-di-4-tazze-da-cappuccino-illy-art-collection-john-armleder\\\/\"]}]},{\"@type\":\"ImageObject\",\"inLanguage\":\"it-IT\",\"@id\":\"https:\\\/\\\/illycafe.ch\\\/it\\\/prodotto\\\/set-di-4-tazze-da-cappuccino-illy-art-collection-john-armleder\\\/#primaryimage\",\"url\":\"https:\\\/\\\/illycafe.ch\\\/wp-content\\\/uploads\\\/25567_High_1x_05.png\",\"contentUrl\":\"https:\\\/\\\/illycafe.ch\\\/wp-content\\\/uploads\\\/25567_High_1x_05.png\",\"width\":700,\"height\":770},{\"@type\":\"BreadcrumbList\",\"@id\":\"https:\\\/\\\/illycafe.ch\\\/it\\\/prodotto\\\/set-di-4-tazze-da-cappuccino-illy-art-collection-john-armleder\\\/#breadcrumb\",\"itemListElement\":[{\"@type\":\"ListItem\",\"position\":1,\"name\":\"Home\",\"item\":\"https:\\\/\\\/illycafe.ch\\\/it\\\/\"},{\"@type\":\"ListItem\",\"position\":2,\"name\":\"Shop\",\"item\":\"https:\\\/\\\/illycafe.ch\\\/it\\\/shop\\\/\"},{\"@type\":\"ListItem\",\"position\":3,\"name\":\"Set di 4 Tazze Da Cappuccino &#8211; Illy Art Collection John Armleder\"}]},{\"@type\":\"WebSite\",\"@id\":\"https:\\\/\\\/illycafe.ch\\\/#website\",\"url\":\"https:\\\/\\\/illycafe.ch\\\/\",\"name\":\"Illycaf\u00e9 | Premium Kaffee kaufen | Gastronomie, Firmen, Privat\",\"description\":\"Italienische Kaffeekultur. Schweizer Qualit\u00e4t.\",\"potentialAction\":[{\"@type\":\"SearchAction\",\"target\":{\"@type\":\"EntryPoint\",\"urlTemplate\":\"https:\\\/\\\/illycafe.ch\\\/?s={search_term_string}\"},\"query-input\":{\"@type\":\"PropertyValueSpecification\",\"valueRequired\":true,\"valueName\":\"search_term_string\"}}],\"inLanguage\":\"it-IT\"}]}<\/script>\n<!-- \/ Yoast SEO plugin. -->","yoast_head_json":{"title":"Set di 4 Tazze Da Cappuccino - Illy Art Collection John Armleder - Illycaf\u00e9 | Premium Kaffee kaufen | Gastronomie, Firmen, Privat","robots":{"index":"index","follow":"follow","max-snippet":"max-snippet:-1","max-image-preview":"max-image-preview:large","max-video-preview":"max-video-preview:-1"},"canonical":"https:\/\/illycafe.ch\/it\/prodotto\/set-di-4-tazze-da-cappuccino-illy-art-collection-john-armleder\/","og_locale":"it_IT","og_type":"article","og_title":"Set di 4 Tazze Da Cappuccino - Illy Art Collection John Armleder - Illycaf\u00e9 | Premium Kaffee kaufen | Gastronomie, Firmen, Privat","og_description":"4 tazze da cappuccino della illy Art Collection John Armleder","og_url":"https:\/\/illycafe.ch\/it\/prodotto\/set-di-4-tazze-da-cappuccino-illy-art-collection-john-armleder\/","og_site_name":"Illycaf\u00e9 | Premium Kaffee kaufen | Gastronomie, Firmen, Privat","article_modified_time":"2025-09-23T14:06:00+00:00","og_image":[{"width":700,"height":770,"url":"https:\/\/illycafe.ch\/wp-content\/uploads\/25567_High_1x_05.png","type":"image\/png"}],"twitter_card":"summary_large_image","twitter_misc":{"Tempo di lettura stimato":"2 minuti"},"schema":{"@context":"https:\/\/schema.org","@graph":[{"@type":"WebPage","@id":"https:\/\/illycafe.ch\/it\/prodotto\/set-di-4-tazze-da-cappuccino-illy-art-collection-john-armleder\/","url":"https:\/\/illycafe.ch\/it\/prodotto\/set-di-4-tazze-da-cappuccino-illy-art-collection-john-armleder\/","name":"Set di 4 Tazze Da Cappuccino - Illy Art Collection John Armleder - Illycaf\u00e9 | Premium Kaffee kaufen | Gastronomie, Firmen, Privat","isPartOf":{"@id":"https:\/\/illycafe.ch\/#website"},"primaryImageOfPage":{"@id":"https:\/\/illycafe.ch\/it\/prodotto\/set-di-4-tazze-da-cappuccino-illy-art-collection-john-armleder\/#primaryimage"},"image":{"@id":"https:\/\/illycafe.ch\/it\/prodotto\/set-di-4-tazze-da-cappuccino-illy-art-collection-john-armleder\/#primaryimage"},"thumbnailUrl":"https:\/\/illycafe.ch\/wp-content\/uploads\/25567_High_1x_05.png","datePublished":"2025-09-23T10:49:31+00:00","dateModified":"2025-09-23T14:06:00+00:00","breadcrumb":{"@id":"https:\/\/illycafe.ch\/it\/prodotto\/set-di-4-tazze-da-cappuccino-illy-art-collection-john-armleder\/#breadcrumb"},"inLanguage":"it-IT","potentialAction":[{"@type":"ReadAction","target":["https:\/\/illycafe.ch\/it\/prodotto\/set-di-4-tazze-da-cappuccino-illy-art-collection-john-armleder\/"]}]},{"@type":"ImageObject","inLanguage":"it-IT","@id":"https:\/\/illycafe.ch\/it\/prodotto\/set-di-4-tazze-da-cappuccino-illy-art-collection-john-armleder\/#primaryimage","url":"https:\/\/illycafe.ch\/wp-content\/uploads\/25567_High_1x_05.png","contentUrl":"https:\/\/illycafe.ch\/wp-content\/uploads\/25567_High_1x_05.png","width":700,"height":770},{"@type":"BreadcrumbList","@id":"https:\/\/illycafe.ch\/it\/prodotto\/set-di-4-tazze-da-cappuccino-illy-art-collection-john-armleder\/#breadcrumb","itemListElement":[{"@type":"ListItem","position":1,"name":"Home","item":"https:\/\/illycafe.ch\/it\/"},{"@type":"ListItem","position":2,"name":"Shop","item":"https:\/\/illycafe.ch\/it\/shop\/"},{"@type":"ListItem","position":3,"name":"Set di 4 Tazze Da Cappuccino &#8211; Illy Art Collection John Armleder"}]},{"@type":"WebSite","@id":"https:\/\/illycafe.ch\/#website","url":"https:\/\/illycafe.ch\/","name":"Illycaf\u00e9 | Premium Kaffee kaufen | Gastronomie, Firmen, Privat","description":"Italienische Kaffeekultur. Schweizer Qualit\u00e4t.","potentialAction":[{"@type":"SearchAction","target":{"@type":"EntryPoint","urlTemplate":"https:\/\/illycafe.ch\/?s={search_term_string}"},"query-input":{"@type":"PropertyValueSpecification","valueRequired":true,"valueName":"search_term_string"}}],"inLanguage":"it-IT"}]}},"_links":{"self":[{"href":"https:\/\/illycafe.ch\/it\/wp-json\/wp\/v2\/product\/410436","targetHints":{"allow":["GET"]}}],"collection":[{"href":"https:\/\/illycafe.ch\/it\/wp-json\/wp\/v2\/product"}],"about":[{"href":"https:\/\/illycafe.ch\/it\/wp-json\/wp\/v2\/types\/product"}],"replies":[{"embeddable":true,"href":"https:\/\/illycafe.ch\/it\/wp-json\/wp\/v2\/comments?post=410436"}],"wp:featuredmedia":[{"embeddable":true,"href":"https:\/\/illycafe.ch\/it\/wp-json\/wp\/v2\/media\/410439"}],"wp:attachment":[{"href":"https:\/\/illycafe.ch\/it\/wp-json\/wp\/v2\/media?parent=410436"}],"wp:term":[{"taxonomy":"product_cat","embeddable":true,"href":"https:\/\/illycafe.ch\/it\/wp-json\/wp\/v2\/product_cat?post=410436"},{"taxonomy":"product_tag","embeddable":true,"href":"https:\/\/illycafe.ch\/it\/wp-json\/wp\/v2\/product_tag?post=410436"}],"curies":[{"name":"wp","href":"https:\/\/api.w.org\/{rel}","templated":true}]}}